{"id":8947,"date":"2015-04-17T08:54:03","date_gmt":"2015-04-17T07:54:03","guid":{"rendered":"http:\/\/biochimie.umontreal.ca\/?page_id=8947"},"modified":"2016-10-12T15:45:15","modified_gmt":"2016-10-12T19:45:15","slug":"adrian-serohijos","status":"publish","type":"page","link":"https:\/\/biochimie.umontreal.ca\/en\/department\/adrian-serohijos\/","title":{"rendered":"Adrian Serohijos"},"content":{"rendered":"<h2>Assistant Professor<\/h2>\n<table>\n<tbody>\n<tr>\n<td><a href=\"https:\/\/biochimie.umontreal.ca\/wp-content\/uploads\/sites\/37\/2015\/04\/adrian.jpg\" rel=\"attachment wp-att-14236\"><img loading=\"lazy\" decoding=\"async\" src=\"https:\/\/biochimie.umontreal.ca\/wp-content\/uploads\/sites\/37\/2015\/04\/adrian-219x300.jpg\" alt=\"adrian\" class=\"wp-image-14236 alignnone\" width=\"151\" height=\"207\" srcset=\"https:\/\/biochimie.umontreal.ca\/wp-content\/uploads\/sites\/37\/2015\/04\/adrian-219x300.jpg 219w, https:\/\/biochimie.umontreal.ca\/wp-content\/uploads\/sites\/37\/2015\/04\/adrian.jpg 231w\" sizes=\"auto, (max-width: 151px) 100vw, 151px\" \/><\/a><\/td>\n<td style=\"vertical-align: top\">\n<h2>Contact Information<\/h2>\n<p>D\u00e9partement de biochimie<br \/>\nFacult\u00e9 de M\u00e9decine<br \/>\nUniversit\u00e9 de Montr\u00e9al<br \/>\nPavillon Roger-Gaudry, room H-307-7<br \/>\nC.P. 6128, Succ. Centre-ville<br \/>\nMontr\u00e9al (Qu\u00e9bec)<br \/>\nH3C 3J7<\/td>\n<td style=\"vertical-align: top\">\n<h2><span style=\"color: #ffffff\">.<\/span><\/h2>\n<p><strong>P<\/strong> 514 343-6328<br \/>\n<strong>F<\/strong> 514 343-2210<br \/>\n<a href=\"mailto:adrian.serohijos@umontreal.ca\">adrian.serohijos@umontreal.ca<\/a><br \/>\n<a href=\"http:\/\/www.serohijoslab.org\">WWW<\/a><\/td>\n<\/tr>\n<\/tbody>\n<\/table>\n<p>&nbsp;<\/p>\n","protected":false},"excerpt":{"rendered":"<p>Assistant Professor Contact Information D\u00e9partement de biochimie Facult\u00e9 de M\u00e9decine Universit\u00e9 de Montr\u00e9al Pavillon Roger-Gaudry, room H-307-7 C.P. 6128, Succ. Centre-ville Montr\u00e9al (Qu\u00e9bec) H3C 3J7 . P 514 343-6328 F [&hellip;]<\/p>\n","protected":false},"author":25,"featured_media":0,"parent":11439,"menu_order":0,"comment_status":"closed","ping_status":"closed","template":"","meta":{"footnotes":""},"class_list":["post-8947","page","type-page","status-publish","hentry"],"yoast_head":"<!-- This site is optimized with the Yoast SEO plugin v25.0 - https:\/\/yoast.com\/wordpress\/plugins\/seo\/ -->\n<title>Adrian Serohijos - D\u00e9partement de biochimie et m\u00e9decine mol\u00e9culaire<\/title>\n<meta name=\"robots\" content=\"index, follow, max-snippet:-1, max-image-preview:large, max-video-preview:-1\" \/>\n<link rel=\"canonical\" href=\"https:\/\/biochimie.umontreal.ca\/en\/department\/adrian-serohijos\/\" \/>\n<meta property=\"og:locale\" content=\"en_US\" \/>\n<meta property=\"og:type\" content=\"article\" \/>\n<meta property=\"og:title\" content=\"Adrian Serohijos - D\u00e9partement de biochimie et m\u00e9decine mol\u00e9culaire\" \/>\n<meta property=\"og:description\" content=\"Assistant Professor Contact Information D\u00e9partement de biochimie Facult\u00e9 de M\u00e9decine Universit\u00e9 de Montr\u00e9al Pavillon Roger-Gaudry, room H-307-7 C.P. 6128, Succ. Centre-ville Montr\u00e9al (Qu\u00e9bec) H3C 3J7 . P 514 343-6328 F [&hellip;]\" \/>\n<meta property=\"og:url\" content=\"https:\/\/biochimie.umontreal.ca\/en\/department\/adrian-serohijos\/\" \/>\n<meta property=\"og:site_name\" content=\"D\u00e9partement de biochimie et m\u00e9decine mol\u00e9culaire\" \/>\n<meta property=\"article:modified_time\" content=\"2016-10-12T19:45:15+00:00\" \/>\n<meta property=\"og:image\" content=\"https:\/\/biochimie.umontreal.ca\/wp-content\/uploads\/sites\/37\/2015\/04\/adrian-219x300.jpg\" \/>\n<meta name=\"twitter:card\" content=\"summary_large_image\" \/>\n<script type=\"application\/ld+json\" class=\"yoast-schema-graph\">{\"@context\":\"https:\/\/schema.org\",\"@graph\":[{\"@type\":\"WebPage\",\"@id\":\"https:\/\/biochimie.umontreal.ca\/en\/department\/adrian-serohijos\/\",\"url\":\"https:\/\/biochimie.umontreal.ca\/en\/department\/adrian-serohijos\/\",\"name\":\"Adrian Serohijos - D\u00e9partement de biochimie et m\u00e9decine mol\u00e9culaire\",\"isPartOf\":{\"@id\":\"https:\/\/biochimie.umontreal.ca\/#website\"},\"primaryImageOfPage\":{\"@id\":\"https:\/\/biochimie.umontreal.ca\/en\/department\/adrian-serohijos\/#primaryimage\"},\"image\":{\"@id\":\"https:\/\/biochimie.umontreal.ca\/en\/department\/adrian-serohijos\/#primaryimage\"},\"thumbnailUrl\":\"https:\/\/biochimie.umontreal.ca\/wp-content\/uploads\/sites\/37\/2015\/04\/adrian-219x300.jpg\",\"datePublished\":\"2015-04-17T07:54:03+00:00\",\"dateModified\":\"2016-10-12T19:45:15+00:00\",\"breadcrumb\":{\"@id\":\"https:\/\/biochimie.umontreal.ca\/en\/department\/adrian-serohijos\/#breadcrumb\"},\"inLanguage\":\"en-US\",\"potentialAction\":[{\"@type\":\"ReadAction\",\"target\":[\"https:\/\/biochimie.umontreal.ca\/en\/department\/adrian-serohijos\/\"]}]},{\"@type\":\"ImageObject\",\"inLanguage\":\"en-US\",\"@id\":\"https:\/\/biochimie.umontreal.ca\/en\/department\/adrian-serohijos\/#primaryimage\",\"url\":\"https:\/\/biochimie.umontreal.ca\/wp-content\/uploads\/sites\/37\/2015\/04\/adrian-219x300.jpg\",\"contentUrl\":\"https:\/\/biochimie.umontreal.ca\/wp-content\/uploads\/sites\/37\/2015\/04\/adrian-219x300.jpg\"},{\"@type\":\"BreadcrumbList\",\"@id\":\"https:\/\/biochimie.umontreal.ca\/en\/department\/adrian-serohijos\/#breadcrumb\",\"itemListElement\":[{\"@type\":\"ListItem\",\"position\":1,\"name\":\"Accueil\",\"item\":\"https:\/\/biochimie.umontreal.ca\/en\/\"},{\"@type\":\"ListItem\",\"position\":2,\"name\":\"Department\",\"item\":\"https:\/\/biochimie.umontreal.ca\/en\/department\/\"},{\"@type\":\"ListItem\",\"position\":3,\"name\":\"Adrian Serohijos\"}]},{\"@type\":\"WebSite\",\"@id\":\"https:\/\/biochimie.umontreal.ca\/#website\",\"url\":\"https:\/\/biochimie.umontreal.ca\/\",\"name\":\"D\u00e9partement de biochimie et m\u00e9decine mol\u00e9culaire\",\"description\":\"\",\"potentialAction\":[{\"@type\":\"SearchAction\",\"target\":{\"@type\":\"EntryPoint\",\"urlTemplate\":\"https:\/\/biochimie.umontreal.ca\/?s={search_term_string}\"},\"query-input\":{\"@type\":\"PropertyValueSpecification\",\"valueRequired\":true,\"valueName\":\"search_term_string\"}}],\"inLanguage\":\"en-US\"}]}<\/script>\n<!-- \/ Yoast SEO plugin. -->","yoast_head_json":{"title":"Adrian Serohijos - D\u00e9partement de biochimie et m\u00e9decine mol\u00e9culaire","robots":{"index":"index","follow":"follow","max-snippet":"max-snippet:-1","max-image-preview":"max-image-preview:large","max-video-preview":"max-video-preview:-1"},"canonical":"https:\/\/biochimie.umontreal.ca\/en\/department\/adrian-serohijos\/","og_locale":"en_US","og_type":"article","og_title":"Adrian Serohijos - D\u00e9partement de biochimie et m\u00e9decine mol\u00e9culaire","og_description":"Assistant Professor Contact Information D\u00e9partement de biochimie Facult\u00e9 de M\u00e9decine Universit\u00e9 de Montr\u00e9al Pavillon Roger-Gaudry, room H-307-7 C.P. 6128, Succ. Centre-ville Montr\u00e9al (Qu\u00e9bec) H3C 3J7 . P 514 343-6328 F [&hellip;]","og_url":"https:\/\/biochimie.umontreal.ca\/en\/department\/adrian-serohijos\/","og_site_name":"D\u00e9partement de biochimie et m\u00e9decine mol\u00e9culaire","article_modified_time":"2016-10-12T19:45:15+00:00","og_image":[{"url":"https:\/\/biochimie.umontreal.ca\/wp-content\/uploads\/sites\/37\/2015\/04\/adrian-219x300.jpg","type":"","width":"","height":""}],"twitter_card":"summary_large_image","schema":{"@context":"https:\/\/schema.org","@graph":[{"@type":"WebPage","@id":"https:\/\/biochimie.umontreal.ca\/en\/department\/adrian-serohijos\/","url":"https:\/\/biochimie.umontreal.ca\/en\/department\/adrian-serohijos\/","name":"Adrian Serohijos - D\u00e9partement de biochimie et m\u00e9decine mol\u00e9culaire","isPartOf":{"@id":"https:\/\/biochimie.umontreal.ca\/#website"},"primaryImageOfPage":{"@id":"https:\/\/biochimie.umontreal.ca\/en\/department\/adrian-serohijos\/#primaryimage"},"image":{"@id":"https:\/\/biochimie.umontreal.ca\/en\/department\/adrian-serohijos\/#primaryimage"},"thumbnailUrl":"https:\/\/biochimie.umontreal.ca\/wp-content\/uploads\/sites\/37\/2015\/04\/adrian-219x300.jpg","datePublished":"2015-04-17T07:54:03+00:00","dateModified":"2016-10-12T19:45:15+00:00","breadcrumb":{"@id":"https:\/\/biochimie.umontreal.ca\/en\/department\/adrian-serohijos\/#breadcrumb"},"inLanguage":"en-US","potentialAction":[{"@type":"ReadAction","target":["https:\/\/biochimie.umontreal.ca\/en\/department\/adrian-serohijos\/"]}]},{"@type":"ImageObject","inLanguage":"en-US","@id":"https:\/\/biochimie.umontreal.ca\/en\/department\/adrian-serohijos\/#primaryimage","url":"https:\/\/biochimie.umontreal.ca\/wp-content\/uploads\/sites\/37\/2015\/04\/adrian-219x300.jpg","contentUrl":"https:\/\/biochimie.umontreal.ca\/wp-content\/uploads\/sites\/37\/2015\/04\/adrian-219x300.jpg"},{"@type":"BreadcrumbList","@id":"https:\/\/biochimie.umontreal.ca\/en\/department\/adrian-serohijos\/#breadcrumb","itemListElement":[{"@type":"ListItem","position":1,"name":"Accueil","item":"https:\/\/biochimie.umontreal.ca\/en\/"},{"@type":"ListItem","position":2,"name":"Department","item":"https:\/\/biochimie.umontreal.ca\/en\/department\/"},{"@type":"ListItem","position":3,"name":"Adrian Serohijos"}]},{"@type":"WebSite","@id":"https:\/\/biochimie.umontreal.ca\/#website","url":"https:\/\/biochimie.umontreal.ca\/","name":"D\u00e9partement de biochimie et m\u00e9decine mol\u00e9culaire","description":"","potentialAction":[{"@type":"SearchAction","target":{"@type":"EntryPoint","urlTemplate":"https:\/\/biochimie.umontreal.ca\/?s={search_term_string}"},"query-input":{"@type":"PropertyValueSpecification","valueRequired":true,"valueName":"search_term_string"}}],"inLanguage":"en-US"}]}},"_links":{"self":[{"href":"https:\/\/biochimie.umontreal.ca\/en\/wp-json\/wp\/v2\/pages\/8947","targetHints":{"allow":["GET"]}}],"collection":[{"href":"https:\/\/biochimie.umontreal.ca\/en\/wp-json\/wp\/v2\/pages"}],"about":[{"href":"https:\/\/biochimie.umontreal.ca\/en\/wp-json\/wp\/v2\/types\/page"}],"author":[{"embeddable":true,"href":"https:\/\/biochimie.umontreal.ca\/en\/wp-json\/wp\/v2\/users\/25"}],"replies":[{"embeddable":true,"href":"https:\/\/biochimie.umontreal.ca\/en\/wp-json\/wp\/v2\/comments?post=8947"}],"version-history":[{"count":6,"href":"https:\/\/biochimie.umontreal.ca\/en\/wp-json\/wp\/v2\/pages\/8947\/revisions"}],"predecessor-version":[{"id":14237,"href":"https:\/\/biochimie.umontreal.ca\/en\/wp-json\/wp\/v2\/pages\/8947\/revisions\/14237"}],"up":[{"embeddable":true,"href":"https:\/\/biochimie.umontreal.ca\/en\/wp-json\/wp\/v2\/pages\/11439"}],"wp:attachment":[{"href":"https:\/\/biochimie.umontreal.ca\/en\/wp-json\/wp\/v2\/media?parent=8947"}],"curies":[{"name":"wp","href":"https:\/\/api.w.org\/{rel}","templated":true}]}}