{"id":8778,"date":"2015-03-10T14:14:23","date_gmt":"2015-03-10T13:14:23","guid":{"rendered":"http:\/\/biochimie.umontreal.ca\/?page_id=8778"},"modified":"2018-06-11T10:29:48","modified_gmt":"2018-06-11T14:29:48","slug":"john-m-pascal","status":"publish","type":"page","link":"https:\/\/biochimie.umontreal.ca\/en\/department\/john-m-pascal\/","title":{"rendered":"John M. Pascal"},"content":{"rendered":"<h2>Professor<\/h2>\n<table>\n<tbody>\n<tr>\n<td style=\"vertical-align: middle\"><img loading=\"lazy\" decoding=\"async\" src=\"https:\/\/biochimie.umontreal.ca\/wp-content\/uploads\/sites\/37\/2015\/07\/Photo_JPascal.jpeg\" alt=\"Photo_JPascal\" class=\"alignleft wp-image-9433\" width=\"168\" height=\"180\" srcset=\"https:\/\/biochimie.umontreal.ca\/wp-content\/uploads\/sites\/37\/2015\/07\/Photo_JPascal.jpeg 300w, https:\/\/biochimie.umontreal.ca\/wp-content\/uploads\/sites\/37\/2015\/07\/Photo_JPascal-280x300.jpeg 280w\" sizes=\"auto, (max-width: 168px) 100vw, 168px\" \/><\/td>\n<td style=\"vertical-align: top\">\n<h2>Contact Informations<\/h2>\n<p>D\u00e9partement de biochimie<br \/>\nFacult\u00e9 de m\u00e9decine<br \/>\nUniversit\u00e9 de Montr\u00e9al<br \/>\nPavillon Roger-Gaudry, room D-347<br \/>\nC.P. 6128, Succ. Centre-ville<br \/>\nMontr\u00e9al (Qu\u00e9bec)<br \/>\nH3C 3J7<\/td>\n<td style=\"vertical-align: top\">\n<h2><span style=\"color: #ffffff\">.<\/span><\/h2>\n<p><strong>P<\/strong> 514 343-6111 ext. 4890<br \/>\n<strong>F<\/strong> 514 343-2110<br \/>\n<a href=\"mailto:john.pascal@umontreal.ca\">john.pascal@umontreal.ca<\/a><br \/>\n<a href=\"https:\/\/www.pascal-lab-udem.org\">Web<\/a><\/td>\n<\/tr>\n<\/tbody>\n<\/table>\n<table>\n<tbody>\n<tr>\n<td>\n<h3>Themes<\/h3>\n<ul>\n<li>Structural Cell Biology<\/li>\n<li>Macromolecular X-ray Crystallography<\/li>\n<li>Mechanisms of DNA Replication and Repair<\/li>\n<li>Function and Regulation of Poly(ADP-Ribose) Polymerases (PARPs)<\/li>\n<\/ul>\n<p>We study protein structure and function to understand the molecular details of the macromolecules that carry out fundamental cellular processes. By advancing our knowledge of protein function, we can better understand how specific protein deficiencies lead to human disease, and we can potentially identify new ways to regulate protein activity for therapeutic treatments. A major objective of our work is to determine the three-dimensional structure of proteins to visualize how their architecture and design are related to their functions in the cell. X-ray crystallography is our primary tool for determining the structures of proteins and protein-DNA complexes. We also use other biophysical techniques, biochemical tools, and cell biological approaches to assay protein structure and function.<\/td>\n<\/tr>\n<\/tbody>\n<\/table>\n<h3>Publications<\/h3>\n<ul>\n<li>Riccio AA, Cingolani G, Pascal JM. (2016) PARP-2 domain requirements for DNA damage-dependent activation and localization to sites of DN damage. Nucleic Acids Research 44, 1691-702.<\/li>\n<li>Dawicki-McKenna JM, Langelier MF, DeNizio JE, Riccio AA, Cao CD, Karch KR, McCauley M, Steffen JD, Black BE, Pascal JM. (2015) PARP-1 activation requires local unfolding of an autoinhibitory domain. Molecular Cell 60, 755-68.<\/li>\n<li>Eustermann S, Wu WF, Langelier MF, Yang JC, Easton LE, Riccio AA, Pascal JM, Neuhaus D. (2015) Structural basis of detection and signaling of DNA single-strand breaks by human PARP-1. Molecular Cell 60, 742-54.<\/li>\n<li>Langelier MF, Riccio AA, Pascal JM. (2014) PARP-2 and PARP-3 are selectively activated by 5\u2019 phosphorylated DNA breaks through an allosteric regulatory mechanism shared with PARP-1. Nucleic Acids Research 42, 7762-75.<\/li>\n<li>Steffen JD, Tholey RM, Langelier MF, Planck JL, Schiewer MJ, Lal S, Bildzukewicz NA, Yeo CJ, Knudsen KE, Brody JR, Pascal JM. (2014) Targeting PARP-1 allosteric regulation offers therapeutic potential against cancer. Cancer Research 74, 31-7.<\/li>\n<li>Langelier MF, Pascal JM. (2013) PARP-1 mechanism for coupling DNA damage detection to poly(ADP-ribose) synthesis. Current Opinion in Structural Biology 23, 134-43.<\/li>\n<li>Langelier MF, Planck JL, Roy S, Pascal JM (2012) Structural basis for DNA-dependent poly(ADP-ribosyl)ation by human PARP-1. Science 336, 728-32.<\/li>\n<li>Zhang M, Pascal JM, Schumann M, Armen RS, Zhang J-f (2012) Identification of the functional binding pocket for compounds targeting small-conductance Ca2+-activated potassium channels. Nature Communications 3, 1021.<\/li>\n<li>Langelier M-F, Planck JL, Roy S, Pascal JM (2011) Crystal structures of poly(ADP-ribose) polymerase-1 (PARP-1) zinc fingers bound to DNA: structural and functional insights into DNA-dependent PARP-1 activity. Journal of Biological Chemistry 286, 10690-701.<\/li>\n<li>Langelier M-F, Ruhl DD, Planck JL, Kraus WL, Pascal JM (2010) The Zn3 domain of human poly(ADP-ribose) polymerase-1 (PARP-1) functions in both DNA-dependent poly(ADP-ribose) synthesis activity and chromatin compaction. Journal of Biological Chemistry 285, 18877-87.<\/li>\n<li>Langelier M-F, Servent KM, Rogers EE, Pascal JM (2008) A third zinc binding domain in Poly(ADPribose) polymerase 1 coordinates DNA-dependent enzyme activation. Journal of Biological Chemistry 283, 4105-14.<\/li>\n<\/ul>\n","protected":false},"excerpt":{"rendered":"<p>Professor Contact Informations D\u00e9partement de biochimie Facult\u00e9 de m\u00e9decine Universit\u00e9 de Montr\u00e9al Pavillon Roger-Gaudry, room D-347 C.P. 6128, Succ. Centre-ville Montr\u00e9al (Qu\u00e9bec) H3C 3J7 . P 514 343-6111 ext. 4890 [&hellip;]<\/p>\n","protected":false},"author":25,"featured_media":0,"parent":11439,"menu_order":0,"comment_status":"closed","ping_status":"closed","template":"","meta":{"footnotes":""},"class_list":["post-8778","page","type-page","status-publish","hentry"],"yoast_head":"<!-- This site is optimized with the Yoast SEO plugin v25.0 - https:\/\/yoast.com\/wordpress\/plugins\/seo\/ -->\n<title>John M. Pascal - D\u00e9partement de biochimie et m\u00e9decine mol\u00e9culaire<\/title>\n<meta name=\"robots\" content=\"index, follow, max-snippet:-1, max-image-preview:large, max-video-preview:-1\" \/>\n<link rel=\"canonical\" href=\"https:\/\/biochimie.umontreal.ca\/en\/department\/john-m-pascal\/\" \/>\n<meta property=\"og:locale\" content=\"en_US\" \/>\n<meta property=\"og:type\" content=\"article\" \/>\n<meta property=\"og:title\" content=\"John M. Pascal - D\u00e9partement de biochimie et m\u00e9decine mol\u00e9culaire\" \/>\n<meta property=\"og:description\" content=\"Professor Contact Informations D\u00e9partement de biochimie Facult\u00e9 de m\u00e9decine Universit\u00e9 de Montr\u00e9al Pavillon Roger-Gaudry, room D-347 C.P. 6128, Succ. Centre-ville Montr\u00e9al (Qu\u00e9bec) H3C 3J7 . P 514 343-6111 ext. 4890 [&hellip;]\" \/>\n<meta property=\"og:url\" content=\"https:\/\/biochimie.umontreal.ca\/en\/department\/john-m-pascal\/\" \/>\n<meta property=\"og:site_name\" content=\"D\u00e9partement de biochimie et m\u00e9decine mol\u00e9culaire\" \/>\n<meta property=\"article:modified_time\" content=\"2018-06-11T14:29:48+00:00\" \/>\n<meta property=\"og:image\" content=\"https:\/\/biochimie.umontreal.ca\/wp-content\/uploads\/sites\/37\/2015\/07\/Photo_JPascal.jpeg\" \/>\n<meta name=\"twitter:card\" content=\"summary_large_image\" \/>\n<meta name=\"twitter:label1\" content=\"Est. reading time\" \/>\n\t<meta name=\"twitter:data1\" content=\"2 minutes\" \/>\n<script type=\"application\/ld+json\" class=\"yoast-schema-graph\">{\"@context\":\"https:\/\/schema.org\",\"@graph\":[{\"@type\":\"WebPage\",\"@id\":\"https:\/\/biochimie.umontreal.ca\/en\/department\/john-m-pascal\/\",\"url\":\"https:\/\/biochimie.umontreal.ca\/en\/department\/john-m-pascal\/\",\"name\":\"John M. Pascal - D\u00e9partement de biochimie et m\u00e9decine mol\u00e9culaire\",\"isPartOf\":{\"@id\":\"https:\/\/biochimie.umontreal.ca\/#website\"},\"primaryImageOfPage\":{\"@id\":\"https:\/\/biochimie.umontreal.ca\/en\/department\/john-m-pascal\/#primaryimage\"},\"image\":{\"@id\":\"https:\/\/biochimie.umontreal.ca\/en\/department\/john-m-pascal\/#primaryimage\"},\"thumbnailUrl\":\"https:\/\/biochimie.umontreal.ca\/wp-content\/uploads\/sites\/37\/2015\/07\/Photo_JPascal.jpeg\",\"datePublished\":\"2015-03-10T13:14:23+00:00\",\"dateModified\":\"2018-06-11T14:29:48+00:00\",\"breadcrumb\":{\"@id\":\"https:\/\/biochimie.umontreal.ca\/en\/department\/john-m-pascal\/#breadcrumb\"},\"inLanguage\":\"en-US\",\"potentialAction\":[{\"@type\":\"ReadAction\",\"target\":[\"https:\/\/biochimie.umontreal.ca\/en\/department\/john-m-pascal\/\"]}]},{\"@type\":\"ImageObject\",\"inLanguage\":\"en-US\",\"@id\":\"https:\/\/biochimie.umontreal.ca\/en\/department\/john-m-pascal\/#primaryimage\",\"url\":\"https:\/\/biochimie.umontreal.ca\/wp-content\/uploads\/sites\/37\/2015\/07\/Photo_JPascal.jpeg\",\"contentUrl\":\"https:\/\/biochimie.umontreal.ca\/wp-content\/uploads\/sites\/37\/2015\/07\/Photo_JPascal.jpeg\"},{\"@type\":\"BreadcrumbList\",\"@id\":\"https:\/\/biochimie.umontreal.ca\/en\/department\/john-m-pascal\/#breadcrumb\",\"itemListElement\":[{\"@type\":\"ListItem\",\"position\":1,\"name\":\"Accueil\",\"item\":\"https:\/\/biochimie.umontreal.ca\/en\/\"},{\"@type\":\"ListItem\",\"position\":2,\"name\":\"Department\",\"item\":\"https:\/\/biochimie.umontreal.ca\/en\/department\/\"},{\"@type\":\"ListItem\",\"position\":3,\"name\":\"John M. Pascal\"}]},{\"@type\":\"WebSite\",\"@id\":\"https:\/\/biochimie.umontreal.ca\/#website\",\"url\":\"https:\/\/biochimie.umontreal.ca\/\",\"name\":\"D\u00e9partement de biochimie et m\u00e9decine mol\u00e9culaire\",\"description\":\"\",\"potentialAction\":[{\"@type\":\"SearchAction\",\"target\":{\"@type\":\"EntryPoint\",\"urlTemplate\":\"https:\/\/biochimie.umontreal.ca\/?s={search_term_string}\"},\"query-input\":{\"@type\":\"PropertyValueSpecification\",\"valueRequired\":true,\"valueName\":\"search_term_string\"}}],\"inLanguage\":\"en-US\"}]}<\/script>\n<!-- \/ Yoast SEO plugin. -->","yoast_head_json":{"title":"John M. Pascal - D\u00e9partement de biochimie et m\u00e9decine mol\u00e9culaire","robots":{"index":"index","follow":"follow","max-snippet":"max-snippet:-1","max-image-preview":"max-image-preview:large","max-video-preview":"max-video-preview:-1"},"canonical":"https:\/\/biochimie.umontreal.ca\/en\/department\/john-m-pascal\/","og_locale":"en_US","og_type":"article","og_title":"John M. Pascal - D\u00e9partement de biochimie et m\u00e9decine mol\u00e9culaire","og_description":"Professor Contact Informations D\u00e9partement de biochimie Facult\u00e9 de m\u00e9decine Universit\u00e9 de Montr\u00e9al Pavillon Roger-Gaudry, room D-347 C.P. 6128, Succ. Centre-ville Montr\u00e9al (Qu\u00e9bec) H3C 3J7 . P 514 343-6111 ext. 4890 [&hellip;]","og_url":"https:\/\/biochimie.umontreal.ca\/en\/department\/john-m-pascal\/","og_site_name":"D\u00e9partement de biochimie et m\u00e9decine mol\u00e9culaire","article_modified_time":"2018-06-11T14:29:48+00:00","og_image":[{"url":"https:\/\/biochimie.umontreal.ca\/wp-content\/uploads\/sites\/37\/2015\/07\/Photo_JPascal.jpeg","type":"","width":"","height":""}],"twitter_card":"summary_large_image","twitter_misc":{"Est. reading time":"2 minutes"},"schema":{"@context":"https:\/\/schema.org","@graph":[{"@type":"WebPage","@id":"https:\/\/biochimie.umontreal.ca\/en\/department\/john-m-pascal\/","url":"https:\/\/biochimie.umontreal.ca\/en\/department\/john-m-pascal\/","name":"John M. Pascal - D\u00e9partement de biochimie et m\u00e9decine mol\u00e9culaire","isPartOf":{"@id":"https:\/\/biochimie.umontreal.ca\/#website"},"primaryImageOfPage":{"@id":"https:\/\/biochimie.umontreal.ca\/en\/department\/john-m-pascal\/#primaryimage"},"image":{"@id":"https:\/\/biochimie.umontreal.ca\/en\/department\/john-m-pascal\/#primaryimage"},"thumbnailUrl":"https:\/\/biochimie.umontreal.ca\/wp-content\/uploads\/sites\/37\/2015\/07\/Photo_JPascal.jpeg","datePublished":"2015-03-10T13:14:23+00:00","dateModified":"2018-06-11T14:29:48+00:00","breadcrumb":{"@id":"https:\/\/biochimie.umontreal.ca\/en\/department\/john-m-pascal\/#breadcrumb"},"inLanguage":"en-US","potentialAction":[{"@type":"ReadAction","target":["https:\/\/biochimie.umontreal.ca\/en\/department\/john-m-pascal\/"]}]},{"@type":"ImageObject","inLanguage":"en-US","@id":"https:\/\/biochimie.umontreal.ca\/en\/department\/john-m-pascal\/#primaryimage","url":"https:\/\/biochimie.umontreal.ca\/wp-content\/uploads\/sites\/37\/2015\/07\/Photo_JPascal.jpeg","contentUrl":"https:\/\/biochimie.umontreal.ca\/wp-content\/uploads\/sites\/37\/2015\/07\/Photo_JPascal.jpeg"},{"@type":"BreadcrumbList","@id":"https:\/\/biochimie.umontreal.ca\/en\/department\/john-m-pascal\/#breadcrumb","itemListElement":[{"@type":"ListItem","position":1,"name":"Accueil","item":"https:\/\/biochimie.umontreal.ca\/en\/"},{"@type":"ListItem","position":2,"name":"Department","item":"https:\/\/biochimie.umontreal.ca\/en\/department\/"},{"@type":"ListItem","position":3,"name":"John M. Pascal"}]},{"@type":"WebSite","@id":"https:\/\/biochimie.umontreal.ca\/#website","url":"https:\/\/biochimie.umontreal.ca\/","name":"D\u00e9partement de biochimie et m\u00e9decine mol\u00e9culaire","description":"","potentialAction":[{"@type":"SearchAction","target":{"@type":"EntryPoint","urlTemplate":"https:\/\/biochimie.umontreal.ca\/?s={search_term_string}"},"query-input":{"@type":"PropertyValueSpecification","valueRequired":true,"valueName":"search_term_string"}}],"inLanguage":"en-US"}]}},"_links":{"self":[{"href":"https:\/\/biochimie.umontreal.ca\/en\/wp-json\/wp\/v2\/pages\/8778","targetHints":{"allow":["GET"]}}],"collection":[{"href":"https:\/\/biochimie.umontreal.ca\/en\/wp-json\/wp\/v2\/pages"}],"about":[{"href":"https:\/\/biochimie.umontreal.ca\/en\/wp-json\/wp\/v2\/types\/page"}],"author":[{"embeddable":true,"href":"https:\/\/biochimie.umontreal.ca\/en\/wp-json\/wp\/v2\/users\/25"}],"replies":[{"embeddable":true,"href":"https:\/\/biochimie.umontreal.ca\/en\/wp-json\/wp\/v2\/comments?post=8778"}],"version-history":[{"count":9,"href":"https:\/\/biochimie.umontreal.ca\/en\/wp-json\/wp\/v2\/pages\/8778\/revisions"}],"predecessor-version":[{"id":17827,"href":"https:\/\/biochimie.umontreal.ca\/en\/wp-json\/wp\/v2\/pages\/8778\/revisions\/17827"}],"up":[{"embeddable":true,"href":"https:\/\/biochimie.umontreal.ca\/en\/wp-json\/wp\/v2\/pages\/11439"}],"wp:attachment":[{"href":"https:\/\/biochimie.umontreal.ca\/en\/wp-json\/wp\/v2\/media?parent=8778"}],"curies":[{"name":"wp","href":"https:\/\/api.w.org\/{rel}","templated":true}]}}