{"id":7942,"date":"2014-11-20T11:37:10","date_gmt":"2014-11-20T10:37:10","guid":{"rendered":"http:\/\/biochimie.umontreal.ca\/?page_id=7942"},"modified":"2016-11-11T16:18:54","modified_gmt":"2016-11-11T21:18:54","slug":"sebastien-jacquemont","status":"publish","type":"page","link":"https:\/\/biochimie.umontreal.ca\/en\/sebastien-jacquemont\/","title":{"rendered":"S\u00e9bastien Jacquemont"},"content":{"rendered":"<h2>Accredited Professor<\/h2>\n<table>\n<tbody>\n<tr>\n<td><img loading=\"lazy\" decoding=\"async\" class=\"alignnone size-full wp-image-1761\" title=\"carre blanc 2\" src=\"https:\/\/biochimie.umontreal.ca\/wp-content\/uploads\/sites\/37\/2012\/07\/carre-blanc-228.jpg\" alt=\"\" height=\"120\" width=\"120\" \/><\/td>\n<td style=\"vertical-align: top;\">\n<h2>Coordonn\u00e9es<\/h2>\n<p>Centre de recherche<\/p>\n<p>CHU Sainte-Justine<br \/>\n3175, chemin de la C\u00f4te Ste-Catherine<br \/>\nMontr\u00e9al (Qu\u00e9bec)<br \/>\nH3T 1C5<\/td>\n<td style=\"vertical-align: top;\">\n<h2><span style=\"color: #ffffff;\">.<\/span><\/h2>\n<p><strong>T<\/strong> 514 345-4931, poste 3698<br \/>\n<a href=\"mailto:sebastien.jacquemont@umontreal.ca\">sebastien.jacquemont@umontreal.ca<\/a><\/td>\n<\/tr>\n<\/tbody>\n<\/table>\n<h3>Themes<\/h3>\n<p>Genetic variants and in particular Copy Number Variants (CNVs) have been recognized as major contributors to neuropsychiatric disorders but the effects of these variants on cognition and behaviour and how they lead to neuropsychiatric disorders remain largely unknown.<br \/>\nOur group has studied the 16p11.2 genomic region and characterized the effect of gene dosage on cognitive, behavioural and structural neuroimaging phenotypes as well as medical comorbidities (obesity in particular). We are extending this systematic study to all major recurrent genomic variants associated with autism and schizophrenia to understand how multiple genomic loci may converge on key mechanisms leading to these 2 neuropsychiatric disorders. Our research is focused on neuropsychiatric disorders of genetic origin. We integrate genetic, neuroimaging, biomarkers and clinical data to investigate how specific loci or genes lead to clinical symptoms and impairments.<\/p>\n","protected":false},"excerpt":{"rendered":"<p>Accredited Professor Coordonn\u00e9es Centre de recherche CHU Sainte-Justine 3175, chemin de la C\u00f4te Ste-Catherine Montr\u00e9al (Qu\u00e9bec) H3T 1C5 . T 514 345-4931, poste 3698 sebastien.jacquemont@umontreal.ca Themes Genetic variants and in [&hellip;]<\/p>\n","protected":false},"author":25,"featured_media":0,"parent":0,"menu_order":0,"comment_status":"closed","ping_status":"closed","template":"","meta":{"footnotes":""},"class_list":["post-7942","page","type-page","status-publish","hentry"],"yoast_head":"<!-- This site is optimized with the Yoast SEO plugin v25.0 - https:\/\/yoast.com\/wordpress\/plugins\/seo\/ -->\n<title>S\u00e9bastien Jacquemont - D\u00e9partement de biochimie et m\u00e9decine mol\u00e9culaire<\/title>\n<meta name=\"robots\" content=\"index, follow, max-snippet:-1, max-image-preview:large, max-video-preview:-1\" \/>\n<link rel=\"canonical\" href=\"https:\/\/biochimie.umontreal.ca\/en\/sebastien-jacquemont\/\" \/>\n<meta property=\"og:locale\" content=\"en_US\" \/>\n<meta property=\"og:type\" content=\"article\" \/>\n<meta property=\"og:title\" content=\"S\u00e9bastien Jacquemont - D\u00e9partement de biochimie et m\u00e9decine mol\u00e9culaire\" \/>\n<meta property=\"og:description\" content=\"Accredited Professor Coordonn\u00e9es Centre de recherche CHU Sainte-Justine 3175, chemin de la C\u00f4te Ste-Catherine Montr\u00e9al (Qu\u00e9bec) H3T 1C5 . T 514 345-4931, poste 3698 sebastien.jacquemont@umontreal.ca Themes Genetic variants and in [&hellip;]\" \/>\n<meta property=\"og:url\" content=\"https:\/\/biochimie.umontreal.ca\/en\/sebastien-jacquemont\/\" \/>\n<meta property=\"og:site_name\" content=\"D\u00e9partement de biochimie et m\u00e9decine mol\u00e9culaire\" \/>\n<meta property=\"article:modified_time\" content=\"2016-11-11T21:18:54+00:00\" \/>\n<meta property=\"og:image\" content=\"https:\/\/biochimie.umontreal.ca\/wp-content\/uploads\/sites\/37\/2012\/07\/carre-blanc-228.jpg\" \/>\n<meta name=\"twitter:card\" content=\"summary_large_image\" \/>\n<meta name=\"twitter:label1\" content=\"Est. reading time\" \/>\n\t<meta name=\"twitter:data1\" content=\"1 minute\" \/>\n<script type=\"application\/ld+json\" class=\"yoast-schema-graph\">{\"@context\":\"https:\/\/schema.org\",\"@graph\":[{\"@type\":\"WebPage\",\"@id\":\"https:\/\/biochimie.umontreal.ca\/en\/sebastien-jacquemont\/\",\"url\":\"https:\/\/biochimie.umontreal.ca\/en\/sebastien-jacquemont\/\",\"name\":\"S\u00e9bastien Jacquemont - D\u00e9partement de biochimie et m\u00e9decine mol\u00e9culaire\",\"isPartOf\":{\"@id\":\"https:\/\/biochimie.umontreal.ca\/#website\"},\"primaryImageOfPage\":{\"@id\":\"https:\/\/biochimie.umontreal.ca\/en\/sebastien-jacquemont\/#primaryimage\"},\"image\":{\"@id\":\"https:\/\/biochimie.umontreal.ca\/en\/sebastien-jacquemont\/#primaryimage\"},\"thumbnailUrl\":\"https:\/\/biochimie.umontreal.ca\/wp-content\/uploads\/sites\/37\/2012\/07\/carre-blanc-228.jpg\",\"datePublished\":\"2014-11-20T10:37:10+00:00\",\"dateModified\":\"2016-11-11T21:18:54+00:00\",\"breadcrumb\":{\"@id\":\"https:\/\/biochimie.umontreal.ca\/en\/sebastien-jacquemont\/#breadcrumb\"},\"inLanguage\":\"en-US\",\"potentialAction\":[{\"@type\":\"ReadAction\",\"target\":[\"https:\/\/biochimie.umontreal.ca\/en\/sebastien-jacquemont\/\"]}]},{\"@type\":\"ImageObject\",\"inLanguage\":\"en-US\",\"@id\":\"https:\/\/biochimie.umontreal.ca\/en\/sebastien-jacquemont\/#primaryimage\",\"url\":\"https:\/\/biochimie.umontreal.ca\/wp-content\/uploads\/sites\/37\/2012\/07\/carre-blanc-228.jpg\",\"contentUrl\":\"https:\/\/biochimie.umontreal.ca\/wp-content\/uploads\/sites\/37\/2012\/07\/carre-blanc-228.jpg\"},{\"@type\":\"BreadcrumbList\",\"@id\":\"https:\/\/biochimie.umontreal.ca\/en\/sebastien-jacquemont\/#breadcrumb\",\"itemListElement\":[{\"@type\":\"ListItem\",\"position\":1,\"name\":\"Accueil\",\"item\":\"https:\/\/biochimie.umontreal.ca\/en\/\"},{\"@type\":\"ListItem\",\"position\":2,\"name\":\"S\u00e9bastien Jacquemont\"}]},{\"@type\":\"WebSite\",\"@id\":\"https:\/\/biochimie.umontreal.ca\/#website\",\"url\":\"https:\/\/biochimie.umontreal.ca\/\",\"name\":\"D\u00e9partement de biochimie et m\u00e9decine mol\u00e9culaire\",\"description\":\"\",\"potentialAction\":[{\"@type\":\"SearchAction\",\"target\":{\"@type\":\"EntryPoint\",\"urlTemplate\":\"https:\/\/biochimie.umontreal.ca\/?s={search_term_string}\"},\"query-input\":{\"@type\":\"PropertyValueSpecification\",\"valueRequired\":true,\"valueName\":\"search_term_string\"}}],\"inLanguage\":\"en-US\"}]}<\/script>\n<!-- \/ Yoast SEO plugin. -->","yoast_head_json":{"title":"S\u00e9bastien Jacquemont - D\u00e9partement de biochimie et m\u00e9decine mol\u00e9culaire","robots":{"index":"index","follow":"follow","max-snippet":"max-snippet:-1","max-image-preview":"max-image-preview:large","max-video-preview":"max-video-preview:-1"},"canonical":"https:\/\/biochimie.umontreal.ca\/en\/sebastien-jacquemont\/","og_locale":"en_US","og_type":"article","og_title":"S\u00e9bastien Jacquemont - D\u00e9partement de biochimie et m\u00e9decine mol\u00e9culaire","og_description":"Accredited Professor Coordonn\u00e9es Centre de recherche CHU Sainte-Justine 3175, chemin de la C\u00f4te Ste-Catherine Montr\u00e9al (Qu\u00e9bec) H3T 1C5 . T 514 345-4931, poste 3698 sebastien.jacquemont@umontreal.ca Themes Genetic variants and in [&hellip;]","og_url":"https:\/\/biochimie.umontreal.ca\/en\/sebastien-jacquemont\/","og_site_name":"D\u00e9partement de biochimie et m\u00e9decine mol\u00e9culaire","article_modified_time":"2016-11-11T21:18:54+00:00","og_image":[{"url":"https:\/\/biochimie.umontreal.ca\/wp-content\/uploads\/sites\/37\/2012\/07\/carre-blanc-228.jpg","type":"","width":"","height":""}],"twitter_card":"summary_large_image","twitter_misc":{"Est. reading time":"1 minute"},"schema":{"@context":"https:\/\/schema.org","@graph":[{"@type":"WebPage","@id":"https:\/\/biochimie.umontreal.ca\/en\/sebastien-jacquemont\/","url":"https:\/\/biochimie.umontreal.ca\/en\/sebastien-jacquemont\/","name":"S\u00e9bastien Jacquemont - D\u00e9partement de biochimie et m\u00e9decine mol\u00e9culaire","isPartOf":{"@id":"https:\/\/biochimie.umontreal.ca\/#website"},"primaryImageOfPage":{"@id":"https:\/\/biochimie.umontreal.ca\/en\/sebastien-jacquemont\/#primaryimage"},"image":{"@id":"https:\/\/biochimie.umontreal.ca\/en\/sebastien-jacquemont\/#primaryimage"},"thumbnailUrl":"https:\/\/biochimie.umontreal.ca\/wp-content\/uploads\/sites\/37\/2012\/07\/carre-blanc-228.jpg","datePublished":"2014-11-20T10:37:10+00:00","dateModified":"2016-11-11T21:18:54+00:00","breadcrumb":{"@id":"https:\/\/biochimie.umontreal.ca\/en\/sebastien-jacquemont\/#breadcrumb"},"inLanguage":"en-US","potentialAction":[{"@type":"ReadAction","target":["https:\/\/biochimie.umontreal.ca\/en\/sebastien-jacquemont\/"]}]},{"@type":"ImageObject","inLanguage":"en-US","@id":"https:\/\/biochimie.umontreal.ca\/en\/sebastien-jacquemont\/#primaryimage","url":"https:\/\/biochimie.umontreal.ca\/wp-content\/uploads\/sites\/37\/2012\/07\/carre-blanc-228.jpg","contentUrl":"https:\/\/biochimie.umontreal.ca\/wp-content\/uploads\/sites\/37\/2012\/07\/carre-blanc-228.jpg"},{"@type":"BreadcrumbList","@id":"https:\/\/biochimie.umontreal.ca\/en\/sebastien-jacquemont\/#breadcrumb","itemListElement":[{"@type":"ListItem","position":1,"name":"Accueil","item":"https:\/\/biochimie.umontreal.ca\/en\/"},{"@type":"ListItem","position":2,"name":"S\u00e9bastien Jacquemont"}]},{"@type":"WebSite","@id":"https:\/\/biochimie.umontreal.ca\/#website","url":"https:\/\/biochimie.umontreal.ca\/","name":"D\u00e9partement de biochimie et m\u00e9decine mol\u00e9culaire","description":"","potentialAction":[{"@type":"SearchAction","target":{"@type":"EntryPoint","urlTemplate":"https:\/\/biochimie.umontreal.ca\/?s={search_term_string}"},"query-input":{"@type":"PropertyValueSpecification","valueRequired":true,"valueName":"search_term_string"}}],"inLanguage":"en-US"}]}},"_links":{"self":[{"href":"https:\/\/biochimie.umontreal.ca\/en\/wp-json\/wp\/v2\/pages\/7942","targetHints":{"allow":["GET"]}}],"collection":[{"href":"https:\/\/biochimie.umontreal.ca\/en\/wp-json\/wp\/v2\/pages"}],"about":[{"href":"https:\/\/biochimie.umontreal.ca\/en\/wp-json\/wp\/v2\/types\/page"}],"author":[{"embeddable":true,"href":"https:\/\/biochimie.umontreal.ca\/en\/wp-json\/wp\/v2\/users\/25"}],"replies":[{"embeddable":true,"href":"https:\/\/biochimie.umontreal.ca\/en\/wp-json\/wp\/v2\/comments?post=7942"}],"version-history":[{"count":8,"href":"https:\/\/biochimie.umontreal.ca\/en\/wp-json\/wp\/v2\/pages\/7942\/revisions"}],"predecessor-version":[{"id":15015,"href":"https:\/\/biochimie.umontreal.ca\/en\/wp-json\/wp\/v2\/pages\/7942\/revisions\/15015"}],"wp:attachment":[{"href":"https:\/\/biochimie.umontreal.ca\/en\/wp-json\/wp\/v2\/media?parent=7942"}],"curies":[{"name":"wp","href":"https:\/\/api.w.org\/{rel}","templated":true}]}}