{"id":6271,"date":"2014-01-07T10:22:02","date_gmt":"2014-01-07T09:22:02","guid":{"rendered":"http:\/\/biochimie.umontreal.ca\/?page_id=6271"},"modified":"2019-10-07T14:49:12","modified_gmt":"2019-10-07T18:49:12","slug":"nicole-francis","status":"publish","type":"page","link":"https:\/\/biochimie.umontreal.ca\/en\/department\/nicole-francis\/","title":{"rendered":"Nicole Francis"},"content":{"rendered":"<h2>Associated Professor<\/h2>\n<table style=\"width: 739px\">\n<tbody>\n<tr>\n<td style=\"vertical-align: middle;width: 224px\"><a href=\"https:\/\/biochimie.umontreal.ca\/wp-content\/uploads\/sites\/37\/2014\/01\/nicoleFrancis.jpg\"><img loading=\"lazy\" decoding=\"async\" src=\"https:\/\/biochimie.umontreal.ca\/wp-content\/uploads\/sites\/37\/2014\/01\/nicoleFrancis.jpg\" alt=\"nicoleFrancis\" class=\"alignnone size-full wp-image-6272\" height=\"151\" width=\"226\" \/><\/a><\/td>\n<td style=\"vertical-align: top;width: 254.55px\">\n<h2>Contact Information<\/h2>\n<p>Institut de recherches cliniques de Montr\u00e9al<br \/>\n110, avenue des Pins ouest<br \/>\nMontr\u00e9al (Qu\u00e9bec)<br \/>\nH2W 1R7<\/td>\n<td style=\"vertical-align: top;width: 237.45px\">\n<h2><span style=\"color: #ffffff\">.<\/span><\/h2>\n<p><strong>P<\/strong> 514 987-5558<br \/>\n<a href=\"mailto:nicole.francis@ircm.qc.ca\">nicole.francis@ircm.qc.ca<\/a><a href=\"https:\/\/www.mcgill.ca\/expmed\/dr-nicole-j-francis\">WWW<\/a><\/td>\n<\/tr>\n<\/tbody>\n<\/table>\n<p>&nbsp;<\/p>\n","protected":false},"excerpt":{"rendered":"<p>Associated Professor Contact Information Institut de recherches cliniques de Montr\u00e9al 110, avenue des Pins ouest Montr\u00e9al (Qu\u00e9bec) H2W 1R7 . P 514 987-5558 nicole.francis@ircm.qc.caWWW &nbsp;<\/p>\n","protected":false},"author":25,"featured_media":0,"parent":11439,"menu_order":0,"comment_status":"closed","ping_status":"closed","template":"","meta":{"footnotes":""},"class_list":["post-6271","page","type-page","status-publish","hentry"],"yoast_head":"<!-- This site is optimized with the Yoast SEO plugin v25.0 - https:\/\/yoast.com\/wordpress\/plugins\/seo\/ -->\n<title>Nicole Francis - D\u00e9partement de biochimie et m\u00e9decine mol\u00e9culaire<\/title>\n<meta name=\"robots\" content=\"index, follow, max-snippet:-1, max-image-preview:large, max-video-preview:-1\" \/>\n<link rel=\"canonical\" href=\"https:\/\/biochimie.umontreal.ca\/en\/department\/nicole-francis\/\" \/>\n<meta property=\"og:locale\" content=\"en_US\" \/>\n<meta property=\"og:type\" content=\"article\" \/>\n<meta property=\"og:title\" content=\"Nicole Francis - D\u00e9partement de biochimie et m\u00e9decine mol\u00e9culaire\" \/>\n<meta property=\"og:description\" content=\"Associated Professor Contact Information Institut de recherches cliniques de Montr\u00e9al 110, avenue des Pins ouest Montr\u00e9al (Qu\u00e9bec) H2W 1R7 . P 514 987-5558 nicole.francis@ircm.qc.caWWW &nbsp;\" \/>\n<meta property=\"og:url\" content=\"https:\/\/biochimie.umontreal.ca\/en\/department\/nicole-francis\/\" \/>\n<meta property=\"og:site_name\" content=\"D\u00e9partement de biochimie et m\u00e9decine mol\u00e9culaire\" \/>\n<meta property=\"article:modified_time\" content=\"2019-10-07T18:49:12+00:00\" \/>\n<meta property=\"og:image\" content=\"https:\/\/biochimie.umontreal.ca\/wp-content\/uploads\/sites\/37\/2014\/01\/nicoleFrancis.jpg\" \/>\n<meta name=\"twitter:card\" content=\"summary_large_image\" \/>\n<script type=\"application\/ld+json\" class=\"yoast-schema-graph\">{\"@context\":\"https:\/\/schema.org\",\"@graph\":[{\"@type\":\"WebPage\",\"@id\":\"https:\/\/biochimie.umontreal.ca\/en\/department\/nicole-francis\/\",\"url\":\"https:\/\/biochimie.umontreal.ca\/en\/department\/nicole-francis\/\",\"name\":\"Nicole Francis - D\u00e9partement de biochimie et m\u00e9decine mol\u00e9culaire\",\"isPartOf\":{\"@id\":\"https:\/\/biochimie.umontreal.ca\/#website\"},\"primaryImageOfPage\":{\"@id\":\"https:\/\/biochimie.umontreal.ca\/en\/department\/nicole-francis\/#primaryimage\"},\"image\":{\"@id\":\"https:\/\/biochimie.umontreal.ca\/en\/department\/nicole-francis\/#primaryimage\"},\"thumbnailUrl\":\"https:\/\/biochimie.umontreal.ca\/wp-content\/uploads\/sites\/37\/2014\/01\/nicoleFrancis.jpg\",\"datePublished\":\"2014-01-07T09:22:02+00:00\",\"dateModified\":\"2019-10-07T18:49:12+00:00\",\"breadcrumb\":{\"@id\":\"https:\/\/biochimie.umontreal.ca\/en\/department\/nicole-francis\/#breadcrumb\"},\"inLanguage\":\"en-US\",\"potentialAction\":[{\"@type\":\"ReadAction\",\"target\":[\"https:\/\/biochimie.umontreal.ca\/en\/department\/nicole-francis\/\"]}]},{\"@type\":\"ImageObject\",\"inLanguage\":\"en-US\",\"@id\":\"https:\/\/biochimie.umontreal.ca\/en\/department\/nicole-francis\/#primaryimage\",\"url\":\"https:\/\/biochimie.umontreal.ca\/wp-content\/uploads\/sites\/37\/2014\/01\/nicoleFrancis.jpg\",\"contentUrl\":\"https:\/\/biochimie.umontreal.ca\/wp-content\/uploads\/sites\/37\/2014\/01\/nicoleFrancis.jpg\"},{\"@type\":\"BreadcrumbList\",\"@id\":\"https:\/\/biochimie.umontreal.ca\/en\/department\/nicole-francis\/#breadcrumb\",\"itemListElement\":[{\"@type\":\"ListItem\",\"position\":1,\"name\":\"Accueil\",\"item\":\"https:\/\/biochimie.umontreal.ca\/en\/\"},{\"@type\":\"ListItem\",\"position\":2,\"name\":\"Department\",\"item\":\"https:\/\/biochimie.umontreal.ca\/en\/department\/\"},{\"@type\":\"ListItem\",\"position\":3,\"name\":\"Nicole Francis\"}]},{\"@type\":\"WebSite\",\"@id\":\"https:\/\/biochimie.umontreal.ca\/#website\",\"url\":\"https:\/\/biochimie.umontreal.ca\/\",\"name\":\"D\u00e9partement de biochimie et m\u00e9decine mol\u00e9culaire\",\"description\":\"\",\"potentialAction\":[{\"@type\":\"SearchAction\",\"target\":{\"@type\":\"EntryPoint\",\"urlTemplate\":\"https:\/\/biochimie.umontreal.ca\/?s={search_term_string}\"},\"query-input\":{\"@type\":\"PropertyValueSpecification\",\"valueRequired\":true,\"valueName\":\"search_term_string\"}}],\"inLanguage\":\"en-US\"}]}<\/script>\n<!-- \/ Yoast SEO plugin. -->","yoast_head_json":{"title":"Nicole Francis - D\u00e9partement de biochimie et m\u00e9decine mol\u00e9culaire","robots":{"index":"index","follow":"follow","max-snippet":"max-snippet:-1","max-image-preview":"max-image-preview:large","max-video-preview":"max-video-preview:-1"},"canonical":"https:\/\/biochimie.umontreal.ca\/en\/department\/nicole-francis\/","og_locale":"en_US","og_type":"article","og_title":"Nicole Francis - D\u00e9partement de biochimie et m\u00e9decine mol\u00e9culaire","og_description":"Associated Professor Contact Information Institut de recherches cliniques de Montr\u00e9al 110, avenue des Pins ouest Montr\u00e9al (Qu\u00e9bec) H2W 1R7 . P 514 987-5558 nicole.francis@ircm.qc.caWWW &nbsp;","og_url":"https:\/\/biochimie.umontreal.ca\/en\/department\/nicole-francis\/","og_site_name":"D\u00e9partement de biochimie et m\u00e9decine mol\u00e9culaire","article_modified_time":"2019-10-07T18:49:12+00:00","og_image":[{"url":"https:\/\/biochimie.umontreal.ca\/wp-content\/uploads\/sites\/37\/2014\/01\/nicoleFrancis.jpg","type":"","width":"","height":""}],"twitter_card":"summary_large_image","schema":{"@context":"https:\/\/schema.org","@graph":[{"@type":"WebPage","@id":"https:\/\/biochimie.umontreal.ca\/en\/department\/nicole-francis\/","url":"https:\/\/biochimie.umontreal.ca\/en\/department\/nicole-francis\/","name":"Nicole Francis - D\u00e9partement de biochimie et m\u00e9decine mol\u00e9culaire","isPartOf":{"@id":"https:\/\/biochimie.umontreal.ca\/#website"},"primaryImageOfPage":{"@id":"https:\/\/biochimie.umontreal.ca\/en\/department\/nicole-francis\/#primaryimage"},"image":{"@id":"https:\/\/biochimie.umontreal.ca\/en\/department\/nicole-francis\/#primaryimage"},"thumbnailUrl":"https:\/\/biochimie.umontreal.ca\/wp-content\/uploads\/sites\/37\/2014\/01\/nicoleFrancis.jpg","datePublished":"2014-01-07T09:22:02+00:00","dateModified":"2019-10-07T18:49:12+00:00","breadcrumb":{"@id":"https:\/\/biochimie.umontreal.ca\/en\/department\/nicole-francis\/#breadcrumb"},"inLanguage":"en-US","potentialAction":[{"@type":"ReadAction","target":["https:\/\/biochimie.umontreal.ca\/en\/department\/nicole-francis\/"]}]},{"@type":"ImageObject","inLanguage":"en-US","@id":"https:\/\/biochimie.umontreal.ca\/en\/department\/nicole-francis\/#primaryimage","url":"https:\/\/biochimie.umontreal.ca\/wp-content\/uploads\/sites\/37\/2014\/01\/nicoleFrancis.jpg","contentUrl":"https:\/\/biochimie.umontreal.ca\/wp-content\/uploads\/sites\/37\/2014\/01\/nicoleFrancis.jpg"},{"@type":"BreadcrumbList","@id":"https:\/\/biochimie.umontreal.ca\/en\/department\/nicole-francis\/#breadcrumb","itemListElement":[{"@type":"ListItem","position":1,"name":"Accueil","item":"https:\/\/biochimie.umontreal.ca\/en\/"},{"@type":"ListItem","position":2,"name":"Department","item":"https:\/\/biochimie.umontreal.ca\/en\/department\/"},{"@type":"ListItem","position":3,"name":"Nicole Francis"}]},{"@type":"WebSite","@id":"https:\/\/biochimie.umontreal.ca\/#website","url":"https:\/\/biochimie.umontreal.ca\/","name":"D\u00e9partement de biochimie et m\u00e9decine mol\u00e9culaire","description":"","potentialAction":[{"@type":"SearchAction","target":{"@type":"EntryPoint","urlTemplate":"https:\/\/biochimie.umontreal.ca\/?s={search_term_string}"},"query-input":{"@type":"PropertyValueSpecification","valueRequired":true,"valueName":"search_term_string"}}],"inLanguage":"en-US"}]}},"_links":{"self":[{"href":"https:\/\/biochimie.umontreal.ca\/en\/wp-json\/wp\/v2\/pages\/6271","targetHints":{"allow":["GET"]}}],"collection":[{"href":"https:\/\/biochimie.umontreal.ca\/en\/wp-json\/wp\/v2\/pages"}],"about":[{"href":"https:\/\/biochimie.umontreal.ca\/en\/wp-json\/wp\/v2\/types\/page"}],"author":[{"embeddable":true,"href":"https:\/\/biochimie.umontreal.ca\/en\/wp-json\/wp\/v2\/users\/25"}],"replies":[{"embeddable":true,"href":"https:\/\/biochimie.umontreal.ca\/en\/wp-json\/wp\/v2\/comments?post=6271"}],"version-history":[{"count":4,"href":"https:\/\/biochimie.umontreal.ca\/en\/wp-json\/wp\/v2\/pages\/6271\/revisions"}],"predecessor-version":[{"id":20085,"href":"https:\/\/biochimie.umontreal.ca\/en\/wp-json\/wp\/v2\/pages\/6271\/revisions\/20085"}],"up":[{"embeddable":true,"href":"https:\/\/biochimie.umontreal.ca\/en\/wp-json\/wp\/v2\/pages\/11439"}],"wp:attachment":[{"href":"https:\/\/biochimie.umontreal.ca\/en\/wp-json\/wp\/v2\/media?parent=6271"}],"curies":[{"name":"wp","href":"https:\/\/api.w.org\/{rel}","templated":true}]}}