{"id":424,"date":"2012-06-11T13:52:41","date_gmt":"2012-06-11T17:52:41","guid":{"rendered":"http:\/\/biochimie.umontreal.ca\/?page_id=424"},"modified":"2016-11-09T10:49:49","modified_gmt":"2016-11-09T15:49:49","slug":"bruce-g-allen","status":"publish","type":"page","link":"https:\/\/biochimie.umontreal.ca\/en\/department\/bruce-g-allen\/","title":{"rendered":"Bruce G. Allen"},"content":{"rendered":"<h2>Accredited Professor<\/h2>\n<table>\n<tbody>\n<tr>\n<td><img loading=\"lazy\" decoding=\"async\" class=\"alignnone size-full wp-image-594\" title=\"carre blanc 2\" src=\"https:\/\/biochimie.umontreal.ca\/wp-content\/uploads\/sites\/37\/2012\/06\/carre-blanc-21.jpg\" alt=\"\" height=\"120\" width=\"120\" \/><\/td>\n<td style=\"vertical-align: top\">\n<h2>Contact Information<\/h2>\n<p>Institut de cardiologie de Montr\u00e9al<br \/>\nCentre de recherche. local S-3526<br \/>\n5000, rue B\u00e9langer<br \/>\nMontr\u00e9al (Qu\u00e9bec)<br \/>\nH1T 1C8<\/td>\n<td style=\"vertical-align: top\">\n<h2><span style=\"color: #ffffff\">.<\/span><\/h2>\n<p><strong>T<\/strong> 514 376-3330, poste 3591(bureau)<br \/>\n<strong>T<\/strong> 514\u00a0376-3330, poste 3592 (laboratoire)<br \/>\n<strong>F<\/strong> 514 376-1355<br \/>\n<a href=\"mailto:bruce.g.allen@umontreal.ca\">bruce.g.allen@umontreal.ca <\/a><br \/>\n<a href=\"http:\/\/www.icm-mhi.org\/fr\/allen-bruce-g.html\">Site web<\/a><\/td>\n<\/tr>\n<\/tbody>\n<\/table>\n<table>\n<tbody>\n<tr>\n<td>\n<h2>Themes<\/h2>\n<ul>\n<li>Molecular pharmacology<\/li>\n<li>Proteomic<\/li>\n<li>Cell signalling<\/li>\n<\/ul>\n<p>Cardiac hypertrophy, a major cause of heart diseases such as myocardial infarction and cardiac arrhythmias, occurs when the heart is continuously exposed to increased load and\/or neurohormonal factors including endothelin-1. Hypertrophic stimuli activate both the ERK1\/2 and p38 MAP kinase pathways. Upon activation, p38mapk, p42mapk and p44mapk translocate to the nucleus and induce changes in the pattern of gene expression. A combination of in vivo and in vitro biochemical and pharmacological approaches are being employed to study the organization, specificity and roles of p42\/44 and p38 map kinase signalling and how these relate to changes in cardiac growth and function evoked by hypertrophic stimuli. In addition, the roles of the endothelin receptor subtypes ETA and ETB, located at the cell surface and on the nuclear membrane, are being examined. This information should further the understanding of both signal transduction in the healthy heart and the defects which impair the ability of the heart to function in a normal manner, thereby identifying suitable targets for pharmacological intervention in the treatment of heart diseases.<\/td>\n<\/tr>\n<\/tbody>\n<\/table>\n<h3>Publications<\/h3>\n<p><strong><em> GPCR signaling in the nuclear envelope<\/em><\/strong><\/p>\n<ul>\n<li>Boivin, B., Chevalier, D., Villeneuve, L.R., Rousseau, E., and Allen, B.G. (2003) Functional endothelin receptors are present on nuclei in cardiac ventricular myocytes. J. Biol. Chem. 278, 29153-29163.<\/li>\n<li>Boivin, B., Lavoie, C., Vaniotis, G., Baragli, A., Villeneuve, L.R., Ethier, N., Trieu, P., Allen, B.G., and H\u00e9bert, T.E. (2006) Functional b-adrenergic receptor signalling on nuclear membranes in adult rat and mouse ventricular cardiomyocytes. Cardiovasc. Res. 71, 69-78.<\/li>\n<li>Boivin, B., Vanoitis, G., Allen, B.G., and H\u00e9bert, T. (2008) G protein-coupled receptors in and on the cell nucleus: a new signalling paradigm? J. Rec Sig. Trans. 28, 15-28.<\/li>\n<li>Tadevosyan, A., Maguy, A., Villeneuve, L.R., Babin, J., Bonnefoy, A., Allen, B.G., and Nattel S. (2010) A Potential role for nuclear-delimited signaling via nuclear-envelope angiotensin receptors in the control of cardiac gene expression. J. Biol. Chem. 285, 22338-22349.<\/li>\n<li>Vaniotis, G., Del Duca, D., Trou, P., Rohlicek, C.V., H\u00e9bert, T.E., and Allen, B.G. (2011) Regulation of gene expression by b-adrenergic receptors on the nuclear envelope. Cell. Signal. 23, 89-98.<\/li>\n<\/ul>\n<p><strong><em> p38 MAP kinase signaling in the heart<\/em><\/strong><\/p>\n<ul>\n<li>Chevalier, D. and Allen, B.G. (2000) Two distinct forms of MAPKAP kinase-2 in adult cardiac ventricular myocytes. Biochemistry 39, 6145-6156.<\/li>\n<li>Dingar, D., Benoit, M.J., Mamarbachi, A.M., Villeneuve, L.R., Gillis, M.A., Grandy, S., Gaestel, M., Fiset, C., and Allen, B.G. (2010) Characterization of the expression and regulation of MK5 in the murine ventricular myocardium. Cell. Signal. 22, 1063-1075.<\/li>\n<li>Mo\u00efse, N., Dingar, D., Mamarbachi, A.M., Villeneuve, L.R., Farhat, N., Gaestel, M., Khairallah, M., and Allen, B.G. (2010) Characterization of a novel MK3 splice variant in heart. Cell. Signal. 22, 1502-1512.<\/li>\n<li>Dingar, D., Merlen, C., Grandy, S., Gillis, M.A., Villeneuve, L.R., Mamarbachi, A.M., Fiset, C., and Allen, B.G. (2010) Expression and localization of p38 MAP kinase isoforms in the mouse heart. Cell. Signal. 22, 1634-1644.<\/li>\n<\/ul>\n","protected":false},"excerpt":{"rendered":"<p>Accredited Professor Contact Information Institut de cardiologie de Montr\u00e9al Centre de recherche. local S-3526 5000, rue B\u00e9langer Montr\u00e9al (Qu\u00e9bec) H1T 1C8 . T 514 376-3330, poste 3591(bureau) T 514\u00a0376-3330, poste [&hellip;]<\/p>\n","protected":false},"author":25,"featured_media":0,"parent":11439,"menu_order":0,"comment_status":"closed","ping_status":"closed","template":"","meta":{"footnotes":""},"class_list":["post-424","page","type-page","status-publish","hentry"],"yoast_head":"<!-- This site is optimized with the Yoast SEO plugin v25.0 - https:\/\/yoast.com\/wordpress\/plugins\/seo\/ -->\n<title>Bruce G. Allen - D\u00e9partement de biochimie et m\u00e9decine mol\u00e9culaire<\/title>\n<meta name=\"robots\" content=\"index, follow, max-snippet:-1, max-image-preview:large, max-video-preview:-1\" \/>\n<link rel=\"canonical\" href=\"https:\/\/biochimie.umontreal.ca\/en\/department\/bruce-g-allen\/\" \/>\n<meta property=\"og:locale\" content=\"en_US\" \/>\n<meta property=\"og:type\" content=\"article\" \/>\n<meta property=\"og:title\" content=\"Bruce G. Allen - D\u00e9partement de biochimie et m\u00e9decine mol\u00e9culaire\" \/>\n<meta property=\"og:description\" content=\"Accredited Professor Contact Information Institut de cardiologie de Montr\u00e9al Centre de recherche. local S-3526 5000, rue B\u00e9langer Montr\u00e9al (Qu\u00e9bec) H1T 1C8 . T 514 376-3330, poste 3591(bureau) T 514\u00a0376-3330, poste [&hellip;]\" \/>\n<meta property=\"og:url\" content=\"https:\/\/biochimie.umontreal.ca\/en\/department\/bruce-g-allen\/\" \/>\n<meta property=\"og:site_name\" content=\"D\u00e9partement de biochimie et m\u00e9decine mol\u00e9culaire\" \/>\n<meta property=\"article:modified_time\" content=\"2016-11-09T15:49:49+00:00\" \/>\n<meta property=\"og:image\" content=\"https:\/\/biochimie.umontreal.ca\/wp-content\/uploads\/sites\/37\/2012\/06\/carre-blanc-21.jpg\" \/>\n<meta name=\"twitter:card\" content=\"summary_large_image\" \/>\n<meta name=\"twitter:label1\" content=\"Est. reading time\" \/>\n\t<meta name=\"twitter:data1\" content=\"3 minutes\" \/>\n<script type=\"application\/ld+json\" class=\"yoast-schema-graph\">{\"@context\":\"https:\/\/schema.org\",\"@graph\":[{\"@type\":\"WebPage\",\"@id\":\"https:\/\/biochimie.umontreal.ca\/en\/department\/bruce-g-allen\/\",\"url\":\"https:\/\/biochimie.umontreal.ca\/en\/department\/bruce-g-allen\/\",\"name\":\"Bruce G. Allen - D\u00e9partement de biochimie et m\u00e9decine mol\u00e9culaire\",\"isPartOf\":{\"@id\":\"https:\/\/biochimie.umontreal.ca\/#website\"},\"primaryImageOfPage\":{\"@id\":\"https:\/\/biochimie.umontreal.ca\/en\/department\/bruce-g-allen\/#primaryimage\"},\"image\":{\"@id\":\"https:\/\/biochimie.umontreal.ca\/en\/department\/bruce-g-allen\/#primaryimage\"},\"thumbnailUrl\":\"https:\/\/biochimie.umontreal.ca\/wp-content\/uploads\/sites\/37\/2012\/06\/carre-blanc-21.jpg\",\"datePublished\":\"2012-06-11T17:52:41+00:00\",\"dateModified\":\"2016-11-09T15:49:49+00:00\",\"breadcrumb\":{\"@id\":\"https:\/\/biochimie.umontreal.ca\/en\/department\/bruce-g-allen\/#breadcrumb\"},\"inLanguage\":\"en-US\",\"potentialAction\":[{\"@type\":\"ReadAction\",\"target\":[\"https:\/\/biochimie.umontreal.ca\/en\/department\/bruce-g-allen\/\"]}]},{\"@type\":\"ImageObject\",\"inLanguage\":\"en-US\",\"@id\":\"https:\/\/biochimie.umontreal.ca\/en\/department\/bruce-g-allen\/#primaryimage\",\"url\":\"https:\/\/biochimie.umontreal.ca\/wp-content\/uploads\/sites\/37\/2012\/06\/carre-blanc-21.jpg\",\"contentUrl\":\"https:\/\/biochimie.umontreal.ca\/wp-content\/uploads\/sites\/37\/2012\/06\/carre-blanc-21.jpg\"},{\"@type\":\"BreadcrumbList\",\"@id\":\"https:\/\/biochimie.umontreal.ca\/en\/department\/bruce-g-allen\/#breadcrumb\",\"itemListElement\":[{\"@type\":\"ListItem\",\"position\":1,\"name\":\"Accueil\",\"item\":\"https:\/\/biochimie.umontreal.ca\/en\/\"},{\"@type\":\"ListItem\",\"position\":2,\"name\":\"Department\",\"item\":\"https:\/\/biochimie.umontreal.ca\/en\/department\/\"},{\"@type\":\"ListItem\",\"position\":3,\"name\":\"Bruce G. Allen\"}]},{\"@type\":\"WebSite\",\"@id\":\"https:\/\/biochimie.umontreal.ca\/#website\",\"url\":\"https:\/\/biochimie.umontreal.ca\/\",\"name\":\"D\u00e9partement de biochimie et m\u00e9decine mol\u00e9culaire\",\"description\":\"\",\"potentialAction\":[{\"@type\":\"SearchAction\",\"target\":{\"@type\":\"EntryPoint\",\"urlTemplate\":\"https:\/\/biochimie.umontreal.ca\/?s={search_term_string}\"},\"query-input\":{\"@type\":\"PropertyValueSpecification\",\"valueRequired\":true,\"valueName\":\"search_term_string\"}}],\"inLanguage\":\"en-US\"}]}<\/script>\n<!-- \/ Yoast SEO plugin. -->","yoast_head_json":{"title":"Bruce G. Allen - D\u00e9partement de biochimie et m\u00e9decine mol\u00e9culaire","robots":{"index":"index","follow":"follow","max-snippet":"max-snippet:-1","max-image-preview":"max-image-preview:large","max-video-preview":"max-video-preview:-1"},"canonical":"https:\/\/biochimie.umontreal.ca\/en\/department\/bruce-g-allen\/","og_locale":"en_US","og_type":"article","og_title":"Bruce G. Allen - D\u00e9partement de biochimie et m\u00e9decine mol\u00e9culaire","og_description":"Accredited Professor Contact Information Institut de cardiologie de Montr\u00e9al Centre de recherche. local S-3526 5000, rue B\u00e9langer Montr\u00e9al (Qu\u00e9bec) H1T 1C8 . T 514 376-3330, poste 3591(bureau) T 514\u00a0376-3330, poste [&hellip;]","og_url":"https:\/\/biochimie.umontreal.ca\/en\/department\/bruce-g-allen\/","og_site_name":"D\u00e9partement de biochimie et m\u00e9decine mol\u00e9culaire","article_modified_time":"2016-11-09T15:49:49+00:00","og_image":[{"url":"https:\/\/biochimie.umontreal.ca\/wp-content\/uploads\/sites\/37\/2012\/06\/carre-blanc-21.jpg","type":"","width":"","height":""}],"twitter_card":"summary_large_image","twitter_misc":{"Est. reading time":"3 minutes"},"schema":{"@context":"https:\/\/schema.org","@graph":[{"@type":"WebPage","@id":"https:\/\/biochimie.umontreal.ca\/en\/department\/bruce-g-allen\/","url":"https:\/\/biochimie.umontreal.ca\/en\/department\/bruce-g-allen\/","name":"Bruce G. Allen - D\u00e9partement de biochimie et m\u00e9decine mol\u00e9culaire","isPartOf":{"@id":"https:\/\/biochimie.umontreal.ca\/#website"},"primaryImageOfPage":{"@id":"https:\/\/biochimie.umontreal.ca\/en\/department\/bruce-g-allen\/#primaryimage"},"image":{"@id":"https:\/\/biochimie.umontreal.ca\/en\/department\/bruce-g-allen\/#primaryimage"},"thumbnailUrl":"https:\/\/biochimie.umontreal.ca\/wp-content\/uploads\/sites\/37\/2012\/06\/carre-blanc-21.jpg","datePublished":"2012-06-11T17:52:41+00:00","dateModified":"2016-11-09T15:49:49+00:00","breadcrumb":{"@id":"https:\/\/biochimie.umontreal.ca\/en\/department\/bruce-g-allen\/#breadcrumb"},"inLanguage":"en-US","potentialAction":[{"@type":"ReadAction","target":["https:\/\/biochimie.umontreal.ca\/en\/department\/bruce-g-allen\/"]}]},{"@type":"ImageObject","inLanguage":"en-US","@id":"https:\/\/biochimie.umontreal.ca\/en\/department\/bruce-g-allen\/#primaryimage","url":"https:\/\/biochimie.umontreal.ca\/wp-content\/uploads\/sites\/37\/2012\/06\/carre-blanc-21.jpg","contentUrl":"https:\/\/biochimie.umontreal.ca\/wp-content\/uploads\/sites\/37\/2012\/06\/carre-blanc-21.jpg"},{"@type":"BreadcrumbList","@id":"https:\/\/biochimie.umontreal.ca\/en\/department\/bruce-g-allen\/#breadcrumb","itemListElement":[{"@type":"ListItem","position":1,"name":"Accueil","item":"https:\/\/biochimie.umontreal.ca\/en\/"},{"@type":"ListItem","position":2,"name":"Department","item":"https:\/\/biochimie.umontreal.ca\/en\/department\/"},{"@type":"ListItem","position":3,"name":"Bruce G. Allen"}]},{"@type":"WebSite","@id":"https:\/\/biochimie.umontreal.ca\/#website","url":"https:\/\/biochimie.umontreal.ca\/","name":"D\u00e9partement de biochimie et m\u00e9decine mol\u00e9culaire","description":"","potentialAction":[{"@type":"SearchAction","target":{"@type":"EntryPoint","urlTemplate":"https:\/\/biochimie.umontreal.ca\/?s={search_term_string}"},"query-input":{"@type":"PropertyValueSpecification","valueRequired":true,"valueName":"search_term_string"}}],"inLanguage":"en-US"}]}},"_links":{"self":[{"href":"https:\/\/biochimie.umontreal.ca\/en\/wp-json\/wp\/v2\/pages\/424","targetHints":{"allow":["GET"]}}],"collection":[{"href":"https:\/\/biochimie.umontreal.ca\/en\/wp-json\/wp\/v2\/pages"}],"about":[{"href":"https:\/\/biochimie.umontreal.ca\/en\/wp-json\/wp\/v2\/types\/page"}],"author":[{"embeddable":true,"href":"https:\/\/biochimie.umontreal.ca\/en\/wp-json\/wp\/v2\/users\/25"}],"replies":[{"embeddable":true,"href":"https:\/\/biochimie.umontreal.ca\/en\/wp-json\/wp\/v2\/comments?post=424"}],"version-history":[{"count":8,"href":"https:\/\/biochimie.umontreal.ca\/en\/wp-json\/wp\/v2\/pages\/424\/revisions"}],"predecessor-version":[{"id":14818,"href":"https:\/\/biochimie.umontreal.ca\/en\/wp-json\/wp\/v2\/pages\/424\/revisions\/14818"}],"up":[{"embeddable":true,"href":"https:\/\/biochimie.umontreal.ca\/en\/wp-json\/wp\/v2\/pages\/11439"}],"wp:attachment":[{"href":"https:\/\/biochimie.umontreal.ca\/en\/wp-json\/wp\/v2\/media?parent=424"}],"curies":[{"name":"wp","href":"https:\/\/api.w.org\/{rel}","templated":true}]}}