{"id":3836,"date":"2012-11-29T15:44:40","date_gmt":"2012-11-29T14:44:40","guid":{"rendered":"http:\/\/biochimie.umontreal.ca\/?page_id=3836"},"modified":"2016-11-08T15:52:45","modified_gmt":"2016-11-08T20:52:45","slug":"jean-francois-cote","status":"publish","type":"page","link":"https:\/\/biochimie.umontreal.ca\/en\/department\/jean-francois-cote\/","title":{"rendered":"Jean-Fran\u00e7ois C\u00f4t\u00e9"},"content":{"rendered":"<h2>Accredited Professor<\/h2>\n<table>\n<tbody>\n<tr>\n<td><img loading=\"lazy\" decoding=\"async\" title=\"carre blanc 2\" alt=\"\" src=\"https:\/\/biochimie.umontreal.ca\/wp-content\/uploads\/sites\/37\/2012\/06\/carre-blanc-28.jpg\" height=\"120\" width=\"120\" \/><\/td>\n<td style=\"vertical-align: top;\">\n<h2>Contact Information<\/h2>\n<p>Institut de recherche cliniques de Montr\u00e9al<br \/>\n110, ave des Pins ouest<br \/>\nMontr\u00e9al (Qu\u00e9bec)<br \/>\nH2W 1R7<\/td>\n<td style=\"vertical-align: top;\">\n<h2><span style=\"color: #ffffff;\">.<\/span><\/h2>\n<p><strong>T<\/strong> 514 987-5647<br \/>\n<strong><\/strong><a href=\"mailto:jean-francois.cote@ircm.qc.ca\">jean-francois.cote@ircm.qc.ca<\/a><\/td>\n<\/tr>\n<\/tbody>\n<\/table>\n<table>\n<tbody>\n<tr>\n<td>\n<h2>Themes<\/h2>\n<p>Dr. C\u00f4t\u00e9&#8217;s group focuses on understanding the role of the DOCK180\/ELMO-Rac pathway in cell migration using biochemical, cellular, genetic and structural approaches. We are currently studying the molecular players involved in myoblast fusion during the formation of skeletal muscle in order to identify the biological mechanisms regulated through DOCK180\/Rac. In addition, we are interested in understanding the molecular mechanisms controlling signaling by receptor tyrosine kinases in the induction of cell invasion and metastasis. In vivo models are used to study the role of AXL and HER-2 in the progression of breast cancer.<\/td>\n<\/tr>\n<\/tbody>\n<\/table>\n<h3>Publications<\/h3>\n<ul>\n<li>M\u00e9lanie Laurin, Jennifer Huber, Ariane Pelletier, Tarek Houalla, Morag Park, Yoshinori Fukui, Benjamin Haibe-Kains, William J. Muller and Jean-Fran\u00e7ois C\u00f4t\u00e9. \u201cThe Rac-specific guanine nucleotide exchange factor DOCK1 is a critical regulator of HER2-mediated breast cancer metastasis\u201d. (2013) P.N.A.S.; in revision.<\/li>\n<li>Yoran Margaron, Nadine Fradet, and Jean-Fran\u00e7ois C\u00f4t\u00e9. \u201cELMO recruits Actin Crosslinking Family 7 (ACF7) at the cell membrane for microtubule capture and stabilization of cellular protrusions\u201d. (2013) J Biol Chem, 288(2), p1184-1199.<\/li>\n<li>Manishha Patel*, Yoran Margaron*, Nadine Fradet, Qi Yang, Brian Wilkes, Michel Bouvier, Kay Hofmann and Jean-Fran\u00e7ois C\u00f4t\u00e9. \u201cAn evolutionarily conserved autoinhibitory molecular switch in ELMO proteins regulates Rac signaling\u201d. (2010) Current Biology, 20(22), p2021-2027.<\/li>\n<li>Jean-Fran\u00e7ois C\u00f4t\u00e9* and Kristiina Vuori*. \u201cCell Biology. Two Lipids That Give Direction.\u201d (2009) Science, 324(5925), p346-347.<\/li>\n<li>M\u00e9lanie Laurin, Nadine Fradet, Anne Blangy, Alan Hall, Kristiina Vuori* and Jean-Fran\u00e7ois C\u00f4t\u00e9*. \u201cThe atypical Rac activator Dock180 (Dock1) regulates myoblast fusion in vivo\u201d (2008) P.N.A.S., 105(40), p15446-15451.<\/li>\n<li>Jean-Fran\u00e7ois C\u00f4t\u00e9, Andrea B. Motoyama, Jason A. Bush and Kristiina Vuori. \u201cA novel and evolutionarily conserved PtdIns(3,4,5)P3-binding domain is necessary for DOCK180 signalling\u201d (2005) Nature Cell Biology, 7(8), p797-807.<\/li>\n<\/ul>\n","protected":false},"excerpt":{"rendered":"<p>Accredited Professor Contact Information Institut de recherche cliniques de Montr\u00e9al 110, ave des Pins ouest Montr\u00e9al (Qu\u00e9bec) H2W 1R7 . T 514 987-5647 jean-francois.cote@ircm.qc.ca Themes Dr. C\u00f4t\u00e9&#8217;s group focuses on [&hellip;]<\/p>\n","protected":false},"author":25,"featured_media":0,"parent":11439,"menu_order":0,"comment_status":"closed","ping_status":"closed","template":"","meta":{"footnotes":""},"class_list":["post-3836","page","type-page","status-publish","hentry"],"yoast_head":"<!-- This site is optimized with the Yoast SEO plugin v25.0 - https:\/\/yoast.com\/wordpress\/plugins\/seo\/ -->\n<title>Jean-Fran\u00e7ois C\u00f4t\u00e9 - D\u00e9partement de biochimie et m\u00e9decine mol\u00e9culaire<\/title>\n<meta name=\"robots\" content=\"index, follow, max-snippet:-1, max-image-preview:large, max-video-preview:-1\" \/>\n<link rel=\"canonical\" href=\"https:\/\/biochimie.umontreal.ca\/en\/department\/jean-francois-cote\/\" \/>\n<meta property=\"og:locale\" content=\"en_US\" \/>\n<meta property=\"og:type\" content=\"article\" \/>\n<meta property=\"og:title\" content=\"Jean-Fran\u00e7ois C\u00f4t\u00e9 - D\u00e9partement de biochimie et m\u00e9decine mol\u00e9culaire\" \/>\n<meta property=\"og:description\" content=\"Accredited Professor Contact Information Institut de recherche cliniques de Montr\u00e9al 110, ave des Pins ouest Montr\u00e9al (Qu\u00e9bec) H2W 1R7 . T 514 987-5647 jean-francois.cote@ircm.qc.ca Themes Dr. C\u00f4t\u00e9&#8217;s group focuses on [&hellip;]\" \/>\n<meta property=\"og:url\" content=\"https:\/\/biochimie.umontreal.ca\/en\/department\/jean-francois-cote\/\" \/>\n<meta property=\"og:site_name\" content=\"D\u00e9partement de biochimie et m\u00e9decine mol\u00e9culaire\" \/>\n<meta property=\"article:modified_time\" content=\"2016-11-08T20:52:45+00:00\" \/>\n<meta property=\"og:image\" content=\"https:\/\/biochimie.umontreal.ca\/wp-content\/uploads\/sites\/37\/2012\/06\/carre-blanc-28.jpg\" \/>\n<meta name=\"twitter:card\" content=\"summary_large_image\" \/>\n<meta name=\"twitter:label1\" content=\"Est. reading time\" \/>\n\t<meta name=\"twitter:data1\" content=\"2 minutes\" \/>\n<script type=\"application\/ld+json\" class=\"yoast-schema-graph\">{\"@context\":\"https:\/\/schema.org\",\"@graph\":[{\"@type\":\"WebPage\",\"@id\":\"https:\/\/biochimie.umontreal.ca\/en\/department\/jean-francois-cote\/\",\"url\":\"https:\/\/biochimie.umontreal.ca\/en\/department\/jean-francois-cote\/\",\"name\":\"Jean-Fran\u00e7ois C\u00f4t\u00e9 - D\u00e9partement de biochimie et m\u00e9decine mol\u00e9culaire\",\"isPartOf\":{\"@id\":\"https:\/\/biochimie.umontreal.ca\/#website\"},\"primaryImageOfPage\":{\"@id\":\"https:\/\/biochimie.umontreal.ca\/en\/department\/jean-francois-cote\/#primaryimage\"},\"image\":{\"@id\":\"https:\/\/biochimie.umontreal.ca\/en\/department\/jean-francois-cote\/#primaryimage\"},\"thumbnailUrl\":\"https:\/\/biochimie.umontreal.ca\/wp-content\/uploads\/sites\/37\/2012\/06\/carre-blanc-28.jpg\",\"datePublished\":\"2012-11-29T14:44:40+00:00\",\"dateModified\":\"2016-11-08T20:52:45+00:00\",\"breadcrumb\":{\"@id\":\"https:\/\/biochimie.umontreal.ca\/en\/department\/jean-francois-cote\/#breadcrumb\"},\"inLanguage\":\"en-US\",\"potentialAction\":[{\"@type\":\"ReadAction\",\"target\":[\"https:\/\/biochimie.umontreal.ca\/en\/department\/jean-francois-cote\/\"]}]},{\"@type\":\"ImageObject\",\"inLanguage\":\"en-US\",\"@id\":\"https:\/\/biochimie.umontreal.ca\/en\/department\/jean-francois-cote\/#primaryimage\",\"url\":\"https:\/\/biochimie.umontreal.ca\/wp-content\/uploads\/sites\/37\/2012\/06\/carre-blanc-28.jpg\",\"contentUrl\":\"https:\/\/biochimie.umontreal.ca\/wp-content\/uploads\/sites\/37\/2012\/06\/carre-blanc-28.jpg\"},{\"@type\":\"BreadcrumbList\",\"@id\":\"https:\/\/biochimie.umontreal.ca\/en\/department\/jean-francois-cote\/#breadcrumb\",\"itemListElement\":[{\"@type\":\"ListItem\",\"position\":1,\"name\":\"Accueil\",\"item\":\"https:\/\/biochimie.umontreal.ca\/en\/\"},{\"@type\":\"ListItem\",\"position\":2,\"name\":\"Department\",\"item\":\"https:\/\/biochimie.umontreal.ca\/en\/department\/\"},{\"@type\":\"ListItem\",\"position\":3,\"name\":\"Jean-Fran\u00e7ois C\u00f4t\u00e9\"}]},{\"@type\":\"WebSite\",\"@id\":\"https:\/\/biochimie.umontreal.ca\/#website\",\"url\":\"https:\/\/biochimie.umontreal.ca\/\",\"name\":\"D\u00e9partement de biochimie et m\u00e9decine mol\u00e9culaire\",\"description\":\"\",\"potentialAction\":[{\"@type\":\"SearchAction\",\"target\":{\"@type\":\"EntryPoint\",\"urlTemplate\":\"https:\/\/biochimie.umontreal.ca\/?s={search_term_string}\"},\"query-input\":{\"@type\":\"PropertyValueSpecification\",\"valueRequired\":true,\"valueName\":\"search_term_string\"}}],\"inLanguage\":\"en-US\"}]}<\/script>\n<!-- \/ Yoast SEO plugin. -->","yoast_head_json":{"title":"Jean-Fran\u00e7ois C\u00f4t\u00e9 - D\u00e9partement de biochimie et m\u00e9decine mol\u00e9culaire","robots":{"index":"index","follow":"follow","max-snippet":"max-snippet:-1","max-image-preview":"max-image-preview:large","max-video-preview":"max-video-preview:-1"},"canonical":"https:\/\/biochimie.umontreal.ca\/en\/department\/jean-francois-cote\/","og_locale":"en_US","og_type":"article","og_title":"Jean-Fran\u00e7ois C\u00f4t\u00e9 - D\u00e9partement de biochimie et m\u00e9decine mol\u00e9culaire","og_description":"Accredited Professor Contact Information Institut de recherche cliniques de Montr\u00e9al 110, ave des Pins ouest Montr\u00e9al (Qu\u00e9bec) H2W 1R7 . T 514 987-5647 jean-francois.cote@ircm.qc.ca Themes Dr. C\u00f4t\u00e9&#8217;s group focuses on [&hellip;]","og_url":"https:\/\/biochimie.umontreal.ca\/en\/department\/jean-francois-cote\/","og_site_name":"D\u00e9partement de biochimie et m\u00e9decine mol\u00e9culaire","article_modified_time":"2016-11-08T20:52:45+00:00","og_image":[{"url":"https:\/\/biochimie.umontreal.ca\/wp-content\/uploads\/sites\/37\/2012\/06\/carre-blanc-28.jpg","type":"","width":"","height":""}],"twitter_card":"summary_large_image","twitter_misc":{"Est. reading time":"2 minutes"},"schema":{"@context":"https:\/\/schema.org","@graph":[{"@type":"WebPage","@id":"https:\/\/biochimie.umontreal.ca\/en\/department\/jean-francois-cote\/","url":"https:\/\/biochimie.umontreal.ca\/en\/department\/jean-francois-cote\/","name":"Jean-Fran\u00e7ois C\u00f4t\u00e9 - D\u00e9partement de biochimie et m\u00e9decine mol\u00e9culaire","isPartOf":{"@id":"https:\/\/biochimie.umontreal.ca\/#website"},"primaryImageOfPage":{"@id":"https:\/\/biochimie.umontreal.ca\/en\/department\/jean-francois-cote\/#primaryimage"},"image":{"@id":"https:\/\/biochimie.umontreal.ca\/en\/department\/jean-francois-cote\/#primaryimage"},"thumbnailUrl":"https:\/\/biochimie.umontreal.ca\/wp-content\/uploads\/sites\/37\/2012\/06\/carre-blanc-28.jpg","datePublished":"2012-11-29T14:44:40+00:00","dateModified":"2016-11-08T20:52:45+00:00","breadcrumb":{"@id":"https:\/\/biochimie.umontreal.ca\/en\/department\/jean-francois-cote\/#breadcrumb"},"inLanguage":"en-US","potentialAction":[{"@type":"ReadAction","target":["https:\/\/biochimie.umontreal.ca\/en\/department\/jean-francois-cote\/"]}]},{"@type":"ImageObject","inLanguage":"en-US","@id":"https:\/\/biochimie.umontreal.ca\/en\/department\/jean-francois-cote\/#primaryimage","url":"https:\/\/biochimie.umontreal.ca\/wp-content\/uploads\/sites\/37\/2012\/06\/carre-blanc-28.jpg","contentUrl":"https:\/\/biochimie.umontreal.ca\/wp-content\/uploads\/sites\/37\/2012\/06\/carre-blanc-28.jpg"},{"@type":"BreadcrumbList","@id":"https:\/\/biochimie.umontreal.ca\/en\/department\/jean-francois-cote\/#breadcrumb","itemListElement":[{"@type":"ListItem","position":1,"name":"Accueil","item":"https:\/\/biochimie.umontreal.ca\/en\/"},{"@type":"ListItem","position":2,"name":"Department","item":"https:\/\/biochimie.umontreal.ca\/en\/department\/"},{"@type":"ListItem","position":3,"name":"Jean-Fran\u00e7ois C\u00f4t\u00e9"}]},{"@type":"WebSite","@id":"https:\/\/biochimie.umontreal.ca\/#website","url":"https:\/\/biochimie.umontreal.ca\/","name":"D\u00e9partement de biochimie et m\u00e9decine mol\u00e9culaire","description":"","potentialAction":[{"@type":"SearchAction","target":{"@type":"EntryPoint","urlTemplate":"https:\/\/biochimie.umontreal.ca\/?s={search_term_string}"},"query-input":{"@type":"PropertyValueSpecification","valueRequired":true,"valueName":"search_term_string"}}],"inLanguage":"en-US"}]}},"_links":{"self":[{"href":"https:\/\/biochimie.umontreal.ca\/en\/wp-json\/wp\/v2\/pages\/3836","targetHints":{"allow":["GET"]}}],"collection":[{"href":"https:\/\/biochimie.umontreal.ca\/en\/wp-json\/wp\/v2\/pages"}],"about":[{"href":"https:\/\/biochimie.umontreal.ca\/en\/wp-json\/wp\/v2\/types\/page"}],"author":[{"embeddable":true,"href":"https:\/\/biochimie.umontreal.ca\/en\/wp-json\/wp\/v2\/users\/25"}],"replies":[{"embeddable":true,"href":"https:\/\/biochimie.umontreal.ca\/en\/wp-json\/wp\/v2\/comments?post=3836"}],"version-history":[{"count":5,"href":"https:\/\/biochimie.umontreal.ca\/en\/wp-json\/wp\/v2\/pages\/3836\/revisions"}],"predecessor-version":[{"id":14795,"href":"https:\/\/biochimie.umontreal.ca\/en\/wp-json\/wp\/v2\/pages\/3836\/revisions\/14795"}],"up":[{"embeddable":true,"href":"https:\/\/biochimie.umontreal.ca\/en\/wp-json\/wp\/v2\/pages\/11439"}],"wp:attachment":[{"href":"https:\/\/biochimie.umontreal.ca\/en\/wp-json\/wp\/v2\/media?parent=3836"}],"curies":[{"name":"wp","href":"https:\/\/api.w.org\/{rel}","templated":true}]}}