{"id":3101,"date":"2012-10-05T11:46:12","date_gmt":"2012-10-05T15:46:12","guid":{"rendered":"http:\/\/biochimie.umontreal.ca\/?page_id=3101"},"modified":"2016-10-12T15:45:17","modified_gmt":"2016-10-12T19:45:17","slug":"research-days","status":"publish","type":"page","link":"https:\/\/biochimie.umontreal.ca\/en\/research\/research-activities\/research-days\/","title":{"rendered":"Research days"},"content":{"rendered":"<h2>Simon-Pierre-No\u00ebl research day<\/h2>\n<p>The Simon-Pierre-No\u00ebl research day is organized in the spring of every academic year.<\/p>\n<p>On this occasion the graduate students give oral presentations of the results of their research in the presence of professors, graduate students and other members of the research laboratories. The presentations are evaluated by a jury comprising one professor from another university, two professors of the department and two previous winners of prices at the Simon-Pierre-No\u00ebl research day.<\/p>\n<p>Three awards are given for the best presentations, the Simon-Pierre-No\u00ebl prize, the Merck-Frosst prize and the Astra Zeneca price.\u00a0Journ\u00e9e Simon-Pierre-No\u00ebl<\/p>\n<p>These awards enable the participation of the winners at a national or international scientific conference.<\/p>\n<p>The Simon-Pierre-No\u00ebl award was created in the memory of <a href=\"https:\/\/biochimie.umontreal.ca\/wp-content\/uploads\/sites\/37\/2012\/07\/simon-pierrenoel14.jpg\">Dr. Simon-Pierre No\u00ebl<\/a> who was a professor in the Department from 1979 to 1987 (see <a href=\"https:\/\/biochimie.umontreal.ca\/departement\/fonds-de-developpement\/fonds-simon-pierre-noel\/\" target=\"_blank\">Simon-Pierre-No\u00ebl fund<\/a>). This award is given every year in the presence of members of the family of Dr. Simon-Pierre No\u00ebl.<\/p>\n<h2>Louis-Philippe-Bouthillier research day (Departmental retreat)<\/h2>\n<p>The Louis-Philippe-Bouthillier research day is organized every second year in the first week of may and usually outside of the university. During these two days the professors and graduate students give oral and poster presentations to present and discuss the results of their research.<\/p>\n","protected":false},"excerpt":{"rendered":"<p>Simon-Pierre-No\u00ebl research day The Simon-Pierre-No\u00ebl research day is organized in the spring of every academic year. On this occasion the graduate students give oral presentations of the results of their [&hellip;]<\/p>\n","protected":false},"author":25,"featured_media":0,"parent":3080,"menu_order":0,"comment_status":"closed","ping_status":"closed","template":"","meta":{"footnotes":""},"class_list":["post-3101","page","type-page","status-publish","hentry"],"yoast_head":"<!-- This site is optimized with the Yoast SEO plugin v25.0 - https:\/\/yoast.com\/wordpress\/plugins\/seo\/ -->\n<title>Research days - D\u00e9partement de biochimie et m\u00e9decine mol\u00e9culaire<\/title>\n<meta name=\"robots\" content=\"index, follow, max-snippet:-1, max-image-preview:large, max-video-preview:-1\" \/>\n<link rel=\"canonical\" href=\"https:\/\/biochimie.umontreal.ca\/en\/research\/research-activities\/research-days\/\" \/>\n<meta property=\"og:locale\" content=\"en_US\" \/>\n<meta property=\"og:type\" content=\"article\" \/>\n<meta property=\"og:title\" content=\"Research days - D\u00e9partement de biochimie et m\u00e9decine mol\u00e9culaire\" \/>\n<meta property=\"og:description\" content=\"Simon-Pierre-No\u00ebl research day The Simon-Pierre-No\u00ebl research day is organized in the spring of every academic year. On this occasion the graduate students give oral presentations of the results of their [&hellip;]\" \/>\n<meta property=\"og:url\" content=\"https:\/\/biochimie.umontreal.ca\/en\/research\/research-activities\/research-days\/\" \/>\n<meta property=\"og:site_name\" content=\"D\u00e9partement de biochimie et m\u00e9decine mol\u00e9culaire\" \/>\n<meta property=\"article:modified_time\" content=\"2016-10-12T19:45:17+00:00\" \/>\n<meta name=\"twitter:card\" content=\"summary_large_image\" \/>\n<meta name=\"twitter:label1\" content=\"Est. reading time\" \/>\n\t<meta name=\"twitter:data1\" content=\"1 minute\" \/>\n<script type=\"application\/ld+json\" class=\"yoast-schema-graph\">{\"@context\":\"https:\/\/schema.org\",\"@graph\":[{\"@type\":\"WebPage\",\"@id\":\"https:\/\/biochimie.umontreal.ca\/en\/research\/research-activities\/research-days\/\",\"url\":\"https:\/\/biochimie.umontreal.ca\/en\/research\/research-activities\/research-days\/\",\"name\":\"Research days - D\u00e9partement de biochimie et m\u00e9decine mol\u00e9culaire\",\"isPartOf\":{\"@id\":\"https:\/\/biochimie.umontreal.ca\/#website\"},\"datePublished\":\"2012-10-05T15:46:12+00:00\",\"dateModified\":\"2016-10-12T19:45:17+00:00\",\"breadcrumb\":{\"@id\":\"https:\/\/biochimie.umontreal.ca\/en\/research\/research-activities\/research-days\/#breadcrumb\"},\"inLanguage\":\"en-US\",\"potentialAction\":[{\"@type\":\"ReadAction\",\"target\":[\"https:\/\/biochimie.umontreal.ca\/en\/research\/research-activities\/research-days\/\"]}]},{\"@type\":\"BreadcrumbList\",\"@id\":\"https:\/\/biochimie.umontreal.ca\/en\/research\/research-activities\/research-days\/#breadcrumb\",\"itemListElement\":[{\"@type\":\"ListItem\",\"position\":1,\"name\":\"Accueil\",\"item\":\"https:\/\/biochimie.umontreal.ca\/en\/\"},{\"@type\":\"ListItem\",\"position\":2,\"name\":\"Research\",\"item\":\"https:\/\/biochimie.umontreal.ca\/en\/research\/\"},{\"@type\":\"ListItem\",\"position\":3,\"name\":\"Research Activities\",\"item\":\"https:\/\/biochimie.umontreal.ca\/en\/research\/research-activities\/\"},{\"@type\":\"ListItem\",\"position\":4,\"name\":\"Research days\"}]},{\"@type\":\"WebSite\",\"@id\":\"https:\/\/biochimie.umontreal.ca\/#website\",\"url\":\"https:\/\/biochimie.umontreal.ca\/\",\"name\":\"D\u00e9partement de biochimie et m\u00e9decine mol\u00e9culaire\",\"description\":\"\",\"potentialAction\":[{\"@type\":\"SearchAction\",\"target\":{\"@type\":\"EntryPoint\",\"urlTemplate\":\"https:\/\/biochimie.umontreal.ca\/?s={search_term_string}\"},\"query-input\":{\"@type\":\"PropertyValueSpecification\",\"valueRequired\":true,\"valueName\":\"search_term_string\"}}],\"inLanguage\":\"en-US\"}]}<\/script>\n<!-- \/ Yoast SEO plugin. -->","yoast_head_json":{"title":"Research days - D\u00e9partement de biochimie et m\u00e9decine mol\u00e9culaire","robots":{"index":"index","follow":"follow","max-snippet":"max-snippet:-1","max-image-preview":"max-image-preview:large","max-video-preview":"max-video-preview:-1"},"canonical":"https:\/\/biochimie.umontreal.ca\/en\/research\/research-activities\/research-days\/","og_locale":"en_US","og_type":"article","og_title":"Research days - D\u00e9partement de biochimie et m\u00e9decine mol\u00e9culaire","og_description":"Simon-Pierre-No\u00ebl research day The Simon-Pierre-No\u00ebl research day is organized in the spring of every academic year. On this occasion the graduate students give oral presentations of the results of their [&hellip;]","og_url":"https:\/\/biochimie.umontreal.ca\/en\/research\/research-activities\/research-days\/","og_site_name":"D\u00e9partement de biochimie et m\u00e9decine mol\u00e9culaire","article_modified_time":"2016-10-12T19:45:17+00:00","twitter_card":"summary_large_image","twitter_misc":{"Est. reading time":"1 minute"},"schema":{"@context":"https:\/\/schema.org","@graph":[{"@type":"WebPage","@id":"https:\/\/biochimie.umontreal.ca\/en\/research\/research-activities\/research-days\/","url":"https:\/\/biochimie.umontreal.ca\/en\/research\/research-activities\/research-days\/","name":"Research days - D\u00e9partement de biochimie et m\u00e9decine mol\u00e9culaire","isPartOf":{"@id":"https:\/\/biochimie.umontreal.ca\/#website"},"datePublished":"2012-10-05T15:46:12+00:00","dateModified":"2016-10-12T19:45:17+00:00","breadcrumb":{"@id":"https:\/\/biochimie.umontreal.ca\/en\/research\/research-activities\/research-days\/#breadcrumb"},"inLanguage":"en-US","potentialAction":[{"@type":"ReadAction","target":["https:\/\/biochimie.umontreal.ca\/en\/research\/research-activities\/research-days\/"]}]},{"@type":"BreadcrumbList","@id":"https:\/\/biochimie.umontreal.ca\/en\/research\/research-activities\/research-days\/#breadcrumb","itemListElement":[{"@type":"ListItem","position":1,"name":"Accueil","item":"https:\/\/biochimie.umontreal.ca\/en\/"},{"@type":"ListItem","position":2,"name":"Research","item":"https:\/\/biochimie.umontreal.ca\/en\/research\/"},{"@type":"ListItem","position":3,"name":"Research Activities","item":"https:\/\/biochimie.umontreal.ca\/en\/research\/research-activities\/"},{"@type":"ListItem","position":4,"name":"Research days"}]},{"@type":"WebSite","@id":"https:\/\/biochimie.umontreal.ca\/#website","url":"https:\/\/biochimie.umontreal.ca\/","name":"D\u00e9partement de biochimie et m\u00e9decine mol\u00e9culaire","description":"","potentialAction":[{"@type":"SearchAction","target":{"@type":"EntryPoint","urlTemplate":"https:\/\/biochimie.umontreal.ca\/?s={search_term_string}"},"query-input":{"@type":"PropertyValueSpecification","valueRequired":true,"valueName":"search_term_string"}}],"inLanguage":"en-US"}]}},"_links":{"self":[{"href":"https:\/\/biochimie.umontreal.ca\/en\/wp-json\/wp\/v2\/pages\/3101","targetHints":{"allow":["GET"]}}],"collection":[{"href":"https:\/\/biochimie.umontreal.ca\/en\/wp-json\/wp\/v2\/pages"}],"about":[{"href":"https:\/\/biochimie.umontreal.ca\/en\/wp-json\/wp\/v2\/types\/page"}],"author":[{"embeddable":true,"href":"https:\/\/biochimie.umontreal.ca\/en\/wp-json\/wp\/v2\/users\/25"}],"replies":[{"embeddable":true,"href":"https:\/\/biochimie.umontreal.ca\/en\/wp-json\/wp\/v2\/comments?post=3101"}],"version-history":[{"count":3,"href":"https:\/\/biochimie.umontreal.ca\/en\/wp-json\/wp\/v2\/pages\/3101\/revisions"}],"predecessor-version":[{"id":13485,"href":"https:\/\/biochimie.umontreal.ca\/en\/wp-json\/wp\/v2\/pages\/3101\/revisions\/13485"}],"up":[{"embeddable":true,"href":"https:\/\/biochimie.umontreal.ca\/en\/wp-json\/wp\/v2\/pages\/3080"}],"wp:attachment":[{"href":"https:\/\/biochimie.umontreal.ca\/en\/wp-json\/wp\/v2\/media?parent=3101"}],"curies":[{"name":"wp","href":"https:\/\/api.w.org\/{rel}","templated":true}]}}