{"id":3096,"date":"2012-10-05T10:59:46","date_gmt":"2012-10-05T14:59:46","guid":{"rendered":"http:\/\/biochimie.umontreal.ca\/?page_id=3096"},"modified":"2016-10-12T15:45:17","modified_gmt":"2016-10-12T19:45:17","slug":"research-chairs","status":"publish","type":"page","link":"https:\/\/biochimie.umontreal.ca\/en\/research\/research-chairs\/","title":{"rendered":"Research Chairs"},"content":{"rendered":"<div class=\"one-half first \">\n<p><strong><a href=\"mailto:christian.baron@umontreal.ca\">Christian Baron<br \/>\n<\/a><\/strong>Hans Selye Chair in Molecular Biology (Bristol-Myers Squibb)<br \/>\nDepartment of Biochemistry &#8211; Universit\u00e9 de Montr\u00e9al<br \/>\nSince June 2008<br \/>\nT\u00e9l.\u00a0: 514 343-6372<br \/>\n<a href=\"http:\/\/medecine.umontreal.ca\/faculte\/developpement-et-philanthropie\/les-chaires-philanthropiques-a-la-faculte-de-medecine\/\" target=\"_blank\">For more information<\/a><\/p>\n<p><strong><a href=\"mailto:michel.bouvier@umontreal.ca\">Michel Bouvier<br \/>\n<\/a><\/strong>Canada Research Chair in Cell Signaling and Molecular Pharmacology<br \/>\nDepartment of Biochemistry &#8211; Universit\u00e9 de Montr\u00e9al<br \/>\nTier 1 \u2013 Since September 1st, 2001<br \/>\nT\u00e9l.\u00a0: 514 343-6319<br \/>\n<a href=\"http:\/\/www.chairs-chaires.gc.ca\/chairholders-titulaires\/profile-eng.aspx?profileId=360\" target=\"_blank\">For more information<\/a><\/p>\n<p><strong><a href=\"mailto:nathalie.grandvaux@umontreal.ca\">Nathalie Grandvaux<br \/>\n<\/a><\/strong>Canada Research Chair in Signaling and Viral infections<br \/>\nDepartment of Biochemistry \/CHUM Research Centre &#8211; Universit\u00e9 de Montr\u00e9al<br \/>\nTier 2 \u2013 Since September 1st, 2005<br \/>\nT\u00e9l. : 514 890-8000, poste 35292<br \/>\n<a href=\"http:\/\/www.chairs-chaires.gc.ca\/chairholders-titulaires\/profile-eng.aspx?profileId=1968\" target=\"_blank\">For more information<\/a><\/p>\n<p><strong><a href=\"mailto:franz.lang@umontreal.ca\">B. Franz Lang<br \/>\n<\/a><\/strong>Canada Research Chair in Comparative and Evolutionary Genomics<br \/>\nDepartment of Biochemistry &#8211; Universit\u00e9 de Montr\u00e9al<br \/>\nTier 1 \u2013 Since October 1st, 2003<br \/>\nT\u00e9l\u00a0: 514 343-5842<br \/>\n<a href=\"http:\/\/www.chairs-chaires.gc.ca\/chairholders-titulaires\/profile-eng.aspx?profileId=1134\">For more information<\/a><\/p>\n<\/div>\n<div class=\"one-half  \">\n<p><strong><a href=\"mailto:pascale.legault@umontreal.ca\">Pascale Legault<br \/>\n<\/a><\/strong>Canada Research Chair in Structural Biology of RNA<br \/>\nDepartment of Biochemistry &#8211; Universit\u00e9 de Montr\u00e9al<br \/>\nTier 2 \u2013 Since March 1st, 2005<br \/>\nT\u00e9l.\u00a0: 514 343-7326<br \/>\n<a href=\"http:\/\/www.chairs-chaires.gc.ca\/chairholders-titulaires\/profile-eng.aspx?profileId=1719\" target=\"_blank\">For more information<\/a><\/p>\n<p><strong><a href=\"mailto:sylvie.mader@umontreal.ca\">Sylvie Mader<br \/>\n<\/a><\/strong>CIBC Chair in Breast Cancer Research<br \/>\nDepartment of Biochemistry &#8211; Universit\u00e9 de Montr\u00e9al<br \/>\nSince 2002<br \/>\nT\u00e9l.\u00a0: 514 343-7166<br \/>\n<a href=\"http:\/\/medecine.umontreal.ca\/faculte\/developpement-et-philanthropie\/les-chaires-philanthropiques-a-la-faculte-de-medecine\/\" target=\"_blank\">For more information<\/a><\/p>\n<p><strong><a href=\"mailto:stephen.michnick@umontreal.ca\">Stephen Michnick<br \/>\n<\/a><\/strong>Canada Research Chair in Integrative Genomics<br \/>\nDepartment of Biochemistry &#8211; Universit\u00e9 de Montr\u00e9al<br \/>\nTier 2 \u2013 Since April 1st, 2001<br \/>\nT\u00e9l.\u00a0: 514 343-5849<br \/>\n<a href=\"http:\/\/www.chairs-chaires.gc.ca\/chairholders-titulaires\/profile-eng.aspx?profileId=386\">For more information<\/a><\/p>\n<p><strong><a href=\"mailto:herve.philippe@umontreal.ca\">Herv\u00e9 Philippe<br \/>\n<\/a><\/strong>Canada Research Chair in Bioinformatics and Evolutionary genomics<br \/>\nDepartment of Biochemistry &#8211; Universit\u00e9 de Montr\u00e9al<br \/>\nTier 2 \u2013 Since September 1st, 2002<br \/>\nT\u00e9l.\u00a0: 514 343-6720<br \/>\n<a href=\"http:\/\/www.chairs-chaires.gc.ca\/chairholders-titulaires\/profile-eng.aspx?profileId=390\">For more information<\/a><\/p>\n<\/div>\n","protected":false},"excerpt":{"rendered":"","protected":false},"author":25,"featured_media":24576,"parent":11424,"menu_order":3,"comment_status":"closed","ping_status":"closed","template":"","meta":{"footnotes":""},"class_list":["post-3096","page","type-page","status-publish","has-post-thumbnail","hentry"],"yoast_head":"<!-- This site is optimized with the Yoast SEO plugin v25.0 - https:\/\/yoast.com\/wordpress\/plugins\/seo\/ -->\n<title>Research Chairs - D\u00e9partement de biochimie et m\u00e9decine mol\u00e9culaire<\/title>\n<meta name=\"robots\" content=\"index, follow, max-snippet:-1, max-image-preview:large, max-video-preview:-1\" \/>\n<link rel=\"canonical\" href=\"https:\/\/biochimie.umontreal.ca\/en\/research\/research-chairs\/\" \/>\n<meta property=\"og:locale\" content=\"en_US\" \/>\n<meta property=\"og:type\" content=\"article\" \/>\n<meta property=\"og:title\" content=\"Research Chairs - D\u00e9partement de biochimie et m\u00e9decine mol\u00e9culaire\" \/>\n<meta property=\"og:url\" content=\"https:\/\/biochimie.umontreal.ca\/en\/research\/research-chairs\/\" \/>\n<meta property=\"og:site_name\" content=\"D\u00e9partement de biochimie et m\u00e9decine mol\u00e9culaire\" \/>\n<meta property=\"article:modified_time\" content=\"2016-10-12T19:45:17+00:00\" \/>\n<meta property=\"og:image\" content=\"https:\/\/biochimie.umontreal.ca\/wp-content\/uploads\/sites\/37\/2012\/06\/fonds_developpement.jpg\" \/>\n\t<meta property=\"og:image:width\" content=\"350\" \/>\n\t<meta property=\"og:image:height\" content=\"350\" \/>\n\t<meta property=\"og:image:type\" content=\"image\/jpeg\" \/>\n<meta name=\"twitter:card\" content=\"summary_large_image\" \/>\n<meta name=\"twitter:label1\" content=\"Est. reading time\" \/>\n\t<meta name=\"twitter:data1\" content=\"1 minute\" \/>\n<script type=\"application\/ld+json\" class=\"yoast-schema-graph\">{\"@context\":\"https:\/\/schema.org\",\"@graph\":[{\"@type\":\"WebPage\",\"@id\":\"https:\/\/biochimie.umontreal.ca\/en\/research\/research-chairs\/\",\"url\":\"https:\/\/biochimie.umontreal.ca\/en\/research\/research-chairs\/\",\"name\":\"Research Chairs - D\u00e9partement de biochimie et m\u00e9decine mol\u00e9culaire\",\"isPartOf\":{\"@id\":\"https:\/\/biochimie.umontreal.ca\/#website\"},\"primaryImageOfPage\":{\"@id\":\"https:\/\/biochimie.umontreal.ca\/en\/research\/research-chairs\/#primaryimage\"},\"image\":{\"@id\":\"https:\/\/biochimie.umontreal.ca\/en\/research\/research-chairs\/#primaryimage\"},\"thumbnailUrl\":\"https:\/\/biochimie.umontreal.ca\/wp-content\/uploads\/sites\/37\/2012\/06\/fonds_developpement.jpg\",\"datePublished\":\"2012-10-05T14:59:46+00:00\",\"dateModified\":\"2016-10-12T19:45:17+00:00\",\"breadcrumb\":{\"@id\":\"https:\/\/biochimie.umontreal.ca\/en\/research\/research-chairs\/#breadcrumb\"},\"inLanguage\":\"en-US\",\"potentialAction\":[{\"@type\":\"ReadAction\",\"target\":[\"https:\/\/biochimie.umontreal.ca\/en\/research\/research-chairs\/\"]}]},{\"@type\":\"ImageObject\",\"inLanguage\":\"en-US\",\"@id\":\"https:\/\/biochimie.umontreal.ca\/en\/research\/research-chairs\/#primaryimage\",\"url\":\"https:\/\/biochimie.umontreal.ca\/wp-content\/uploads\/sites\/37\/2012\/06\/fonds_developpement.jpg\",\"contentUrl\":\"https:\/\/biochimie.umontreal.ca\/wp-content\/uploads\/sites\/37\/2012\/06\/fonds_developpement.jpg\",\"width\":350,\"height\":350},{\"@type\":\"BreadcrumbList\",\"@id\":\"https:\/\/biochimie.umontreal.ca\/en\/research\/research-chairs\/#breadcrumb\",\"itemListElement\":[{\"@type\":\"ListItem\",\"position\":1,\"name\":\"Accueil\",\"item\":\"https:\/\/biochimie.umontreal.ca\/en\/\"},{\"@type\":\"ListItem\",\"position\":2,\"name\":\"Research\",\"item\":\"https:\/\/biochimie.umontreal.ca\/en\/research\/\"},{\"@type\":\"ListItem\",\"position\":3,\"name\":\"Research Chairs\"}]},{\"@type\":\"WebSite\",\"@id\":\"https:\/\/biochimie.umontreal.ca\/#website\",\"url\":\"https:\/\/biochimie.umontreal.ca\/\",\"name\":\"D\u00e9partement de biochimie et m\u00e9decine mol\u00e9culaire\",\"description\":\"\",\"potentialAction\":[{\"@type\":\"SearchAction\",\"target\":{\"@type\":\"EntryPoint\",\"urlTemplate\":\"https:\/\/biochimie.umontreal.ca\/?s={search_term_string}\"},\"query-input\":{\"@type\":\"PropertyValueSpecification\",\"valueRequired\":true,\"valueName\":\"search_term_string\"}}],\"inLanguage\":\"en-US\"}]}<\/script>\n<!-- \/ Yoast SEO plugin. -->","yoast_head_json":{"title":"Research Chairs - D\u00e9partement de biochimie et m\u00e9decine mol\u00e9culaire","robots":{"index":"index","follow":"follow","max-snippet":"max-snippet:-1","max-image-preview":"max-image-preview:large","max-video-preview":"max-video-preview:-1"},"canonical":"https:\/\/biochimie.umontreal.ca\/en\/research\/research-chairs\/","og_locale":"en_US","og_type":"article","og_title":"Research Chairs - D\u00e9partement de biochimie et m\u00e9decine mol\u00e9culaire","og_url":"https:\/\/biochimie.umontreal.ca\/en\/research\/research-chairs\/","og_site_name":"D\u00e9partement de biochimie et m\u00e9decine mol\u00e9culaire","article_modified_time":"2016-10-12T19:45:17+00:00","og_image":[{"width":350,"height":350,"url":"https:\/\/biochimie.umontreal.ca\/wp-content\/uploads\/sites\/37\/2012\/06\/fonds_developpement.jpg","type":"image\/jpeg"}],"twitter_card":"summary_large_image","twitter_misc":{"Est. reading time":"1 minute"},"schema":{"@context":"https:\/\/schema.org","@graph":[{"@type":"WebPage","@id":"https:\/\/biochimie.umontreal.ca\/en\/research\/research-chairs\/","url":"https:\/\/biochimie.umontreal.ca\/en\/research\/research-chairs\/","name":"Research Chairs - D\u00e9partement de biochimie et m\u00e9decine mol\u00e9culaire","isPartOf":{"@id":"https:\/\/biochimie.umontreal.ca\/#website"},"primaryImageOfPage":{"@id":"https:\/\/biochimie.umontreal.ca\/en\/research\/research-chairs\/#primaryimage"},"image":{"@id":"https:\/\/biochimie.umontreal.ca\/en\/research\/research-chairs\/#primaryimage"},"thumbnailUrl":"https:\/\/biochimie.umontreal.ca\/wp-content\/uploads\/sites\/37\/2012\/06\/fonds_developpement.jpg","datePublished":"2012-10-05T14:59:46+00:00","dateModified":"2016-10-12T19:45:17+00:00","breadcrumb":{"@id":"https:\/\/biochimie.umontreal.ca\/en\/research\/research-chairs\/#breadcrumb"},"inLanguage":"en-US","potentialAction":[{"@type":"ReadAction","target":["https:\/\/biochimie.umontreal.ca\/en\/research\/research-chairs\/"]}]},{"@type":"ImageObject","inLanguage":"en-US","@id":"https:\/\/biochimie.umontreal.ca\/en\/research\/research-chairs\/#primaryimage","url":"https:\/\/biochimie.umontreal.ca\/wp-content\/uploads\/sites\/37\/2012\/06\/fonds_developpement.jpg","contentUrl":"https:\/\/biochimie.umontreal.ca\/wp-content\/uploads\/sites\/37\/2012\/06\/fonds_developpement.jpg","width":350,"height":350},{"@type":"BreadcrumbList","@id":"https:\/\/biochimie.umontreal.ca\/en\/research\/research-chairs\/#breadcrumb","itemListElement":[{"@type":"ListItem","position":1,"name":"Accueil","item":"https:\/\/biochimie.umontreal.ca\/en\/"},{"@type":"ListItem","position":2,"name":"Research","item":"https:\/\/biochimie.umontreal.ca\/en\/research\/"},{"@type":"ListItem","position":3,"name":"Research Chairs"}]},{"@type":"WebSite","@id":"https:\/\/biochimie.umontreal.ca\/#website","url":"https:\/\/biochimie.umontreal.ca\/","name":"D\u00e9partement de biochimie et m\u00e9decine mol\u00e9culaire","description":"","potentialAction":[{"@type":"SearchAction","target":{"@type":"EntryPoint","urlTemplate":"https:\/\/biochimie.umontreal.ca\/?s={search_term_string}"},"query-input":{"@type":"PropertyValueSpecification","valueRequired":true,"valueName":"search_term_string"}}],"inLanguage":"en-US"}]}},"_links":{"self":[{"href":"https:\/\/biochimie.umontreal.ca\/en\/wp-json\/wp\/v2\/pages\/3096","targetHints":{"allow":["GET"]}}],"collection":[{"href":"https:\/\/biochimie.umontreal.ca\/en\/wp-json\/wp\/v2\/pages"}],"about":[{"href":"https:\/\/biochimie.umontreal.ca\/en\/wp-json\/wp\/v2\/types\/page"}],"author":[{"embeddable":true,"href":"https:\/\/biochimie.umontreal.ca\/en\/wp-json\/wp\/v2\/users\/25"}],"replies":[{"embeddable":true,"href":"https:\/\/biochimie.umontreal.ca\/en\/wp-json\/wp\/v2\/comments?post=3096"}],"version-history":[{"count":5,"href":"https:\/\/biochimie.umontreal.ca\/en\/wp-json\/wp\/v2\/pages\/3096\/revisions"}],"predecessor-version":[{"id":14034,"href":"https:\/\/biochimie.umontreal.ca\/en\/wp-json\/wp\/v2\/pages\/3096\/revisions\/14034"}],"up":[{"embeddable":true,"href":"https:\/\/biochimie.umontreal.ca\/en\/wp-json\/wp\/v2\/pages\/11424"}],"wp:featuredmedia":[{"embeddable":true,"href":"https:\/\/biochimie.umontreal.ca\/en\/wp-json\/wp\/v2\/media\/24576"}],"wp:attachment":[{"href":"https:\/\/biochimie.umontreal.ca\/en\/wp-json\/wp\/v2\/media?parent=3096"}],"curies":[{"name":"wp","href":"https:\/\/api.w.org\/{rel}","templated":true}]}}