{"id":3076,"date":"2012-10-04T15:57:46","date_gmt":"2012-10-04T19:57:46","guid":{"rendered":"http:\/\/biochimie.umontreal.ca\/?page_id=3076"},"modified":"2020-07-06T14:27:15","modified_gmt":"2020-07-06T18:27:15","slug":"student-life","status":"publish","type":"page","link":"https:\/\/biochimie.umontreal.ca\/en\/studies\/student-life\/","title":{"rendered":"Student life"},"content":{"rendered":"<h2>Student associations<\/h2>\n<ul>\n<li><a href=\"https:\/\/www.facebook.com\/AEEBCM\" target=\"_blank\" rel=\"noopener noreferrer\">AEEBCM<\/a>\u00a0(Biochemistry and Bioinformatics undergraduate students)\n<ul>\n<li>Student journal\u00a0<a href=\"http:\/\/infocyte.blogspot.ca\/\" target=\"_blank\" rel=\"noopener noreferrer\">L&#8217;Infocyte<\/a><\/li>\n<\/ul>\n<\/li>\n<li><a href=\"http:\/\/www.aecsbum.umontreal.ca\/\" target=\"_blank\" rel=\"noopener noreferrer\">AECSBUM<\/a> (Biochemistry graduate students)<\/li>\n<li><a href=\"http:\/\/www.aebinum.umontreal.ca\/\" target=\"_blank\" rel=\"noopener noreferrer\">AEBINUM<\/a> (Bioinformatics graduate students)<\/li>\n<\/ul>\n<h2>Events<\/h2>\n<ul>\n<li>BBQ<\/li>\n<li>Parties<\/li>\n<li>Beer and Pizza<\/li>\n<li>Sugar Shack<\/li>\n<li>Initiation<\/li>\n<li>Sports<\/li>\n<li><a href=\"http:\/\/www.umoncton.ca\/umcm-sciences-chimiebiochimie\/node\/62\" target=\"_blank\" rel=\"noopener noreferrer\">Biochgames<\/a> \/ Biochemistry games<\/li>\n<\/ul>\n","protected":false},"excerpt":{"rendered":"<p>Student associations AEEBCM\u00a0(Biochemistry and Bioinformatics undergraduate students) Student journal\u00a0L&#8217;Infocyte AECSBUM (Biochemistry graduate students) AEBINUM (Bioinformatics graduate students) Events BBQ Parties Beer and Pizza Sugar Shack Initiation Sports Biochgames \/ Biochemistry [&hellip;]<\/p>\n","protected":false},"author":25,"featured_media":0,"parent":2888,"menu_order":0,"comment_status":"closed","ping_status":"closed","template":"","meta":{"footnotes":""},"class_list":["post-3076","page","type-page","status-publish","hentry"],"yoast_head":"<!-- This site is optimized with the Yoast SEO plugin v25.0 - https:\/\/yoast.com\/wordpress\/plugins\/seo\/ -->\n<title>Student life - D\u00e9partement de biochimie et m\u00e9decine mol\u00e9culaire<\/title>\n<meta name=\"robots\" content=\"index, follow, max-snippet:-1, max-image-preview:large, max-video-preview:-1\" \/>\n<link rel=\"canonical\" href=\"https:\/\/biochimie.umontreal.ca\/en\/studies\/student-life\/\" \/>\n<meta property=\"og:locale\" content=\"en_US\" \/>\n<meta property=\"og:type\" content=\"article\" \/>\n<meta property=\"og:title\" content=\"Student life - D\u00e9partement de biochimie et m\u00e9decine mol\u00e9culaire\" \/>\n<meta property=\"og:description\" content=\"Student associations AEEBCM\u00a0(Biochemistry and Bioinformatics undergraduate students) Student journal\u00a0L&#8217;Infocyte AECSBUM (Biochemistry graduate students) AEBINUM (Bioinformatics graduate students) Events BBQ Parties Beer and Pizza Sugar Shack Initiation Sports Biochgames \/ Biochemistry [&hellip;]\" \/>\n<meta property=\"og:url\" content=\"https:\/\/biochimie.umontreal.ca\/en\/studies\/student-life\/\" \/>\n<meta property=\"og:site_name\" content=\"D\u00e9partement de biochimie et m\u00e9decine mol\u00e9culaire\" \/>\n<meta property=\"article:modified_time\" content=\"2020-07-06T18:27:15+00:00\" \/>\n<meta name=\"twitter:card\" content=\"summary_large_image\" \/>\n<script type=\"application\/ld+json\" class=\"yoast-schema-graph\">{\"@context\":\"https:\/\/schema.org\",\"@graph\":[{\"@type\":\"WebPage\",\"@id\":\"https:\/\/biochimie.umontreal.ca\/en\/studies\/student-life\/\",\"url\":\"https:\/\/biochimie.umontreal.ca\/en\/studies\/student-life\/\",\"name\":\"Student life - D\u00e9partement de biochimie et m\u00e9decine mol\u00e9culaire\",\"isPartOf\":{\"@id\":\"https:\/\/biochimie.umontreal.ca\/#website\"},\"datePublished\":\"2012-10-04T19:57:46+00:00\",\"dateModified\":\"2020-07-06T18:27:15+00:00\",\"breadcrumb\":{\"@id\":\"https:\/\/biochimie.umontreal.ca\/en\/studies\/student-life\/#breadcrumb\"},\"inLanguage\":\"en-US\",\"potentialAction\":[{\"@type\":\"ReadAction\",\"target\":[\"https:\/\/biochimie.umontreal.ca\/en\/studies\/student-life\/\"]}]},{\"@type\":\"BreadcrumbList\",\"@id\":\"https:\/\/biochimie.umontreal.ca\/en\/studies\/student-life\/#breadcrumb\",\"itemListElement\":[{\"@type\":\"ListItem\",\"position\":1,\"name\":\"Accueil\",\"item\":\"https:\/\/biochimie.umontreal.ca\/en\/\"},{\"@type\":\"ListItem\",\"position\":2,\"name\":\"Studies\",\"item\":\"https:\/\/biochimie.umontreal.ca\/en\/studies\/\"},{\"@type\":\"ListItem\",\"position\":3,\"name\":\"Student life\"}]},{\"@type\":\"WebSite\",\"@id\":\"https:\/\/biochimie.umontreal.ca\/#website\",\"url\":\"https:\/\/biochimie.umontreal.ca\/\",\"name\":\"D\u00e9partement de biochimie et m\u00e9decine mol\u00e9culaire\",\"description\":\"\",\"potentialAction\":[{\"@type\":\"SearchAction\",\"target\":{\"@type\":\"EntryPoint\",\"urlTemplate\":\"https:\/\/biochimie.umontreal.ca\/?s={search_term_string}\"},\"query-input\":{\"@type\":\"PropertyValueSpecification\",\"valueRequired\":true,\"valueName\":\"search_term_string\"}}],\"inLanguage\":\"en-US\"}]}<\/script>\n<!-- \/ Yoast SEO plugin. -->","yoast_head_json":{"title":"Student life - D\u00e9partement de biochimie et m\u00e9decine mol\u00e9culaire","robots":{"index":"index","follow":"follow","max-snippet":"max-snippet:-1","max-image-preview":"max-image-preview:large","max-video-preview":"max-video-preview:-1"},"canonical":"https:\/\/biochimie.umontreal.ca\/en\/studies\/student-life\/","og_locale":"en_US","og_type":"article","og_title":"Student life - D\u00e9partement de biochimie et m\u00e9decine mol\u00e9culaire","og_description":"Student associations AEEBCM\u00a0(Biochemistry and Bioinformatics undergraduate students) Student journal\u00a0L&#8217;Infocyte AECSBUM (Biochemistry graduate students) AEBINUM (Bioinformatics graduate students) Events BBQ Parties Beer and Pizza Sugar Shack Initiation Sports Biochgames \/ Biochemistry [&hellip;]","og_url":"https:\/\/biochimie.umontreal.ca\/en\/studies\/student-life\/","og_site_name":"D\u00e9partement de biochimie et m\u00e9decine mol\u00e9culaire","article_modified_time":"2020-07-06T18:27:15+00:00","twitter_card":"summary_large_image","schema":{"@context":"https:\/\/schema.org","@graph":[{"@type":"WebPage","@id":"https:\/\/biochimie.umontreal.ca\/en\/studies\/student-life\/","url":"https:\/\/biochimie.umontreal.ca\/en\/studies\/student-life\/","name":"Student life - D\u00e9partement de biochimie et m\u00e9decine mol\u00e9culaire","isPartOf":{"@id":"https:\/\/biochimie.umontreal.ca\/#website"},"datePublished":"2012-10-04T19:57:46+00:00","dateModified":"2020-07-06T18:27:15+00:00","breadcrumb":{"@id":"https:\/\/biochimie.umontreal.ca\/en\/studies\/student-life\/#breadcrumb"},"inLanguage":"en-US","potentialAction":[{"@type":"ReadAction","target":["https:\/\/biochimie.umontreal.ca\/en\/studies\/student-life\/"]}]},{"@type":"BreadcrumbList","@id":"https:\/\/biochimie.umontreal.ca\/en\/studies\/student-life\/#breadcrumb","itemListElement":[{"@type":"ListItem","position":1,"name":"Accueil","item":"https:\/\/biochimie.umontreal.ca\/en\/"},{"@type":"ListItem","position":2,"name":"Studies","item":"https:\/\/biochimie.umontreal.ca\/en\/studies\/"},{"@type":"ListItem","position":3,"name":"Student life"}]},{"@type":"WebSite","@id":"https:\/\/biochimie.umontreal.ca\/#website","url":"https:\/\/biochimie.umontreal.ca\/","name":"D\u00e9partement de biochimie et m\u00e9decine mol\u00e9culaire","description":"","potentialAction":[{"@type":"SearchAction","target":{"@type":"EntryPoint","urlTemplate":"https:\/\/biochimie.umontreal.ca\/?s={search_term_string}"},"query-input":{"@type":"PropertyValueSpecification","valueRequired":true,"valueName":"search_term_string"}}],"inLanguage":"en-US"}]}},"_links":{"self":[{"href":"https:\/\/biochimie.umontreal.ca\/en\/wp-json\/wp\/v2\/pages\/3076","targetHints":{"allow":["GET"]}}],"collection":[{"href":"https:\/\/biochimie.umontreal.ca\/en\/wp-json\/wp\/v2\/pages"}],"about":[{"href":"https:\/\/biochimie.umontreal.ca\/en\/wp-json\/wp\/v2\/types\/page"}],"author":[{"embeddable":true,"href":"https:\/\/biochimie.umontreal.ca\/en\/wp-json\/wp\/v2\/users\/25"}],"replies":[{"embeddable":true,"href":"https:\/\/biochimie.umontreal.ca\/en\/wp-json\/wp\/v2\/comments?post=3076"}],"version-history":[{"count":6,"href":"https:\/\/biochimie.umontreal.ca\/en\/wp-json\/wp\/v2\/pages\/3076\/revisions"}],"predecessor-version":[{"id":20999,"href":"https:\/\/biochimie.umontreal.ca\/en\/wp-json\/wp\/v2\/pages\/3076\/revisions\/20999"}],"up":[{"embeddable":true,"href":"https:\/\/biochimie.umontreal.ca\/en\/wp-json\/wp\/v2\/pages\/2888"}],"wp:attachment":[{"href":"https:\/\/biochimie.umontreal.ca\/en\/wp-json\/wp\/v2\/media?parent=3076"}],"curies":[{"name":"wp","href":"https:\/\/api.w.org\/{rel}","templated":true}]}}