{"id":3056,"date":"2012-10-04T11:59:51","date_gmt":"2012-10-04T15:59:51","guid":{"rendered":"http:\/\/biochimie.umontreal.ca\/?page_id=3056"},"modified":"2024-05-31T11:44:41","modified_gmt":"2024-05-31T15:44:41","slug":"post-doctoral-training","status":"publish","type":"page","link":"https:\/\/biochimie.umontreal.ca\/en\/studies\/post-doctoral-training\/","title":{"rendered":"Post-doctoral training"},"content":{"rendered":"<p>Professors and researchers from the biochemistry Department are welcoming post-doctoral fellows from around the world. Candidates are invited to contact directly the researchers according to their <a href=\"https:\/\/biochimie.umontreal.ca\/recherche\/axes-themes-de-recherche\/\">fields<\/a> of interest. For more information on post-doctoral training : <a href=\"https:\/\/esp.umontreal.ca\/programmes-et-stages\/stage-postdoctoral\/\" target=\"_blank\" rel=\"noopener\">la politique de l&#8217;Universit\u00e9 de Montr\u00e9al sur le statut des stagiaires post-doctoraux<\/a><\/p>\n","protected":false},"excerpt":{"rendered":"<p>Professors and researchers from the biochemistry Department are welcoming post-doctoral fellows from around the world. Candidates are invited to contact directly the researchers according to their fields of interest. For [&hellip;]<\/p>\n","protected":false},"author":25,"featured_media":0,"parent":2888,"menu_order":0,"comment_status":"closed","ping_status":"closed","template":"","meta":{"footnotes":""},"class_list":["post-3056","page","type-page","status-publish","hentry"],"yoast_head":"<!-- This site is optimized with the Yoast SEO plugin v25.0 - https:\/\/yoast.com\/wordpress\/plugins\/seo\/ -->\n<title>Post-doctoral training - D\u00e9partement de biochimie et m\u00e9decine mol\u00e9culaire<\/title>\n<meta name=\"robots\" content=\"index, follow, max-snippet:-1, max-image-preview:large, max-video-preview:-1\" \/>\n<link rel=\"canonical\" href=\"https:\/\/biochimie.umontreal.ca\/en\/studies\/post-doctoral-training\/\" \/>\n<meta property=\"og:locale\" content=\"en_US\" \/>\n<meta property=\"og:type\" content=\"article\" \/>\n<meta property=\"og:title\" content=\"Post-doctoral training - D\u00e9partement de biochimie et m\u00e9decine mol\u00e9culaire\" \/>\n<meta property=\"og:description\" content=\"Professors and researchers from the biochemistry Department are welcoming post-doctoral fellows from around the world. Candidates are invited to contact directly the researchers according to their fields of interest. For [&hellip;]\" \/>\n<meta property=\"og:url\" content=\"https:\/\/biochimie.umontreal.ca\/en\/studies\/post-doctoral-training\/\" \/>\n<meta property=\"og:site_name\" content=\"D\u00e9partement de biochimie et m\u00e9decine mol\u00e9culaire\" \/>\n<meta property=\"article:modified_time\" content=\"2024-05-31T15:44:41+00:00\" \/>\n<meta name=\"twitter:card\" content=\"summary_large_image\" \/>\n<script type=\"application\/ld+json\" class=\"yoast-schema-graph\">{\"@context\":\"https:\/\/schema.org\",\"@graph\":[{\"@type\":\"WebPage\",\"@id\":\"https:\/\/biochimie.umontreal.ca\/en\/studies\/post-doctoral-training\/\",\"url\":\"https:\/\/biochimie.umontreal.ca\/en\/studies\/post-doctoral-training\/\",\"name\":\"Post-doctoral training - D\u00e9partement de biochimie et m\u00e9decine mol\u00e9culaire\",\"isPartOf\":{\"@id\":\"https:\/\/biochimie.umontreal.ca\/#website\"},\"datePublished\":\"2012-10-04T15:59:51+00:00\",\"dateModified\":\"2024-05-31T15:44:41+00:00\",\"breadcrumb\":{\"@id\":\"https:\/\/biochimie.umontreal.ca\/en\/studies\/post-doctoral-training\/#breadcrumb\"},\"inLanguage\":\"en-US\",\"potentialAction\":[{\"@type\":\"ReadAction\",\"target\":[\"https:\/\/biochimie.umontreal.ca\/en\/studies\/post-doctoral-training\/\"]}]},{\"@type\":\"BreadcrumbList\",\"@id\":\"https:\/\/biochimie.umontreal.ca\/en\/studies\/post-doctoral-training\/#breadcrumb\",\"itemListElement\":[{\"@type\":\"ListItem\",\"position\":1,\"name\":\"Accueil\",\"item\":\"https:\/\/biochimie.umontreal.ca\/en\/\"},{\"@type\":\"ListItem\",\"position\":2,\"name\":\"Studies\",\"item\":\"https:\/\/biochimie.umontreal.ca\/en\/studies\/\"},{\"@type\":\"ListItem\",\"position\":3,\"name\":\"Post-doctoral training\"}]},{\"@type\":\"WebSite\",\"@id\":\"https:\/\/biochimie.umontreal.ca\/#website\",\"url\":\"https:\/\/biochimie.umontreal.ca\/\",\"name\":\"D\u00e9partement de biochimie et m\u00e9decine mol\u00e9culaire\",\"description\":\"\",\"potentialAction\":[{\"@type\":\"SearchAction\",\"target\":{\"@type\":\"EntryPoint\",\"urlTemplate\":\"https:\/\/biochimie.umontreal.ca\/?s={search_term_string}\"},\"query-input\":{\"@type\":\"PropertyValueSpecification\",\"valueRequired\":true,\"valueName\":\"search_term_string\"}}],\"inLanguage\":\"en-US\"}]}<\/script>\n<!-- \/ Yoast SEO plugin. -->","yoast_head_json":{"title":"Post-doctoral training - D\u00e9partement de biochimie et m\u00e9decine mol\u00e9culaire","robots":{"index":"index","follow":"follow","max-snippet":"max-snippet:-1","max-image-preview":"max-image-preview:large","max-video-preview":"max-video-preview:-1"},"canonical":"https:\/\/biochimie.umontreal.ca\/en\/studies\/post-doctoral-training\/","og_locale":"en_US","og_type":"article","og_title":"Post-doctoral training - D\u00e9partement de biochimie et m\u00e9decine mol\u00e9culaire","og_description":"Professors and researchers from the biochemistry Department are welcoming post-doctoral fellows from around the world. Candidates are invited to contact directly the researchers according to their fields of interest. For [&hellip;]","og_url":"https:\/\/biochimie.umontreal.ca\/en\/studies\/post-doctoral-training\/","og_site_name":"D\u00e9partement de biochimie et m\u00e9decine mol\u00e9culaire","article_modified_time":"2024-05-31T15:44:41+00:00","twitter_card":"summary_large_image","schema":{"@context":"https:\/\/schema.org","@graph":[{"@type":"WebPage","@id":"https:\/\/biochimie.umontreal.ca\/en\/studies\/post-doctoral-training\/","url":"https:\/\/biochimie.umontreal.ca\/en\/studies\/post-doctoral-training\/","name":"Post-doctoral training - D\u00e9partement de biochimie et m\u00e9decine mol\u00e9culaire","isPartOf":{"@id":"https:\/\/biochimie.umontreal.ca\/#website"},"datePublished":"2012-10-04T15:59:51+00:00","dateModified":"2024-05-31T15:44:41+00:00","breadcrumb":{"@id":"https:\/\/biochimie.umontreal.ca\/en\/studies\/post-doctoral-training\/#breadcrumb"},"inLanguage":"en-US","potentialAction":[{"@type":"ReadAction","target":["https:\/\/biochimie.umontreal.ca\/en\/studies\/post-doctoral-training\/"]}]},{"@type":"BreadcrumbList","@id":"https:\/\/biochimie.umontreal.ca\/en\/studies\/post-doctoral-training\/#breadcrumb","itemListElement":[{"@type":"ListItem","position":1,"name":"Accueil","item":"https:\/\/biochimie.umontreal.ca\/en\/"},{"@type":"ListItem","position":2,"name":"Studies","item":"https:\/\/biochimie.umontreal.ca\/en\/studies\/"},{"@type":"ListItem","position":3,"name":"Post-doctoral training"}]},{"@type":"WebSite","@id":"https:\/\/biochimie.umontreal.ca\/#website","url":"https:\/\/biochimie.umontreal.ca\/","name":"D\u00e9partement de biochimie et m\u00e9decine mol\u00e9culaire","description":"","potentialAction":[{"@type":"SearchAction","target":{"@type":"EntryPoint","urlTemplate":"https:\/\/biochimie.umontreal.ca\/?s={search_term_string}"},"query-input":{"@type":"PropertyValueSpecification","valueRequired":true,"valueName":"search_term_string"}}],"inLanguage":"en-US"}]}},"_links":{"self":[{"href":"https:\/\/biochimie.umontreal.ca\/en\/wp-json\/wp\/v2\/pages\/3056","targetHints":{"allow":["GET"]}}],"collection":[{"href":"https:\/\/biochimie.umontreal.ca\/en\/wp-json\/wp\/v2\/pages"}],"about":[{"href":"https:\/\/biochimie.umontreal.ca\/en\/wp-json\/wp\/v2\/types\/page"}],"author":[{"embeddable":true,"href":"https:\/\/biochimie.umontreal.ca\/en\/wp-json\/wp\/v2\/users\/25"}],"replies":[{"embeddable":true,"href":"https:\/\/biochimie.umontreal.ca\/en\/wp-json\/wp\/v2\/comments?post=3056"}],"version-history":[{"count":5,"href":"https:\/\/biochimie.umontreal.ca\/en\/wp-json\/wp\/v2\/pages\/3056\/revisions"}],"predecessor-version":[{"id":26620,"href":"https:\/\/biochimie.umontreal.ca\/en\/wp-json\/wp\/v2\/pages\/3056\/revisions\/26620"}],"up":[{"embeddable":true,"href":"https:\/\/biochimie.umontreal.ca\/en\/wp-json\/wp\/v2\/pages\/2888"}],"wp:attachment":[{"href":"https:\/\/biochimie.umontreal.ca\/en\/wp-json\/wp\/v2\/media?parent=3056"}],"curies":[{"name":"wp","href":"https:\/\/api.w.org\/{rel}","templated":true}]}}