{"id":2906,"date":"2012-10-01T16:10:54","date_gmt":"2012-10-01T20:10:54","guid":{"rendered":"http:\/\/biochimie.umontreal.ca\/?page_id=2906"},"modified":"2016-10-12T15:45:18","modified_gmt":"2016-10-12T19:45:18","slug":"graduate-studies-biochemistry","status":"publish","type":"page","link":"https:\/\/biochimie.umontreal.ca\/en\/studies\/graduate-studies\/graduate-studies-biochemistry\/","title":{"rendered":"Graduate studies Biochemistry"},"content":{"rendered":"<p>The M.Sc. <a href=\"http:\/\/www.etudes.umontreal.ca\/index_fiche_prog\/246510_struc.html\">research<\/a> program offers a flexible training comprising a common seminar course and additional specialization courses in one of five options adapted to students\u2019 research interests with 10 academic credits for course work and 35 credits for laboratory research. The options are:<\/p>\n<ul>\n<li>Molecular and cellular biology<\/li>\n<li>Structural biology<\/li>\n<li>Human genomics<\/li>\n<li>In silico biochemistry<\/li>\n<li>Flexible stream with free choice of courses<\/li>\n<\/ul>\n<p>The course-based Applied <a href=\"http:\/\/www.etudes.umontreal.ca\/index_fiche_prog\/246510_struc.html\">Master\u2019s program<\/a> provides training oriented towards the needs of industrial research and comprises courses in bioinformatics, molecular and cellular biology, laboratory research methods, administration, law, accounting, enterprise creation, and an internship in industry or government laboratories.<\/p>\n<p>The <a href=\"http:\/\/www.etudes.umontreal.ca\/index_fiche_prog\/346510_struc.html\">Ph.D. program<\/a> provides more in-depth training for students interested in independent research projects leading to careers in biomedical or basic research. It comprises one common seminar course and a maximum of time is reserved for research activities.<\/p>\n<p>&nbsp;<\/p>\n","protected":false},"excerpt":{"rendered":"<p>The M.Sc. research program offers a flexible training comprising a common seminar course and additional specialization courses in one of five options adapted to students\u2019 research interests with 10 academic [&hellip;]<\/p>\n","protected":false},"author":25,"featured_media":0,"parent":2901,"menu_order":0,"comment_status":"closed","ping_status":"closed","template":"","meta":{"footnotes":""},"class_list":["post-2906","page","type-page","status-publish","hentry"],"yoast_head":"<!-- This site is optimized with the Yoast SEO plugin v25.0 - https:\/\/yoast.com\/wordpress\/plugins\/seo\/ -->\n<title>Graduate studies Biochemistry - D\u00e9partement de biochimie et m\u00e9decine mol\u00e9culaire<\/title>\n<meta name=\"robots\" content=\"index, follow, max-snippet:-1, max-image-preview:large, max-video-preview:-1\" \/>\n<link rel=\"canonical\" href=\"https:\/\/biochimie.umontreal.ca\/en\/studies\/graduate-studies\/graduate-studies-biochemistry\/\" \/>\n<meta property=\"og:locale\" content=\"en_US\" \/>\n<meta property=\"og:type\" content=\"article\" \/>\n<meta property=\"og:title\" content=\"Graduate studies Biochemistry - D\u00e9partement de biochimie et m\u00e9decine mol\u00e9culaire\" \/>\n<meta property=\"og:description\" content=\"The M.Sc. research program offers a flexible training comprising a common seminar course and additional specialization courses in one of five options adapted to students\u2019 research interests with 10 academic [&hellip;]\" \/>\n<meta property=\"og:url\" content=\"https:\/\/biochimie.umontreal.ca\/en\/studies\/graduate-studies\/graduate-studies-biochemistry\/\" \/>\n<meta property=\"og:site_name\" content=\"D\u00e9partement de biochimie et m\u00e9decine mol\u00e9culaire\" \/>\n<meta property=\"article:modified_time\" content=\"2016-10-12T19:45:18+00:00\" \/>\n<meta name=\"twitter:card\" content=\"summary_large_image\" \/>\n<meta name=\"twitter:label1\" content=\"Est. reading time\" \/>\n\t<meta name=\"twitter:data1\" content=\"1 minute\" \/>\n<script type=\"application\/ld+json\" class=\"yoast-schema-graph\">{\"@context\":\"https:\/\/schema.org\",\"@graph\":[{\"@type\":\"WebPage\",\"@id\":\"https:\/\/biochimie.umontreal.ca\/en\/studies\/graduate-studies\/graduate-studies-biochemistry\/\",\"url\":\"https:\/\/biochimie.umontreal.ca\/en\/studies\/graduate-studies\/graduate-studies-biochemistry\/\",\"name\":\"Graduate studies Biochemistry - D\u00e9partement de biochimie et m\u00e9decine mol\u00e9culaire\",\"isPartOf\":{\"@id\":\"https:\/\/biochimie.umontreal.ca\/#website\"},\"datePublished\":\"2012-10-01T20:10:54+00:00\",\"dateModified\":\"2016-10-12T19:45:18+00:00\",\"breadcrumb\":{\"@id\":\"https:\/\/biochimie.umontreal.ca\/en\/studies\/graduate-studies\/graduate-studies-biochemistry\/#breadcrumb\"},\"inLanguage\":\"en-US\",\"potentialAction\":[{\"@type\":\"ReadAction\",\"target\":[\"https:\/\/biochimie.umontreal.ca\/en\/studies\/graduate-studies\/graduate-studies-biochemistry\/\"]}]},{\"@type\":\"BreadcrumbList\",\"@id\":\"https:\/\/biochimie.umontreal.ca\/en\/studies\/graduate-studies\/graduate-studies-biochemistry\/#breadcrumb\",\"itemListElement\":[{\"@type\":\"ListItem\",\"position\":1,\"name\":\"Accueil\",\"item\":\"https:\/\/biochimie.umontreal.ca\/en\/\"},{\"@type\":\"ListItem\",\"position\":2,\"name\":\"Studies\",\"item\":\"https:\/\/biochimie.umontreal.ca\/en\/studies\/\"},{\"@type\":\"ListItem\",\"position\":3,\"name\":\"Graduate studies\",\"item\":\"https:\/\/biochimie.umontreal.ca\/en\/studies\/graduate-studies\/\"},{\"@type\":\"ListItem\",\"position\":4,\"name\":\"Graduate studies Biochemistry\"}]},{\"@type\":\"WebSite\",\"@id\":\"https:\/\/biochimie.umontreal.ca\/#website\",\"url\":\"https:\/\/biochimie.umontreal.ca\/\",\"name\":\"D\u00e9partement de biochimie et m\u00e9decine mol\u00e9culaire\",\"description\":\"\",\"potentialAction\":[{\"@type\":\"SearchAction\",\"target\":{\"@type\":\"EntryPoint\",\"urlTemplate\":\"https:\/\/biochimie.umontreal.ca\/?s={search_term_string}\"},\"query-input\":{\"@type\":\"PropertyValueSpecification\",\"valueRequired\":true,\"valueName\":\"search_term_string\"}}],\"inLanguage\":\"en-US\"}]}<\/script>\n<!-- \/ Yoast SEO plugin. -->","yoast_head_json":{"title":"Graduate studies Biochemistry - D\u00e9partement de biochimie et m\u00e9decine mol\u00e9culaire","robots":{"index":"index","follow":"follow","max-snippet":"max-snippet:-1","max-image-preview":"max-image-preview:large","max-video-preview":"max-video-preview:-1"},"canonical":"https:\/\/biochimie.umontreal.ca\/en\/studies\/graduate-studies\/graduate-studies-biochemistry\/","og_locale":"en_US","og_type":"article","og_title":"Graduate studies Biochemistry - D\u00e9partement de biochimie et m\u00e9decine mol\u00e9culaire","og_description":"The M.Sc. research program offers a flexible training comprising a common seminar course and additional specialization courses in one of five options adapted to students\u2019 research interests with 10 academic [&hellip;]","og_url":"https:\/\/biochimie.umontreal.ca\/en\/studies\/graduate-studies\/graduate-studies-biochemistry\/","og_site_name":"D\u00e9partement de biochimie et m\u00e9decine mol\u00e9culaire","article_modified_time":"2016-10-12T19:45:18+00:00","twitter_card":"summary_large_image","twitter_misc":{"Est. reading time":"1 minute"},"schema":{"@context":"https:\/\/schema.org","@graph":[{"@type":"WebPage","@id":"https:\/\/biochimie.umontreal.ca\/en\/studies\/graduate-studies\/graduate-studies-biochemistry\/","url":"https:\/\/biochimie.umontreal.ca\/en\/studies\/graduate-studies\/graduate-studies-biochemistry\/","name":"Graduate studies Biochemistry - D\u00e9partement de biochimie et m\u00e9decine mol\u00e9culaire","isPartOf":{"@id":"https:\/\/biochimie.umontreal.ca\/#website"},"datePublished":"2012-10-01T20:10:54+00:00","dateModified":"2016-10-12T19:45:18+00:00","breadcrumb":{"@id":"https:\/\/biochimie.umontreal.ca\/en\/studies\/graduate-studies\/graduate-studies-biochemistry\/#breadcrumb"},"inLanguage":"en-US","potentialAction":[{"@type":"ReadAction","target":["https:\/\/biochimie.umontreal.ca\/en\/studies\/graduate-studies\/graduate-studies-biochemistry\/"]}]},{"@type":"BreadcrumbList","@id":"https:\/\/biochimie.umontreal.ca\/en\/studies\/graduate-studies\/graduate-studies-biochemistry\/#breadcrumb","itemListElement":[{"@type":"ListItem","position":1,"name":"Accueil","item":"https:\/\/biochimie.umontreal.ca\/en\/"},{"@type":"ListItem","position":2,"name":"Studies","item":"https:\/\/biochimie.umontreal.ca\/en\/studies\/"},{"@type":"ListItem","position":3,"name":"Graduate studies","item":"https:\/\/biochimie.umontreal.ca\/en\/studies\/graduate-studies\/"},{"@type":"ListItem","position":4,"name":"Graduate studies Biochemistry"}]},{"@type":"WebSite","@id":"https:\/\/biochimie.umontreal.ca\/#website","url":"https:\/\/biochimie.umontreal.ca\/","name":"D\u00e9partement de biochimie et m\u00e9decine mol\u00e9culaire","description":"","potentialAction":[{"@type":"SearchAction","target":{"@type":"EntryPoint","urlTemplate":"https:\/\/biochimie.umontreal.ca\/?s={search_term_string}"},"query-input":{"@type":"PropertyValueSpecification","valueRequired":true,"valueName":"search_term_string"}}],"inLanguage":"en-US"}]}},"_links":{"self":[{"href":"https:\/\/biochimie.umontreal.ca\/en\/wp-json\/wp\/v2\/pages\/2906","targetHints":{"allow":["GET"]}}],"collection":[{"href":"https:\/\/biochimie.umontreal.ca\/en\/wp-json\/wp\/v2\/pages"}],"about":[{"href":"https:\/\/biochimie.umontreal.ca\/en\/wp-json\/wp\/v2\/types\/page"}],"author":[{"embeddable":true,"href":"https:\/\/biochimie.umontreal.ca\/en\/wp-json\/wp\/v2\/users\/25"}],"replies":[{"embeddable":true,"href":"https:\/\/biochimie.umontreal.ca\/en\/wp-json\/wp\/v2\/comments?post=2906"}],"version-history":[{"count":2,"href":"https:\/\/biochimie.umontreal.ca\/en\/wp-json\/wp\/v2\/pages\/2906\/revisions"}],"predecessor-version":[{"id":12660,"href":"https:\/\/biochimie.umontreal.ca\/en\/wp-json\/wp\/v2\/pages\/2906\/revisions\/12660"}],"up":[{"embeddable":true,"href":"https:\/\/biochimie.umontreal.ca\/en\/wp-json\/wp\/v2\/pages\/2901"}],"wp:attachment":[{"href":"https:\/\/biochimie.umontreal.ca\/en\/wp-json\/wp\/v2\/media?parent=2906"}],"curies":[{"name":"wp","href":"https:\/\/api.w.org\/{rel}","templated":true}]}}