{"id":2901,"date":"2012-10-01T14:44:42","date_gmt":"2012-10-01T18:44:42","guid":{"rendered":"http:\/\/biochimie.umontreal.ca\/?page_id=2901"},"modified":"2016-10-12T15:45:18","modified_gmt":"2016-10-12T19:45:18","slug":"graduate-studies","status":"publish","type":"page","link":"https:\/\/biochimie.umontreal.ca\/en\/studies\/graduate-studies\/","title":{"rendered":"Graduate studies"},"content":{"rendered":"<p>The Department offers the following programs:<\/p>\n<ul>\n<li>\u00a0Biochemistry : <a href=\"http:\/\/www.etudes.umontreal.ca\/index_fiche_prog\/246510_struc.html\" target=\"_blank\">M.Sc<\/a> and <a href=\"http:\/\/www.etudes.umontreal.ca\/index_fiche_prog\/346510_struc.html\" target=\"_blank\">Ph.D.<\/a><\/li>\n<li>\u00a0Bioinformatics : <a href=\"http:\/\/www.etudes.umontreal.ca\/index_fiche_prog\/246810_struc.html\" target=\"_blank\">M.Sc.<\/a> and <a href=\"http:\/\/www.etudes.umontreal.ca\/index_fiche_prog\/346810_struc.html\" target=\"_blank\">Ph.D.<\/a><\/li>\n<\/ul>\n<p>The Professors of the Department and the accredited members and adjunct professors are constantly recruiting graduate students (postes disponibles), they offer a large spectrum of expertise for your training in biomedical and basic research. Presently, the faculty members of our program train 90 students at the M.Sc. level and 116 at the Ph.D. level, our enrolment is the highest in Biochemistry and Bioinformatics programs in Qu\u00e9bec. Our students conduct their research on the main campus (Pavillon Roger-Gaudry) and in different UdeM-affiliated research centers such as the Cancer and Immunology Research Institute (IRIC), Clinical Research Institute (IRCM), Ste-Justine Research Center, CHUM Research Center, Montr\u00e9al Heart Institute (MHI), Hospital Maisonneuvre-Rosemont Research Center and the NRC Biotechnology Research Institute (BRI).<\/p>\n","protected":false},"excerpt":{"rendered":"<p>The Department offers the following programs: \u00a0Biochemistry : M.Sc and Ph.D. \u00a0Bioinformatics : M.Sc. and Ph.D. The Professors of the Department and the accredited members and adjunct professors are constantly [&hellip;]<\/p>\n","protected":false},"author":25,"featured_media":0,"parent":2888,"menu_order":0,"comment_status":"closed","ping_status":"closed","template":"","meta":{"footnotes":""},"class_list":["post-2901","page","type-page","status-publish","hentry"],"yoast_head":"<!-- This site is optimized with the Yoast SEO plugin v25.0 - https:\/\/yoast.com\/wordpress\/plugins\/seo\/ -->\n<title>Graduate studies - D\u00e9partement de biochimie et m\u00e9decine mol\u00e9culaire<\/title>\n<meta name=\"robots\" content=\"index, follow, max-snippet:-1, max-image-preview:large, max-video-preview:-1\" \/>\n<link rel=\"canonical\" href=\"https:\/\/biochimie.umontreal.ca\/en\/studies\/graduate-studies\/\" \/>\n<meta property=\"og:locale\" content=\"en_US\" \/>\n<meta property=\"og:type\" content=\"article\" \/>\n<meta property=\"og:title\" content=\"Graduate studies - D\u00e9partement de biochimie et m\u00e9decine mol\u00e9culaire\" \/>\n<meta property=\"og:description\" content=\"The Department offers the following programs: \u00a0Biochemistry : M.Sc and Ph.D. \u00a0Bioinformatics : M.Sc. and Ph.D. The Professors of the Department and the accredited members and adjunct professors are constantly [&hellip;]\" \/>\n<meta property=\"og:url\" content=\"https:\/\/biochimie.umontreal.ca\/en\/studies\/graduate-studies\/\" \/>\n<meta property=\"og:site_name\" content=\"D\u00e9partement de biochimie et m\u00e9decine mol\u00e9culaire\" \/>\n<meta property=\"article:modified_time\" content=\"2016-10-12T19:45:18+00:00\" \/>\n<meta name=\"twitter:card\" content=\"summary_large_image\" \/>\n<meta name=\"twitter:label1\" content=\"Est. reading time\" \/>\n\t<meta name=\"twitter:data1\" content=\"1 minute\" \/>\n<script type=\"application\/ld+json\" class=\"yoast-schema-graph\">{\"@context\":\"https:\/\/schema.org\",\"@graph\":[{\"@type\":\"WebPage\",\"@id\":\"https:\/\/biochimie.umontreal.ca\/en\/studies\/graduate-studies\/\",\"url\":\"https:\/\/biochimie.umontreal.ca\/en\/studies\/graduate-studies\/\",\"name\":\"Graduate studies - D\u00e9partement de biochimie et m\u00e9decine mol\u00e9culaire\",\"isPartOf\":{\"@id\":\"https:\/\/biochimie.umontreal.ca\/#website\"},\"datePublished\":\"2012-10-01T18:44:42+00:00\",\"dateModified\":\"2016-10-12T19:45:18+00:00\",\"breadcrumb\":{\"@id\":\"https:\/\/biochimie.umontreal.ca\/en\/studies\/graduate-studies\/#breadcrumb\"},\"inLanguage\":\"en-US\",\"potentialAction\":[{\"@type\":\"ReadAction\",\"target\":[\"https:\/\/biochimie.umontreal.ca\/en\/studies\/graduate-studies\/\"]}]},{\"@type\":\"BreadcrumbList\",\"@id\":\"https:\/\/biochimie.umontreal.ca\/en\/studies\/graduate-studies\/#breadcrumb\",\"itemListElement\":[{\"@type\":\"ListItem\",\"position\":1,\"name\":\"Accueil\",\"item\":\"https:\/\/biochimie.umontreal.ca\/en\/\"},{\"@type\":\"ListItem\",\"position\":2,\"name\":\"Studies\",\"item\":\"https:\/\/biochimie.umontreal.ca\/en\/studies\/\"},{\"@type\":\"ListItem\",\"position\":3,\"name\":\"Graduate studies\"}]},{\"@type\":\"WebSite\",\"@id\":\"https:\/\/biochimie.umontreal.ca\/#website\",\"url\":\"https:\/\/biochimie.umontreal.ca\/\",\"name\":\"D\u00e9partement de biochimie et m\u00e9decine mol\u00e9culaire\",\"description\":\"\",\"potentialAction\":[{\"@type\":\"SearchAction\",\"target\":{\"@type\":\"EntryPoint\",\"urlTemplate\":\"https:\/\/biochimie.umontreal.ca\/?s={search_term_string}\"},\"query-input\":{\"@type\":\"PropertyValueSpecification\",\"valueRequired\":true,\"valueName\":\"search_term_string\"}}],\"inLanguage\":\"en-US\"}]}<\/script>\n<!-- \/ Yoast SEO plugin. -->","yoast_head_json":{"title":"Graduate studies - D\u00e9partement de biochimie et m\u00e9decine mol\u00e9culaire","robots":{"index":"index","follow":"follow","max-snippet":"max-snippet:-1","max-image-preview":"max-image-preview:large","max-video-preview":"max-video-preview:-1"},"canonical":"https:\/\/biochimie.umontreal.ca\/en\/studies\/graduate-studies\/","og_locale":"en_US","og_type":"article","og_title":"Graduate studies - D\u00e9partement de biochimie et m\u00e9decine mol\u00e9culaire","og_description":"The Department offers the following programs: \u00a0Biochemistry : M.Sc and Ph.D. \u00a0Bioinformatics : M.Sc. and Ph.D. The Professors of the Department and the accredited members and adjunct professors are constantly [&hellip;]","og_url":"https:\/\/biochimie.umontreal.ca\/en\/studies\/graduate-studies\/","og_site_name":"D\u00e9partement de biochimie et m\u00e9decine mol\u00e9culaire","article_modified_time":"2016-10-12T19:45:18+00:00","twitter_card":"summary_large_image","twitter_misc":{"Est. reading time":"1 minute"},"schema":{"@context":"https:\/\/schema.org","@graph":[{"@type":"WebPage","@id":"https:\/\/biochimie.umontreal.ca\/en\/studies\/graduate-studies\/","url":"https:\/\/biochimie.umontreal.ca\/en\/studies\/graduate-studies\/","name":"Graduate studies - D\u00e9partement de biochimie et m\u00e9decine mol\u00e9culaire","isPartOf":{"@id":"https:\/\/biochimie.umontreal.ca\/#website"},"datePublished":"2012-10-01T18:44:42+00:00","dateModified":"2016-10-12T19:45:18+00:00","breadcrumb":{"@id":"https:\/\/biochimie.umontreal.ca\/en\/studies\/graduate-studies\/#breadcrumb"},"inLanguage":"en-US","potentialAction":[{"@type":"ReadAction","target":["https:\/\/biochimie.umontreal.ca\/en\/studies\/graduate-studies\/"]}]},{"@type":"BreadcrumbList","@id":"https:\/\/biochimie.umontreal.ca\/en\/studies\/graduate-studies\/#breadcrumb","itemListElement":[{"@type":"ListItem","position":1,"name":"Accueil","item":"https:\/\/biochimie.umontreal.ca\/en\/"},{"@type":"ListItem","position":2,"name":"Studies","item":"https:\/\/biochimie.umontreal.ca\/en\/studies\/"},{"@type":"ListItem","position":3,"name":"Graduate studies"}]},{"@type":"WebSite","@id":"https:\/\/biochimie.umontreal.ca\/#website","url":"https:\/\/biochimie.umontreal.ca\/","name":"D\u00e9partement de biochimie et m\u00e9decine mol\u00e9culaire","description":"","potentialAction":[{"@type":"SearchAction","target":{"@type":"EntryPoint","urlTemplate":"https:\/\/biochimie.umontreal.ca\/?s={search_term_string}"},"query-input":{"@type":"PropertyValueSpecification","valueRequired":true,"valueName":"search_term_string"}}],"inLanguage":"en-US"}]}},"_links":{"self":[{"href":"https:\/\/biochimie.umontreal.ca\/en\/wp-json\/wp\/v2\/pages\/2901","targetHints":{"allow":["GET"]}}],"collection":[{"href":"https:\/\/biochimie.umontreal.ca\/en\/wp-json\/wp\/v2\/pages"}],"about":[{"href":"https:\/\/biochimie.umontreal.ca\/en\/wp-json\/wp\/v2\/types\/page"}],"author":[{"embeddable":true,"href":"https:\/\/biochimie.umontreal.ca\/en\/wp-json\/wp\/v2\/users\/25"}],"replies":[{"embeddable":true,"href":"https:\/\/biochimie.umontreal.ca\/en\/wp-json\/wp\/v2\/comments?post=2901"}],"version-history":[{"count":7,"href":"https:\/\/biochimie.umontreal.ca\/en\/wp-json\/wp\/v2\/pages\/2901\/revisions"}],"predecessor-version":[{"id":14024,"href":"https:\/\/biochimie.umontreal.ca\/en\/wp-json\/wp\/v2\/pages\/2901\/revisions\/14024"}],"up":[{"embeddable":true,"href":"https:\/\/biochimie.umontreal.ca\/en\/wp-json\/wp\/v2\/pages\/2888"}],"wp:attachment":[{"href":"https:\/\/biochimie.umontreal.ca\/en\/wp-json\/wp\/v2\/media?parent=2901"}],"curies":[{"name":"wp","href":"https:\/\/api.w.org\/{rel}","templated":true}]}}