{"id":2888,"date":"2012-10-01T11:54:21","date_gmt":"2012-10-01T15:54:21","guid":{"rendered":"http:\/\/biochimie.umontreal.ca\/?page_id=2888"},"modified":"2016-10-12T15:45:17","modified_gmt":"2016-10-12T19:45:17","slug":"studies","status":"publish","type":"page","link":"https:\/\/biochimie.umontreal.ca\/en\/studies\/","title":{"rendered":"Studies"},"content":{"rendered":"<p><em>Note that the official teaching language at both the undergraduate and graduate level is French, but accommodations for English speakers can be made at the graduate level.<\/em><\/p>\n<p>A degree from our undergraduate programs in <a href=\"https:\/\/biochimie.umontreal.ca\/etudes\/premier-cycle\/baccalaureat-en-biochimie-et-medecine-moleculaire\/\">Biochemistry and Molecular medicine<\/a> or Bioinformatics will open numerous career opportunities in the pharmaceutical\/biotech industry, the health sciences or teaching and it is an excellent preparation for graduate studies in a number of disciplines.\u00a0Our graduate programs in <a title=\"Graduate studies\" href=\"https:\/\/biochimie.umontreal.ca\/en\/studies\/graduate-studies\/graduate-studies-biochemistry\/\">Biochemistry<\/a> and <a title=\"Graduate studies\" href=\"https:\/\/biochimie.umontreal.ca\/en\/studies\/graduate-studies\/\">Bioinformatics<\/a> offer two options. The classic program is focused on research and the second option (Professional Master\u2019s program)\u00a0is oriented towards the labor market and this second option includes an internship program.<\/p>\n<p>Graduate students in the first option take part in <a href=\"https:\/\/biochimie.umontreal.ca\/en\/research\/research-activities\/\">research activities<\/a> and most continue their studies at the Ph.D. level. The employment opportunities for our graduates in industry, government or academic research are excellent. We also offer a program at the <a title=\"D.E.P.D. (in clinical Biochemistry)\" href=\"https:\/\/biochimie.umontreal.ca\/en\/studies\/d-e-p-d-in-clinical-biochemistry\/\">postdoctoral level in clinical biochemistry<\/a> that prepares for employment in analytical laboratories in hospitals and in the private sector.<\/p>\n<div class=\"box left  \">\n<h2>Come meet us at\u00a0:<\/h2>\n<p><a href=\"http:\/\/www.futursetudiants.umontreal.ca\/fr\/rencontrez-nous\/index.html\" target=\"_blank\">Open house<\/a><\/p>\n<p>University web site for <a href=\"http:\/\/www.futursetudiants.umontreal.ca\/fr\/index.html\">future students<\/a><\/p>\n<\/div><div class=\"clear\"><\/div>\n<hr\/>\n<p><iframe loading=\"lazy\" title=\"Explorons le D\u00e9partement de biochimie de l&#039;UdeM\" src=\"https:\/\/player.vimeo.com\/video\/32147841?dnt=1&amp;app_id=122963\" width=\"500\" height=\"281\" frameborder=\"0\" allow=\"autoplay; fullscreen; picture-in-picture; clipboard-write; encrypted-media\"><\/iframe><\/p>\n","protected":false},"excerpt":{"rendered":"<p>Note that the official teaching language at both the undergraduate and graduate level is French, but accommodations for English speakers can be made at the graduate level. A degree from [&hellip;]<\/p>\n","protected":false},"author":25,"featured_media":0,"parent":0,"menu_order":0,"comment_status":"closed","ping_status":"closed","template":"","meta":{"footnotes":""},"class_list":["post-2888","page","type-page","status-publish","hentry"],"yoast_head":"<!-- This site is optimized with the Yoast SEO plugin v25.0 - https:\/\/yoast.com\/wordpress\/plugins\/seo\/ -->\n<title>Studies - D\u00e9partement de biochimie et m\u00e9decine mol\u00e9culaire<\/title>\n<meta name=\"robots\" content=\"index, follow, max-snippet:-1, max-image-preview:large, max-video-preview:-1\" \/>\n<link rel=\"canonical\" href=\"https:\/\/biochimie.umontreal.ca\/en\/studies\/\" \/>\n<meta property=\"og:locale\" content=\"en_US\" \/>\n<meta property=\"og:type\" content=\"article\" \/>\n<meta property=\"og:title\" content=\"Studies - D\u00e9partement de biochimie et m\u00e9decine mol\u00e9culaire\" \/>\n<meta property=\"og:description\" content=\"Note that the official teaching language at both the undergraduate and graduate level is French, but accommodations for English speakers can be made at the graduate level. A degree from [&hellip;]\" \/>\n<meta property=\"og:url\" content=\"https:\/\/biochimie.umontreal.ca\/en\/studies\/\" \/>\n<meta property=\"og:site_name\" content=\"D\u00e9partement de biochimie et m\u00e9decine mol\u00e9culaire\" \/>\n<meta property=\"article:modified_time\" content=\"2016-10-12T19:45:17+00:00\" \/>\n<meta name=\"twitter:card\" content=\"summary_large_image\" \/>\n<meta name=\"twitter:label1\" content=\"Est. reading time\" \/>\n\t<meta name=\"twitter:data1\" content=\"1 minute\" \/>\n<script type=\"application\/ld+json\" class=\"yoast-schema-graph\">{\"@context\":\"https:\/\/schema.org\",\"@graph\":[{\"@type\":\"WebPage\",\"@id\":\"https:\/\/biochimie.umontreal.ca\/en\/studies\/\",\"url\":\"https:\/\/biochimie.umontreal.ca\/en\/studies\/\",\"name\":\"Studies - D\u00e9partement de biochimie et m\u00e9decine mol\u00e9culaire\",\"isPartOf\":{\"@id\":\"https:\/\/biochimie.umontreal.ca\/#website\"},\"datePublished\":\"2012-10-01T15:54:21+00:00\",\"dateModified\":\"2016-10-12T19:45:17+00:00\",\"breadcrumb\":{\"@id\":\"https:\/\/biochimie.umontreal.ca\/en\/studies\/#breadcrumb\"},\"inLanguage\":\"en-US\",\"potentialAction\":[{\"@type\":\"ReadAction\",\"target\":[\"https:\/\/biochimie.umontreal.ca\/en\/studies\/\"]}]},{\"@type\":\"BreadcrumbList\",\"@id\":\"https:\/\/biochimie.umontreal.ca\/en\/studies\/#breadcrumb\",\"itemListElement\":[{\"@type\":\"ListItem\",\"position\":1,\"name\":\"Accueil\",\"item\":\"https:\/\/biochimie.umontreal.ca\/en\/\"},{\"@type\":\"ListItem\",\"position\":2,\"name\":\"Studies\"}]},{\"@type\":\"WebSite\",\"@id\":\"https:\/\/biochimie.umontreal.ca\/#website\",\"url\":\"https:\/\/biochimie.umontreal.ca\/\",\"name\":\"D\u00e9partement de biochimie et m\u00e9decine mol\u00e9culaire\",\"description\":\"\",\"potentialAction\":[{\"@type\":\"SearchAction\",\"target\":{\"@type\":\"EntryPoint\",\"urlTemplate\":\"https:\/\/biochimie.umontreal.ca\/?s={search_term_string}\"},\"query-input\":{\"@type\":\"PropertyValueSpecification\",\"valueRequired\":true,\"valueName\":\"search_term_string\"}}],\"inLanguage\":\"en-US\"}]}<\/script>\n<!-- \/ Yoast SEO plugin. -->","yoast_head_json":{"title":"Studies - D\u00e9partement de biochimie et m\u00e9decine mol\u00e9culaire","robots":{"index":"index","follow":"follow","max-snippet":"max-snippet:-1","max-image-preview":"max-image-preview:large","max-video-preview":"max-video-preview:-1"},"canonical":"https:\/\/biochimie.umontreal.ca\/en\/studies\/","og_locale":"en_US","og_type":"article","og_title":"Studies - D\u00e9partement de biochimie et m\u00e9decine mol\u00e9culaire","og_description":"Note that the official teaching language at both the undergraduate and graduate level is French, but accommodations for English speakers can be made at the graduate level. A degree from [&hellip;]","og_url":"https:\/\/biochimie.umontreal.ca\/en\/studies\/","og_site_name":"D\u00e9partement de biochimie et m\u00e9decine mol\u00e9culaire","article_modified_time":"2016-10-12T19:45:17+00:00","twitter_card":"summary_large_image","twitter_misc":{"Est. reading time":"1 minute"},"schema":{"@context":"https:\/\/schema.org","@graph":[{"@type":"WebPage","@id":"https:\/\/biochimie.umontreal.ca\/en\/studies\/","url":"https:\/\/biochimie.umontreal.ca\/en\/studies\/","name":"Studies - D\u00e9partement de biochimie et m\u00e9decine mol\u00e9culaire","isPartOf":{"@id":"https:\/\/biochimie.umontreal.ca\/#website"},"datePublished":"2012-10-01T15:54:21+00:00","dateModified":"2016-10-12T19:45:17+00:00","breadcrumb":{"@id":"https:\/\/biochimie.umontreal.ca\/en\/studies\/#breadcrumb"},"inLanguage":"en-US","potentialAction":[{"@type":"ReadAction","target":["https:\/\/biochimie.umontreal.ca\/en\/studies\/"]}]},{"@type":"BreadcrumbList","@id":"https:\/\/biochimie.umontreal.ca\/en\/studies\/#breadcrumb","itemListElement":[{"@type":"ListItem","position":1,"name":"Accueil","item":"https:\/\/biochimie.umontreal.ca\/en\/"},{"@type":"ListItem","position":2,"name":"Studies"}]},{"@type":"WebSite","@id":"https:\/\/biochimie.umontreal.ca\/#website","url":"https:\/\/biochimie.umontreal.ca\/","name":"D\u00e9partement de biochimie et m\u00e9decine mol\u00e9culaire","description":"","potentialAction":[{"@type":"SearchAction","target":{"@type":"EntryPoint","urlTemplate":"https:\/\/biochimie.umontreal.ca\/?s={search_term_string}"},"query-input":{"@type":"PropertyValueSpecification","valueRequired":true,"valueName":"search_term_string"}}],"inLanguage":"en-US"}]}},"_links":{"self":[{"href":"https:\/\/biochimie.umontreal.ca\/en\/wp-json\/wp\/v2\/pages\/2888","targetHints":{"allow":["GET"]}}],"collection":[{"href":"https:\/\/biochimie.umontreal.ca\/en\/wp-json\/wp\/v2\/pages"}],"about":[{"href":"https:\/\/biochimie.umontreal.ca\/en\/wp-json\/wp\/v2\/types\/page"}],"author":[{"embeddable":true,"href":"https:\/\/biochimie.umontreal.ca\/en\/wp-json\/wp\/v2\/users\/25"}],"replies":[{"embeddable":true,"href":"https:\/\/biochimie.umontreal.ca\/en\/wp-json\/wp\/v2\/comments?post=2888"}],"version-history":[{"count":8,"href":"https:\/\/biochimie.umontreal.ca\/en\/wp-json\/wp\/v2\/pages\/2888\/revisions"}],"predecessor-version":[{"id":13490,"href":"https:\/\/biochimie.umontreal.ca\/en\/wp-json\/wp\/v2\/pages\/2888\/revisions\/13490"}],"wp:attachment":[{"href":"https:\/\/biochimie.umontreal.ca\/en\/wp-json\/wp\/v2\/media?parent=2888"}],"curies":[{"name":"wp","href":"https:\/\/api.w.org\/{rel}","templated":true}]}}