{"id":2632,"date":"2012-09-20T08:07:59","date_gmt":"2012-09-20T12:07:59","guid":{"rendered":"http:\/\/biochimie.umontreal.ca\/?page_id=2632"},"modified":"2023-03-29T09:24:02","modified_gmt":"2023-03-29T13:24:02","slug":"contact-us","status":"publish","type":"page","link":"https:\/\/biochimie.umontreal.ca\/en\/contact-us\/","title":{"rendered":"Contact us"},"content":{"rendered":"<table>\n<thead>\n<tr>\n<td>Role<\/td>\n<td>Name<\/td>\n<td>Phone<\/td>\n<\/tr>\n<\/thead>\n<tbody>\n<tr>\n<td>Chair<\/td>\n<td><a href=\"mailto:pascale.legault@umontreal.ca\">Pascale Legault<\/a><\/td>\n<td>514 343-6372<\/td>\n<\/tr>\n<tr>\n<td>Administrative Officer<\/td>\n<td><a href=\"mailto:linda.dastous@umontreal.ca\">Linda D&#8217;Astous<\/a><\/td>\n<td>514 343-6375<\/td>\n<\/tr>\n<tr>\n<td>General Secretary<\/td>\n<td><a href=\"mailto:elisabeth.anne.nerette@umontreal.ca\">Elisabeth Anne N\u00e9rette<\/a><\/td>\n<td>514 343-6374<\/td>\n<\/tr>\n<tr>\n<td>Student affairs \u2013 Undergraduate Studies<\/td>\n<td><a href=\"mailto:kathie.gierka@umontreal.ca\">Kathie Gierka<\/a><\/td>\n<td>514 343-6111 poste 5193<strong><\/strong><\/td>\n<\/tr>\n<tr>\n<td>Student affairs \u2013 Graduate Studies<\/td>\n<td><a href=\"mailto:bioinfo@bcm.umontreal.ca\">Elaine Meunier<\/a><\/td>\n<td>514 343-6111 poste 5192<\/td>\n<\/tr>\n<\/tbody>\n<\/table>\n<div class=\"one-half first \">\n<h3><strong>Mailing Address<\/strong><\/h3>\n<p>D\u00e9partement de biochimie et m\u00e9decine mol\u00e9culaire<br \/>\n<span style=\"line-height: 1.5\">Universit\u00e9 de Montr\u00e9al<br \/>\n<\/span><span style=\"line-height: 1.5\">Pavillon J.-Armand-Bombardier<br \/>\n<\/span><span style=\"line-height: 1.5\">C.P. 6128, Succ. Centre-ville<br \/>\n<\/span><span style=\"line-height: 1.5\">Montr\u00e9al, Qu\u00e9bec<br \/>\n<\/span><span style=\"line-height: 1.5\">H3C 3J7<br \/>\n<\/span><span style=\"line-height: 1.5\">Canada<\/span><\/p>\n<\/div>\n<div class=\"one-half  \">\n<h3>Delivery Address<\/h3>\n<p>D\u00e9partement de biochimie et m\u00e9decine mol\u00e9culaire<br \/>\nUniversit\u00e9 de Montr\u00e9al<br \/>\nPavillon J.-Armand-Bombardier<br \/>\n5155 Chemin de la Rampe, bureau 2037<br \/>\nMontr\u00e9al, Qu\u00e9bec<br \/>\nH3T 1J4<br \/>\nCanada<\/p>\n<\/div>\n<iframe loading=\"lazy\" width=\"600\" height=\"300\" frameborder=\"0\" scrolling=\"no\" marginheight=\"0\" marginwidth=\"0\" src=\"https:\/\/www.google.com\/maps\/embed?pb=!1m18!1m12!1m3!1d2796.342426275495!2d-73.61504458435367!3d45.50318503886214!2m3!1f0!2f0!3f0!3m2!1i1024!2i768!4f13.1!3m3!1m2!1s0x4cc9198cae5123ab%3A0xd621a97b05d8b6d5!2s5155%20Chem.%20de%20la%20Rampe%2C%20Montr%C3%A9al%2C%20QC%20H3T%201J4!5e0!3m2!1sfr!2sca!4v1676648441387!5m2!1sfr!2sca\" ><\/iframe>\n<p>&nbsp;<\/p>\n","protected":false},"excerpt":{"rendered":"<p>Role Name Phone Chair Pascale Legault 514 343-6372 Administrative Officer Linda D&#8217;Astous 514 343-6375 General Secretary Elisabeth Anne N\u00e9rette 514 343-6374 Student affairs \u2013 Undergraduate Studies Kathie Gierka 514 343-6111 [&hellip;]<\/p>\n","protected":false},"author":25,"featured_media":0,"parent":0,"menu_order":0,"comment_status":"closed","ping_status":"closed","template":"","meta":{"footnotes":""},"class_list":["post-2632","page","type-page","status-publish","hentry"],"yoast_head":"<!-- This site is optimized with the Yoast SEO plugin v25.0 - https:\/\/yoast.com\/wordpress\/plugins\/seo\/ -->\n<title>Contact us - D\u00e9partement de biochimie et m\u00e9decine mol\u00e9culaire<\/title>\n<meta name=\"robots\" content=\"index, follow, max-snippet:-1, max-image-preview:large, max-video-preview:-1\" \/>\n<link rel=\"canonical\" href=\"https:\/\/biochimie.umontreal.ca\/en\/contact-us\/\" \/>\n<meta property=\"og:locale\" content=\"en_US\" \/>\n<meta property=\"og:type\" content=\"article\" \/>\n<meta property=\"og:title\" content=\"Contact us - D\u00e9partement de biochimie et m\u00e9decine mol\u00e9culaire\" \/>\n<meta property=\"og:description\" content=\"Role Name Phone Chair Pascale Legault 514 343-6372 Administrative Officer Linda D&#8217;Astous 514 343-6375 General Secretary Elisabeth Anne N\u00e9rette 514 343-6374 Student affairs \u2013 Undergraduate Studies Kathie Gierka 514 343-6111 [&hellip;]\" \/>\n<meta property=\"og:url\" content=\"https:\/\/biochimie.umontreal.ca\/en\/contact-us\/\" \/>\n<meta property=\"og:site_name\" content=\"D\u00e9partement de biochimie et m\u00e9decine mol\u00e9culaire\" \/>\n<meta property=\"article:modified_time\" content=\"2023-03-29T13:24:02+00:00\" \/>\n<meta name=\"twitter:card\" content=\"summary_large_image\" \/>\n<meta name=\"twitter:label1\" content=\"Est. reading time\" \/>\n\t<meta name=\"twitter:data1\" content=\"1 minute\" \/>\n<script type=\"application\/ld+json\" class=\"yoast-schema-graph\">{\"@context\":\"https:\/\/schema.org\",\"@graph\":[{\"@type\":\"WebPage\",\"@id\":\"https:\/\/biochimie.umontreal.ca\/en\/contact-us\/\",\"url\":\"https:\/\/biochimie.umontreal.ca\/en\/contact-us\/\",\"name\":\"Contact us - D\u00e9partement de biochimie et m\u00e9decine mol\u00e9culaire\",\"isPartOf\":{\"@id\":\"https:\/\/biochimie.umontreal.ca\/#website\"},\"datePublished\":\"2012-09-20T12:07:59+00:00\",\"dateModified\":\"2023-03-29T13:24:02+00:00\",\"breadcrumb\":{\"@id\":\"https:\/\/biochimie.umontreal.ca\/en\/contact-us\/#breadcrumb\"},\"inLanguage\":\"en-US\",\"potentialAction\":[{\"@type\":\"ReadAction\",\"target\":[\"https:\/\/biochimie.umontreal.ca\/en\/contact-us\/\"]}]},{\"@type\":\"BreadcrumbList\",\"@id\":\"https:\/\/biochimie.umontreal.ca\/en\/contact-us\/#breadcrumb\",\"itemListElement\":[{\"@type\":\"ListItem\",\"position\":1,\"name\":\"Accueil\",\"item\":\"https:\/\/biochimie.umontreal.ca\/en\/\"},{\"@type\":\"ListItem\",\"position\":2,\"name\":\"Contact us\"}]},{\"@type\":\"WebSite\",\"@id\":\"https:\/\/biochimie.umontreal.ca\/#website\",\"url\":\"https:\/\/biochimie.umontreal.ca\/\",\"name\":\"D\u00e9partement de biochimie et m\u00e9decine mol\u00e9culaire\",\"description\":\"\",\"potentialAction\":[{\"@type\":\"SearchAction\",\"target\":{\"@type\":\"EntryPoint\",\"urlTemplate\":\"https:\/\/biochimie.umontreal.ca\/?s={search_term_string}\"},\"query-input\":{\"@type\":\"PropertyValueSpecification\",\"valueRequired\":true,\"valueName\":\"search_term_string\"}}],\"inLanguage\":\"en-US\"}]}<\/script>\n<!-- \/ Yoast SEO plugin. -->","yoast_head_json":{"title":"Contact us - D\u00e9partement de biochimie et m\u00e9decine mol\u00e9culaire","robots":{"index":"index","follow":"follow","max-snippet":"max-snippet:-1","max-image-preview":"max-image-preview:large","max-video-preview":"max-video-preview:-1"},"canonical":"https:\/\/biochimie.umontreal.ca\/en\/contact-us\/","og_locale":"en_US","og_type":"article","og_title":"Contact us - D\u00e9partement de biochimie et m\u00e9decine mol\u00e9culaire","og_description":"Role Name Phone Chair Pascale Legault 514 343-6372 Administrative Officer Linda D&#8217;Astous 514 343-6375 General Secretary Elisabeth Anne N\u00e9rette 514 343-6374 Student affairs \u2013 Undergraduate Studies Kathie Gierka 514 343-6111 [&hellip;]","og_url":"https:\/\/biochimie.umontreal.ca\/en\/contact-us\/","og_site_name":"D\u00e9partement de biochimie et m\u00e9decine mol\u00e9culaire","article_modified_time":"2023-03-29T13:24:02+00:00","twitter_card":"summary_large_image","twitter_misc":{"Est. reading time":"1 minute"},"schema":{"@context":"https:\/\/schema.org","@graph":[{"@type":"WebPage","@id":"https:\/\/biochimie.umontreal.ca\/en\/contact-us\/","url":"https:\/\/biochimie.umontreal.ca\/en\/contact-us\/","name":"Contact us - D\u00e9partement de biochimie et m\u00e9decine mol\u00e9culaire","isPartOf":{"@id":"https:\/\/biochimie.umontreal.ca\/#website"},"datePublished":"2012-09-20T12:07:59+00:00","dateModified":"2023-03-29T13:24:02+00:00","breadcrumb":{"@id":"https:\/\/biochimie.umontreal.ca\/en\/contact-us\/#breadcrumb"},"inLanguage":"en-US","potentialAction":[{"@type":"ReadAction","target":["https:\/\/biochimie.umontreal.ca\/en\/contact-us\/"]}]},{"@type":"BreadcrumbList","@id":"https:\/\/biochimie.umontreal.ca\/en\/contact-us\/#breadcrumb","itemListElement":[{"@type":"ListItem","position":1,"name":"Accueil","item":"https:\/\/biochimie.umontreal.ca\/en\/"},{"@type":"ListItem","position":2,"name":"Contact us"}]},{"@type":"WebSite","@id":"https:\/\/biochimie.umontreal.ca\/#website","url":"https:\/\/biochimie.umontreal.ca\/","name":"D\u00e9partement de biochimie et m\u00e9decine mol\u00e9culaire","description":"","potentialAction":[{"@type":"SearchAction","target":{"@type":"EntryPoint","urlTemplate":"https:\/\/biochimie.umontreal.ca\/?s={search_term_string}"},"query-input":{"@type":"PropertyValueSpecification","valueRequired":true,"valueName":"search_term_string"}}],"inLanguage":"en-US"}]}},"_links":{"self":[{"href":"https:\/\/biochimie.umontreal.ca\/en\/wp-json\/wp\/v2\/pages\/2632","targetHints":{"allow":["GET"]}}],"collection":[{"href":"https:\/\/biochimie.umontreal.ca\/en\/wp-json\/wp\/v2\/pages"}],"about":[{"href":"https:\/\/biochimie.umontreal.ca\/en\/wp-json\/wp\/v2\/types\/page"}],"author":[{"embeddable":true,"href":"https:\/\/biochimie.umontreal.ca\/en\/wp-json\/wp\/v2\/users\/25"}],"replies":[{"embeddable":true,"href":"https:\/\/biochimie.umontreal.ca\/en\/wp-json\/wp\/v2\/comments?post=2632"}],"version-history":[{"count":15,"href":"https:\/\/biochimie.umontreal.ca\/en\/wp-json\/wp\/v2\/pages\/2632\/revisions"}],"predecessor-version":[{"id":23516,"href":"https:\/\/biochimie.umontreal.ca\/en\/wp-json\/wp\/v2\/pages\/2632\/revisions\/23516"}],"wp:attachment":[{"href":"https:\/\/biochimie.umontreal.ca\/en\/wp-json\/wp\/v2\/media?parent=2632"}],"curies":[{"name":"wp","href":"https:\/\/api.w.org\/{rel}","templated":true}]}}