{"id":21083,"date":"2016-04-27T17:08:07","date_gmt":"2016-04-27T16:08:07","guid":{"rendered":"https:\/\/biochimie.umontreal.ca\/department\/professeurs\/"},"modified":"2020-08-17T09:54:15","modified_gmt":"2020-08-17T13:54:15","slug":"professors","status":"publish","type":"page","link":"https:\/\/biochimie.umontreal.ca\/en\/department\/professors\/","title":{"rendered":"Professors"},"content":{"rendered":"<table id=\"vitrine-liste-prof\" class=\"search-table\" data-page-length=\"25\" >\n            \t<thead>\n\t                <tr><th class=\"selection no-sort\">Name<\/th><th class=\"no-mobile custom-select-filter no-sort\"><span class=\"label-select\">Job Title<\/span><select><option value=\"\">All<\/option><option value=\"13001\">Directrice de d\u00e9partement<\/option><option value=\"42011\">Professeur adjoint<\/option><option value=\"42006\">Professeur agr\u00e9g\u00e9<\/option><option value=\"42032\">Professeur associ\u00e9<\/option><option value=\"52070\">Professeur\/chercheur adjoint<\/option><option value=\"52071\">Professeur\/chercheur agr\u00e9g\u00e9<\/option><option value=\"52072\">Professeur\/chercheur titulaire<\/option><option value=\"42001\">Professeur titulaire<\/option><\/select><\/th><th class=\"no-mobile no-sort\" width=\"14%\" class=\"no-sort\">Email<\/th><\/tr><\/thead><tr><td data-order=\"Antakly Tony\"><a href=\"https:\/\/biochimie.umontreal.ca\/departement\/professeurs\/profil\/antakly-tony\/in14532\/\">Antakly, Tony<\/a><\/td><td class=\"no-mobile\" data-filter=\"42006\">Professeur agr\u00e9g\u00e9<\/td><td class=\"no-mobile\" align=\"center\"><a href=\"mailto:tony.antakly@umontreal.ca\">@<\/a><\/td><tr><td data-order=\"Archambault Vincent\"><a href=\"https:\/\/biochimie.umontreal.ca\/departement\/professeurs\/profil\/archambault-vincent\/in15168\/\">Archambault, Vincent<\/a><\/td><td class=\"no-mobile\" data-filter=\"42001\">Professeur titulaire<\/td><td class=\"no-mobile\" align=\"center\"><a href=\"mailto:vincent.archambault.1@umontreal.ca\">@<\/a><\/td><tr><td data-order=\"Bouvier Michel\"><a href=\"https:\/\/biochimie.umontreal.ca\/departement\/professeurs\/profil\/bouvier-michel\/in13619\/\">Bouvier, Michel<\/a><\/td><td class=\"no-mobile\" data-filter=\"42001\">Professeur titulaire<\/td><td class=\"no-mobile\" align=\"center\"><a href=\"mailto:michel.bouvier@umontreal.ca\">@<\/a><\/td><tr><td data-order=\"Burger Gertraud\"><a href=\"https:\/\/biochimie.umontreal.ca\/departement\/professeurs\/profil\/burger-gertraud\/in13686\/\">Burger, Gertraud<\/a><\/td><td class=\"no-mobile\" data-filter=\"42001\">Professeure titulaire<\/td><td class=\"no-mobile\" align=\"center\"><a href=\"mailto:gertraud.burger@umontreal.ca\">@<\/a><\/td><tr><td data-order=\"Chaker-Margot Malik\"><a href=\"https:\/\/biochimie.umontreal.ca\/departement\/professeurs\/profil\/chaker-margot-malik\/in35180\/\">Chaker-Margot, Malik<\/a><\/td><td class=\"no-mobile\" data-filter=\"42011\">Professeur adjoint<\/td><td class=\"no-mobile\" align=\"center\"><a href=\"mailto:malik.chaker-margot@umontreal.ca\">@<\/a><\/td><tr><td data-order=\"Chartrand Pascal\"><a href=\"https:\/\/biochimie.umontreal.ca\/departement\/professeurs\/profil\/chartrand-pascal\/in14535\/\">Chartrand, Pascal<\/a><\/td><td class=\"no-mobile\" data-filter=\"42001\">Professeur titulaire<\/td><td class=\"no-mobile\" align=\"center\"><a href=\"mailto:p.chartrand@umontreal.ca\">@<\/a><\/td><tr><td data-order=\"Chteinberg Serguei\"><a href=\"https:\/\/biochimie.umontreal.ca\/departement\/professeurs\/profil\/chteinberg-serguei\/in14297\/\">Chteinberg, Serguei<\/a><\/td><td class=\"no-mobile\" data-filter=\"42001\">Professeur titulaire<\/td><td class=\"no-mobile\" align=\"center\"><a href=\"mailto:serguei.chteinberg@umontreal.ca\">@<\/a><\/td><tr><td data-order=\"Coulombe Benoit\"><a href=\"https:\/\/biochimie.umontreal.ca\/departement\/professeurs\/profil\/coulombe-benoit\/in14302\/\">Coulombe, Benoit<\/a><\/td><td class=\"no-mobile\" data-filter=\"52072\">Professeur\/chercheur titulaire<\/td><td class=\"no-mobile\" align=\"center\"><a href=\"mailto:benoit.coulombe@umontreal.ca\">@<\/a><\/td><tr><td data-order=\"DesGroseillers Luc\"><a href=\"https:\/\/biochimie.umontreal.ca\/departement\/professeurs\/profil\/desgroseillers-luc\/in14327\/\">DesGroseillers, Luc<\/a><\/td><td class=\"no-mobile\" data-filter=\"42032\">Professeur associ\u00e9<\/td><td class=\"no-mobile\" align=\"center\"><a href=\"mailto:luc.desgroseillers@umontreal.ca\">@<\/a><\/td><tr><td data-order=\"Drouin Jacques\"><a href=\"https:\/\/biochimie.umontreal.ca\/departement\/professeurs\/profil\/drouin-jacques\/in14334\/\">Drouin, Jacques<\/a><\/td><td class=\"no-mobile\" data-filter=\"52072\">Professeur\/chercheur titulaire<\/td><td class=\"no-mobile\" align=\"center\"><a href=\"mailto:jacques.drouin@umontreal.ca\">@<\/a><\/td><tr><td data-order=\"Durocher Yves\"><a href=\"https:\/\/biochimie.umontreal.ca\/departement\/professeurs\/profil\/durocher-yves\/in15266\/\">Durocher, Yves<\/a><\/td><td class=\"no-mobile\" data-filter=\"42032\">Professeur associ\u00e9<\/td><td class=\"no-mobile\" align=\"center\"><a href=\"mailto:yves.durocher.1@umontreal.ca\">@<\/a><\/td><tr><td data-order=\"Ferbeyre Gerardo\"><a href=\"https:\/\/biochimie.umontreal.ca\/departement\/professeurs\/profil\/ferbeyre-gerardo\/in14346\/\">Ferbeyre, Gerardo<\/a><\/td><td class=\"no-mobile\" data-filter=\"42001\">Professeur titulaire<\/td><td class=\"no-mobile\" align=\"center\"><a href=\"mailto:g.ferbeyre@umontreal.ca\">@<\/a><\/td><tr><td data-order=\"Ferretti Vincent\"><a href=\"https:\/\/biochimie.umontreal.ca\/departement\/professeurs\/profil\/ferretti-vincent\/in31540\/\">Ferretti, Vincent<\/a><\/td><td class=\"no-mobile\" data-filter=\"52070\">Professeur\/chercheur adjoint<\/td><td class=\"no-mobile\" align=\"center\"><a href=\"mailto:vincent.ferretti@umontreal.ca\">@<\/a><\/td><tr><td data-order=\"Francis Nicole\"><a href=\"https:\/\/biochimie.umontreal.ca\/departement\/professeurs\/profil\/francis-nicole\/in18906\/\">Francis, Nicole<\/a><\/td><td class=\"no-mobile\" data-filter=\"52071\">Professeure\/chercheuse agr\u00e9g\u00e9e<\/td><td class=\"no-mobile\" align=\"center\"><a href=\"mailto:nicole.francis@umontreal.ca\">@<\/a><\/td><tr><td data-order=\"Francois Paul\"><a href=\"https:\/\/biochimie.umontreal.ca\/departement\/professeurs\/profil\/francois-paul\/in35548\/\">Fran\u00e7ois, Paul<\/a><\/td><td class=\"no-mobile\" data-filter=\"42001\">Professeur titulaire<\/td><td class=\"no-mobile\" align=\"center\"><a href=\"mailto:paul.francois@umontreal.ca\">@<\/a><\/td><tr><td data-order=\"Grandvaux Nathalie\"><a href=\"https:\/\/biochimie.umontreal.ca\/departement\/professeurs\/profil\/grandvaux-nathalie\/in14847\/\">Grandvaux, Nathalie<\/a><\/td><td class=\"no-mobile\" data-filter=\"42001\">Professeure titulaire<\/td><td class=\"no-mobile\" align=\"center\"><a href=\"mailto:nathalie.grandvaux@umontreal.ca\">@<\/a><\/td><tr><td data-order=\"Heveker Nikolaus\"><a href=\"https:\/\/biochimie.umontreal.ca\/departement\/professeurs\/profil\/heveker-nikolaus\/in15306\/\">Heveker, Nikolaus<\/a><\/td><td class=\"no-mobile\" data-filter=\"42001\">Professeur titulaire<\/td><td class=\"no-mobile\" align=\"center\"><a href=\"mailto:nikolaus.heveker@umontreal.ca\">@<\/a><\/td><tr><td data-order=\"Lalanne Jean-Benoit\"><a href=\"https:\/\/biochimie.umontreal.ca\/departement\/professeurs\/profil\/lalanne-jean-benoit\/in38068\/\">Lalanne, Jean-Beno\u00eet<\/a><\/td><td class=\"no-mobile\" data-filter=\"42011\">Professeur adjoint<\/td><td class=\"no-mobile\" align=\"center\"><a href=\"mailto:jean-benoit.lalanne@umontreal.ca\">@<\/a><\/td><tr><td data-order=\"Lang Bernd Franz\"><a href=\"https:\/\/biochimie.umontreal.ca\/departement\/professeurs\/profil\/lang-bernd-franz\/in14104\/\">Lang, Bernd Franz<\/a><\/td><td class=\"no-mobile\" data-filter=\"42001\">Professeur titulaire<\/td><td class=\"no-mobile\" align=\"center\"><a href=\"mailto:franz.lang@umontreal.ca\">@<\/a><\/td><tr><td data-order=\"Lecuyer Eric\"><a href=\"https:\/\/biochimie.umontreal.ca\/departement\/professeurs\/profil\/lecuyer-eric\/in15349\/\">L\u00e9cuyer, \u00c9ric<\/a><\/td><td class=\"no-mobile\" data-filter=\"52072\">Professeur\/chercheur titulaire<\/td><td class=\"no-mobile\" align=\"center\"><a href=\"mailto:eric.lecuyer@umontreal.ca\">@<\/a><\/td><tr><td data-order=\"Legault Pascale\"><a href=\"https:\/\/biochimie.umontreal.ca\/departement\/professeurs\/profil\/legault-pascale\/in14566\/\">Legault, Pascale<\/a><\/td><td class=\"no-mobile\" data-filter=\"13001\">Directrice de d\u00e9partement<\/td><td class=\"no-mobile\" align=\"center\"><a href=\"mailto:pascale.legault@umontreal.ca\">@<\/a><\/td><tr><td data-order=\"Lemieux Sebastien\"><a href=\"https:\/\/biochimie.umontreal.ca\/departement\/professeurs\/profil\/lemieux-sebastien\/in15353\/\">Lemieux, S\u00e9bastien<\/a><\/td><td class=\"no-mobile\" data-filter=\"42006\">Professeur agr\u00e9g\u00e9<\/td><td class=\"no-mobile\" align=\"center\"><a href=\"mailto:s.lemieux@umontreal.ca\">@<\/a><\/td><tr><td data-order=\"Mader Sylvie\"><a href=\"https:\/\/biochimie.umontreal.ca\/departement\/professeurs\/profil\/mader-sylvie\/in14424\/\">Mader, Sylvie<\/a><\/td><td class=\"no-mobile\" data-filter=\"42001\">Professeure titulaire<\/td><td class=\"no-mobile\" align=\"center\"><a href=\"mailto:sylvie.mader@umontreal.ca\">@<\/a><\/td><tr><td data-order=\"Malleshaiah Mohan\"><a href=\"https:\/\/biochimie.umontreal.ca\/departement\/professeurs\/profil\/malleshaiah-mohan\/in29414\/\">Malleshaiah, Mohan<\/a><\/td><td class=\"no-mobile\" data-filter=\"52071\">Professeur\/chercheur agr\u00e9g\u00e9<\/td><td class=\"no-mobile\" align=\"center\"><a href=\"mailto:mk.malleshaiah@umontreal.ca\">@<\/a><\/td><tr><td data-order=\"Michnick Stephen\"><a href=\"https:\/\/biochimie.umontreal.ca\/departement\/professeurs\/profil\/michnick-stephen\/in13651\/\">Michnick, Stephen<\/a><\/td><td class=\"no-mobile\" data-filter=\"42001\">Professeur titulaire<\/td><td class=\"no-mobile\" align=\"center\"><a href=\"mailto:stephen.michnick@umontreal.ca\">@<\/a><\/td><tr><td data-order=\"Moreau Alain\"><a href=\"https:\/\/biochimie.umontreal.ca\/departement\/professeurs\/profil\/moreau-alain\/in14439\/\">Moreau, Alain<\/a><\/td><td class=\"no-mobile\" data-filter=\"42001\">Professeur titulaire<\/td><td class=\"no-mobile\" align=\"center\"><a href=\"mailto:alain.moreau@umontreal.ca\">@<\/a><\/td><tr><td data-order=\"Moreira Sandrine\"><a href=\"https:\/\/biochimie.umontreal.ca\/departement\/professeurs\/profil\/moreira-sandrine\/in38361\/\">Moreira, Sandrine<\/a><\/td><td class=\"no-mobile\" data-filter=\"42032\">Professeure associ\u00e9e<\/td><td class=\"no-mobile\" align=\"center\"><a href=\"mailto:sandrine.moreira@umontreal.ca\">@<\/a><\/td><tr><td data-order=\"Oeffinger Marlene\"><a href=\"https:\/\/biochimie.umontreal.ca\/departement\/professeurs\/profil\/oeffinger-marlene\/in15402\/\">Oeffinger, Marlene<\/a><\/td><td class=\"no-mobile\" data-filter=\"52071\">Professeure\/chercheuse agr\u00e9g\u00e9e<\/td><td class=\"no-mobile\" align=\"center\"><a href=\"mailto:marlene.oeffinger@umontreal.ca\">@<\/a><\/td><tr><td data-order=\"Omichinski James G.\"><a href=\"https:\/\/biochimie.umontreal.ca\/departement\/professeurs\/profil\/omichinski-james-g\/in15404\/\">Omichinski, James G.<\/a><\/td><td class=\"no-mobile\" data-filter=\"42001\">Professeur titulaire<\/td><td class=\"no-mobile\" align=\"center\"><a href=\"mailto:jg.omichinski@umontreal.ca\">@<\/a><\/td><tr><td data-order=\"Pascal John\"><a href=\"https:\/\/biochimie.umontreal.ca\/departement\/professeurs\/profil\/pascal-john\/in19808\/\">Pascal, John<\/a><\/td><td class=\"no-mobile\" data-filter=\"42001\">Professeur titulaire<\/td><td class=\"no-mobile\" align=\"center\"><a href=\"mailto:john.pascal@umontreal.ca\">@<\/a><\/td><tr><td data-order=\"Roden Christine\"><a href=\"https:\/\/biochimie.umontreal.ca\/departement\/professeurs\/profil\/roden-christine\/in37755\/\">Roden, Christine<\/a><\/td><td class=\"no-mobile\" data-filter=\"42011\">Professeure adjointe<\/td><td class=\"no-mobile\" align=\"center\"><a href=\"mailto:christine.roden@umontreal.ca\">@<\/a><\/td><tr><td data-order=\"Sauvageau Martin\"><a href=\"https:\/\/biochimie.umontreal.ca\/departement\/professeurs\/profil\/sauvageau-martin\/in29106\/\">Sauvageau, Martin<\/a><\/td><td class=\"no-mobile\" data-filter=\"52070\">Professeur\/chercheur adjoint<\/td><td class=\"no-mobile\" align=\"center\"><a href=\"mailto:martin.sauvageau@umontreal.ca\">@<\/a><\/td><tr><td data-order=\"Serohijos Adrian\"><a href=\"https:\/\/biochimie.umontreal.ca\/departement\/professeurs\/profil\/serohijos-adrian\/in19807\/\">Serohijos, Adrian<\/a><\/td><td class=\"no-mobile\" data-filter=\"42006\">Professeur agr\u00e9g\u00e9<\/td><td class=\"no-mobile\" align=\"center\"><a href=\"mailto:adrian.serohijos@umontreal.ca\">@<\/a><\/td><tr><td data-order=\"Smith Martin\"><a href=\"https:\/\/biochimie.umontreal.ca\/departement\/professeurs\/profil\/smith-martin\/in31740\/\">Smith, Martin<\/a><\/td><td class=\"no-mobile\" data-filter=\"42032\">Professeur associ\u00e9<\/td><td class=\"no-mobile\" align=\"center\"><a href=\"mailto:martin.smith@umontreal.ca\">@<\/a><\/td><tr><td data-order=\"Strauss Mike\"><a href=\"https:\/\/biochimie.umontreal.ca\/departement\/professeurs\/profil\/strauss-mike\/in38745\/\">Strauss, Mike<\/a><\/td><td class=\"no-mobile\" data-filter=\"42006\">Professeur agr\u00e9g\u00e9<\/td><td class=\"no-mobile\" align=\"center\"><\/td><tr><td data-order=\"Sygusch Jurgen\"><a href=\"https:\/\/biochimie.umontreal.ca\/departement\/professeurs\/profil\/sygusch-jurgen\/in13580\/\">Sygusch, Jurgen<\/a><\/td><td class=\"no-mobile\" data-filter=\"42032\">Professeur associ\u00e9<\/td><td class=\"no-mobile\" align=\"center\"><a href=\"mailto:jurgen.sygusch@umontreal.ca\">@<\/a><\/td><tr><td data-order=\"Zenklusen Daniel\"><a href=\"https:\/\/biochimie.umontreal.ca\/departement\/professeurs\/profil\/zenklusen-daniel\/in15458\/\">Zenklusen, Daniel<\/a><\/td><td class=\"no-mobile\" data-filter=\"42001\">Professeur titulaire<\/td><td class=\"no-mobile\" align=\"center\"><a href=\"mailto:daniel.r.zenklusen@umontreal.ca\">@<\/a><\/td><\/table>\n","protected":false},"excerpt":{"rendered":"","protected":false},"author":25,"featured_media":24586,"parent":11439,"menu_order":0,"comment_status":"closed","ping_status":"closed","template":"","meta":{"footnotes":""},"class_list":["post-21083","page","type-page","status-publish","has-post-thumbnail","hentry"],"yoast_head":"<!-- This site is optimized with the Yoast SEO plugin v25.0 - https:\/\/yoast.com\/wordpress\/plugins\/seo\/ -->\n<title>Professors - D\u00e9partement de biochimie et m\u00e9decine mol\u00e9culaire<\/title>\n<meta name=\"robots\" content=\"index, follow, max-snippet:-1, max-image-preview:large, max-video-preview:-1\" \/>\n<link rel=\"canonical\" href=\"https:\/\/biochimie.umontreal.ca\/en\/department\/professors\/\" \/>\n<meta property=\"og:locale\" content=\"en_US\" \/>\n<meta property=\"og:type\" content=\"article\" \/>\n<meta property=\"og:title\" content=\"Professors - D\u00e9partement de biochimie et m\u00e9decine mol\u00e9culaire\" \/>\n<meta property=\"og:url\" content=\"https:\/\/biochimie.umontreal.ca\/en\/department\/professors\/\" \/>\n<meta property=\"og:site_name\" content=\"D\u00e9partement de biochimie et m\u00e9decine mol\u00e9culaire\" \/>\n<meta property=\"article:modified_time\" content=\"2020-08-17T13:54:15+00:00\" \/>\n<meta name=\"twitter:card\" content=\"summary_large_image\" \/>\n<script type=\"application\/ld+json\" class=\"yoast-schema-graph\">{\"@context\":\"https:\/\/schema.org\",\"@graph\":[{\"@type\":\"WebPage\",\"@id\":\"https:\/\/biochimie.umontreal.ca\/en\/department\/professors\/\",\"url\":\"https:\/\/biochimie.umontreal.ca\/en\/department\/professors\/\",\"name\":\"Professors - D\u00e9partement de biochimie et m\u00e9decine mol\u00e9culaire\",\"isPartOf\":{\"@id\":\"https:\/\/biochimie.umontreal.ca\/#website\"},\"primaryImageOfPage\":{\"@id\":\"https:\/\/biochimie.umontreal.ca\/en\/department\/professors\/#primaryimage\"},\"image\":{\"@id\":\"https:\/\/biochimie.umontreal.ca\/en\/department\/professors\/#primaryimage\"},\"thumbnailUrl\":\"https:\/\/biochimie.umontreal.ca\/wp-content\/uploads\/sites\/37\/2016\/08\/professeurs.jpg\",\"datePublished\":\"2016-04-27T16:08:07+00:00\",\"dateModified\":\"2020-08-17T13:54:15+00:00\",\"breadcrumb\":{\"@id\":\"https:\/\/biochimie.umontreal.ca\/en\/department\/professors\/#breadcrumb\"},\"inLanguage\":\"en-US\",\"potentialAction\":[{\"@type\":\"ReadAction\",\"target\":[\"https:\/\/biochimie.umontreal.ca\/en\/department\/professors\/\"]}]},{\"@type\":\"ImageObject\",\"inLanguage\":\"en-US\",\"@id\":\"https:\/\/biochimie.umontreal.ca\/en\/department\/professors\/#primaryimage\",\"url\":\"https:\/\/biochimie.umontreal.ca\/wp-content\/uploads\/sites\/37\/2016\/08\/professeurs.jpg\",\"contentUrl\":\"https:\/\/biochimie.umontreal.ca\/wp-content\/uploads\/sites\/37\/2016\/08\/professeurs.jpg\",\"width\":350,\"height\":350},{\"@type\":\"BreadcrumbList\",\"@id\":\"https:\/\/biochimie.umontreal.ca\/en\/department\/professors\/#breadcrumb\",\"itemListElement\":[{\"@type\":\"ListItem\",\"position\":1,\"name\":\"Accueil\",\"item\":\"https:\/\/biochimie.umontreal.ca\/en\/\"},{\"@type\":\"ListItem\",\"position\":2,\"name\":\"Department\",\"item\":\"https:\/\/biochimie.umontreal.ca\/en\/department\/\"},{\"@type\":\"ListItem\",\"position\":3,\"name\":\"Professors\"}]},{\"@type\":\"WebSite\",\"@id\":\"https:\/\/biochimie.umontreal.ca\/#website\",\"url\":\"https:\/\/biochimie.umontreal.ca\/\",\"name\":\"D\u00e9partement de biochimie et m\u00e9decine mol\u00e9culaire\",\"description\":\"\",\"potentialAction\":[{\"@type\":\"SearchAction\",\"target\":{\"@type\":\"EntryPoint\",\"urlTemplate\":\"https:\/\/biochimie.umontreal.ca\/?s={search_term_string}\"},\"query-input\":{\"@type\":\"PropertyValueSpecification\",\"valueRequired\":true,\"valueName\":\"search_term_string\"}}],\"inLanguage\":\"en-US\"}]}<\/script>\n<!-- \/ Yoast SEO plugin. -->","yoast_head_json":{"title":"Professors - D\u00e9partement de biochimie et m\u00e9decine mol\u00e9culaire","robots":{"index":"index","follow":"follow","max-snippet":"max-snippet:-1","max-image-preview":"max-image-preview:large","max-video-preview":"max-video-preview:-1"},"canonical":"https:\/\/biochimie.umontreal.ca\/en\/department\/professors\/","og_locale":"en_US","og_type":"article","og_title":"Professors - D\u00e9partement de biochimie et m\u00e9decine mol\u00e9culaire","og_url":"https:\/\/biochimie.umontreal.ca\/en\/department\/professors\/","og_site_name":"D\u00e9partement de biochimie et m\u00e9decine mol\u00e9culaire","article_modified_time":"2020-08-17T13:54:15+00:00","twitter_card":"summary_large_image","schema":{"@context":"https:\/\/schema.org","@graph":[{"@type":"WebPage","@id":"https:\/\/biochimie.umontreal.ca\/en\/department\/professors\/","url":"https:\/\/biochimie.umontreal.ca\/en\/department\/professors\/","name":"Professors - D\u00e9partement de biochimie et m\u00e9decine mol\u00e9culaire","isPartOf":{"@id":"https:\/\/biochimie.umontreal.ca\/#website"},"primaryImageOfPage":{"@id":"https:\/\/biochimie.umontreal.ca\/en\/department\/professors\/#primaryimage"},"image":{"@id":"https:\/\/biochimie.umontreal.ca\/en\/department\/professors\/#primaryimage"},"thumbnailUrl":"https:\/\/biochimie.umontreal.ca\/wp-content\/uploads\/sites\/37\/2016\/08\/professeurs.jpg","datePublished":"2016-04-27T16:08:07+00:00","dateModified":"2020-08-17T13:54:15+00:00","breadcrumb":{"@id":"https:\/\/biochimie.umontreal.ca\/en\/department\/professors\/#breadcrumb"},"inLanguage":"en-US","potentialAction":[{"@type":"ReadAction","target":["https:\/\/biochimie.umontreal.ca\/en\/department\/professors\/"]}]},{"@type":"ImageObject","inLanguage":"en-US","@id":"https:\/\/biochimie.umontreal.ca\/en\/department\/professors\/#primaryimage","url":"https:\/\/biochimie.umontreal.ca\/wp-content\/uploads\/sites\/37\/2016\/08\/professeurs.jpg","contentUrl":"https:\/\/biochimie.umontreal.ca\/wp-content\/uploads\/sites\/37\/2016\/08\/professeurs.jpg","width":350,"height":350},{"@type":"BreadcrumbList","@id":"https:\/\/biochimie.umontreal.ca\/en\/department\/professors\/#breadcrumb","itemListElement":[{"@type":"ListItem","position":1,"name":"Accueil","item":"https:\/\/biochimie.umontreal.ca\/en\/"},{"@type":"ListItem","position":2,"name":"Department","item":"https:\/\/biochimie.umontreal.ca\/en\/department\/"},{"@type":"ListItem","position":3,"name":"Professors"}]},{"@type":"WebSite","@id":"https:\/\/biochimie.umontreal.ca\/#website","url":"https:\/\/biochimie.umontreal.ca\/","name":"D\u00e9partement de biochimie et m\u00e9decine mol\u00e9culaire","description":"","potentialAction":[{"@type":"SearchAction","target":{"@type":"EntryPoint","urlTemplate":"https:\/\/biochimie.umontreal.ca\/?s={search_term_string}"},"query-input":{"@type":"PropertyValueSpecification","valueRequired":true,"valueName":"search_term_string"}}],"inLanguage":"en-US"}]}},"_links":{"self":[{"href":"https:\/\/biochimie.umontreal.ca\/en\/wp-json\/wp\/v2\/pages\/21083","targetHints":{"allow":["GET"]}}],"collection":[{"href":"https:\/\/biochimie.umontreal.ca\/en\/wp-json\/wp\/v2\/pages"}],"about":[{"href":"https:\/\/biochimie.umontreal.ca\/en\/wp-json\/wp\/v2\/types\/page"}],"author":[{"embeddable":true,"href":"https:\/\/biochimie.umontreal.ca\/en\/wp-json\/wp\/v2\/users\/25"}],"replies":[{"embeddable":true,"href":"https:\/\/biochimie.umontreal.ca\/en\/wp-json\/wp\/v2\/comments?post=21083"}],"version-history":[{"count":2,"href":"https:\/\/biochimie.umontreal.ca\/en\/wp-json\/wp\/v2\/pages\/21083\/revisions"}],"predecessor-version":[{"id":21086,"href":"https:\/\/biochimie.umontreal.ca\/en\/wp-json\/wp\/v2\/pages\/21083\/revisions\/21086"}],"up":[{"embeddable":true,"href":"https:\/\/biochimie.umontreal.ca\/en\/wp-json\/wp\/v2\/pages\/11439"}],"wp:featuredmedia":[{"embeddable":true,"href":"https:\/\/biochimie.umontreal.ca\/en\/wp-json\/wp\/v2\/media\/24586"}],"wp:attachment":[{"href":"https:\/\/biochimie.umontreal.ca\/en\/wp-json\/wp\/v2\/media?parent=21083"}],"curies":[{"name":"wp","href":"https:\/\/api.w.org\/{rel}","templated":true}]}}