{"id":20134,"date":"2019-10-16T13:44:24","date_gmt":"2019-10-16T17:44:24","guid":{"rendered":"https:\/\/biochimie.umontreal.ca\/?page_id=20134"},"modified":"2022-07-19T15:21:58","modified_gmt":"2022-07-19T19:21:58","slug":"structural-biology","status":"publish","type":"page","link":"https:\/\/biochimie.umontreal.ca\/en\/scientific-platforms-bmm\/structural-biology\/","title":{"rendered":"Structural Biology"},"content":{"rendered":"<p><a href=\"https:\/\/medecine.umontreal.ca\/2019\/05\/07\/symposium-de-biologie-structurale-inauguration-dune-plateforme-scientifique-dimportance\/\"><strong>1st symposium on structural biology &#8211; Inauguration of the platform<\/strong><\/a><\/p>\n<div class=\"one-third first \">\n<p><a href=\"https:\/\/biochimie.umontreal.ca\/en\/bmm-scientific-platforms\/structural-biology\/biomolecular-nmr\/\"><img loading=\"lazy\" decoding=\"async\" class=\"alignnone wp-image-19860\" alt=\"\" src=\"https:\/\/biochimie.umontreal.ca\/wp-content\/uploads\/sites\/37\/2019\/08\/tuile_rmn_biomol\u00e9culaire_en_250px.png\" width=\"220\" height=\"220\" srcset=\"https:\/\/biochimie.umontreal.ca\/wp-content\/uploads\/sites\/37\/2019\/08\/tuile_rmn_biomol\u00e9culaire_en_250px.png 250w, https:\/\/biochimie.umontreal.ca\/wp-content\/uploads\/sites\/37\/2019\/08\/tuile_rmn_biomol\u00e9culaire_en_250px-150x150.png 150w\" sizes=\"auto, (max-width: 220px) 100vw, 220px\" \/><\/a><\/p>\n<\/div>\n<div class=\"one-third  \">\n<p><a href=\"https:\/\/biochimie.umontreal.ca\/en\/bmm-scientific-platforms\/structural-biology\/biosaxs\/\"><img loading=\"lazy\" decoding=\"async\" class=\"alignnone wp-image-18570\" alt=\"\" src=\"https:\/\/biochimie.umontreal.ca\/wp-content\/uploads\/sites\/37\/2018\/11\/biosaxs-450x445.png\" width=\"220\" height=\"218\" srcset=\"https:\/\/biochimie.umontreal.ca\/wp-content\/uploads\/sites\/37\/2018\/11\/biosaxs-450x445.png 450w, https:\/\/biochimie.umontreal.ca\/wp-content\/uploads\/sites\/37\/2018\/11\/biosaxs-150x150.png 150w, https:\/\/biochimie.umontreal.ca\/wp-content\/uploads\/sites\/37\/2018\/11\/biosaxs-610x604.png 610w, https:\/\/biochimie.umontreal.ca\/wp-content\/uploads\/sites\/37\/2018\/11\/biosaxs.png 688w\" sizes=\"auto, (max-width: 220px) 100vw, 220px\" \/><\/a><br \/>\n<\/div>\n<div class=\"one-third  \">\n<p><img loading=\"lazy\" decoding=\"async\" class=\"alignnone wp-image-19861\" alt=\"\" src=\"https:\/\/biochimie.umontreal.ca\/wp-content\/uploads\/sites\/37\/2019\/08\/tuile_cristallographie_en_250px.png\" width=\"220\" height=\"220\" \/><\/p>\n<\/div>\n<p style=\"text-align: center\"><a href=\"https:\/\/wiki.umontreal.ca\/display\/BiologieStructurale\">WIKI<\/a><\/p>\n<p style=\"text-align: justify\">An acknowledgement of funding sources must appear on all publications resulting from the use of the Structural Biology Platform facilities, whether or not they are copyrighted. The following text must be used:<\/p>\n<p style=\"text-align: justify\"><em>This work is based upon research conducted at the Structural Biology Platform of the Universite\u0301 de Montre\u0301al. The Platform was funded and is currently supported by the Canadian Foundation for Innovation award #30574. <\/em><\/p>\n<p style=\"text-align: justify\">If space is limited, this abbreviated text may be used:<\/p>\n<p style=\"text-align: justify\"><em>The UdeM Structural Biology Platform is supported by the CFI award #30574.<\/em><\/p>\n<p>&nbsp;<\/p>\n","protected":false},"excerpt":{"rendered":"<p>1st symposium on structural biology &#8211; Inauguration of the platform WIKI An acknowledgement of funding sources must appear on all publications resulting from the use of the Structural Biology Platform [&hellip;]<\/p>\n","protected":false},"author":92,"featured_media":0,"parent":20131,"menu_order":0,"comment_status":"closed","ping_status":"closed","template":"","meta":{"footnotes":""},"class_list":["post-20134","page","type-page","status-publish","hentry"],"yoast_head":"<!-- This site is optimized with the Yoast SEO plugin v25.0 - https:\/\/yoast.com\/wordpress\/plugins\/seo\/ -->\n<title>Structural Biology - D\u00e9partement de biochimie et m\u00e9decine mol\u00e9culaire<\/title>\n<meta name=\"robots\" content=\"index, follow, max-snippet:-1, max-image-preview:large, max-video-preview:-1\" \/>\n<link rel=\"canonical\" href=\"https:\/\/biochimie.umontreal.ca\/en\/scientific-platforms-bmm\/structural-biology\/\" \/>\n<meta property=\"og:locale\" content=\"en_US\" \/>\n<meta property=\"og:type\" content=\"article\" \/>\n<meta property=\"og:title\" content=\"Structural Biology - D\u00e9partement de biochimie et m\u00e9decine mol\u00e9culaire\" \/>\n<meta property=\"og:description\" content=\"1st symposium on structural biology &#8211; Inauguration of the platform WIKI An acknowledgement of funding sources must appear on all publications resulting from the use of the Structural Biology Platform [&hellip;]\" \/>\n<meta property=\"og:url\" content=\"https:\/\/biochimie.umontreal.ca\/en\/scientific-platforms-bmm\/structural-biology\/\" \/>\n<meta property=\"og:site_name\" content=\"D\u00e9partement de biochimie et m\u00e9decine mol\u00e9culaire\" \/>\n<meta property=\"article:modified_time\" content=\"2022-07-19T19:21:58+00:00\" \/>\n<meta property=\"og:image\" content=\"https:\/\/biochimie.umontreal.ca\/wp-content\/uploads\/sites\/37\/2018\/11\/biosaxs-450x445.png\" \/>\n<meta name=\"twitter:card\" content=\"summary_large_image\" \/>\n<meta name=\"twitter:label1\" content=\"Est. reading time\" \/>\n\t<meta name=\"twitter:data1\" content=\"1 minute\" \/>\n<script type=\"application\/ld+json\" class=\"yoast-schema-graph\">{\"@context\":\"https:\/\/schema.org\",\"@graph\":[{\"@type\":\"WebPage\",\"@id\":\"https:\/\/biochimie.umontreal.ca\/en\/scientific-platforms-bmm\/structural-biology\/\",\"url\":\"https:\/\/biochimie.umontreal.ca\/en\/scientific-platforms-bmm\/structural-biology\/\",\"name\":\"Structural Biology - D\u00e9partement de biochimie et m\u00e9decine mol\u00e9culaire\",\"isPartOf\":{\"@id\":\"https:\/\/biochimie.umontreal.ca\/#website\"},\"primaryImageOfPage\":{\"@id\":\"https:\/\/biochimie.umontreal.ca\/en\/scientific-platforms-bmm\/structural-biology\/#primaryimage\"},\"image\":{\"@id\":\"https:\/\/biochimie.umontreal.ca\/en\/scientific-platforms-bmm\/structural-biology\/#primaryimage\"},\"thumbnailUrl\":\"https:\/\/biochimie.umontreal.ca\/wp-content\/uploads\/sites\/37\/2018\/11\/biosaxs-450x445.png\",\"datePublished\":\"2019-10-16T17:44:24+00:00\",\"dateModified\":\"2022-07-19T19:21:58+00:00\",\"breadcrumb\":{\"@id\":\"https:\/\/biochimie.umontreal.ca\/en\/scientific-platforms-bmm\/structural-biology\/#breadcrumb\"},\"inLanguage\":\"en-US\",\"potentialAction\":[{\"@type\":\"ReadAction\",\"target\":[\"https:\/\/biochimie.umontreal.ca\/en\/scientific-platforms-bmm\/structural-biology\/\"]}]},{\"@type\":\"ImageObject\",\"inLanguage\":\"en-US\",\"@id\":\"https:\/\/biochimie.umontreal.ca\/en\/scientific-platforms-bmm\/structural-biology\/#primaryimage\",\"url\":\"https:\/\/biochimie.umontreal.ca\/wp-content\/uploads\/sites\/37\/2018\/11\/biosaxs-450x445.png\",\"contentUrl\":\"https:\/\/biochimie.umontreal.ca\/wp-content\/uploads\/sites\/37\/2018\/11\/biosaxs-450x445.png\"},{\"@type\":\"BreadcrumbList\",\"@id\":\"https:\/\/biochimie.umontreal.ca\/en\/scientific-platforms-bmm\/structural-biology\/#breadcrumb\",\"itemListElement\":[{\"@type\":\"ListItem\",\"position\":1,\"name\":\"Accueil\",\"item\":\"https:\/\/biochimie.umontreal.ca\/en\/\"},{\"@type\":\"ListItem\",\"position\":2,\"name\":\"Scientific Platforms BMM\",\"item\":\"https:\/\/biochimie.umontreal.ca\/en\/scientific-platforms-bmm\/\"},{\"@type\":\"ListItem\",\"position\":3,\"name\":\"Structural Biology\"}]},{\"@type\":\"WebSite\",\"@id\":\"https:\/\/biochimie.umontreal.ca\/#website\",\"url\":\"https:\/\/biochimie.umontreal.ca\/\",\"name\":\"D\u00e9partement de biochimie et m\u00e9decine mol\u00e9culaire\",\"description\":\"\",\"potentialAction\":[{\"@type\":\"SearchAction\",\"target\":{\"@type\":\"EntryPoint\",\"urlTemplate\":\"https:\/\/biochimie.umontreal.ca\/?s={search_term_string}\"},\"query-input\":{\"@type\":\"PropertyValueSpecification\",\"valueRequired\":true,\"valueName\":\"search_term_string\"}}],\"inLanguage\":\"en-US\"}]}<\/script>\n<!-- \/ Yoast SEO plugin. -->","yoast_head_json":{"title":"Structural Biology - D\u00e9partement de biochimie et m\u00e9decine mol\u00e9culaire","robots":{"index":"index","follow":"follow","max-snippet":"max-snippet:-1","max-image-preview":"max-image-preview:large","max-video-preview":"max-video-preview:-1"},"canonical":"https:\/\/biochimie.umontreal.ca\/en\/scientific-platforms-bmm\/structural-biology\/","og_locale":"en_US","og_type":"article","og_title":"Structural Biology - D\u00e9partement de biochimie et m\u00e9decine mol\u00e9culaire","og_description":"1st symposium on structural biology &#8211; Inauguration of the platform WIKI An acknowledgement of funding sources must appear on all publications resulting from the use of the Structural Biology Platform [&hellip;]","og_url":"https:\/\/biochimie.umontreal.ca\/en\/scientific-platforms-bmm\/structural-biology\/","og_site_name":"D\u00e9partement de biochimie et m\u00e9decine mol\u00e9culaire","article_modified_time":"2022-07-19T19:21:58+00:00","og_image":[{"url":"https:\/\/biochimie.umontreal.ca\/wp-content\/uploads\/sites\/37\/2018\/11\/biosaxs-450x445.png","type":"","width":"","height":""}],"twitter_card":"summary_large_image","twitter_misc":{"Est. reading time":"1 minute"},"schema":{"@context":"https:\/\/schema.org","@graph":[{"@type":"WebPage","@id":"https:\/\/biochimie.umontreal.ca\/en\/scientific-platforms-bmm\/structural-biology\/","url":"https:\/\/biochimie.umontreal.ca\/en\/scientific-platforms-bmm\/structural-biology\/","name":"Structural Biology - D\u00e9partement de biochimie et m\u00e9decine mol\u00e9culaire","isPartOf":{"@id":"https:\/\/biochimie.umontreal.ca\/#website"},"primaryImageOfPage":{"@id":"https:\/\/biochimie.umontreal.ca\/en\/scientific-platforms-bmm\/structural-biology\/#primaryimage"},"image":{"@id":"https:\/\/biochimie.umontreal.ca\/en\/scientific-platforms-bmm\/structural-biology\/#primaryimage"},"thumbnailUrl":"https:\/\/biochimie.umontreal.ca\/wp-content\/uploads\/sites\/37\/2018\/11\/biosaxs-450x445.png","datePublished":"2019-10-16T17:44:24+00:00","dateModified":"2022-07-19T19:21:58+00:00","breadcrumb":{"@id":"https:\/\/biochimie.umontreal.ca\/en\/scientific-platforms-bmm\/structural-biology\/#breadcrumb"},"inLanguage":"en-US","potentialAction":[{"@type":"ReadAction","target":["https:\/\/biochimie.umontreal.ca\/en\/scientific-platforms-bmm\/structural-biology\/"]}]},{"@type":"ImageObject","inLanguage":"en-US","@id":"https:\/\/biochimie.umontreal.ca\/en\/scientific-platforms-bmm\/structural-biology\/#primaryimage","url":"https:\/\/biochimie.umontreal.ca\/wp-content\/uploads\/sites\/37\/2018\/11\/biosaxs-450x445.png","contentUrl":"https:\/\/biochimie.umontreal.ca\/wp-content\/uploads\/sites\/37\/2018\/11\/biosaxs-450x445.png"},{"@type":"BreadcrumbList","@id":"https:\/\/biochimie.umontreal.ca\/en\/scientific-platforms-bmm\/structural-biology\/#breadcrumb","itemListElement":[{"@type":"ListItem","position":1,"name":"Accueil","item":"https:\/\/biochimie.umontreal.ca\/en\/"},{"@type":"ListItem","position":2,"name":"Scientific Platforms BMM","item":"https:\/\/biochimie.umontreal.ca\/en\/scientific-platforms-bmm\/"},{"@type":"ListItem","position":3,"name":"Structural Biology"}]},{"@type":"WebSite","@id":"https:\/\/biochimie.umontreal.ca\/#website","url":"https:\/\/biochimie.umontreal.ca\/","name":"D\u00e9partement de biochimie et m\u00e9decine mol\u00e9culaire","description":"","potentialAction":[{"@type":"SearchAction","target":{"@type":"EntryPoint","urlTemplate":"https:\/\/biochimie.umontreal.ca\/?s={search_term_string}"},"query-input":{"@type":"PropertyValueSpecification","valueRequired":true,"valueName":"search_term_string"}}],"inLanguage":"en-US"}]}},"_links":{"self":[{"href":"https:\/\/biochimie.umontreal.ca\/en\/wp-json\/wp\/v2\/pages\/20134","targetHints":{"allow":["GET"]}}],"collection":[{"href":"https:\/\/biochimie.umontreal.ca\/en\/wp-json\/wp\/v2\/pages"}],"about":[{"href":"https:\/\/biochimie.umontreal.ca\/en\/wp-json\/wp\/v2\/types\/page"}],"author":[{"embeddable":true,"href":"https:\/\/biochimie.umontreal.ca\/en\/wp-json\/wp\/v2\/users\/92"}],"replies":[{"embeddable":true,"href":"https:\/\/biochimie.umontreal.ca\/en\/wp-json\/wp\/v2\/comments?post=20134"}],"version-history":[{"count":11,"href":"https:\/\/biochimie.umontreal.ca\/en\/wp-json\/wp\/v2\/pages\/20134\/revisions"}],"predecessor-version":[{"id":22906,"href":"https:\/\/biochimie.umontreal.ca\/en\/wp-json\/wp\/v2\/pages\/20134\/revisions\/22906"}],"up":[{"embeddable":true,"href":"https:\/\/biochimie.umontreal.ca\/en\/wp-json\/wp\/v2\/pages\/20131"}],"wp:attachment":[{"href":"https:\/\/biochimie.umontreal.ca\/en\/wp-json\/wp\/v2\/media?parent=20134"}],"curies":[{"name":"wp","href":"https:\/\/api.w.org\/{rel}","templated":true}]}}