{"id":20131,"date":"2019-10-16T13:40:29","date_gmt":"2019-10-16T17:40:29","guid":{"rendered":"https:\/\/biochimie.umontreal.ca\/?page_id=20131"},"modified":"2019-10-30T10:37:31","modified_gmt":"2019-10-30T14:37:31","slug":"scientific-platforms-bmm","status":"publish","type":"page","link":"https:\/\/biochimie.umontreal.ca\/en\/scientific-platforms-bmm\/","title":{"rendered":"Scientific Platforms BMM"},"content":{"rendered":"<div class=\"mybutton goal   \"><a href=\"https:\/\/faces.ccrc.uga.edu\/login0.php?account=BISTROP\" target=\"_blank\" rel=\"noopener noreferrer\">Online Reservation<\/a><\/div>\n<p><em>Please use PDF reservation forms for NMR and SAXS platforms<\/em><\/p>\n<div class=\"one-third first \"><a href=\"https:\/\/biochimie.umontreal.ca\/plateformes-scientifiques-bmm\/microscopie\/\"><\/a><\/p>\n<p><a href=\"https:\/\/biochimie.umontreal.ca\/en\/scientific-platforms-bmm\/structural-biology\/\"><img loading=\"lazy\" decoding=\"async\" class=\"alignnone wp-image-20249\" alt=\"\" src=\"https:\/\/biochimie.umontreal.ca\/wp-content\/uploads\/sites\/37\/2019\/10\/tuile_biostructurale_en-450x450.png\" width=\"220\" height=\"220\" srcset=\"https:\/\/biochimie.umontreal.ca\/wp-content\/uploads\/sites\/37\/2019\/10\/tuile_biostructurale_en-450x450.png 450w, https:\/\/biochimie.umontreal.ca\/wp-content\/uploads\/sites\/37\/2019\/10\/tuile_biostructurale_en-150x150.png 150w, https:\/\/biochimie.umontreal.ca\/wp-content\/uploads\/sites\/37\/2019\/10\/tuile_biostructurale_en-768x768.png 768w, https:\/\/biochimie.umontreal.ca\/wp-content\/uploads\/sites\/37\/2019\/10\/tuile_biostructurale_en-610x610.png 610w, https:\/\/biochimie.umontreal.ca\/wp-content\/uploads\/sites\/37\/2019\/10\/tuile_biostructurale_en.png 800w\" sizes=\"auto, (max-width: 220px) 100vw, 220px\" \/><\/a><\/p>\n<\/div>\n<div class=\"one-third  \">\n<p><a href=\"https:\/\/biochimie.umontreal.ca\/en\/scientific-platforms-bmm\/biophysics\/\"><img loading=\"lazy\" decoding=\"async\" class=\"alignnone wp-image-20246\" alt=\"\" src=\"https:\/\/biochimie.umontreal.ca\/wp-content\/uploads\/sites\/37\/2019\/10\/tuile_biophysique_en-450x450.png\" width=\"220\" height=\"220\" srcset=\"https:\/\/biochimie.umontreal.ca\/wp-content\/uploads\/sites\/37\/2019\/10\/tuile_biophysique_en-450x450.png 450w, https:\/\/biochimie.umontreal.ca\/wp-content\/uploads\/sites\/37\/2019\/10\/tuile_biophysique_en-150x150.png 150w, https:\/\/biochimie.umontreal.ca\/wp-content\/uploads\/sites\/37\/2019\/10\/tuile_biophysique_en-768x768.png 768w, https:\/\/biochimie.umontreal.ca\/wp-content\/uploads\/sites\/37\/2019\/10\/tuile_biophysique_en-610x610.png 610w, https:\/\/biochimie.umontreal.ca\/wp-content\/uploads\/sites\/37\/2019\/10\/tuile_biophysique_en.png 800w\" sizes=\"auto, (max-width: 220px) 100vw, 220px\" \/><\/a><\/p>\n<\/div>\n","protected":false},"excerpt":{"rendered":"<p>Please use PDF reservation forms for NMR and SAXS platforms<\/p>\n","protected":false},"author":92,"featured_media":0,"parent":0,"menu_order":0,"comment_status":"closed","ping_status":"closed","template":"","meta":{"footnotes":""},"class_list":["post-20131","page","type-page","status-publish","hentry"],"yoast_head":"<!-- This site is optimized with the Yoast SEO plugin v25.0 - https:\/\/yoast.com\/wordpress\/plugins\/seo\/ -->\n<title>Scientific Platforms BMM - D\u00e9partement de biochimie et m\u00e9decine mol\u00e9culaire<\/title>\n<meta name=\"robots\" content=\"index, follow, max-snippet:-1, max-image-preview:large, max-video-preview:-1\" \/>\n<link rel=\"canonical\" href=\"https:\/\/biochimie.umontreal.ca\/en\/scientific-platforms-bmm\/\" \/>\n<meta property=\"og:locale\" content=\"en_US\" \/>\n<meta property=\"og:type\" content=\"article\" \/>\n<meta property=\"og:title\" content=\"Scientific Platforms BMM - D\u00e9partement de biochimie et m\u00e9decine mol\u00e9culaire\" \/>\n<meta property=\"og:description\" content=\"Please use PDF reservation forms for NMR and SAXS platforms\" \/>\n<meta property=\"og:url\" content=\"https:\/\/biochimie.umontreal.ca\/en\/scientific-platforms-bmm\/\" \/>\n<meta property=\"og:site_name\" content=\"D\u00e9partement de biochimie et m\u00e9decine mol\u00e9culaire\" \/>\n<meta property=\"article:modified_time\" content=\"2019-10-30T14:37:31+00:00\" \/>\n<meta property=\"og:image\" content=\"https:\/\/biochimie.umontreal.ca\/wp-content\/uploads\/sites\/37\/2019\/10\/tuile_biostructurale_en-450x450.png\" \/>\n<meta name=\"twitter:card\" content=\"summary_large_image\" \/>\n<script type=\"application\/ld+json\" class=\"yoast-schema-graph\">{\"@context\":\"https:\/\/schema.org\",\"@graph\":[{\"@type\":\"WebPage\",\"@id\":\"https:\/\/biochimie.umontreal.ca\/en\/scientific-platforms-bmm\/\",\"url\":\"https:\/\/biochimie.umontreal.ca\/en\/scientific-platforms-bmm\/\",\"name\":\"Scientific Platforms BMM - D\u00e9partement de biochimie et m\u00e9decine mol\u00e9culaire\",\"isPartOf\":{\"@id\":\"https:\/\/biochimie.umontreal.ca\/#website\"},\"primaryImageOfPage\":{\"@id\":\"https:\/\/biochimie.umontreal.ca\/en\/scientific-platforms-bmm\/#primaryimage\"},\"image\":{\"@id\":\"https:\/\/biochimie.umontreal.ca\/en\/scientific-platforms-bmm\/#primaryimage\"},\"thumbnailUrl\":\"https:\/\/biochimie.umontreal.ca\/wp-content\/uploads\/sites\/37\/2019\/10\/tuile_biostructurale_en-450x450.png\",\"datePublished\":\"2019-10-16T17:40:29+00:00\",\"dateModified\":\"2019-10-30T14:37:31+00:00\",\"breadcrumb\":{\"@id\":\"https:\/\/biochimie.umontreal.ca\/en\/scientific-platforms-bmm\/#breadcrumb\"},\"inLanguage\":\"en-US\",\"potentialAction\":[{\"@type\":\"ReadAction\",\"target\":[\"https:\/\/biochimie.umontreal.ca\/en\/scientific-platforms-bmm\/\"]}]},{\"@type\":\"ImageObject\",\"inLanguage\":\"en-US\",\"@id\":\"https:\/\/biochimie.umontreal.ca\/en\/scientific-platforms-bmm\/#primaryimage\",\"url\":\"https:\/\/biochimie.umontreal.ca\/wp-content\/uploads\/sites\/37\/2019\/10\/tuile_biostructurale_en-450x450.png\",\"contentUrl\":\"https:\/\/biochimie.umontreal.ca\/wp-content\/uploads\/sites\/37\/2019\/10\/tuile_biostructurale_en-450x450.png\"},{\"@type\":\"BreadcrumbList\",\"@id\":\"https:\/\/biochimie.umontreal.ca\/en\/scientific-platforms-bmm\/#breadcrumb\",\"itemListElement\":[{\"@type\":\"ListItem\",\"position\":1,\"name\":\"Accueil\",\"item\":\"https:\/\/biochimie.umontreal.ca\/en\/\"},{\"@type\":\"ListItem\",\"position\":2,\"name\":\"Scientific Platforms BMM\"}]},{\"@type\":\"WebSite\",\"@id\":\"https:\/\/biochimie.umontreal.ca\/#website\",\"url\":\"https:\/\/biochimie.umontreal.ca\/\",\"name\":\"D\u00e9partement de biochimie et m\u00e9decine mol\u00e9culaire\",\"description\":\"\",\"potentialAction\":[{\"@type\":\"SearchAction\",\"target\":{\"@type\":\"EntryPoint\",\"urlTemplate\":\"https:\/\/biochimie.umontreal.ca\/?s={search_term_string}\"},\"query-input\":{\"@type\":\"PropertyValueSpecification\",\"valueRequired\":true,\"valueName\":\"search_term_string\"}}],\"inLanguage\":\"en-US\"}]}<\/script>\n<!-- \/ Yoast SEO plugin. -->","yoast_head_json":{"title":"Scientific Platforms BMM - D\u00e9partement de biochimie et m\u00e9decine mol\u00e9culaire","robots":{"index":"index","follow":"follow","max-snippet":"max-snippet:-1","max-image-preview":"max-image-preview:large","max-video-preview":"max-video-preview:-1"},"canonical":"https:\/\/biochimie.umontreal.ca\/en\/scientific-platforms-bmm\/","og_locale":"en_US","og_type":"article","og_title":"Scientific Platforms BMM - D\u00e9partement de biochimie et m\u00e9decine mol\u00e9culaire","og_description":"Please use PDF reservation forms for NMR and SAXS platforms","og_url":"https:\/\/biochimie.umontreal.ca\/en\/scientific-platforms-bmm\/","og_site_name":"D\u00e9partement de biochimie et m\u00e9decine mol\u00e9culaire","article_modified_time":"2019-10-30T14:37:31+00:00","og_image":[{"url":"https:\/\/biochimie.umontreal.ca\/wp-content\/uploads\/sites\/37\/2019\/10\/tuile_biostructurale_en-450x450.png","type":"","width":"","height":""}],"twitter_card":"summary_large_image","schema":{"@context":"https:\/\/schema.org","@graph":[{"@type":"WebPage","@id":"https:\/\/biochimie.umontreal.ca\/en\/scientific-platforms-bmm\/","url":"https:\/\/biochimie.umontreal.ca\/en\/scientific-platforms-bmm\/","name":"Scientific Platforms BMM - D\u00e9partement de biochimie et m\u00e9decine mol\u00e9culaire","isPartOf":{"@id":"https:\/\/biochimie.umontreal.ca\/#website"},"primaryImageOfPage":{"@id":"https:\/\/biochimie.umontreal.ca\/en\/scientific-platforms-bmm\/#primaryimage"},"image":{"@id":"https:\/\/biochimie.umontreal.ca\/en\/scientific-platforms-bmm\/#primaryimage"},"thumbnailUrl":"https:\/\/biochimie.umontreal.ca\/wp-content\/uploads\/sites\/37\/2019\/10\/tuile_biostructurale_en-450x450.png","datePublished":"2019-10-16T17:40:29+00:00","dateModified":"2019-10-30T14:37:31+00:00","breadcrumb":{"@id":"https:\/\/biochimie.umontreal.ca\/en\/scientific-platforms-bmm\/#breadcrumb"},"inLanguage":"en-US","potentialAction":[{"@type":"ReadAction","target":["https:\/\/biochimie.umontreal.ca\/en\/scientific-platforms-bmm\/"]}]},{"@type":"ImageObject","inLanguage":"en-US","@id":"https:\/\/biochimie.umontreal.ca\/en\/scientific-platforms-bmm\/#primaryimage","url":"https:\/\/biochimie.umontreal.ca\/wp-content\/uploads\/sites\/37\/2019\/10\/tuile_biostructurale_en-450x450.png","contentUrl":"https:\/\/biochimie.umontreal.ca\/wp-content\/uploads\/sites\/37\/2019\/10\/tuile_biostructurale_en-450x450.png"},{"@type":"BreadcrumbList","@id":"https:\/\/biochimie.umontreal.ca\/en\/scientific-platforms-bmm\/#breadcrumb","itemListElement":[{"@type":"ListItem","position":1,"name":"Accueil","item":"https:\/\/biochimie.umontreal.ca\/en\/"},{"@type":"ListItem","position":2,"name":"Scientific Platforms BMM"}]},{"@type":"WebSite","@id":"https:\/\/biochimie.umontreal.ca\/#website","url":"https:\/\/biochimie.umontreal.ca\/","name":"D\u00e9partement de biochimie et m\u00e9decine mol\u00e9culaire","description":"","potentialAction":[{"@type":"SearchAction","target":{"@type":"EntryPoint","urlTemplate":"https:\/\/biochimie.umontreal.ca\/?s={search_term_string}"},"query-input":{"@type":"PropertyValueSpecification","valueRequired":true,"valueName":"search_term_string"}}],"inLanguage":"en-US"}]}},"_links":{"self":[{"href":"https:\/\/biochimie.umontreal.ca\/en\/wp-json\/wp\/v2\/pages\/20131","targetHints":{"allow":["GET"]}}],"collection":[{"href":"https:\/\/biochimie.umontreal.ca\/en\/wp-json\/wp\/v2\/pages"}],"about":[{"href":"https:\/\/biochimie.umontreal.ca\/en\/wp-json\/wp\/v2\/types\/page"}],"author":[{"embeddable":true,"href":"https:\/\/biochimie.umontreal.ca\/en\/wp-json\/wp\/v2\/users\/92"}],"replies":[{"embeddable":true,"href":"https:\/\/biochimie.umontreal.ca\/en\/wp-json\/wp\/v2\/comments?post=20131"}],"version-history":[{"count":10,"href":"https:\/\/biochimie.umontreal.ca\/en\/wp-json\/wp\/v2\/pages\/20131\/revisions"}],"predecessor-version":[{"id":20263,"href":"https:\/\/biochimie.umontreal.ca\/en\/wp-json\/wp\/v2\/pages\/20131\/revisions\/20263"}],"wp:attachment":[{"href":"https:\/\/biochimie.umontreal.ca\/en\/wp-json\/wp\/v2\/media?parent=20131"}],"curies":[{"name":"wp","href":"https:\/\/api.w.org\/{rel}","templated":true}]}}