{"id":19255,"date":"2019-02-27T11:06:23","date_gmt":"2019-02-27T16:06:23","guid":{"rendered":"https:\/\/biochimie.umontreal.ca\/?page_id=19255"},"modified":"2019-02-27T11:26:19","modified_gmt":"2019-02-27T16:26:19","slug":"contact","status":"publish","type":"page","link":"https:\/\/biochimie.umontreal.ca\/en\/1st-symposium-of-structural-biology\/contact\/","title":{"rendered":"Contact"},"content":{"rendered":"<p><a href=\"https:\/\/biochimie.umontreal.ca\/wp-content\/uploads\/sites\/37\/2019\/02\/logo.png\"><img loading=\"lazy\" decoding=\"async\" src=\"https:\/\/biochimie.umontreal.ca\/wp-content\/uploads\/sites\/37\/2019\/02\/logo-450x434.png\" alt=\"\" class=\" wp-image-19136 alignright\" width=\"122\" height=\"117\" srcset=\"https:\/\/biochimie.umontreal.ca\/wp-content\/uploads\/sites\/37\/2019\/02\/logo-450x434.png 450w, https:\/\/biochimie.umontreal.ca\/wp-content\/uploads\/sites\/37\/2019\/02\/logo-768x741.png 768w, https:\/\/biochimie.umontreal.ca\/wp-content\/uploads\/sites\/37\/2019\/02\/logo-610x589.png 610w, https:\/\/biochimie.umontreal.ca\/wp-content\/uploads\/sites\/37\/2019\/02\/logo.png 995w\" sizes=\"auto, (max-width: 122px) 100vw, 122px\" \/><\/a><\/p>\n<h2><strong>1<sup>st<\/sup> Structural Biology symposium<\/strong><\/h2>\n<h3>Inauguration of the platform<\/h3>\n<hr\/>\n<h4>General Information<\/h4>\n<p><a href=\"mailto:normand.cyr@umontreal.ca\">Normand Cyr<\/a><br \/>\nManager, Structural Biology Platform<br \/>\n514-343-6322<\/p>\n<hr\/>\n<h4>Registration<\/h4>\n<p><a href=\"mailto:elaine.meunier@umontreal.ca\">Elaine Meunier<\/a><br \/>\nTCTB<br \/>\n514-43-6111 poste 5192<\/p>\n","protected":false},"excerpt":{"rendered":"<p>1st Structural Biology symposium Inauguration of the platform General Information Normand Cyr Manager, Structural Biology Platform 514-343-6322 Registration Elaine Meunier TCTB 514-43-6111 poste 5192<\/p>\n","protected":false},"author":92,"featured_media":0,"parent":19251,"menu_order":0,"comment_status":"closed","ping_status":"closed","template":"","meta":{"footnotes":""},"class_list":["post-19255","page","type-page","status-publish","hentry"],"yoast_head":"<!-- This site is optimized with the Yoast SEO plugin v25.0 - https:\/\/yoast.com\/wordpress\/plugins\/seo\/ -->\n<title>Contact - D\u00e9partement de biochimie et m\u00e9decine mol\u00e9culaire<\/title>\n<meta name=\"robots\" content=\"index, follow, max-snippet:-1, max-image-preview:large, max-video-preview:-1\" \/>\n<link rel=\"canonical\" href=\"https:\/\/biochimie.umontreal.ca\/en\/1st-symposium-of-structural-biology\/contact\/\" \/>\n<meta property=\"og:locale\" content=\"en_US\" \/>\n<meta property=\"og:type\" content=\"article\" \/>\n<meta property=\"og:title\" content=\"Contact - D\u00e9partement de biochimie et m\u00e9decine mol\u00e9culaire\" \/>\n<meta property=\"og:description\" content=\"1st Structural Biology symposium Inauguration of the platform General Information Normand Cyr Manager, Structural Biology Platform 514-343-6322 Registration Elaine Meunier TCTB 514-43-6111 poste 5192\" \/>\n<meta property=\"og:url\" content=\"https:\/\/biochimie.umontreal.ca\/en\/1st-symposium-of-structural-biology\/contact\/\" \/>\n<meta property=\"og:site_name\" content=\"D\u00e9partement de biochimie et m\u00e9decine mol\u00e9culaire\" \/>\n<meta property=\"article:modified_time\" content=\"2019-02-27T16:26:19+00:00\" \/>\n<meta property=\"og:image\" content=\"https:\/\/biochimie.umontreal.ca\/wp-content\/uploads\/sites\/37\/2019\/02\/logo-450x434.png\" \/>\n<meta name=\"twitter:card\" content=\"summary_large_image\" \/>\n<script type=\"application\/ld+json\" class=\"yoast-schema-graph\">{\"@context\":\"https:\/\/schema.org\",\"@graph\":[{\"@type\":\"WebPage\",\"@id\":\"https:\/\/biochimie.umontreal.ca\/en\/1st-symposium-of-structural-biology\/contact\/\",\"url\":\"https:\/\/biochimie.umontreal.ca\/en\/1st-symposium-of-structural-biology\/contact\/\",\"name\":\"Contact - D\u00e9partement de biochimie et m\u00e9decine mol\u00e9culaire\",\"isPartOf\":{\"@id\":\"https:\/\/biochimie.umontreal.ca\/#website\"},\"primaryImageOfPage\":{\"@id\":\"https:\/\/biochimie.umontreal.ca\/en\/1st-symposium-of-structural-biology\/contact\/#primaryimage\"},\"image\":{\"@id\":\"https:\/\/biochimie.umontreal.ca\/en\/1st-symposium-of-structural-biology\/contact\/#primaryimage\"},\"thumbnailUrl\":\"https:\/\/biochimie.umontreal.ca\/wp-content\/uploads\/sites\/37\/2019\/02\/logo-450x434.png\",\"datePublished\":\"2019-02-27T16:06:23+00:00\",\"dateModified\":\"2019-02-27T16:26:19+00:00\",\"breadcrumb\":{\"@id\":\"https:\/\/biochimie.umontreal.ca\/en\/1st-symposium-of-structural-biology\/contact\/#breadcrumb\"},\"inLanguage\":\"en-US\",\"potentialAction\":[{\"@type\":\"ReadAction\",\"target\":[\"https:\/\/biochimie.umontreal.ca\/en\/1st-symposium-of-structural-biology\/contact\/\"]}]},{\"@type\":\"ImageObject\",\"inLanguage\":\"en-US\",\"@id\":\"https:\/\/biochimie.umontreal.ca\/en\/1st-symposium-of-structural-biology\/contact\/#primaryimage\",\"url\":\"https:\/\/biochimie.umontreal.ca\/wp-content\/uploads\/sites\/37\/2019\/02\/logo-450x434.png\",\"contentUrl\":\"https:\/\/biochimie.umontreal.ca\/wp-content\/uploads\/sites\/37\/2019\/02\/logo-450x434.png\"},{\"@type\":\"BreadcrumbList\",\"@id\":\"https:\/\/biochimie.umontreal.ca\/en\/1st-symposium-of-structural-biology\/contact\/#breadcrumb\",\"itemListElement\":[{\"@type\":\"ListItem\",\"position\":1,\"name\":\"Accueil\",\"item\":\"https:\/\/biochimie.umontreal.ca\/en\/\"},{\"@type\":\"ListItem\",\"position\":2,\"name\":\"1st symposium of Structural Biology\",\"item\":\"https:\/\/biochimie.umontreal.ca\/en\/1st-symposium-of-structural-biology\/\"},{\"@type\":\"ListItem\",\"position\":3,\"name\":\"Contact\"}]},{\"@type\":\"WebSite\",\"@id\":\"https:\/\/biochimie.umontreal.ca\/#website\",\"url\":\"https:\/\/biochimie.umontreal.ca\/\",\"name\":\"D\u00e9partement de biochimie et m\u00e9decine mol\u00e9culaire\",\"description\":\"\",\"potentialAction\":[{\"@type\":\"SearchAction\",\"target\":{\"@type\":\"EntryPoint\",\"urlTemplate\":\"https:\/\/biochimie.umontreal.ca\/?s={search_term_string}\"},\"query-input\":{\"@type\":\"PropertyValueSpecification\",\"valueRequired\":true,\"valueName\":\"search_term_string\"}}],\"inLanguage\":\"en-US\"}]}<\/script>\n<!-- \/ Yoast SEO plugin. -->","yoast_head_json":{"title":"Contact - D\u00e9partement de biochimie et m\u00e9decine mol\u00e9culaire","robots":{"index":"index","follow":"follow","max-snippet":"max-snippet:-1","max-image-preview":"max-image-preview:large","max-video-preview":"max-video-preview:-1"},"canonical":"https:\/\/biochimie.umontreal.ca\/en\/1st-symposium-of-structural-biology\/contact\/","og_locale":"en_US","og_type":"article","og_title":"Contact - D\u00e9partement de biochimie et m\u00e9decine mol\u00e9culaire","og_description":"1st Structural Biology symposium Inauguration of the platform General Information Normand Cyr Manager, Structural Biology Platform 514-343-6322 Registration Elaine Meunier TCTB 514-43-6111 poste 5192","og_url":"https:\/\/biochimie.umontreal.ca\/en\/1st-symposium-of-structural-biology\/contact\/","og_site_name":"D\u00e9partement de biochimie et m\u00e9decine mol\u00e9culaire","article_modified_time":"2019-02-27T16:26:19+00:00","og_image":[{"url":"https:\/\/biochimie.umontreal.ca\/wp-content\/uploads\/sites\/37\/2019\/02\/logo-450x434.png","type":"","width":"","height":""}],"twitter_card":"summary_large_image","schema":{"@context":"https:\/\/schema.org","@graph":[{"@type":"WebPage","@id":"https:\/\/biochimie.umontreal.ca\/en\/1st-symposium-of-structural-biology\/contact\/","url":"https:\/\/biochimie.umontreal.ca\/en\/1st-symposium-of-structural-biology\/contact\/","name":"Contact - D\u00e9partement de biochimie et m\u00e9decine mol\u00e9culaire","isPartOf":{"@id":"https:\/\/biochimie.umontreal.ca\/#website"},"primaryImageOfPage":{"@id":"https:\/\/biochimie.umontreal.ca\/en\/1st-symposium-of-structural-biology\/contact\/#primaryimage"},"image":{"@id":"https:\/\/biochimie.umontreal.ca\/en\/1st-symposium-of-structural-biology\/contact\/#primaryimage"},"thumbnailUrl":"https:\/\/biochimie.umontreal.ca\/wp-content\/uploads\/sites\/37\/2019\/02\/logo-450x434.png","datePublished":"2019-02-27T16:06:23+00:00","dateModified":"2019-02-27T16:26:19+00:00","breadcrumb":{"@id":"https:\/\/biochimie.umontreal.ca\/en\/1st-symposium-of-structural-biology\/contact\/#breadcrumb"},"inLanguage":"en-US","potentialAction":[{"@type":"ReadAction","target":["https:\/\/biochimie.umontreal.ca\/en\/1st-symposium-of-structural-biology\/contact\/"]}]},{"@type":"ImageObject","inLanguage":"en-US","@id":"https:\/\/biochimie.umontreal.ca\/en\/1st-symposium-of-structural-biology\/contact\/#primaryimage","url":"https:\/\/biochimie.umontreal.ca\/wp-content\/uploads\/sites\/37\/2019\/02\/logo-450x434.png","contentUrl":"https:\/\/biochimie.umontreal.ca\/wp-content\/uploads\/sites\/37\/2019\/02\/logo-450x434.png"},{"@type":"BreadcrumbList","@id":"https:\/\/biochimie.umontreal.ca\/en\/1st-symposium-of-structural-biology\/contact\/#breadcrumb","itemListElement":[{"@type":"ListItem","position":1,"name":"Accueil","item":"https:\/\/biochimie.umontreal.ca\/en\/"},{"@type":"ListItem","position":2,"name":"1st symposium of Structural Biology","item":"https:\/\/biochimie.umontreal.ca\/en\/1st-symposium-of-structural-biology\/"},{"@type":"ListItem","position":3,"name":"Contact"}]},{"@type":"WebSite","@id":"https:\/\/biochimie.umontreal.ca\/#website","url":"https:\/\/biochimie.umontreal.ca\/","name":"D\u00e9partement de biochimie et m\u00e9decine mol\u00e9culaire","description":"","potentialAction":[{"@type":"SearchAction","target":{"@type":"EntryPoint","urlTemplate":"https:\/\/biochimie.umontreal.ca\/?s={search_term_string}"},"query-input":{"@type":"PropertyValueSpecification","valueRequired":true,"valueName":"search_term_string"}}],"inLanguage":"en-US"}]}},"_links":{"self":[{"href":"https:\/\/biochimie.umontreal.ca\/en\/wp-json\/wp\/v2\/pages\/19255","targetHints":{"allow":["GET"]}}],"collection":[{"href":"https:\/\/biochimie.umontreal.ca\/en\/wp-json\/wp\/v2\/pages"}],"about":[{"href":"https:\/\/biochimie.umontreal.ca\/en\/wp-json\/wp\/v2\/types\/page"}],"author":[{"embeddable":true,"href":"https:\/\/biochimie.umontreal.ca\/en\/wp-json\/wp\/v2\/users\/92"}],"replies":[{"embeddable":true,"href":"https:\/\/biochimie.umontreal.ca\/en\/wp-json\/wp\/v2\/comments?post=19255"}],"version-history":[{"count":2,"href":"https:\/\/biochimie.umontreal.ca\/en\/wp-json\/wp\/v2\/pages\/19255\/revisions"}],"predecessor-version":[{"id":19273,"href":"https:\/\/biochimie.umontreal.ca\/en\/wp-json\/wp\/v2\/pages\/19255\/revisions\/19273"}],"up":[{"embeddable":true,"href":"https:\/\/biochimie.umontreal.ca\/en\/wp-json\/wp\/v2\/pages\/19251"}],"wp:attachment":[{"href":"https:\/\/biochimie.umontreal.ca\/en\/wp-json\/wp\/v2\/media?parent=19255"}],"curies":[{"name":"wp","href":"https:\/\/api.w.org\/{rel}","templated":true}]}}