{"id":19251,"date":"2019-02-27T11:03:20","date_gmt":"2019-02-27T16:03:20","guid":{"rendered":"https:\/\/biochimie.umontreal.ca\/?page_id=19251"},"modified":"2019-05-07T15:11:09","modified_gmt":"2019-05-07T19:11:09","slug":"1st-symposium-of-structural-biology","status":"publish","type":"page","link":"https:\/\/biochimie.umontreal.ca\/en\/1st-symposium-of-structural-biology\/","title":{"rendered":"1st symposium of Structural Biology"},"content":{"rendered":"<div class=\"two-third first \">\n<h2 style=\"text-align: left\">Inauguration of the Platform<\/h2>\n<p><strong>Date: <\/strong>May 2, 2019<\/p>\n<p><strong>Time: <\/strong>8h30 \u00e0 18h00<\/p>\n<p><strong>Location: <\/strong><a href=\"https:\/\/biochimie.umontreal.ca\/wp-content\/uploads\/sites\/37\/2019\/02\/RogerGaudry.jpg\">Room E-310, Roger-Gaudry bldg<\/a>, Universit\u00e9 de Montr\u00e9al<\/p>\n<p><strong>Adress: <\/strong><a href=\"https:\/\/www.google.com\/maps\/place\/2900+Boulevard+Edouard-Montpetit,+Montr%C3%A9al,+QC+H3T+1J4\/@45.503056,-73.6209225,17z\/data=!3m1!4b1!4m5!3m4!1s0x4cc919f2a9fc4d71:0xc847d9316615da6e!8m2!3d45.503056!4d-73.6187338\" target=\"_blank\" rel=\"noopener noreferrer\">2900, boulevard \u00c9douard-Montpetit, Montr\u00e9al, H3T 1J4<\/a><\/p>\n<p><strong>Price: <\/strong>Free<\/p>\n<\/div><br \/>\n<div class=\"one-third  \">\n<a href=\"https:\/\/biochimie.umontreal.ca\/wp-content\/uploads\/sites\/37\/2019\/02\/logo.png\"><img loading=\"lazy\" decoding=\"async\" src=\"https:\/\/biochimie.umontreal.ca\/wp-content\/uploads\/sites\/37\/2019\/02\/logo-450x434.png\" alt=\"\" class=\"wp-image-19136 alignleft\" width=\"246\" height=\"237\" srcset=\"https:\/\/biochimie.umontreal.ca\/wp-content\/uploads\/sites\/37\/2019\/02\/logo-450x434.png 450w, https:\/\/biochimie.umontreal.ca\/wp-content\/uploads\/sites\/37\/2019\/02\/logo-768x741.png 768w, https:\/\/biochimie.umontreal.ca\/wp-content\/uploads\/sites\/37\/2019\/02\/logo-610x589.png 610w, https:\/\/biochimie.umontreal.ca\/wp-content\/uploads\/sites\/37\/2019\/02\/logo.png 995w\" sizes=\"auto, (max-width: 246px) 100vw, 246px\" \/><\/a><\/p>\n<\/div><\/p>\n<hr\/>\n<h3>The <strong>1<sup>st<\/sup> Structural Biology Symposium<\/strong><\/h3>\n<p>on May 2<sup>nd<\/sup>, 2019 will mark the inauguration of the structural biology platform in the department of biochemistry and molecular medicine at the University of Montreal. This scientific event will gather several eminent researchers, including professor Lewis E. Kay, recipient of the 2017 Canada Gairdner International Award and the 2018 Herzberg Medal of the Natural Sciences and Engineering Research Council of Canada.<\/p>\n<p>Following major investments from the Canada Foundation for Innovation, the Universit\u00e9 de Montr\u00e9al has acquired state-of-the-art equipment for structural biology studies, including NMR spectrometers and a biological SEC-SAXS system. It will be an excellent occasion to visit the new structural biology platform and exchange ideas with several influential researchers specialized in structural biology. A poster competition will also be part of the event.<\/p>\n<div class=\"togglecontainer toggle_close_all \">\n\n<div class=\"toggler extralight-border\"><span class=\"text-title\"><strong>What is structural biology?<\/strong><\/span><span class=\"toggle_icon extralight-border\"><span class=\"vert_icon extralight-border\"><\/span><span class=\"hor_icon extralight-border\"><\/span><\/span><\/div>\n<div class=\"toggle_wrap\">\n<div class=\"toggle_content\">\n<p>It is a scientific approach that focuses on the structure of biological molecules, such as proteins and RNA for example, in order to fundamentally understand how they function, how they form molecular complexes, and how they respond to metabolites and drugs. Structural biology allows us to understand the organization of biomolecules and their dynamics at the atomic level. Such information becomes extremely valuable for drug design as they interact with biological molecules to modulate their function. Thus, research in structural biology contributes to our growing understanding of biological systems, and also provides new insights for the treatment of a plethora of human diseases including cancer, infections and neurodegenerative diseases.<\/p>\n\n<\/div>\n<\/div>\n\n\n<\/div>\n<strong><\/strong><\/p>\n<p>&nbsp;<\/p>\n","protected":false},"excerpt":{"rendered":"<p>The 1st Structural Biology Symposium on May 2nd, 2019 will mark the inauguration of the structural biology platform in the department of biochemistry and molecular medicine at the University of [&hellip;]<\/p>\n","protected":false},"author":92,"featured_media":0,"parent":0,"menu_order":0,"comment_status":"closed","ping_status":"closed","template":"","meta":{"footnotes":""},"class_list":["post-19251","page","type-page","status-publish","hentry"],"yoast_head":"<!-- This site is optimized with the Yoast SEO plugin v25.0 - https:\/\/yoast.com\/wordpress\/plugins\/seo\/ -->\n<title>1st symposium of Structural Biology - D\u00e9partement de biochimie et m\u00e9decine mol\u00e9culaire<\/title>\n<meta name=\"robots\" content=\"index, follow, max-snippet:-1, max-image-preview:large, max-video-preview:-1\" \/>\n<link rel=\"canonical\" href=\"https:\/\/biochimie.umontreal.ca\/en\/1st-symposium-of-structural-biology\/\" \/>\n<meta property=\"og:locale\" content=\"en_US\" \/>\n<meta property=\"og:type\" content=\"article\" \/>\n<meta property=\"og:title\" content=\"1st symposium of Structural Biology - D\u00e9partement de biochimie et m\u00e9decine mol\u00e9culaire\" \/>\n<meta property=\"og:description\" content=\"The 1st Structural Biology Symposium on May 2nd, 2019 will mark the inauguration of the structural biology platform in the department of biochemistry and molecular medicine at the University of [&hellip;]\" \/>\n<meta property=\"og:url\" content=\"https:\/\/biochimie.umontreal.ca\/en\/1st-symposium-of-structural-biology\/\" \/>\n<meta property=\"og:site_name\" content=\"D\u00e9partement de biochimie et m\u00e9decine mol\u00e9culaire\" \/>\n<meta property=\"article:modified_time\" content=\"2019-05-07T19:11:09+00:00\" \/>\n<meta property=\"og:image\" content=\"https:\/\/biochimie.umontreal.ca\/wp-content\/uploads\/sites\/37\/2019\/02\/logo-450x434.png\" \/>\n<meta name=\"twitter:card\" content=\"summary_large_image\" \/>\n<meta name=\"twitter:label1\" content=\"Est. reading time\" \/>\n\t<meta name=\"twitter:data1\" content=\"1 minute\" \/>\n<script type=\"application\/ld+json\" class=\"yoast-schema-graph\">{\"@context\":\"https:\/\/schema.org\",\"@graph\":[{\"@type\":\"WebPage\",\"@id\":\"https:\/\/biochimie.umontreal.ca\/en\/1st-symposium-of-structural-biology\/\",\"url\":\"https:\/\/biochimie.umontreal.ca\/en\/1st-symposium-of-structural-biology\/\",\"name\":\"1st symposium of Structural Biology - D\u00e9partement de biochimie et m\u00e9decine mol\u00e9culaire\",\"isPartOf\":{\"@id\":\"https:\/\/biochimie.umontreal.ca\/#website\"},\"primaryImageOfPage\":{\"@id\":\"https:\/\/biochimie.umontreal.ca\/en\/1st-symposium-of-structural-biology\/#primaryimage\"},\"image\":{\"@id\":\"https:\/\/biochimie.umontreal.ca\/en\/1st-symposium-of-structural-biology\/#primaryimage\"},\"thumbnailUrl\":\"https:\/\/biochimie.umontreal.ca\/wp-content\/uploads\/sites\/37\/2019\/02\/logo-450x434.png\",\"datePublished\":\"2019-02-27T16:03:20+00:00\",\"dateModified\":\"2019-05-07T19:11:09+00:00\",\"breadcrumb\":{\"@id\":\"https:\/\/biochimie.umontreal.ca\/en\/1st-symposium-of-structural-biology\/#breadcrumb\"},\"inLanguage\":\"en-US\",\"potentialAction\":[{\"@type\":\"ReadAction\",\"target\":[\"https:\/\/biochimie.umontreal.ca\/en\/1st-symposium-of-structural-biology\/\"]}]},{\"@type\":\"ImageObject\",\"inLanguage\":\"en-US\",\"@id\":\"https:\/\/biochimie.umontreal.ca\/en\/1st-symposium-of-structural-biology\/#primaryimage\",\"url\":\"https:\/\/biochimie.umontreal.ca\/wp-content\/uploads\/sites\/37\/2019\/02\/logo-450x434.png\",\"contentUrl\":\"https:\/\/biochimie.umontreal.ca\/wp-content\/uploads\/sites\/37\/2019\/02\/logo-450x434.png\"},{\"@type\":\"BreadcrumbList\",\"@id\":\"https:\/\/biochimie.umontreal.ca\/en\/1st-symposium-of-structural-biology\/#breadcrumb\",\"itemListElement\":[{\"@type\":\"ListItem\",\"position\":1,\"name\":\"Accueil\",\"item\":\"https:\/\/biochimie.umontreal.ca\/en\/\"},{\"@type\":\"ListItem\",\"position\":2,\"name\":\"1st symposium of Structural Biology\"}]},{\"@type\":\"WebSite\",\"@id\":\"https:\/\/biochimie.umontreal.ca\/#website\",\"url\":\"https:\/\/biochimie.umontreal.ca\/\",\"name\":\"D\u00e9partement de biochimie et m\u00e9decine mol\u00e9culaire\",\"description\":\"\",\"potentialAction\":[{\"@type\":\"SearchAction\",\"target\":{\"@type\":\"EntryPoint\",\"urlTemplate\":\"https:\/\/biochimie.umontreal.ca\/?s={search_term_string}\"},\"query-input\":{\"@type\":\"PropertyValueSpecification\",\"valueRequired\":true,\"valueName\":\"search_term_string\"}}],\"inLanguage\":\"en-US\"}]}<\/script>\n<!-- \/ Yoast SEO plugin. -->","yoast_head_json":{"title":"1st symposium of Structural Biology - D\u00e9partement de biochimie et m\u00e9decine mol\u00e9culaire","robots":{"index":"index","follow":"follow","max-snippet":"max-snippet:-1","max-image-preview":"max-image-preview:large","max-video-preview":"max-video-preview:-1"},"canonical":"https:\/\/biochimie.umontreal.ca\/en\/1st-symposium-of-structural-biology\/","og_locale":"en_US","og_type":"article","og_title":"1st symposium of Structural Biology - D\u00e9partement de biochimie et m\u00e9decine mol\u00e9culaire","og_description":"The 1st Structural Biology Symposium on May 2nd, 2019 will mark the inauguration of the structural biology platform in the department of biochemistry and molecular medicine at the University of [&hellip;]","og_url":"https:\/\/biochimie.umontreal.ca\/en\/1st-symposium-of-structural-biology\/","og_site_name":"D\u00e9partement de biochimie et m\u00e9decine mol\u00e9culaire","article_modified_time":"2019-05-07T19:11:09+00:00","og_image":[{"url":"https:\/\/biochimie.umontreal.ca\/wp-content\/uploads\/sites\/37\/2019\/02\/logo-450x434.png","type":"","width":"","height":""}],"twitter_card":"summary_large_image","twitter_misc":{"Est. reading time":"1 minute"},"schema":{"@context":"https:\/\/schema.org","@graph":[{"@type":"WebPage","@id":"https:\/\/biochimie.umontreal.ca\/en\/1st-symposium-of-structural-biology\/","url":"https:\/\/biochimie.umontreal.ca\/en\/1st-symposium-of-structural-biology\/","name":"1st symposium of Structural Biology - D\u00e9partement de biochimie et m\u00e9decine mol\u00e9culaire","isPartOf":{"@id":"https:\/\/biochimie.umontreal.ca\/#website"},"primaryImageOfPage":{"@id":"https:\/\/biochimie.umontreal.ca\/en\/1st-symposium-of-structural-biology\/#primaryimage"},"image":{"@id":"https:\/\/biochimie.umontreal.ca\/en\/1st-symposium-of-structural-biology\/#primaryimage"},"thumbnailUrl":"https:\/\/biochimie.umontreal.ca\/wp-content\/uploads\/sites\/37\/2019\/02\/logo-450x434.png","datePublished":"2019-02-27T16:03:20+00:00","dateModified":"2019-05-07T19:11:09+00:00","breadcrumb":{"@id":"https:\/\/biochimie.umontreal.ca\/en\/1st-symposium-of-structural-biology\/#breadcrumb"},"inLanguage":"en-US","potentialAction":[{"@type":"ReadAction","target":["https:\/\/biochimie.umontreal.ca\/en\/1st-symposium-of-structural-biology\/"]}]},{"@type":"ImageObject","inLanguage":"en-US","@id":"https:\/\/biochimie.umontreal.ca\/en\/1st-symposium-of-structural-biology\/#primaryimage","url":"https:\/\/biochimie.umontreal.ca\/wp-content\/uploads\/sites\/37\/2019\/02\/logo-450x434.png","contentUrl":"https:\/\/biochimie.umontreal.ca\/wp-content\/uploads\/sites\/37\/2019\/02\/logo-450x434.png"},{"@type":"BreadcrumbList","@id":"https:\/\/biochimie.umontreal.ca\/en\/1st-symposium-of-structural-biology\/#breadcrumb","itemListElement":[{"@type":"ListItem","position":1,"name":"Accueil","item":"https:\/\/biochimie.umontreal.ca\/en\/"},{"@type":"ListItem","position":2,"name":"1st symposium of Structural Biology"}]},{"@type":"WebSite","@id":"https:\/\/biochimie.umontreal.ca\/#website","url":"https:\/\/biochimie.umontreal.ca\/","name":"D\u00e9partement de biochimie et m\u00e9decine mol\u00e9culaire","description":"","potentialAction":[{"@type":"SearchAction","target":{"@type":"EntryPoint","urlTemplate":"https:\/\/biochimie.umontreal.ca\/?s={search_term_string}"},"query-input":{"@type":"PropertyValueSpecification","valueRequired":true,"valueName":"search_term_string"}}],"inLanguage":"en-US"}]}},"_links":{"self":[{"href":"https:\/\/biochimie.umontreal.ca\/en\/wp-json\/wp\/v2\/pages\/19251","targetHints":{"allow":["GET"]}}],"collection":[{"href":"https:\/\/biochimie.umontreal.ca\/en\/wp-json\/wp\/v2\/pages"}],"about":[{"href":"https:\/\/biochimie.umontreal.ca\/en\/wp-json\/wp\/v2\/types\/page"}],"author":[{"embeddable":true,"href":"https:\/\/biochimie.umontreal.ca\/en\/wp-json\/wp\/v2\/users\/92"}],"replies":[{"embeddable":true,"href":"https:\/\/biochimie.umontreal.ca\/en\/wp-json\/wp\/v2\/comments?post=19251"}],"version-history":[{"count":8,"href":"https:\/\/biochimie.umontreal.ca\/en\/wp-json\/wp\/v2\/pages\/19251\/revisions"}],"predecessor-version":[{"id":19603,"href":"https:\/\/biochimie.umontreal.ca\/en\/wp-json\/wp\/v2\/pages\/19251\/revisions\/19603"}],"wp:attachment":[{"href":"https:\/\/biochimie.umontreal.ca\/en\/wp-json\/wp\/v2\/media?parent=19251"}],"curies":[{"name":"wp","href":"https:\/\/api.w.org\/{rel}","templated":true}]}}