{"id":18772,"date":"2018-11-23T15:26:07","date_gmt":"2018-11-23T20:26:07","guid":{"rendered":"https:\/\/biochimie.umontreal.ca\/?page_id=18772"},"modified":"2018-11-23T15:27:49","modified_gmt":"2018-11-23T20:27:49","slug":"bioinformatics","status":"publish","type":"page","link":"https:\/\/biochimie.umontreal.ca\/en\/studies\/bioinformatics\/","title":{"rendered":"Bioinformatics"},"content":{"rendered":"<div class=\"one-fourth first \">\nWhat is bioinformaticswhat is bioinformatics?<br \/>\n<\/div>\n<div class=\"one-fourth  \">\n<p>Undergraduate Studies<\/p>\n<\/div>\n<div class=\"one-fourth  \">\n<p>Graduate Studies<\/p>\n<\/div>\n<div class=\"one-fourth  \">\n<p>Employment Prospectives<br \/>\n<\/div>\n<hr\/>\n<blockquote class=\"pullquote  \"><div class=\"inner_quote\"><strong>&#8220;Biologists are drowning in data, bioinformatics teaching them to swim&#8221;<\/strong><\/div><\/blockquote>\n<p>The phenomenal amount of biological data generated by sequencing the genomes of living organisms combined with the spectacular advances in computer processing capacity have led to bio-informatics.<\/p>\n<p>Still a young science, bioinformatics a discipline that uses and develops software tools to extract, organize and analyze data from lifetime. Become &lt;strong&gt;indispensable&lt;\/strong&gt; for advancing research in medicine, biology, environment, or even in agriculture and fisheries, bioinformatics is destined for a bright future.<\/p>\n<p style=\"text-align: center\">https:\/\/www.youtube.com\/watch?v=xK9vOjvYoUM&#038;t=25s<\/p>\n<p style=\"text-align: center\"><strong>ABC of Bioinformatics<br \/>\n<\/strong><\/p>\n","protected":false},"excerpt":{"rendered":"<p>The phenomenal amount of biological data generated by sequencing the genomes of living organisms combined with the spectacular advances in computer processing capacity have led to bio-informatics. Still a young [&hellip;]<\/p>\n","protected":false},"author":92,"featured_media":0,"parent":2888,"menu_order":0,"comment_status":"closed","ping_status":"closed","template":"","meta":{"footnotes":""},"class_list":["post-18772","page","type-page","status-publish","hentry"],"yoast_head":"<!-- This site is optimized with the Yoast SEO plugin v25.0 - https:\/\/yoast.com\/wordpress\/plugins\/seo\/ -->\n<title>Bioinformatics - D\u00e9partement de biochimie et m\u00e9decine mol\u00e9culaire<\/title>\n<meta name=\"robots\" content=\"index, follow, max-snippet:-1, max-image-preview:large, max-video-preview:-1\" \/>\n<link rel=\"canonical\" href=\"https:\/\/biochimie.umontreal.ca\/en\/studies\/bioinformatics\/\" \/>\n<meta property=\"og:locale\" content=\"en_US\" \/>\n<meta property=\"og:type\" content=\"article\" \/>\n<meta property=\"og:title\" content=\"Bioinformatics - D\u00e9partement de biochimie et m\u00e9decine mol\u00e9culaire\" \/>\n<meta property=\"og:description\" content=\"The phenomenal amount of biological data generated by sequencing the genomes of living organisms combined with the spectacular advances in computer processing capacity have led to bio-informatics. Still a young [&hellip;]\" \/>\n<meta property=\"og:url\" content=\"https:\/\/biochimie.umontreal.ca\/en\/studies\/bioinformatics\/\" \/>\n<meta property=\"og:site_name\" content=\"D\u00e9partement de biochimie et m\u00e9decine mol\u00e9culaire\" \/>\n<meta property=\"article:modified_time\" content=\"2018-11-23T20:27:49+00:00\" \/>\n<meta name=\"twitter:card\" content=\"summary_large_image\" \/>\n<meta name=\"twitter:label1\" content=\"Est. reading time\" \/>\n\t<meta name=\"twitter:data1\" content=\"1 minute\" \/>\n<script type=\"application\/ld+json\" class=\"yoast-schema-graph\">{\"@context\":\"https:\/\/schema.org\",\"@graph\":[{\"@type\":\"WebPage\",\"@id\":\"https:\/\/biochimie.umontreal.ca\/en\/studies\/bioinformatics\/\",\"url\":\"https:\/\/biochimie.umontreal.ca\/en\/studies\/bioinformatics\/\",\"name\":\"Bioinformatics - D\u00e9partement de biochimie et m\u00e9decine mol\u00e9culaire\",\"isPartOf\":{\"@id\":\"https:\/\/biochimie.umontreal.ca\/#website\"},\"datePublished\":\"2018-11-23T20:26:07+00:00\",\"dateModified\":\"2018-11-23T20:27:49+00:00\",\"breadcrumb\":{\"@id\":\"https:\/\/biochimie.umontreal.ca\/en\/studies\/bioinformatics\/#breadcrumb\"},\"inLanguage\":\"en-US\",\"potentialAction\":[{\"@type\":\"ReadAction\",\"target\":[\"https:\/\/biochimie.umontreal.ca\/en\/studies\/bioinformatics\/\"]}]},{\"@type\":\"BreadcrumbList\",\"@id\":\"https:\/\/biochimie.umontreal.ca\/en\/studies\/bioinformatics\/#breadcrumb\",\"itemListElement\":[{\"@type\":\"ListItem\",\"position\":1,\"name\":\"Accueil\",\"item\":\"https:\/\/biochimie.umontreal.ca\/en\/\"},{\"@type\":\"ListItem\",\"position\":2,\"name\":\"Studies\",\"item\":\"https:\/\/biochimie.umontreal.ca\/en\/studies\/\"},{\"@type\":\"ListItem\",\"position\":3,\"name\":\"Bioinformatics\"}]},{\"@type\":\"WebSite\",\"@id\":\"https:\/\/biochimie.umontreal.ca\/#website\",\"url\":\"https:\/\/biochimie.umontreal.ca\/\",\"name\":\"D\u00e9partement de biochimie et m\u00e9decine mol\u00e9culaire\",\"description\":\"\",\"potentialAction\":[{\"@type\":\"SearchAction\",\"target\":{\"@type\":\"EntryPoint\",\"urlTemplate\":\"https:\/\/biochimie.umontreal.ca\/?s={search_term_string}\"},\"query-input\":{\"@type\":\"PropertyValueSpecification\",\"valueRequired\":true,\"valueName\":\"search_term_string\"}}],\"inLanguage\":\"en-US\"}]}<\/script>\n<!-- \/ Yoast SEO plugin. -->","yoast_head_json":{"title":"Bioinformatics - D\u00e9partement de biochimie et m\u00e9decine mol\u00e9culaire","robots":{"index":"index","follow":"follow","max-snippet":"max-snippet:-1","max-image-preview":"max-image-preview:large","max-video-preview":"max-video-preview:-1"},"canonical":"https:\/\/biochimie.umontreal.ca\/en\/studies\/bioinformatics\/","og_locale":"en_US","og_type":"article","og_title":"Bioinformatics - D\u00e9partement de biochimie et m\u00e9decine mol\u00e9culaire","og_description":"The phenomenal amount of biological data generated by sequencing the genomes of living organisms combined with the spectacular advances in computer processing capacity have led to bio-informatics. Still a young [&hellip;]","og_url":"https:\/\/biochimie.umontreal.ca\/en\/studies\/bioinformatics\/","og_site_name":"D\u00e9partement de biochimie et m\u00e9decine mol\u00e9culaire","article_modified_time":"2018-11-23T20:27:49+00:00","twitter_card":"summary_large_image","twitter_misc":{"Est. reading time":"1 minute"},"schema":{"@context":"https:\/\/schema.org","@graph":[{"@type":"WebPage","@id":"https:\/\/biochimie.umontreal.ca\/en\/studies\/bioinformatics\/","url":"https:\/\/biochimie.umontreal.ca\/en\/studies\/bioinformatics\/","name":"Bioinformatics - D\u00e9partement de biochimie et m\u00e9decine mol\u00e9culaire","isPartOf":{"@id":"https:\/\/biochimie.umontreal.ca\/#website"},"datePublished":"2018-11-23T20:26:07+00:00","dateModified":"2018-11-23T20:27:49+00:00","breadcrumb":{"@id":"https:\/\/biochimie.umontreal.ca\/en\/studies\/bioinformatics\/#breadcrumb"},"inLanguage":"en-US","potentialAction":[{"@type":"ReadAction","target":["https:\/\/biochimie.umontreal.ca\/en\/studies\/bioinformatics\/"]}]},{"@type":"BreadcrumbList","@id":"https:\/\/biochimie.umontreal.ca\/en\/studies\/bioinformatics\/#breadcrumb","itemListElement":[{"@type":"ListItem","position":1,"name":"Accueil","item":"https:\/\/biochimie.umontreal.ca\/en\/"},{"@type":"ListItem","position":2,"name":"Studies","item":"https:\/\/biochimie.umontreal.ca\/en\/studies\/"},{"@type":"ListItem","position":3,"name":"Bioinformatics"}]},{"@type":"WebSite","@id":"https:\/\/biochimie.umontreal.ca\/#website","url":"https:\/\/biochimie.umontreal.ca\/","name":"D\u00e9partement de biochimie et m\u00e9decine mol\u00e9culaire","description":"","potentialAction":[{"@type":"SearchAction","target":{"@type":"EntryPoint","urlTemplate":"https:\/\/biochimie.umontreal.ca\/?s={search_term_string}"},"query-input":{"@type":"PropertyValueSpecification","valueRequired":true,"valueName":"search_term_string"}}],"inLanguage":"en-US"}]}},"_links":{"self":[{"href":"https:\/\/biochimie.umontreal.ca\/en\/wp-json\/wp\/v2\/pages\/18772","targetHints":{"allow":["GET"]}}],"collection":[{"href":"https:\/\/biochimie.umontreal.ca\/en\/wp-json\/wp\/v2\/pages"}],"about":[{"href":"https:\/\/biochimie.umontreal.ca\/en\/wp-json\/wp\/v2\/types\/page"}],"author":[{"embeddable":true,"href":"https:\/\/biochimie.umontreal.ca\/en\/wp-json\/wp\/v2\/users\/92"}],"replies":[{"embeddable":true,"href":"https:\/\/biochimie.umontreal.ca\/en\/wp-json\/wp\/v2\/comments?post=18772"}],"version-history":[{"count":4,"href":"https:\/\/biochimie.umontreal.ca\/en\/wp-json\/wp\/v2\/pages\/18772\/revisions"}],"predecessor-version":[{"id":18777,"href":"https:\/\/biochimie.umontreal.ca\/en\/wp-json\/wp\/v2\/pages\/18772\/revisions\/18777"}],"up":[{"embeddable":true,"href":"https:\/\/biochimie.umontreal.ca\/en\/wp-json\/wp\/v2\/pages\/2888"}],"wp:attachment":[{"href":"https:\/\/biochimie.umontreal.ca\/en\/wp-json\/wp\/v2\/media?parent=18772"}],"curies":[{"name":"wp","href":"https:\/\/api.w.org\/{rel}","templated":true}]}}