{"id":18736,"date":"2018-11-22T10:34:01","date_gmt":"2018-11-22T15:34:01","guid":{"rendered":"https:\/\/biochimie.umontreal.ca\/?page_id=18736"},"modified":"2018-11-22T10:47:18","modified_gmt":"2018-11-22T15:47:18","slug":"molecular-medicine","status":"publish","type":"page","link":"https:\/\/biochimie.umontreal.ca\/en\/research\/research-topics\/molecular-medicine\/","title":{"rendered":"Molecular Medicine"},"content":{"rendered":"<h2>Topics<\/h2>\n<div class=\"togglecontainer toggle_close_all \">\n\n<div class=\"toggler extralight-border\"><span class=\"text-title\">Cancer<\/span><span class=\"toggle_icon extralight-border\"><span class=\"vert_icon extralight-border\"><\/span><span class=\"hor_icon extralight-border\"><\/span><\/span><\/div>\n<div class=\"toggle_wrap\">\n<div class=\"toggle_content\">\n<table>\n<thead>\n<tr>\n<td>Professor<\/td>\n<td>Technologies<\/td>\n<\/tr>\n<\/thead>\n<tbody>\n<tr>\n<td><a href=\"https:\/\/biochimie.umontreal.ca\/departement\/professeurs\/profil\/ferbeyre-gerardo\/in14346\/\">Gerardo Ferbeyre<\/a><\/td>\n<td>Mouse models of cancer, xenografts, experimental cancer therapies<\/td>\n<\/tr>\n<\/tbody>\n<\/table>\n\n<\/div>\n<\/div>\n\n<div class=\"toggler extralight-border\"><span class=\"text-title\">Drug screening for G protein-coupled receptors<\/span><span class=\"toggle_icon extralight-border\"><span class=\"vert_icon extralight-border\"><\/span><span class=\"hor_icon extralight-border\"><\/span><\/span><\/div>\n<div class=\"toggle_wrap\">\n<div class=\"toggle_content\">\n<table>\n<thead>\n<tr>\n<td>Professor<\/td>\n<td>Technologies<\/td>\n<\/tr>\n<\/thead>\n<tbody>\n<tr>\n<td><a href=\"https:\/\/biochimie.umontreal.ca\/departement\/professeurs\/profil\/bouvier-michel\/in13619\/\">Michel Bouvier<\/a><\/td>\n<td>Virtual screening, high-throughput screening, medicinal chemistry<\/td>\n<\/tr>\n<\/tbody>\n<\/table>\n\n<\/div>\n<\/div>\n\n<div class=\"toggler extralight-border\"><span class=\"text-title\">Hormonal deficit and resistance<\/span><span class=\"toggle_icon extralight-border\"><span class=\"vert_icon extralight-border\"><\/span><span class=\"hor_icon extralight-border\"><\/span><\/span><\/div>\n<div class=\"toggle_wrap\">\n<div class=\"toggle_content\">\n<table>\n<thead>\n<tr>\n<td>Professor<\/td>\n<td>Technologies<\/td>\n<\/tr>\n<\/thead>\n<tbody>\n<tr>\n<td><a href=\"https:\/\/biochimie.umontreal.ca\/departement\/professeurs\/profil\/drouin-jacques\/in14334\/\">Jacques Drouin<\/a><\/td>\n<td>Mouse models, Knock-out and transg\u00e9nics<\/td>\n<\/tr>\n<\/tbody>\n<\/table>\n\n<\/div>\n<\/div>\n\n<div class=\"toggler extralight-border\"><span class=\"text-title\">Inhibitor screening for mitotic kinases and phosphatases<\/span><span class=\"toggle_icon extralight-border\"><span class=\"vert_icon extralight-border\"><\/span><span class=\"hor_icon extralight-border\"><\/span><\/span><\/div>\n<div class=\"toggle_wrap\">\n<div class=\"toggle_content\">\n<table>\n<thead>\n<tr>\n<td>Professor<\/td>\n<td>Technologies<\/td>\n<\/tr>\n<\/thead>\n<tbody>\n<tr>\n<td><a href=\"https:\/\/biochimie.umontreal.ca\/departement\/professeurs\/profil\/archambault-vincent\/in15168\/\">Vincent Archambault<\/a><\/td>\n<td>High-throughput screening, medicinal chemistry<\/td>\n<\/tr>\n<\/tbody>\n<\/table>\n\n<\/div>\n<\/div>\n\n<div class=\"toggler extralight-border\"><span class=\"text-title\">Inhibitor screening for virulent bacteria<\/span><span class=\"toggle_icon extralight-border\"><span class=\"vert_icon extralight-border\"><\/span><span class=\"hor_icon extralight-border\"><\/span><\/span><\/div>\n<div class=\"toggle_wrap\">\n<div class=\"toggle_content\">\n<table>\n<thead>\n<tr>\n<td>Professor<\/td>\n<td>Technologies<\/td>\n<\/tr>\n<\/thead>\n<tbody>\n<tr>\n<td><a href=\"https:\/\/biochimie.umontreal.ca\/departement\/professeurs\/profil\/baron-christian\/in14909\/\">Christian Baron<\/a><\/td>\n<td>Inhibitor screening, protein biochemistry, X-ray crystallography, Nuclear magnetic resonance, electron microscopy<\/td>\n<\/tr>\n<\/tbody>\n<\/table>\n\n<\/div>\n<\/div>\n\n<div class=\"toggler extralight-border\"><span class=\"text-title\">miRNA biogenesis in human diseases<\/span><span class=\"toggle_icon extralight-border\"><span class=\"vert_icon extralight-border\"><\/span><span class=\"hor_icon extralight-border\"><\/span><\/span><\/div>\n<div class=\"toggle_wrap\">\n<div class=\"toggle_content\">\n<table>\n<thead>\n<tr>\n<td>Professor<\/td>\n<td>Technologies<\/td>\n<\/tr>\n<\/thead>\n<tbody>\n<tr>\n<td><a href=\"https:\/\/biochimie.umontreal.ca\/departement\/professeurs\/profil\/legault-pascale\/in14566\/\">Pascale Legault<\/a><\/td>\n<td>Molecular biology<\/td>\n<\/tr>\n<\/tbody>\n<\/table>\n\n<\/div>\n<\/div>\n\n<div class=\"toggler extralight-border\"><span class=\"text-title\">Molecular determinants of osteoporosis<\/span><span class=\"toggle_icon extralight-border\"><span class=\"vert_icon extralight-border\"><\/span><span class=\"hor_icon extralight-border\"><\/span><\/span><\/div>\n<div class=\"toggle_wrap\">\n<div class=\"toggle_content\">\n<table>\n<thead>\n<tr>\n<td>Professor<\/td>\n<td>Technologies<\/td>\n<\/tr>\n<\/thead>\n<tbody>\n<tr>\n<td><a href=\"https:\/\/biochimie.umontreal.ca\/departement\/professeurs\/profil\/moreau-alain\/in14439\/\">Alain Moreau<\/a><\/td>\n<td>Transgenic mouses<\/td>\n<\/tr>\n<\/tbody>\n<\/table>\n\n<\/div>\n<\/div>\n\n\n<div class=\"toggler extralight-border\"><span class=\"text-title\">RNA-based tools in biotechnology and biomedical applications<\/span><span class=\"toggle_icon extralight-border\"><span class=\"vert_icon extralight-border\"><\/span><span class=\"hor_icon extralight-border\"><\/span><\/span><\/div>\n<div class=\"toggle_wrap\">\n<div class=\"toggle_content\">\n<table>\n<thead>\n<tr>\n<td>Professor<\/td>\n<td>Technologies<\/td>\n<\/tr>\n<\/thead>\n<tbody>\n<tr>\n<td><a href=\"https:\/\/biochimie.umontreal.ca\/departement\/professeurs\/profil\/legault-pascale\/in14566\/\">Pascale Legault<\/a><\/td>\n<td>Molecular biology<\/td>\n<\/tr>\n<\/tbody>\n<\/table>\n\n<\/div>\n<\/div>\n\n<div class=\"toggler extralight-border\"><span class=\"text-title\">Etiopathogenesis of myalgic encephalomyelitis<\/span><span class=\"toggle_icon extralight-border\"><span class=\"vert_icon extralight-border\"><\/span><span class=\"hor_icon extralight-border\"><\/span><\/span><\/div>\n<div class=\"toggle_wrap\">\n<div class=\"toggle_content\">\n<table>\n<thead>\n<tr>\n<td>Professor<\/td>\n<td>Technologies<\/td>\n<\/tr>\n<\/thead>\n<tbody>\n<tr>\n<td><a href=\"https:\/\/biochimie.umontreal.ca\/departement\/professeurs\/profil\/moreau-alain\/in14439\/\">Alain Moreau<\/a><\/td>\n<td>Circulatory miRNAs, whole-exome sequencing (WES), Bio-banks<\/td>\n<\/tr>\n<\/tbody>\n<\/table>\n\n<\/div>\n<\/div>\n\n<div class=\"toggler extralight-border\"><span class=\"text-title\">Identification of new antifungal targets and drugs<\/span><span class=\"toggle_icon extralight-border\"><span class=\"vert_icon extralight-border\"><\/span><span class=\"hor_icon extralight-border\"><\/span><\/span><\/div>\n<div class=\"toggle_wrap\">\n<div class=\"toggle_content\">\n<table>\n<thead>\n<tr>\n<td>Professor<\/td>\n<td>Technologies<\/td>\n<\/tr>\n<\/thead>\n<tbody>\n<tr>\n<td><a href=\"https:\/\/biochimie.umontreal.ca\/departement\/professeurs\/profil\/raymond-martine\/in15094\/\">Martine Raymond<\/a><\/td>\n<td>Genetics, Genomics, Proteomics, cellular screens<\/td>\n<\/tr>\n<\/tbody>\n<\/table>\n\n<\/div>\n<\/div>\n\n<div class=\"toggler extralight-border\"><span class=\"text-title\">Maladie de Cushing<\/span><span class=\"toggle_icon extralight-border\"><span class=\"vert_icon extralight-border\"><\/span><span class=\"hor_icon extralight-border\"><\/span><\/span><\/div>\n<div class=\"toggle_wrap\">\n<div class=\"toggle_content\">\n<table>\n<thead>\n<tr>\n<td>Professor<\/td>\n<td>Technologies<\/td>\n<\/tr>\n<\/thead>\n<tbody>\n<tr>\n<td><a href=\"https:\/\/biochimie.umontreal.ca\/departement\/professeurs\/profil\/drouin-jacques\/in14334\/\">Jacques Drouin<\/a><\/td>\n<td>Genomics and high-throughput epigenomicst, RNAseq, ChIPseq, ChIPexo, MnaseSeq, ATACseq, M\u00e9thylone (WGBS)<\/td>\n<\/tr>\n<\/tbody>\n<\/table>\n\n<\/div>\n<\/div>\n\n<div class=\"toggler extralight-border\"><span class=\"text-title\">Molecular mechanisms of antiviral response: Identification of host proteins involved in interferon response and production of proinflammatory cytokines<\/span><span class=\"toggle_icon extralight-border\"><span class=\"vert_icon extralight-border\"><\/span><span class=\"hor_icon extralight-border\"><\/span><\/span><\/div>\n<div class=\"toggle_wrap\">\n<div class=\"toggle_content\">\n<table>\n<thead>\n<tr>\n<td>Professor<\/td>\n<td>Technologies<\/td>\n<\/tr>\n<\/thead>\n<tbody>\n<tr>\n<td><a href=\"https:\/\/biochimie.umontreal.ca\/departement\/professeurs\/profil\/grandvaux-nathalie\/in14847\/\">Nathalie Grandvaux<\/a><\/td>\n<td>Molecular biology<\/td>\n<\/tr>\n<\/tbody>\n<\/table>\n\n<\/div>\n<\/div>\n\n<div class=\"toggler extralight-border\"><span class=\"text-title\">Molecular mechanisms of antiviral response: role of NADPH oxydases<\/span><span class=\"toggle_icon extralight-border\"><span class=\"vert_icon extralight-border\"><\/span><span class=\"hor_icon extralight-border\"><\/span><\/span><\/div>\n<div class=\"toggle_wrap\">\n<div class=\"toggle_content\">\n<table>\n<thead>\n<tr>\n<td>Professor<\/td>\n<td>Technologies<\/td>\n<\/tr>\n<\/thead>\n<tbody>\n<tr>\n<td><a href=\"https:\/\/biochimie.umontreal.ca\/departement\/professeurs\/profil\/grandvaux-nathalie\/in14847\/\">Nathalie Grandvaux<\/a><\/td>\n<td>Molecular biology<\/td>\n<\/tr>\n<\/tbody>\n<\/table>\n\n<\/div>\n<\/div>\n\n<div class=\"toggler extralight-border\"><span class=\"text-title\">Molecular mechanisms of antifungal drug resistance<\/span><span class=\"toggle_icon extralight-border\"><span class=\"vert_icon extralight-border\"><\/span><span class=\"hor_icon extralight-border\"><\/span><\/span><\/div>\n<div class=\"toggle_wrap\">\n<div class=\"toggle_content\">\n<table>\n<thead>\n<tr>\n<td>Professor<\/td>\n<td>Technologies<\/td>\n<\/tr>\n<\/thead>\n<tbody>\n<tr>\n<td><a href=\"https:\/\/biochimie.umontreal.ca\/departement\/professeurs\/profil\/raymond-martine\/in15094\/\">Martine Raymond<\/a><\/td>\n<td>Genetics, Genomics, Proteomics, cellular screens<\/td>\n<\/tr>\n<\/tbody>\n<\/table>\n\n<\/div>\n<\/div>\n\n<div class=\"toggler extralight-border\"><span class=\"text-title\">Arthrosis pathogenesis<\/span><span class=\"toggle_icon extralight-border\"><span class=\"vert_icon extralight-border\"><\/span><span class=\"hor_icon extralight-border\"><\/span><\/span><\/div>\n<div class=\"toggle_wrap\">\n<div class=\"toggle_content\">\n<table>\n<thead>\n<tr>\n<td>Professor<\/td>\n<td>Technologies<\/td>\n<\/tr>\n<\/thead>\n<tbody>\n<tr>\n<td><a href=\"https:\/\/biochimie.umontreal.ca\/departement\/professeurs\/profil\/moreau-alain\/in14439\/\">Alain Moreau<\/a><\/td>\n<td>Confocal microscopy, functional mecanotransduction, animal models, bio-banks<\/td>\n<\/tr>\n<\/tbody>\n<\/table>\n\n<\/div>\n<\/div>\n\n<div class=\"toggler extralight-border\"><span class=\"text-title\">Idiopathic scoliosis pathogenesis<\/span><span class=\"toggle_icon extralight-border\"><span class=\"vert_icon extralight-border\"><\/span><span class=\"hor_icon extralight-border\"><\/span><\/span><\/div>\n<div class=\"toggle_wrap\">\n<div class=\"toggle_content\">\n<table>\n<thead>\n<tr>\n<td>Professor<\/td>\n<td>Technologies<\/td>\n<\/tr>\n<\/thead>\n<tbody>\n<tr>\n<td><a href=\"https:\/\/biochimie.umontreal.ca\/departement\/professeurs\/profil\/moreau-alain\/in14439\/\">Alain Moreau<\/a><\/td>\n<td>Dielectric cellular spectrometry, circulatory miRNAs, mouse models, GWAS\/WES\/transcriptomics, Bio-banks<\/td>\n<\/tr>\n<\/tbody>\n<\/table>\n\n<\/div>\n<\/div>\n\n<div class=\"toggler extralight-border\"><span class=\"text-title\">Mechanism-based inhibitors of PARP family enzymes<\/span><span class=\"toggle_icon extralight-border\"><span class=\"vert_icon extralight-border\"><\/span><span class=\"hor_icon extralight-border\"><\/span><\/span><\/div>\n<div class=\"toggle_wrap\">\n<div class=\"toggle_content\">\n<table>\n<thead>\n<tr>\n<td>Professor<\/td>\n<td>Technologies<\/td>\n<\/tr>\n<\/thead>\n<tbody>\n<tr>\n<td><a href=\"https:\/\/biochimie.umontreal.ca\/departement\/professeurs\/profil\/pascal-john\/in19808\/\">John Pascal<\/a><\/td>\n<td>High-throughput assay development, Small molecule inhibitor screening<\/td>\n<\/tr>\n<\/tbody>\n<\/table>\n\n<\/div>\n<\/div>\n\n\n<\/div>\n\n","protected":false},"excerpt":{"rendered":"<p>Topics<\/p>\n","protected":false},"author":92,"featured_media":0,"parent":18721,"menu_order":0,"comment_status":"closed","ping_status":"closed","template":"","meta":{"footnotes":""},"class_list":["post-18736","page","type-page","status-publish","hentry"],"yoast_head":"<!-- This site is optimized with the Yoast SEO plugin v25.0 - https:\/\/yoast.com\/wordpress\/plugins\/seo\/ -->\n<title>Molecular Medicine - D\u00e9partement de biochimie et m\u00e9decine mol\u00e9culaire<\/title>\n<meta name=\"robots\" content=\"index, follow, max-snippet:-1, max-image-preview:large, max-video-preview:-1\" \/>\n<link rel=\"canonical\" href=\"https:\/\/biochimie.umontreal.ca\/en\/research\/research-topics\/molecular-medicine\/\" \/>\n<meta property=\"og:locale\" content=\"en_US\" \/>\n<meta property=\"og:type\" content=\"article\" \/>\n<meta property=\"og:title\" content=\"Molecular Medicine - D\u00e9partement de biochimie et m\u00e9decine mol\u00e9culaire\" \/>\n<meta property=\"og:description\" content=\"Topics\" \/>\n<meta property=\"og:url\" content=\"https:\/\/biochimie.umontreal.ca\/en\/research\/research-topics\/molecular-medicine\/\" \/>\n<meta property=\"og:site_name\" content=\"D\u00e9partement de biochimie et m\u00e9decine mol\u00e9culaire\" \/>\n<meta property=\"article:modified_time\" content=\"2018-11-22T15:47:18+00:00\" \/>\n<meta name=\"twitter:card\" content=\"summary_large_image\" \/>\n<meta name=\"twitter:label1\" content=\"Est. reading time\" \/>\n\t<meta name=\"twitter:data1\" content=\"2 minutes\" \/>\n<script type=\"application\/ld+json\" class=\"yoast-schema-graph\">{\"@context\":\"https:\/\/schema.org\",\"@graph\":[{\"@type\":\"WebPage\",\"@id\":\"https:\/\/biochimie.umontreal.ca\/en\/research\/research-topics\/molecular-medicine\/\",\"url\":\"https:\/\/biochimie.umontreal.ca\/en\/research\/research-topics\/molecular-medicine\/\",\"name\":\"Molecular Medicine - D\u00e9partement de biochimie et m\u00e9decine mol\u00e9culaire\",\"isPartOf\":{\"@id\":\"https:\/\/biochimie.umontreal.ca\/#website\"},\"datePublished\":\"2018-11-22T15:34:01+00:00\",\"dateModified\":\"2018-11-22T15:47:18+00:00\",\"breadcrumb\":{\"@id\":\"https:\/\/biochimie.umontreal.ca\/en\/research\/research-topics\/molecular-medicine\/#breadcrumb\"},\"inLanguage\":\"en-US\",\"potentialAction\":[{\"@type\":\"ReadAction\",\"target\":[\"https:\/\/biochimie.umontreal.ca\/en\/research\/research-topics\/molecular-medicine\/\"]}]},{\"@type\":\"BreadcrumbList\",\"@id\":\"https:\/\/biochimie.umontreal.ca\/en\/research\/research-topics\/molecular-medicine\/#breadcrumb\",\"itemListElement\":[{\"@type\":\"ListItem\",\"position\":1,\"name\":\"Accueil\",\"item\":\"https:\/\/biochimie.umontreal.ca\/en\/\"},{\"@type\":\"ListItem\",\"position\":2,\"name\":\"Research\",\"item\":\"https:\/\/biochimie.umontreal.ca\/en\/research\/\"},{\"@type\":\"ListItem\",\"position\":3,\"name\":\"Research Topics\",\"item\":\"https:\/\/biochimie.umontreal.ca\/en\/research\/research-topics\/\"},{\"@type\":\"ListItem\",\"position\":4,\"name\":\"Molecular Medicine\"}]},{\"@type\":\"WebSite\",\"@id\":\"https:\/\/biochimie.umontreal.ca\/#website\",\"url\":\"https:\/\/biochimie.umontreal.ca\/\",\"name\":\"D\u00e9partement de biochimie et m\u00e9decine mol\u00e9culaire\",\"description\":\"\",\"potentialAction\":[{\"@type\":\"SearchAction\",\"target\":{\"@type\":\"EntryPoint\",\"urlTemplate\":\"https:\/\/biochimie.umontreal.ca\/?s={search_term_string}\"},\"query-input\":{\"@type\":\"PropertyValueSpecification\",\"valueRequired\":true,\"valueName\":\"search_term_string\"}}],\"inLanguage\":\"en-US\"}]}<\/script>\n<!-- \/ Yoast SEO plugin. -->","yoast_head_json":{"title":"Molecular Medicine - D\u00e9partement de biochimie et m\u00e9decine mol\u00e9culaire","robots":{"index":"index","follow":"follow","max-snippet":"max-snippet:-1","max-image-preview":"max-image-preview:large","max-video-preview":"max-video-preview:-1"},"canonical":"https:\/\/biochimie.umontreal.ca\/en\/research\/research-topics\/molecular-medicine\/","og_locale":"en_US","og_type":"article","og_title":"Molecular Medicine - D\u00e9partement de biochimie et m\u00e9decine mol\u00e9culaire","og_description":"Topics","og_url":"https:\/\/biochimie.umontreal.ca\/en\/research\/research-topics\/molecular-medicine\/","og_site_name":"D\u00e9partement de biochimie et m\u00e9decine mol\u00e9culaire","article_modified_time":"2018-11-22T15:47:18+00:00","twitter_card":"summary_large_image","twitter_misc":{"Est. reading time":"2 minutes"},"schema":{"@context":"https:\/\/schema.org","@graph":[{"@type":"WebPage","@id":"https:\/\/biochimie.umontreal.ca\/en\/research\/research-topics\/molecular-medicine\/","url":"https:\/\/biochimie.umontreal.ca\/en\/research\/research-topics\/molecular-medicine\/","name":"Molecular Medicine - D\u00e9partement de biochimie et m\u00e9decine mol\u00e9culaire","isPartOf":{"@id":"https:\/\/biochimie.umontreal.ca\/#website"},"datePublished":"2018-11-22T15:34:01+00:00","dateModified":"2018-11-22T15:47:18+00:00","breadcrumb":{"@id":"https:\/\/biochimie.umontreal.ca\/en\/research\/research-topics\/molecular-medicine\/#breadcrumb"},"inLanguage":"en-US","potentialAction":[{"@type":"ReadAction","target":["https:\/\/biochimie.umontreal.ca\/en\/research\/research-topics\/molecular-medicine\/"]}]},{"@type":"BreadcrumbList","@id":"https:\/\/biochimie.umontreal.ca\/en\/research\/research-topics\/molecular-medicine\/#breadcrumb","itemListElement":[{"@type":"ListItem","position":1,"name":"Accueil","item":"https:\/\/biochimie.umontreal.ca\/en\/"},{"@type":"ListItem","position":2,"name":"Research","item":"https:\/\/biochimie.umontreal.ca\/en\/research\/"},{"@type":"ListItem","position":3,"name":"Research Topics","item":"https:\/\/biochimie.umontreal.ca\/en\/research\/research-topics\/"},{"@type":"ListItem","position":4,"name":"Molecular Medicine"}]},{"@type":"WebSite","@id":"https:\/\/biochimie.umontreal.ca\/#website","url":"https:\/\/biochimie.umontreal.ca\/","name":"D\u00e9partement de biochimie et m\u00e9decine mol\u00e9culaire","description":"","potentialAction":[{"@type":"SearchAction","target":{"@type":"EntryPoint","urlTemplate":"https:\/\/biochimie.umontreal.ca\/?s={search_term_string}"},"query-input":{"@type":"PropertyValueSpecification","valueRequired":true,"valueName":"search_term_string"}}],"inLanguage":"en-US"}]}},"_links":{"self":[{"href":"https:\/\/biochimie.umontreal.ca\/en\/wp-json\/wp\/v2\/pages\/18736","targetHints":{"allow":["GET"]}}],"collection":[{"href":"https:\/\/biochimie.umontreal.ca\/en\/wp-json\/wp\/v2\/pages"}],"about":[{"href":"https:\/\/biochimie.umontreal.ca\/en\/wp-json\/wp\/v2\/types\/page"}],"author":[{"embeddable":true,"href":"https:\/\/biochimie.umontreal.ca\/en\/wp-json\/wp\/v2\/users\/92"}],"replies":[{"embeddable":true,"href":"https:\/\/biochimie.umontreal.ca\/en\/wp-json\/wp\/v2\/comments?post=18736"}],"version-history":[{"count":3,"href":"https:\/\/biochimie.umontreal.ca\/en\/wp-json\/wp\/v2\/pages\/18736\/revisions"}],"predecessor-version":[{"id":18757,"href":"https:\/\/biochimie.umontreal.ca\/en\/wp-json\/wp\/v2\/pages\/18736\/revisions\/18757"}],"up":[{"embeddable":true,"href":"https:\/\/biochimie.umontreal.ca\/en\/wp-json\/wp\/v2\/pages\/18721"}],"wp:attachment":[{"href":"https:\/\/biochimie.umontreal.ca\/en\/wp-json\/wp\/v2\/media?parent=18736"}],"curies":[{"name":"wp","href":"https:\/\/api.w.org\/{rel}","templated":true}]}}