{"id":18731,"date":"2018-11-21T15:19:29","date_gmt":"2018-11-21T20:19:29","guid":{"rendered":"https:\/\/biochimie.umontreal.ca\/?page_id=18731"},"modified":"2018-11-22T10:46:11","modified_gmt":"2018-11-22T15:46:11","slug":"cellular-and-molecular-biology","status":"publish","type":"page","link":"https:\/\/biochimie.umontreal.ca\/en\/research\/research-topics\/cellular-and-molecular-biology\/","title":{"rendered":"Cellular and molecular biology"},"content":{"rendered":"<h2>Topics<\/h2>\n<div class=\"togglecontainer toggle_close_all \">\n\n<div class=\"toggler extralight-border\"><span class=\"text-title\">Biochemical and cell-based analysis of DNA replication and repair, and cellular stress response proteins<\/span><span class=\"toggle_icon extralight-border\"><span class=\"vert_icon extralight-border\"><\/span><span class=\"hor_icon extralight-border\"><\/span><\/span><\/div>\n<div class=\"toggle_wrap\">\n<div class=\"toggle_content\">\n<table>\n<thead>\n<tr>\n<td>Professor<\/td>\n<td>Technologies<\/td>\n<\/tr>\n<\/thead>\n<tbody>\n<tr>\n<td><a href=\"https:\/\/biochimie.umontreal.ca\/departement\/professeurs\/profil\/pascal-john\/in19808\/\">John Pascal<\/a><\/td>\n<td>Macromolecular interactions, Cellular imaging, Enzyme catalysis, Protein-DNA interactions<\/td>\n<\/tr>\n<\/tbody>\n<\/table>\n\n<\/div>\n<\/div>\n\n<div class=\"toggler extralight-border\"><span class=\"text-title\">Cell signalization (G protein-coupled receptors)<\/span><span class=\"toggle_icon extralight-border\"><span class=\"vert_icon extralight-border\"><\/span><span class=\"hor_icon extralight-border\"><\/span><\/span><\/div>\n<div class=\"toggle_wrap\">\n<div class=\"toggle_content\">\n<table>\n<thead>\n<tr>\n<td>Professor<\/td>\n<td>Technologies<\/td>\n<\/tr>\n<\/thead>\n<tbody>\n<tr>\n<td><a href=\"https:\/\/biochimie.umontreal.ca\/departement\/professeurs\/profil\/bouvier-michel\/in13619\/\">Michel Bouvier<\/a><\/td>\n<td>Energy transfer; fluorescence microscopy, luminescence<\/td>\n<\/tr>\n<\/tbody>\n<\/table>\n\n<\/div>\n<\/div>\n\n<div class=\"toggler extralight-border\"><span class=\"text-title\">Cellular differentiation<\/span><span class=\"toggle_icon extralight-border\"><span class=\"vert_icon extralight-border\"><\/span><span class=\"hor_icon extralight-border\"><\/span><\/span><\/div>\n<div class=\"toggle_wrap\">\n<div class=\"toggle_content\">\n<table>\n<thead>\n<tr>\n<td>Professor<\/td>\n<td>Technologies<\/td>\n<\/tr>\n<\/thead>\n<tbody>\n<tr>\n<td><a href=\"https:\/\/biochimie.umontreal.ca\/departement\/professeurs\/profil\/drouin-jacques\/in14334\/\">Jacques Drouin<\/a><\/td>\n<td>Mouse models; Knock-out et transgenics<\/td>\n<\/tr>\n<\/tbody>\n<\/table>\n\n<\/div>\n<\/div>\n\n<div class=\"toggler extralight-border\"><span class=\"text-title\">Cellular senescence and tumor suppression<\/span><span class=\"toggle_icon extralight-border\"><span class=\"vert_icon extralight-border\"><\/span><span class=\"hor_icon extralight-border\"><\/span><\/span><\/div>\n<div class=\"toggle_wrap\">\n<div class=\"toggle_content\">\n<table>\n<thead>\n<tr>\n<td>Professor<\/td>\n<td>Technologies<\/td>\n<\/tr>\n<\/thead>\n<tbody>\n<tr>\n<td><a href=\"https:\/\/biochimie.umontreal.ca\/departement\/professeurs\/profil\/ferbeyre-gerardo\/in14346\/\">Gerardo Ferbeyre<\/a><\/td>\n<td>Culture of primary cells, viral gene transfer,CRISPR and shRNA-mediated gene silencing<\/td>\n<\/tr>\n<\/tbody>\n<\/table>\n\n<\/div>\n<\/div>\n\n<div class=\"toggler extralight-border\"><span class=\"text-title\">Control of cell division<\/span><span class=\"toggle_icon extralight-border\"><span class=\"vert_icon extralight-border\"><\/span><span class=\"hor_icon extralight-border\"><\/span><\/span><\/div>\n<div class=\"toggle_wrap\">\n<div class=\"toggle_content\">\n<table>\n<thead>\n<tr>\n<td>Professor<\/td>\n<td>Technologies<\/td>\n<\/tr>\n<\/thead>\n<tbody>\n<tr>\n<td><a href=\"https:\/\/biochimie.umontreal.ca\/departement\/professeurs\/profil\/archambault-vincent\/in15168\/\">Vincent Archambault<\/a><\/td>\n<td>Cell culture; drosophila, confocal microscopy, genetics, biochemistry, molecular biology, proteomics<\/td>\n<\/tr>\n<\/tbody>\n<\/table>\n\n<\/div>\n<\/div>\n\n<div class=\"toggler extralight-border\"><span class=\"text-title\">DNA damage response and apoptosis<\/span><span class=\"toggle_icon extralight-border\"><span class=\"vert_icon extralight-border\"><\/span><span class=\"hor_icon extralight-border\"><\/span><\/span><\/div>\n<div class=\"toggle_wrap\">\n<div class=\"toggle_content\">\n<table>\n<thead>\n<tr>\n<td>Professor<\/td>\n<td>Technologies<\/td>\n<\/tr>\n<\/thead>\n<tbody>\n<tr>\n<td><a href=\"https:\/\/biochimie.umontreal.ca\/departement\/professeurs\/profil\/desgroseillers-luc\/in14327\/\">Luc DesGroseillers<\/a><\/td>\n<td>Cell culture, superresolution microscopy, transcriptomics, proteomics, molecular biology<\/td>\n<\/tr>\n<\/tbody>\n<\/table>\n\n<\/div>\n<\/div>\n\n<div class=\"toggler extralight-border\"><span class=\"text-title\">Epigenetic mechanisms and pioneer factors<\/span><span class=\"toggle_icon extralight-border\"><span class=\"vert_icon extralight-border\"><\/span><span class=\"hor_icon extralight-border\"><\/span><\/span><\/div>\n<div class=\"toggle_wrap\">\n<div class=\"toggle_content\">\n<table>\n<thead>\n<tr>\n<td>Professor<\/td>\n<td>Technologies<\/td>\n<\/tr>\n<\/thead>\n<tbody>\n<tr>\n<td><a href=\"https:\/\/biochimie.umontreal.ca\/departement\/professeurs\/profil\/drouin-jacques\/in14334\/\">Jacques Drouin<\/a><\/td>\n<td>Molecular biology<\/td>\n<\/tr>\n<\/tbody>\n<\/table>\n\n<\/div>\n<\/div>\n\n<div class=\"toggler extralight-border\"><span class=\"text-title\">Information processing at origin of eukaryotes<\/span><span class=\"toggle_icon extralight-border\"><span class=\"vert_icon extralight-border\"><\/span><span class=\"hor_icon extralight-border\"><\/span><\/span><\/div>\n<div class=\"toggle_wrap\">\n<div class=\"toggle_content\">\n<table>\n<thead>\n<tr>\n<td>Professor<\/td>\n<td>Technologies<\/td>\n<\/tr>\n<\/thead>\n<tbody>\n<tr>\n<td><a href=\"https:\/\/biochimie.umontreal.ca\/departement\/professeurs\/profil\/burger-gertraud\/in13686\/\">Gertraud Burger<\/a><\/td>\n<td>Genomic sequencing, transcriptomics, bioinformatics<\/td>\n<\/tr>\n<\/tbody>\n<\/table>\n\n<\/div>\n<\/div>\n\n<div class=\"toggler extralight-border\"><span class=\"text-title\">Interplay of nuclear pore organization and mRNA export<\/span><span class=\"toggle_icon extralight-border\"><span class=\"vert_icon extralight-border\"><\/span><span class=\"hor_icon extralight-border\"><\/span><\/span><\/div>\n<div class=\"toggle_wrap\">\n<div class=\"toggle_content\">\n<table>\n<thead>\n<tr>\n<td>Professor<\/td>\n<td>Technologies<\/td>\n<\/tr>\n<\/thead>\n<tbody>\n<tr>\n<td><a href=\"https:\/\/biochimie.umontreal.ca\/departement\/professeurs\/profil\/zenklusen-daniel\/in15458\/\">Daniel Zenklusen<\/a><\/td>\n<td>Proteomics<\/td>\n<\/tr>\n<\/tbody>\n<\/table>\n\n<\/div>\n<\/div>\n\n<div class=\"toggler extralight-border\"><span class=\"text-title\">Mechanisms of cytokine synergy<\/span><span class=\"toggle_icon extralight-border\"><span class=\"vert_icon extralight-border\"><\/span><span class=\"hor_icon extralight-border\"><\/span><\/span><\/div>\n<div class=\"toggle_wrap\">\n<div class=\"toggle_content\">\n<table>\n<thead>\n<tr>\n<td>Professor<\/td>\n<td>Technologies<\/td>\n<\/tr>\n<\/thead>\n<tbody>\n<tr>\n<td><a href=\"https:\/\/biochimie.umontreal.ca\/departement\/professeurs\/profil\/grandvaux-nathalie\/in14847\/\">Nathalie Grandvaux<\/a><\/td>\n<td>Molecular biology<\/td>\n<\/tr>\n<\/tbody>\n<\/table>\n\n<\/div>\n<\/div>\n\n<div class=\"toggler extralight-border\"><span class=\"text-title\">Mechanisms of development<\/span><span class=\"toggle_icon extralight-border\"><span class=\"vert_icon extralight-border\"><\/span><span class=\"hor_icon extralight-border\"><\/span><\/span><\/div>\n<div class=\"toggle_wrap\">\n<div class=\"toggle_content\">\n<table>\n<thead>\n<tr>\n<td>Professor<\/td>\n<td>Technologies<\/td>\n<\/tr>\n<\/thead>\n<tbody>\n<tr>\n<td><a href=\"https:\/\/biochimie.umontreal.ca\/departement\/professeurs\/profil\/drouin-jacques\/in14334\/\">Jacques Drouin<\/a><\/td>\n<td>Genomics and high-throughput epigenomics<\/td>\n<\/tr>\n<\/tbody>\n<\/table>\n\n<\/div>\n<\/div>\n\n<div class=\"toggler extralight-border\"><span class=\"text-title\">Mechanisms of hormone action<\/span><span class=\"toggle_icon extralight-border\"><span class=\"vert_icon extralight-border\"><\/span><span class=\"hor_icon extralight-border\"><\/span><\/span><\/div>\n<div class=\"toggle_wrap\">\n<div class=\"toggle_content\">\n<table>\n<thead>\n<tr>\n<td>Professor<\/td>\n<td>Technologies<\/td>\n<\/tr>\n<\/thead>\n<tbody>\n<tr>\n<td><a href=\"https:\/\/biochimie.umontreal.ca\/departement\/professeurs\/profil\/drouin-jacques\/in14334\/\">Jacques Drouin<\/a><\/td>\n<td>RNAseq, ChIPseq, ChIPexo, MnaseSeq, ATACseq, M\u00e9thylone (WGBS)<\/td>\n<\/tr>\n<\/tbody>\n<\/table>\n\n<\/div>\n<\/div>\n\n<div class=\"toggler extralight-border\"><span class=\"text-title\">Molecular mechanisms of quorum sensing in <em>Candida albicans<\/em><\/span><span class=\"toggle_icon extralight-border\"><span class=\"vert_icon extralight-border\"><\/span><span class=\"hor_icon extralight-border\"><\/span><\/span><\/div>\n<div class=\"toggle_wrap\">\n<div class=\"toggle_content\">\n<table>\n<thead>\n<tr>\n<td>Professor<\/td>\n<td>Technologies<\/td>\n<\/tr>\n<\/thead>\n<tbody>\n<tr>\n<td><a href=\"https:\/\/biochimie.umontreal.ca\/departement\/professeurs\/profil\/raymond-martine\/in15094\/\">Martine Raymond<\/a><\/td>\n<td>Co-culture assays, HPLC, mass spectrometry, microscopy, functional genomics; bio-informatics, screening<\/td>\n<\/tr>\n<\/tbody>\n<\/table>\n\n<\/div>\n<\/div>\n\n<div class=\"toggler extralight-border\"><span class=\"text-title\">Post-transcriptional mechanisms of cell proliferation<\/span><span class=\"toggle_icon extralight-border\"><span class=\"vert_icon extralight-border\"><\/span><span class=\"hor_icon extralight-border\"><\/span><\/span><\/div>\n<div class=\"toggle_wrap\">\n<div class=\"toggle_content\">\n<table>\n<thead>\n<tr>\n<td>Professor<\/td>\n<td>Technologies<\/td>\n<\/tr>\n<\/thead>\n<tbody>\n<tr>\n<td><a href=\"https:\/\/biochimie.umontreal.ca\/departement\/professeurs\/profil\/desgroseillers-luc\/in14327\/\">Luc DesGroseillers<\/a><\/td>\n<td>Cell culture, superresolution microscopy, transcriptomics, proteomics, molecular biology<\/td>\n<\/tr>\n<\/tbody>\n<\/table>\n\n<\/div>\n<\/div>\n\n<div class=\"toggler extralight-border\"><span class=\"text-title\">Protein modification during antiviral signalization: regulation by redox processes<\/span><span class=\"toggle_icon extralight-border\"><span class=\"vert_icon extralight-border\"><\/span><span class=\"hor_icon extralight-border\"><\/span><\/span><\/div>\n<div class=\"toggle_wrap\">\n<div class=\"toggle_content\">\n<table>\n<thead>\n<tr>\n<td>Professor<\/td>\n<td>Technologies<\/td>\n<\/tr>\n<\/thead>\n<tbody>\n<tr>\n<td><a href=\"https:\/\/biochimie.umontreal.ca\/departement\/professeurs\/profil\/grandvaux-nathalie\/in14847\/\">Nathalie Grandvaux<\/a><\/td>\n<td>Molecular biology<\/td>\n<\/tr>\n<\/tbody>\n<\/table>\n\n<\/div>\n<\/div>\n\n<div class=\"toggler extralight-border\"><span class=\"text-title\">Proteomics, functional and structural studies on miRNA biogenesis<\/span><span class=\"toggle_icon extralight-border\"><span class=\"vert_icon extralight-border\"><\/span><span class=\"hor_icon extralight-border\"><\/span><\/span><\/div>\n<div class=\"toggle_wrap\">\n<div class=\"toggle_content\">\n<table>\n<thead>\n<tr>\n<td>Professor<\/td>\n<td>Technologies<\/td>\n<\/tr>\n<\/thead>\n<tbody>\n<tr>\n<td><a href=\"https:\/\/biochimie.umontreal.ca\/departement\/professeurs\/profil\/legault-pascale\/in14566\/\">Pascale Legault<\/a><\/td>\n<td>Molecular biology; nuclear magnetic resonance<\/td>\n<\/tr>\n<\/tbody>\n<\/table>\n\n<\/div>\n<\/div>\n\n<div class=\"toggler extralight-border\"><span class=\"text-title\">Ribonucleoprotein maturation<\/span><span class=\"toggle_icon extralight-border\"><span class=\"vert_icon extralight-border\"><\/span><span class=\"hor_icon extralight-border\"><\/span><\/span><\/div>\n<div class=\"toggle_wrap\">\n<div class=\"toggle_content\">\n<table>\n<thead>\n<tr>\n<td>Professor<\/td>\n<td>Technologies<\/td>\n<\/tr>\n<\/thead>\n<tbody>\n<tr>\n<td><a href=\"https:\/\/biochimie.umontreal.ca\/departement\/professeurs\/profil\/oeffinger-marlene\/in15402\/\">Marlene Oeffinger<\/a><\/td>\n<td>Proteomics, Rnomics, Cell biology, Crosslinking-MS, Superresolution Microscopy<\/td>\n<\/tr>\n<\/tbody>\n<\/table>\n\n<\/div>\n<\/div>\n\n<div class=\"toggler extralight-border\"><span class=\"text-title\">Ribonucleoprotein transport<\/span><span class=\"toggle_icon extralight-border\"><span class=\"vert_icon extralight-border\"><\/span><span class=\"hor_icon extralight-border\"><\/span><\/span><\/div>\n<div class=\"toggle_wrap\">\n<div class=\"toggle_content\">\n<table>\n<thead>\n<tr>\n<td>Professor<\/td>\n<td>Technologies<\/td>\n<\/tr>\n<\/thead>\n<tbody>\n<tr>\n<td><a href=\"https:\/\/biochimie.umontreal.ca\/departement\/professeurs\/profil\/oeffinger-marlene\/in15402\/\">Marlene Oeffinger<\/a><\/td>\n<td>Proteomics, Rnomics, Cell biology, Crosslinking-MS, Superresolution<\/td>\n<\/tr>\n<\/tbody>\n<\/table>\n\n<\/div>\n<\/div>\n\n<div class=\"toggler extralight-border\"><span class=\"text-title\">Ribosome biogenesis<\/span><span class=\"toggle_icon extralight-border\"><span class=\"vert_icon extralight-border\"><\/span><span class=\"hor_icon extralight-border\"><\/span><\/span><\/div>\n<div class=\"toggle_wrap\">\n<div class=\"toggle_content\">\n<table>\n<thead>\n<tr>\n<td>Professor<\/td>\n<td>Technologies<\/td>\n<\/tr>\n<\/thead>\n<tbody>\n<tr>\n<td><a href=\"https:\/\/biochimie.umontreal.ca\/departement\/professeurs\/profil\/oeffinger-marlene\/in15402\/\">Marlene Oeffinger<\/a><\/td>\n<td>Proteomics, Rnomics, Cell biology, Crosslinking-MS, Superresolution Microscopy<\/td>\n<\/tr>\n<\/tbody>\n<\/table>\n\n<\/div>\n<\/div>\n\n<div class=\"toggler extralight-border\"><span class=\"text-title\">Role of mRNP structural organization in mRNA metabolism<\/span><span class=\"toggle_icon extralight-border\"><span class=\"vert_icon extralight-border\"><\/span><span class=\"hor_icon extralight-border\"><\/span><\/span><\/div>\n<div class=\"toggle_wrap\">\n<div class=\"toggle_content\">\n<table>\n<thead>\n<tr>\n<td>Professor<\/td>\n<td>Technologies<\/td>\n<\/tr>\n<\/thead>\n<tbody>\n<tr>\n<td><a href=\"https:\/\/biochimie.umontreal.ca\/departement\/professeurs\/profil\/zenklusen-daniel\/in15458\/\">Daniel Zenklusen<\/a><\/td>\n<td>Single molecule resolution microscopy<\/td>\n<\/tr>\n<\/tbody>\n<\/table>\n\n<\/div>\n<\/div>\n\n<div class=\"toggler extralight-border\"><span class=\"text-title\">Specialized ribosomes<\/span><span class=\"toggle_icon extralight-border\"><span class=\"vert_icon extralight-border\"><\/span><span class=\"hor_icon extralight-border\"><\/span><\/span><\/div>\n<div class=\"toggle_wrap\">\n<div class=\"toggle_content\">\n<table>\n<thead>\n<tr>\n<td>Professor<\/td>\n<td>Technologies<\/td>\n<\/tr>\n<\/thead>\n<tbody>\n<tr>\n<td><a href=\"https:\/\/biochimie.umontreal.ca\/departement\/professeurs\/profil\/oeffinger-marlene\/in15402\/\">Marlene Oeffinger<\/a><\/td>\n<td>Proteomics, Rnomics, Cell biology, Crosslinking-MS, Superresolution Microscopy<\/td>\n<\/tr>\n<\/tbody>\n<\/table>\n\n<\/div>\n<\/div>\n\n<div class=\"toggler extralight-border\"><span class=\"text-title\">Transcription regulation by non-coding RNAs<\/span><span class=\"toggle_icon extralight-border\"><span class=\"vert_icon extralight-border\"><\/span><span class=\"hor_icon extralight-border\"><\/span><\/span><\/div>\n<div class=\"toggle_wrap\">\n<div class=\"toggle_content\">\n<table>\n<thead>\n<tr>\n<td>Professor<\/td>\n<td>Technologies<\/td>\n<\/tr>\n<\/thead>\n<tbody>\n<tr>\n<td><a href=\"https:\/\/biochimie.umontreal.ca\/departement\/professeurs\/profil\/zenklusen-daniel\/in15458\/\">Daniel Zenklusen<\/a><\/td>\n<td>Genetics<\/td>\n<\/tr>\n<\/tbody>\n<\/table>\n\n<\/div>\n<\/div>\n\n<div class=\"toggler extralight-border\"><span class=\"text-title\">Transcriptional regulation of secretion<\/span><span class=\"toggle_icon extralight-border\"><span class=\"vert_icon extralight-border\"><\/span><span class=\"hor_icon extralight-border\"><\/span><\/span><\/div>\n<div class=\"toggle_wrap\">\n<div class=\"toggle_content\">\n<table>\n<thead>\n<tr>\n<td>Professor<\/td>\n<td>Technologies<\/td>\n<\/tr>\n<\/thead>\n<tbody>\n<tr>\n<td><a href=\"https:\/\/biochimie.umontreal.ca\/departement\/professeurs\/profil\/drouin-jacques\/in14334\/\">Jacques Drouin<\/a><\/td>\n<td>Molecular biology<\/td>\n<\/tr>\n<\/tbody>\n<\/table>\n\n<\/div>\n<\/div>\n\n<div class=\"toggler extralight-border\"><span class=\"text-title\">Translation fidelity and senescence<\/span><span class=\"toggle_icon extralight-border\"><span class=\"vert_icon extralight-border\"><\/span><span class=\"hor_icon extralight-border\"><\/span><\/span><\/div>\n<div class=\"toggle_wrap\">\n<div class=\"toggle_content\">\n<table>\n<thead>\n<tr>\n<td>Professor<\/td>\n<td>Technologies<\/td>\n<\/tr>\n<\/thead>\n<tbody>\n<tr>\n<td><a href=\"https:\/\/biochimie.umontreal.ca\/departement\/professeurs\/profil\/brakier-gingras-lea\/in23603\/\">L\u00e9a Brakier-Gingras<\/a><\/td>\n<td>Molecular biology<\/td>\n<\/tr>\n<\/tbody>\n<\/table>\n\n<\/div>\n<\/div>\n\n\n<\/div>\n\n","protected":false},"excerpt":{"rendered":"<p>Topics<\/p>\n","protected":false},"author":92,"featured_media":0,"parent":18721,"menu_order":0,"comment_status":"closed","ping_status":"closed","template":"","meta":{"footnotes":""},"class_list":["post-18731","page","type-page","status-publish","hentry"],"yoast_head":"<!-- This site is optimized with the Yoast SEO plugin v25.0 - https:\/\/yoast.com\/wordpress\/plugins\/seo\/ -->\n<title>Cellular and molecular biology - D\u00e9partement de biochimie et m\u00e9decine mol\u00e9culaire<\/title>\n<meta name=\"robots\" content=\"index, follow, max-snippet:-1, max-image-preview:large, max-video-preview:-1\" \/>\n<link rel=\"canonical\" href=\"https:\/\/biochimie.umontreal.ca\/en\/research\/research-topics\/cellular-and-molecular-biology\/\" \/>\n<meta property=\"og:locale\" content=\"en_US\" \/>\n<meta property=\"og:type\" content=\"article\" \/>\n<meta property=\"og:title\" content=\"Cellular and molecular biology - D\u00e9partement de biochimie et m\u00e9decine mol\u00e9culaire\" \/>\n<meta property=\"og:description\" content=\"Topics\" \/>\n<meta property=\"og:url\" content=\"https:\/\/biochimie.umontreal.ca\/en\/research\/research-topics\/cellular-and-molecular-biology\/\" \/>\n<meta property=\"og:site_name\" content=\"D\u00e9partement de biochimie et m\u00e9decine mol\u00e9culaire\" \/>\n<meta property=\"article:modified_time\" content=\"2018-11-22T15:46:11+00:00\" \/>\n<meta name=\"twitter:card\" content=\"summary_large_image\" \/>\n<meta name=\"twitter:label1\" content=\"Est. reading time\" \/>\n\t<meta name=\"twitter:data1\" content=\"2 minutes\" \/>\n<script type=\"application\/ld+json\" class=\"yoast-schema-graph\">{\"@context\":\"https:\/\/schema.org\",\"@graph\":[{\"@type\":\"WebPage\",\"@id\":\"https:\/\/biochimie.umontreal.ca\/en\/research\/research-topics\/cellular-and-molecular-biology\/\",\"url\":\"https:\/\/biochimie.umontreal.ca\/en\/research\/research-topics\/cellular-and-molecular-biology\/\",\"name\":\"Cellular and molecular biology - D\u00e9partement de biochimie et m\u00e9decine mol\u00e9culaire\",\"isPartOf\":{\"@id\":\"https:\/\/biochimie.umontreal.ca\/#website\"},\"datePublished\":\"2018-11-21T20:19:29+00:00\",\"dateModified\":\"2018-11-22T15:46:11+00:00\",\"breadcrumb\":{\"@id\":\"https:\/\/biochimie.umontreal.ca\/en\/research\/research-topics\/cellular-and-molecular-biology\/#breadcrumb\"},\"inLanguage\":\"en-US\",\"potentialAction\":[{\"@type\":\"ReadAction\",\"target\":[\"https:\/\/biochimie.umontreal.ca\/en\/research\/research-topics\/cellular-and-molecular-biology\/\"]}]},{\"@type\":\"BreadcrumbList\",\"@id\":\"https:\/\/biochimie.umontreal.ca\/en\/research\/research-topics\/cellular-and-molecular-biology\/#breadcrumb\",\"itemListElement\":[{\"@type\":\"ListItem\",\"position\":1,\"name\":\"Accueil\",\"item\":\"https:\/\/biochimie.umontreal.ca\/en\/\"},{\"@type\":\"ListItem\",\"position\":2,\"name\":\"Research\",\"item\":\"https:\/\/biochimie.umontreal.ca\/en\/research\/\"},{\"@type\":\"ListItem\",\"position\":3,\"name\":\"Research Topics\",\"item\":\"https:\/\/biochimie.umontreal.ca\/en\/research\/research-topics\/\"},{\"@type\":\"ListItem\",\"position\":4,\"name\":\"Cellular and molecular biology\"}]},{\"@type\":\"WebSite\",\"@id\":\"https:\/\/biochimie.umontreal.ca\/#website\",\"url\":\"https:\/\/biochimie.umontreal.ca\/\",\"name\":\"D\u00e9partement de biochimie et m\u00e9decine mol\u00e9culaire\",\"description\":\"\",\"potentialAction\":[{\"@type\":\"SearchAction\",\"target\":{\"@type\":\"EntryPoint\",\"urlTemplate\":\"https:\/\/biochimie.umontreal.ca\/?s={search_term_string}\"},\"query-input\":{\"@type\":\"PropertyValueSpecification\",\"valueRequired\":true,\"valueName\":\"search_term_string\"}}],\"inLanguage\":\"en-US\"}]}<\/script>\n<!-- \/ Yoast SEO plugin. -->","yoast_head_json":{"title":"Cellular and molecular biology - D\u00e9partement de biochimie et m\u00e9decine mol\u00e9culaire","robots":{"index":"index","follow":"follow","max-snippet":"max-snippet:-1","max-image-preview":"max-image-preview:large","max-video-preview":"max-video-preview:-1"},"canonical":"https:\/\/biochimie.umontreal.ca\/en\/research\/research-topics\/cellular-and-molecular-biology\/","og_locale":"en_US","og_type":"article","og_title":"Cellular and molecular biology - D\u00e9partement de biochimie et m\u00e9decine mol\u00e9culaire","og_description":"Topics","og_url":"https:\/\/biochimie.umontreal.ca\/en\/research\/research-topics\/cellular-and-molecular-biology\/","og_site_name":"D\u00e9partement de biochimie et m\u00e9decine mol\u00e9culaire","article_modified_time":"2018-11-22T15:46:11+00:00","twitter_card":"summary_large_image","twitter_misc":{"Est. reading time":"2 minutes"},"schema":{"@context":"https:\/\/schema.org","@graph":[{"@type":"WebPage","@id":"https:\/\/biochimie.umontreal.ca\/en\/research\/research-topics\/cellular-and-molecular-biology\/","url":"https:\/\/biochimie.umontreal.ca\/en\/research\/research-topics\/cellular-and-molecular-biology\/","name":"Cellular and molecular biology - D\u00e9partement de biochimie et m\u00e9decine mol\u00e9culaire","isPartOf":{"@id":"https:\/\/biochimie.umontreal.ca\/#website"},"datePublished":"2018-11-21T20:19:29+00:00","dateModified":"2018-11-22T15:46:11+00:00","breadcrumb":{"@id":"https:\/\/biochimie.umontreal.ca\/en\/research\/research-topics\/cellular-and-molecular-biology\/#breadcrumb"},"inLanguage":"en-US","potentialAction":[{"@type":"ReadAction","target":["https:\/\/biochimie.umontreal.ca\/en\/research\/research-topics\/cellular-and-molecular-biology\/"]}]},{"@type":"BreadcrumbList","@id":"https:\/\/biochimie.umontreal.ca\/en\/research\/research-topics\/cellular-and-molecular-biology\/#breadcrumb","itemListElement":[{"@type":"ListItem","position":1,"name":"Accueil","item":"https:\/\/biochimie.umontreal.ca\/en\/"},{"@type":"ListItem","position":2,"name":"Research","item":"https:\/\/biochimie.umontreal.ca\/en\/research\/"},{"@type":"ListItem","position":3,"name":"Research Topics","item":"https:\/\/biochimie.umontreal.ca\/en\/research\/research-topics\/"},{"@type":"ListItem","position":4,"name":"Cellular and molecular biology"}]},{"@type":"WebSite","@id":"https:\/\/biochimie.umontreal.ca\/#website","url":"https:\/\/biochimie.umontreal.ca\/","name":"D\u00e9partement de biochimie et m\u00e9decine mol\u00e9culaire","description":"","potentialAction":[{"@type":"SearchAction","target":{"@type":"EntryPoint","urlTemplate":"https:\/\/biochimie.umontreal.ca\/?s={search_term_string}"},"query-input":{"@type":"PropertyValueSpecification","valueRequired":true,"valueName":"search_term_string"}}],"inLanguage":"en-US"}]}},"_links":{"self":[{"href":"https:\/\/biochimie.umontreal.ca\/en\/wp-json\/wp\/v2\/pages\/18731","targetHints":{"allow":["GET"]}}],"collection":[{"href":"https:\/\/biochimie.umontreal.ca\/en\/wp-json\/wp\/v2\/pages"}],"about":[{"href":"https:\/\/biochimie.umontreal.ca\/en\/wp-json\/wp\/v2\/types\/page"}],"author":[{"embeddable":true,"href":"https:\/\/biochimie.umontreal.ca\/en\/wp-json\/wp\/v2\/users\/92"}],"replies":[{"embeddable":true,"href":"https:\/\/biochimie.umontreal.ca\/en\/wp-json\/wp\/v2\/comments?post=18731"}],"version-history":[{"count":4,"href":"https:\/\/biochimie.umontreal.ca\/en\/wp-json\/wp\/v2\/pages\/18731\/revisions"}],"predecessor-version":[{"id":18756,"href":"https:\/\/biochimie.umontreal.ca\/en\/wp-json\/wp\/v2\/pages\/18731\/revisions\/18756"}],"up":[{"embeddable":true,"href":"https:\/\/biochimie.umontreal.ca\/en\/wp-json\/wp\/v2\/pages\/18721"}],"wp:attachment":[{"href":"https:\/\/biochimie.umontreal.ca\/en\/wp-json\/wp\/v2\/media?parent=18731"}],"curies":[{"name":"wp","href":"https:\/\/api.w.org\/{rel}","templated":true}]}}