{"id":18728,"date":"2018-11-21T14:42:19","date_gmt":"2018-11-21T19:42:19","guid":{"rendered":"https:\/\/biochimie.umontreal.ca\/?page_id=18728"},"modified":"2018-11-22T10:41:01","modified_gmt":"2018-11-22T15:41:01","slug":"bioinformatics-and-molecular-evolution","status":"publish","type":"page","link":"https:\/\/biochimie.umontreal.ca\/en\/research\/research-topics\/bioinformatics-and-molecular-evolution\/","title":{"rendered":"Bioinformatics and molecular evolution"},"content":{"rendered":"<h2>Topics<\/h2>\n<div class=\"togglecontainer toggle_close_all \">\n\n<div class=\"toggler extralight-border\"><span class=\"text-title\">Comparative genomics<\/span><span class=\"toggle_icon extralight-border\"><span class=\"vert_icon extralight-border\"><\/span><span class=\"hor_icon extralight-border\"><\/span><\/span><\/div>\n<div class=\"toggle_wrap\">\n<div class=\"toggle_content\">\n<table>\n<thead>\n<tr>\n<td>Professor<\/td>\n<td>Technologies<\/td>\n<\/tr>\n<\/thead>\n<tbody>\n<tr>\n<td><a href=\"https:\/\/biochimie.umontreal.ca\/departement\/professeurs\/profil\/burger-gertraud\/in13686\/\">Gertraud Burger<\/a><\/td>\n<td>Genome sequencing; transcriptomics; bio-informatics<\/td>\n<\/tr>\n<\/tbody>\n<\/table>\n\n<\/div>\n<\/div>\n\n<div class=\"toggler extralight-border\"><span class=\"text-title\">Epigenetics of chromatin remodeling<\/span><span class=\"toggle_icon extralight-border\"><span class=\"vert_icon extralight-border\"><\/span><span class=\"hor_icon extralight-border\"><\/span><\/span><\/div>\n<div class=\"toggle_wrap\">\n<div class=\"toggle_content\">\n<table>\n<thead>\n<tr>\n<td>Professor<\/td>\n<td>Technologies<\/td>\n<\/tr>\n<\/thead>\n<tbody>\n<tr>\n<td><a href=\"https:\/\/biochimie.umontreal.ca\/departement\/professeurs\/profil\/drouin-jacques\/in14334\/\">Jacques Drouin<\/a><\/td>\n<td>Genomics and high-throughput epigenomics<\/td>\n<\/tr>\n<\/tbody>\n<\/table>\n\n<\/div>\n<\/div>\n\n<div class=\"toggler extralight-border\"><span class=\"text-title\">Gene expression in environmental bacteria<\/span><span class=\"toggle_icon extralight-border\"><span class=\"vert_icon extralight-border\"><\/span><span class=\"hor_icon extralight-border\"><\/span><\/span><\/div>\n<div class=\"toggle_wrap\">\n<div class=\"toggle_content\">\n<table>\n<thead>\n<tr>\n<td>Professor<\/td>\n<td>Technologies<\/td>\n<\/tr>\n<\/thead>\n<tbody>\n<tr>\n<td><a href=\"https:\/\/biochimie.umontreal.ca\/departement\/professeurs\/profil\/baron-christian\/in14909\/\">Christian Baron<\/a><\/td>\n<td>RNA-Seq, g\u00e9nomics<\/td>\n<\/tr>\n<\/tbody>\n<\/table>\n\n<\/div>\n<\/div>\n\n<div class=\"toggler extralight-border\"><span class=\"text-title\">Genomics of jakobides<\/span><span class=\"toggle_icon extralight-border\"><span class=\"vert_icon extralight-border\"><\/span><span class=\"hor_icon extralight-border\"><\/span><\/span><\/div>\n<div class=\"toggle_wrap\">\n<div class=\"toggle_content\">\n<table>\n<thead>\n<tr>\n<td>Professor<\/td>\n<td>Technologies<\/td>\n<\/tr>\n<\/thead>\n<tbody>\n<tr>\n<td><a href=\"https:\/\/biochimie.umontreal.ca\/departement\/professeurs\/profil\/lang-franz-bernd\/in14104\/\">B. Franz Lang<\/a><\/td>\n<td>Genomics, proteomics, transcriptomics<\/td>\n<\/tr>\n<\/tbody>\n<\/table>\n\n<\/div>\n<\/div>\n\n<div class=\"toggler extralight-border\"><span class=\"text-title\">Molecular evolution, neutrality tests, pathogen evolution<\/span><span class=\"toggle_icon extralight-border\"><span class=\"vert_icon extralight-border\"><\/span><span class=\"hor_icon extralight-border\"><\/span><\/span><\/div>\n<div class=\"toggle_wrap\">\n<div class=\"toggle_content\">\n<table>\n<thead>\n<tr>\n<td>Professor<\/td>\n<td>Technologies<\/td>\n<\/tr>\n<\/thead>\n<tbody>\n<tr>\n<td><a href=\"https:\/\/biochimie.umontreal.ca\/departement\/professeurs\/profil\/serohijos-adrian\/in19807\/\">Adrian Serohijos<\/a><\/td>\n<td>\u00a0Bioinformatics<\/td>\n<\/tr>\n<\/tbody>\n<\/table>\n\n<\/div>\n<\/div>\n\n<div class=\"toggler extralight-border\"><span class=\"text-title\">Pioneer factors<\/span><span class=\"toggle_icon extralight-border\"><span class=\"vert_icon extralight-border\"><\/span><span class=\"hor_icon extralight-border\"><\/span><\/span><\/div>\n<div class=\"toggle_wrap\">\n<div class=\"toggle_content\">\n<table>\n<thead>\n<tr>\n<td>Professor<\/td>\n<td>Technologies<\/td>\n<\/tr>\n<\/thead>\n<tbody>\n<tr>\n<td><a href=\"https:\/\/biochimie.umontreal.ca\/departement\/professeurs\/profil\/drouin-jacques\/in14334\/\">Jacques Drouin<\/a><\/td>\n<td>RNAseq, ChIPseq, ChIPexo, MnaseSeq, ATACseq, M\u00e9thylone (WGBS)<\/td>\n<\/tr>\n<\/tbody>\n<\/table>\n\n<\/div>\n<\/div>\n\n<div class=\"toggler extralight-border\"><span class=\"text-title\">Proteomics, functional and structural studies on miRNA biogenesis<\/span><span class=\"toggle_icon extralight-border\"><span class=\"vert_icon extralight-border\"><\/span><span class=\"hor_icon extralight-border\"><\/span><\/span><\/div>\n<div class=\"toggle_wrap\">\n<div class=\"toggle_content\">\n<table>\n<thead>\n<tr>\n<td>Professor<\/td>\n<td>Technologies<\/td>\n<\/tr>\n<\/thead>\n<tbody>\n<tr>\n<td><a href=\"https:\/\/biochimie.umontreal.ca\/departement\/professeurs\/profil\/legault-pascale\/in14566\/\">Pascale Legault<\/a><\/td>\n<td>\u00a0Bioinformatics<\/td>\n<\/tr>\n<\/tbody>\n<\/table>\n\n<\/div>\n<\/div>\n\n<div class=\"toggler extralight-border\"><span class=\"text-title\">Protein homeostasis, protein folding, protein and genome evolution, and system biology<\/span><span class=\"toggle_icon extralight-border\"><span class=\"vert_icon extralight-border\"><\/span><span class=\"hor_icon extralight-border\"><\/span><\/span><\/div>\n<div class=\"toggle_wrap\">\n<div class=\"toggle_content\">\n<table>\n<thead>\n<tr>\n<td>Professor<\/td>\n<td>Technologies<\/td>\n<\/tr>\n<\/thead>\n<tbody>\n<tr>\n<td><a href=\"https:\/\/biochimie.umontreal.ca\/departement\/professeurs\/profil\/pechmann-sebastian\/in19806\/\">Sebastian Pechmann<\/a><\/td>\n<td>Computational Systems Biology<\/td>\n<\/tr>\n<\/tbody>\n<\/table>\n\n<\/div>\n<\/div>\n\n<div class=\"toggler extralight-border\"><span class=\"text-title\">Structure, functions and engineering of ribozymes<\/span><span class=\"toggle_icon extralight-border\"><span class=\"vert_icon extralight-border\"><\/span><span class=\"hor_icon extralight-border\"><\/span><\/span><\/div>\n<div class=\"toggle_wrap\">\n<div class=\"toggle_content\">\n<table>\n<thead>\n<tr>\n<td>Professor<\/td>\n<td>Technologies utilis\u00e9es<\/td>\n<\/tr>\n<\/thead>\n<tbody>\n<tr>\n<td><a href=\"https:\/\/biochimie.umontreal.ca\/departement\/professeurs\/profil\/legault-pascale\/in14566\/\">Pascale Legault<\/a><\/td>\n<td>Bioinformatics; molecular biology<\/td>\n<\/tr>\n<\/tbody>\n<\/table>\n\n<\/div>\n<\/div>\n\n<div class=\"toggler extralight-border\"><span class=\"text-title\">Tools for assembly and annotation of eukaryotic genomes<\/span><span class=\"toggle_icon extralight-border\"><span class=\"vert_icon extralight-border\"><\/span><span class=\"hor_icon extralight-border\"><\/span><\/span><\/div>\n<div class=\"toggle_wrap\">\n<div class=\"toggle_content\">\n<table>\n<thead>\n<tr>\n<td>Professor<\/td>\n<td>Technologies<\/td>\n<\/tr>\n<\/thead>\n<tbody>\n<tr>\n<td><a href=\"https:\/\/biochimie.umontreal.ca\/departement\/professeurs\/profil\/lang-franz-bernd\/in14104\/\">B. Franz Lang<\/a><\/td>\n<td>\u00a0Bioinformatics<\/td>\n<\/tr>\n<\/tbody>\n<\/table>\n\n<\/div>\n<\/div>\n\n\n<\/div>\n\n","protected":false},"excerpt":{"rendered":"<p>Topics<\/p>\n","protected":false},"author":92,"featured_media":0,"parent":18721,"menu_order":0,"comment_status":"closed","ping_status":"closed","template":"","meta":{"footnotes":""},"class_list":["post-18728","page","type-page","status-publish","hentry"],"yoast_head":"<!-- This site is optimized with the Yoast SEO plugin v25.0 - https:\/\/yoast.com\/wordpress\/plugins\/seo\/ -->\n<title>Bioinformatics and molecular evolution - D\u00e9partement de biochimie et m\u00e9decine mol\u00e9culaire<\/title>\n<meta name=\"robots\" content=\"index, follow, max-snippet:-1, max-image-preview:large, max-video-preview:-1\" \/>\n<link rel=\"canonical\" href=\"https:\/\/biochimie.umontreal.ca\/en\/research\/research-topics\/bioinformatics-and-molecular-evolution\/\" \/>\n<meta property=\"og:locale\" content=\"en_US\" \/>\n<meta property=\"og:type\" content=\"article\" \/>\n<meta property=\"og:title\" content=\"Bioinformatics and molecular evolution - D\u00e9partement de biochimie et m\u00e9decine mol\u00e9culaire\" \/>\n<meta property=\"og:description\" content=\"Topics\" \/>\n<meta property=\"og:url\" content=\"https:\/\/biochimie.umontreal.ca\/en\/research\/research-topics\/bioinformatics-and-molecular-evolution\/\" \/>\n<meta property=\"og:site_name\" content=\"D\u00e9partement de biochimie et m\u00e9decine mol\u00e9culaire\" \/>\n<meta property=\"article:modified_time\" content=\"2018-11-22T15:41:01+00:00\" \/>\n<meta name=\"twitter:card\" content=\"summary_large_image\" \/>\n<meta name=\"twitter:label1\" content=\"Est. reading time\" \/>\n\t<meta name=\"twitter:data1\" content=\"1 minute\" \/>\n<script type=\"application\/ld+json\" class=\"yoast-schema-graph\">{\"@context\":\"https:\/\/schema.org\",\"@graph\":[{\"@type\":\"WebPage\",\"@id\":\"https:\/\/biochimie.umontreal.ca\/en\/research\/research-topics\/bioinformatics-and-molecular-evolution\/\",\"url\":\"https:\/\/biochimie.umontreal.ca\/en\/research\/research-topics\/bioinformatics-and-molecular-evolution\/\",\"name\":\"Bioinformatics and molecular evolution - D\u00e9partement de biochimie et m\u00e9decine mol\u00e9culaire\",\"isPartOf\":{\"@id\":\"https:\/\/biochimie.umontreal.ca\/#website\"},\"datePublished\":\"2018-11-21T19:42:19+00:00\",\"dateModified\":\"2018-11-22T15:41:01+00:00\",\"breadcrumb\":{\"@id\":\"https:\/\/biochimie.umontreal.ca\/en\/research\/research-topics\/bioinformatics-and-molecular-evolution\/#breadcrumb\"},\"inLanguage\":\"en-US\",\"potentialAction\":[{\"@type\":\"ReadAction\",\"target\":[\"https:\/\/biochimie.umontreal.ca\/en\/research\/research-topics\/bioinformatics-and-molecular-evolution\/\"]}]},{\"@type\":\"BreadcrumbList\",\"@id\":\"https:\/\/biochimie.umontreal.ca\/en\/research\/research-topics\/bioinformatics-and-molecular-evolution\/#breadcrumb\",\"itemListElement\":[{\"@type\":\"ListItem\",\"position\":1,\"name\":\"Accueil\",\"item\":\"https:\/\/biochimie.umontreal.ca\/en\/\"},{\"@type\":\"ListItem\",\"position\":2,\"name\":\"Research\",\"item\":\"https:\/\/biochimie.umontreal.ca\/en\/research\/\"},{\"@type\":\"ListItem\",\"position\":3,\"name\":\"Research Topics\",\"item\":\"https:\/\/biochimie.umontreal.ca\/en\/research\/research-topics\/\"},{\"@type\":\"ListItem\",\"position\":4,\"name\":\"Bioinformatics and molecular evolution\"}]},{\"@type\":\"WebSite\",\"@id\":\"https:\/\/biochimie.umontreal.ca\/#website\",\"url\":\"https:\/\/biochimie.umontreal.ca\/\",\"name\":\"D\u00e9partement de biochimie et m\u00e9decine mol\u00e9culaire\",\"description\":\"\",\"potentialAction\":[{\"@type\":\"SearchAction\",\"target\":{\"@type\":\"EntryPoint\",\"urlTemplate\":\"https:\/\/biochimie.umontreal.ca\/?s={search_term_string}\"},\"query-input\":{\"@type\":\"PropertyValueSpecification\",\"valueRequired\":true,\"valueName\":\"search_term_string\"}}],\"inLanguage\":\"en-US\"}]}<\/script>\n<!-- \/ Yoast SEO plugin. -->","yoast_head_json":{"title":"Bioinformatics and molecular evolution - D\u00e9partement de biochimie et m\u00e9decine mol\u00e9culaire","robots":{"index":"index","follow":"follow","max-snippet":"max-snippet:-1","max-image-preview":"max-image-preview:large","max-video-preview":"max-video-preview:-1"},"canonical":"https:\/\/biochimie.umontreal.ca\/en\/research\/research-topics\/bioinformatics-and-molecular-evolution\/","og_locale":"en_US","og_type":"article","og_title":"Bioinformatics and molecular evolution - D\u00e9partement de biochimie et m\u00e9decine mol\u00e9culaire","og_description":"Topics","og_url":"https:\/\/biochimie.umontreal.ca\/en\/research\/research-topics\/bioinformatics-and-molecular-evolution\/","og_site_name":"D\u00e9partement de biochimie et m\u00e9decine mol\u00e9culaire","article_modified_time":"2018-11-22T15:41:01+00:00","twitter_card":"summary_large_image","twitter_misc":{"Est. reading time":"1 minute"},"schema":{"@context":"https:\/\/schema.org","@graph":[{"@type":"WebPage","@id":"https:\/\/biochimie.umontreal.ca\/en\/research\/research-topics\/bioinformatics-and-molecular-evolution\/","url":"https:\/\/biochimie.umontreal.ca\/en\/research\/research-topics\/bioinformatics-and-molecular-evolution\/","name":"Bioinformatics and molecular evolution - D\u00e9partement de biochimie et m\u00e9decine mol\u00e9culaire","isPartOf":{"@id":"https:\/\/biochimie.umontreal.ca\/#website"},"datePublished":"2018-11-21T19:42:19+00:00","dateModified":"2018-11-22T15:41:01+00:00","breadcrumb":{"@id":"https:\/\/biochimie.umontreal.ca\/en\/research\/research-topics\/bioinformatics-and-molecular-evolution\/#breadcrumb"},"inLanguage":"en-US","potentialAction":[{"@type":"ReadAction","target":["https:\/\/biochimie.umontreal.ca\/en\/research\/research-topics\/bioinformatics-and-molecular-evolution\/"]}]},{"@type":"BreadcrumbList","@id":"https:\/\/biochimie.umontreal.ca\/en\/research\/research-topics\/bioinformatics-and-molecular-evolution\/#breadcrumb","itemListElement":[{"@type":"ListItem","position":1,"name":"Accueil","item":"https:\/\/biochimie.umontreal.ca\/en\/"},{"@type":"ListItem","position":2,"name":"Research","item":"https:\/\/biochimie.umontreal.ca\/en\/research\/"},{"@type":"ListItem","position":3,"name":"Research Topics","item":"https:\/\/biochimie.umontreal.ca\/en\/research\/research-topics\/"},{"@type":"ListItem","position":4,"name":"Bioinformatics and molecular evolution"}]},{"@type":"WebSite","@id":"https:\/\/biochimie.umontreal.ca\/#website","url":"https:\/\/biochimie.umontreal.ca\/","name":"D\u00e9partement de biochimie et m\u00e9decine mol\u00e9culaire","description":"","potentialAction":[{"@type":"SearchAction","target":{"@type":"EntryPoint","urlTemplate":"https:\/\/biochimie.umontreal.ca\/?s={search_term_string}"},"query-input":{"@type":"PropertyValueSpecification","valueRequired":true,"valueName":"search_term_string"}}],"inLanguage":"en-US"}]}},"_links":{"self":[{"href":"https:\/\/biochimie.umontreal.ca\/en\/wp-json\/wp\/v2\/pages\/18728","targetHints":{"allow":["GET"]}}],"collection":[{"href":"https:\/\/biochimie.umontreal.ca\/en\/wp-json\/wp\/v2\/pages"}],"about":[{"href":"https:\/\/biochimie.umontreal.ca\/en\/wp-json\/wp\/v2\/types\/page"}],"author":[{"embeddable":true,"href":"https:\/\/biochimie.umontreal.ca\/en\/wp-json\/wp\/v2\/users\/92"}],"replies":[{"embeddable":true,"href":"https:\/\/biochimie.umontreal.ca\/en\/wp-json\/wp\/v2\/comments?post=18728"}],"version-history":[{"count":2,"href":"https:\/\/biochimie.umontreal.ca\/en\/wp-json\/wp\/v2\/pages\/18728\/revisions"}],"predecessor-version":[{"id":18755,"href":"https:\/\/biochimie.umontreal.ca\/en\/wp-json\/wp\/v2\/pages\/18728\/revisions\/18755"}],"up":[{"embeddable":true,"href":"https:\/\/biochimie.umontreal.ca\/en\/wp-json\/wp\/v2\/pages\/18721"}],"wp:attachment":[{"href":"https:\/\/biochimie.umontreal.ca\/en\/wp-json\/wp\/v2\/media?parent=18728"}],"curies":[{"name":"wp","href":"https:\/\/api.w.org\/{rel}","templated":true}]}}