{"id":18724,"date":"2018-11-21T14:35:59","date_gmt":"2018-11-21T19:35:59","guid":{"rendered":"https:\/\/biochimie.umontreal.ca\/?page_id=18724"},"modified":"2018-11-21T14:35:59","modified_gmt":"2018-11-21T19:35:59","slug":"structural-and-quantitative-biochemistry","status":"publish","type":"page","link":"https:\/\/biochimie.umontreal.ca\/en\/research\/research-topics\/structural-and-quantitative-biochemistry\/","title":{"rendered":"Structural and quantitative biochemistry"},"content":{"rendered":"<h2>Topics<\/h2>\n<div class=\"togglecontainer toggle_close_all \">\n\n<div class=\"toggler extralight-border\"><span class=\"text-title\">Biochemical and cell-based analysis of DNA replication and repair, and cellular stress response proteins<\/span><span class=\"toggle_icon extralight-border\"><span class=\"vert_icon extralight-border\"><\/span><span class=\"hor_icon extralight-border\"><\/span><\/span><\/div>\n<div class=\"toggle_wrap\">\n<div class=\"toggle_content\">\n<table>\n<thead>\n<tr>\n<td>Professor<\/td>\n<td>Technologies<\/td>\n<\/tr>\n<\/thead>\n<tbody>\n<tr>\n<td><a href=\"https:\/\/biochimie.umontreal.ca\/departement\/professeurs\/profil\/pascal-john\/in19808\/\">John Pascal<\/a><\/td>\n<td>X-ray crystallography, Small-angle X-ray scattering (SAXS), Electron microscopy, isothermal titration calorimetry (ITC), Fluorescence spectroscopy<\/td>\n<\/tr>\n<\/tbody>\n<\/table>\n\n<\/div>\n<\/div>\n\n<div class=\"toggler extralight-border\"><span class=\"text-title\">Structural basis of G protein-coupled receptor spatiotemporal signalization<\/span><span class=\"toggle_icon extralight-border\"><span class=\"vert_icon extralight-border\"><\/span><span class=\"hor_icon extralight-border\"><\/span><\/span><\/div>\n<div class=\"toggle_wrap\">\n<div class=\"toggle_content\">\n<table>\n<thead>\n<tr>\n<td>Professor<\/td>\n<td>Technologies<\/td>\n<\/tr>\n<\/thead>\n<tbody>\n<tr>\n<td><a href=\"https:\/\/biochimie.umontreal.ca\/departement\/professeurs\/profil\/bouvier-michel\/in13619\/\">Michel Bouvier<\/a><\/td>\n<td>Superresolution microscopy<\/td>\n<\/tr>\n<\/tbody>\n<\/table>\n\n<\/div>\n<\/div>\n\n<div class=\"toggler extralight-border\"><span class=\"text-title\">Theoretical and experimental biophysics, protein evolution and drug resistance<\/span><span class=\"toggle_icon extralight-border\"><span class=\"vert_icon extralight-border\"><\/span><span class=\"hor_icon extralight-border\"><\/span><\/span><\/div>\n<div class=\"toggle_wrap\">\n<div class=\"toggle_content\">\n<table>\n<thead>\n<tr>\n<td>Professor<\/td>\n<td>Technologies<\/td>\n<\/tr>\n<\/thead>\n<tbody>\n<tr>\n<td><a href=\"https:\/\/biochimie.umontreal.ca\/departement\/professeurs\/profil\/serohijos-adrian\/in19807\/\">Adrian Serohijos<\/a><\/td>\n<td>Bioinformatics<\/td>\n<\/tr>\n<\/tbody>\n<\/table>\n\n<\/div>\n<\/div>\n\n<div class=\"toggler extralight-border\"><span class=\"text-title\">Proteomics, functional and structural studies on miRNA biogenesis<\/span><span class=\"toggle_icon extralight-border\"><span class=\"vert_icon extralight-border\"><\/span><span class=\"hor_icon extralight-border\"><\/span><\/span><\/div>\n<div class=\"toggle_wrap\">\n<div class=\"toggle_content\">\n<table>\n<thead>\n<tr>\n<td>Professor<\/td>\n<td>Technologies<\/td>\n<\/tr>\n<\/thead>\n<tbody>\n<tr>\n<td><a href=\"https:\/\/biochimie.umontreal.ca\/departement\/professeurs\/profil\/legault-pascale\/in14566\/\">Pascale Legault<\/a><\/td>\n<td>Nuclear magnetic resonance; molecular biology<\/td>\n<\/tr>\n<\/tbody>\n<\/table>\n\n<\/div>\n<\/div>\n\n<div class=\"toggler extralight-border\"><span class=\"text-title\">Structural studies of riboswitches of pathogenic bacteria<\/span><span class=\"toggle_icon extralight-border\"><span class=\"vert_icon extralight-border\"><\/span><span class=\"hor_icon extralight-border\"><\/span><\/span><\/div>\n<div class=\"toggle_wrap\">\n<div class=\"toggle_content\">\n<table>\n<thead>\n<tr>\n<td>Professor<\/td>\n<td>Technologies<\/td>\n<\/tr>\n<\/thead>\n<tbody>\n<tr>\n<td><a href=\"https:\/\/biochimie.umontreal.ca\/departement\/professeurs\/profil\/legault-pascale\/in14566\/\">Pascale Legault<\/a><\/td>\n<td>Nuclear magnetic resonance; molecular biology<\/td>\n<\/tr>\n<\/tbody>\n<\/table>\n\n<\/div>\n<\/div>\n\n<div class=\"toggler extralight-border\"><span class=\"text-title\">Interplay of nuclear pore organization and mRNA export<\/span><span class=\"toggle_icon extralight-border\"><span class=\"vert_icon extralight-border\"><\/span><span class=\"hor_icon extralight-border\"><\/span><\/span><\/div>\n<div class=\"toggle_wrap\">\n<div class=\"toggle_content\">\n<table>\n<thead>\n<tr>\n<td>Professor<\/td>\n<td>Technologies<\/td>\n<\/tr>\n<\/thead>\n<tbody>\n<tr>\n<td><a href=\"https:\/\/biochimie.umontreal.ca\/departement\/professeurs\/profil\/zenklusen-daniel\/in15458\/\">Daniel Zenklusen<\/a><\/td>\n<td>Proteomics<\/td>\n<\/tr>\n<\/tbody>\n<\/table>\n\n<\/div>\n<\/div>\n\n<div class=\"toggler extralight-border\"><span class=\"text-title\">Transcription regulation by non-coding RNAs<\/span><span class=\"toggle_icon extralight-border\"><span class=\"vert_icon extralight-border\"><\/span><span class=\"hor_icon extralight-border\"><\/span><\/span><\/div>\n<div class=\"toggle_wrap\">\n<div class=\"toggle_content\">\n<table>\n<thead>\n<tr>\n<td>Professor<\/td>\n<td>Technologies<\/td>\n<\/tr>\n<\/thead>\n<tbody>\n<tr>\n<td><a href=\"https:\/\/biochimie.umontreal.ca\/departement\/professeurs\/profil\/zenklusen-daniel\/in15458\/\">Daniel Zenklusen<\/a><\/td>\n<td>Genetics<\/td>\n<\/tr>\n<\/tbody>\n<\/table>\n\n<\/div>\n<\/div>\n\n<div class=\"toggler extralight-border\"><span class=\"text-title\">Role of mRNP structural organization in mRNA metabolism<\/span><span class=\"toggle_icon extralight-border\"><span class=\"vert_icon extralight-border\"><\/span><span class=\"hor_icon extralight-border\"><\/span><\/span><\/div>\n<div class=\"toggle_wrap\">\n<div class=\"toggle_content\">\n<table>\n<thead>\n<tr>\n<td>Professor<\/td>\n<td>Technologies<\/td>\n<\/tr>\n<\/thead>\n<tbody>\n<tr>\n<td><a href=\"https:\/\/biochimie.umontreal.ca\/departement\/professeurs\/profil\/zenklusen-daniel\/in15458\/\">Daniel Zenklusen<\/a><\/td>\n<td>Single molecule resolution microscopy<\/td>\n<\/tr>\n<\/tbody>\n<\/table>\n\n<\/div>\n<\/div>\n\n<div class=\"toggler extralight-border\"><span class=\"text-title\">Structure and mechanisms of type IV secretion systems<\/span><span class=\"toggle_icon extralight-border\"><span class=\"vert_icon extralight-border\"><\/span><span class=\"hor_icon extralight-border\"><\/span><\/span><\/div>\n<div class=\"toggle_wrap\">\n<div class=\"toggle_content\">\n<table>\n<thead>\n<tr>\n<td>Professor<\/td>\n<td>Technologies<\/td>\n<\/tr>\n<\/thead>\n<tbody>\n<tr>\n<td><a href=\"https:\/\/biochimie.umontreal.ca\/departement\/professeurs\/profil\/baron-christian\/in14909\/\">Christian Baron<\/a><\/td>\n<td>Protein biochemistry; X-ray crystallography; nuclear magnetic resonance; electron microscopy<\/td>\n<\/tr>\n<\/tbody>\n<\/table>\n\n<\/div>\n<\/div>\n\n<div class=\"toggler extralight-border\"><span class=\"text-title\">Structure, functions and engineering of ribozymes<\/span><span class=\"toggle_icon extralight-border\"><span class=\"vert_icon extralight-border\"><\/span><span class=\"hor_icon extralight-border\"><\/span><\/span><\/div>\n<div class=\"toggle_wrap\">\n<div class=\"toggle_content\">\n<table>\n<thead>\n<tr>\n<td>Professor<\/td>\n<td>Technologies<\/td>\n<\/tr>\n<\/thead>\n<tbody>\n<tr>\n<td><a href=\"https:\/\/biochimie.umontreal.ca\/departement\/professeurs\/profil\/legault-pascale\/in14566\/\">Pascale Legault<\/a><\/td>\n<td>Nuclear magnetic resonance; molecular biology<\/td>\n<\/tr>\n<\/tbody>\n<\/table>\n\n<\/div>\n<\/div>\n\n\n<\/div>\n\n","protected":false},"excerpt":{"rendered":"<p>Topics<\/p>\n","protected":false},"author":92,"featured_media":0,"parent":18721,"menu_order":0,"comment_status":"closed","ping_status":"closed","template":"","meta":{"footnotes":""},"class_list":["post-18724","page","type-page","status-publish","hentry"],"yoast_head":"<!-- This site is optimized with the Yoast SEO plugin v25.0 - https:\/\/yoast.com\/wordpress\/plugins\/seo\/ -->\n<title>Structural and quantitative biochemistry - D\u00e9partement de biochimie et m\u00e9decine mol\u00e9culaire<\/title>\n<meta name=\"robots\" content=\"index, follow, max-snippet:-1, max-image-preview:large, max-video-preview:-1\" \/>\n<link rel=\"canonical\" href=\"https:\/\/biochimie.umontreal.ca\/en\/research\/research-topics\/structural-and-quantitative-biochemistry\/\" \/>\n<meta property=\"og:locale\" content=\"en_US\" \/>\n<meta property=\"og:type\" content=\"article\" \/>\n<meta property=\"og:title\" content=\"Structural and quantitative biochemistry - D\u00e9partement de biochimie et m\u00e9decine mol\u00e9culaire\" \/>\n<meta property=\"og:description\" content=\"Topics\" \/>\n<meta property=\"og:url\" content=\"https:\/\/biochimie.umontreal.ca\/en\/research\/research-topics\/structural-and-quantitative-biochemistry\/\" \/>\n<meta property=\"og:site_name\" content=\"D\u00e9partement de biochimie et m\u00e9decine mol\u00e9culaire\" \/>\n<meta name=\"twitter:card\" content=\"summary_large_image\" \/>\n<meta name=\"twitter:label1\" content=\"Est. reading time\" \/>\n\t<meta name=\"twitter:data1\" content=\"1 minute\" \/>\n<script type=\"application\/ld+json\" class=\"yoast-schema-graph\">{\"@context\":\"https:\/\/schema.org\",\"@graph\":[{\"@type\":\"WebPage\",\"@id\":\"https:\/\/biochimie.umontreal.ca\/en\/research\/research-topics\/structural-and-quantitative-biochemistry\/\",\"url\":\"https:\/\/biochimie.umontreal.ca\/en\/research\/research-topics\/structural-and-quantitative-biochemistry\/\",\"name\":\"Structural and quantitative biochemistry - D\u00e9partement de biochimie et m\u00e9decine mol\u00e9culaire\",\"isPartOf\":{\"@id\":\"https:\/\/biochimie.umontreal.ca\/#website\"},\"datePublished\":\"2018-11-21T19:35:59+00:00\",\"breadcrumb\":{\"@id\":\"https:\/\/biochimie.umontreal.ca\/en\/research\/research-topics\/structural-and-quantitative-biochemistry\/#breadcrumb\"},\"inLanguage\":\"en-US\",\"potentialAction\":[{\"@type\":\"ReadAction\",\"target\":[\"https:\/\/biochimie.umontreal.ca\/en\/research\/research-topics\/structural-and-quantitative-biochemistry\/\"]}]},{\"@type\":\"BreadcrumbList\",\"@id\":\"https:\/\/biochimie.umontreal.ca\/en\/research\/research-topics\/structural-and-quantitative-biochemistry\/#breadcrumb\",\"itemListElement\":[{\"@type\":\"ListItem\",\"position\":1,\"name\":\"Accueil\",\"item\":\"https:\/\/biochimie.umontreal.ca\/en\/\"},{\"@type\":\"ListItem\",\"position\":2,\"name\":\"Research\",\"item\":\"https:\/\/biochimie.umontreal.ca\/en\/research\/\"},{\"@type\":\"ListItem\",\"position\":3,\"name\":\"Research Topics\",\"item\":\"https:\/\/biochimie.umontreal.ca\/en\/research\/research-topics\/\"},{\"@type\":\"ListItem\",\"position\":4,\"name\":\"Structural and quantitative biochemistry\"}]},{\"@type\":\"WebSite\",\"@id\":\"https:\/\/biochimie.umontreal.ca\/#website\",\"url\":\"https:\/\/biochimie.umontreal.ca\/\",\"name\":\"D\u00e9partement de biochimie et m\u00e9decine mol\u00e9culaire\",\"description\":\"\",\"potentialAction\":[{\"@type\":\"SearchAction\",\"target\":{\"@type\":\"EntryPoint\",\"urlTemplate\":\"https:\/\/biochimie.umontreal.ca\/?s={search_term_string}\"},\"query-input\":{\"@type\":\"PropertyValueSpecification\",\"valueRequired\":true,\"valueName\":\"search_term_string\"}}],\"inLanguage\":\"en-US\"}]}<\/script>\n<!-- \/ Yoast SEO plugin. -->","yoast_head_json":{"title":"Structural and quantitative biochemistry - D\u00e9partement de biochimie et m\u00e9decine mol\u00e9culaire","robots":{"index":"index","follow":"follow","max-snippet":"max-snippet:-1","max-image-preview":"max-image-preview:large","max-video-preview":"max-video-preview:-1"},"canonical":"https:\/\/biochimie.umontreal.ca\/en\/research\/research-topics\/structural-and-quantitative-biochemistry\/","og_locale":"en_US","og_type":"article","og_title":"Structural and quantitative biochemistry - D\u00e9partement de biochimie et m\u00e9decine mol\u00e9culaire","og_description":"Topics","og_url":"https:\/\/biochimie.umontreal.ca\/en\/research\/research-topics\/structural-and-quantitative-biochemistry\/","og_site_name":"D\u00e9partement de biochimie et m\u00e9decine mol\u00e9culaire","twitter_card":"summary_large_image","twitter_misc":{"Est. reading time":"1 minute"},"schema":{"@context":"https:\/\/schema.org","@graph":[{"@type":"WebPage","@id":"https:\/\/biochimie.umontreal.ca\/en\/research\/research-topics\/structural-and-quantitative-biochemistry\/","url":"https:\/\/biochimie.umontreal.ca\/en\/research\/research-topics\/structural-and-quantitative-biochemistry\/","name":"Structural and quantitative biochemistry - D\u00e9partement de biochimie et m\u00e9decine mol\u00e9culaire","isPartOf":{"@id":"https:\/\/biochimie.umontreal.ca\/#website"},"datePublished":"2018-11-21T19:35:59+00:00","breadcrumb":{"@id":"https:\/\/biochimie.umontreal.ca\/en\/research\/research-topics\/structural-and-quantitative-biochemistry\/#breadcrumb"},"inLanguage":"en-US","potentialAction":[{"@type":"ReadAction","target":["https:\/\/biochimie.umontreal.ca\/en\/research\/research-topics\/structural-and-quantitative-biochemistry\/"]}]},{"@type":"BreadcrumbList","@id":"https:\/\/biochimie.umontreal.ca\/en\/research\/research-topics\/structural-and-quantitative-biochemistry\/#breadcrumb","itemListElement":[{"@type":"ListItem","position":1,"name":"Accueil","item":"https:\/\/biochimie.umontreal.ca\/en\/"},{"@type":"ListItem","position":2,"name":"Research","item":"https:\/\/biochimie.umontreal.ca\/en\/research\/"},{"@type":"ListItem","position":3,"name":"Research Topics","item":"https:\/\/biochimie.umontreal.ca\/en\/research\/research-topics\/"},{"@type":"ListItem","position":4,"name":"Structural and quantitative biochemistry"}]},{"@type":"WebSite","@id":"https:\/\/biochimie.umontreal.ca\/#website","url":"https:\/\/biochimie.umontreal.ca\/","name":"D\u00e9partement de biochimie et m\u00e9decine mol\u00e9culaire","description":"","potentialAction":[{"@type":"SearchAction","target":{"@type":"EntryPoint","urlTemplate":"https:\/\/biochimie.umontreal.ca\/?s={search_term_string}"},"query-input":{"@type":"PropertyValueSpecification","valueRequired":true,"valueName":"search_term_string"}}],"inLanguage":"en-US"}]}},"_links":{"self":[{"href":"https:\/\/biochimie.umontreal.ca\/en\/wp-json\/wp\/v2\/pages\/18724","targetHints":{"allow":["GET"]}}],"collection":[{"href":"https:\/\/biochimie.umontreal.ca\/en\/wp-json\/wp\/v2\/pages"}],"about":[{"href":"https:\/\/biochimie.umontreal.ca\/en\/wp-json\/wp\/v2\/types\/page"}],"author":[{"embeddable":true,"href":"https:\/\/biochimie.umontreal.ca\/en\/wp-json\/wp\/v2\/users\/92"}],"replies":[{"embeddable":true,"href":"https:\/\/biochimie.umontreal.ca\/en\/wp-json\/wp\/v2\/comments?post=18724"}],"version-history":[{"count":1,"href":"https:\/\/biochimie.umontreal.ca\/en\/wp-json\/wp\/v2\/pages\/18724\/revisions"}],"predecessor-version":[{"id":18725,"href":"https:\/\/biochimie.umontreal.ca\/en\/wp-json\/wp\/v2\/pages\/18724\/revisions\/18725"}],"up":[{"embeddable":true,"href":"https:\/\/biochimie.umontreal.ca\/en\/wp-json\/wp\/v2\/pages\/18721"}],"wp:attachment":[{"href":"https:\/\/biochimie.umontreal.ca\/en\/wp-json\/wp\/v2\/media?parent=18724"}],"curies":[{"name":"wp","href":"https:\/\/api.w.org\/{rel}","templated":true}]}}