{"id":18014,"date":"2018-07-24T13:30:52","date_gmt":"2018-07-24T17:30:52","guid":{"rendered":"https:\/\/biochimie.umontreal.ca\/?page_id=18014"},"modified":"2018-07-24T13:32:35","modified_gmt":"2018-07-24T17:32:35","slug":"mohan-malleshaiah","status":"publish","type":"page","link":"https:\/\/biochimie.umontreal.ca\/en\/department\/mohan-malleshaiah\/","title":{"rendered":"Mohan Malleshaiah"},"content":{"rendered":"<h2>Assistant Professor<\/h2>\n<table>\n<tbody>\n<tr>\n<td style=\"text-align: center;vertical-align: middle\"><img loading=\"lazy\" decoding=\"async\" src=\"https:\/\/biochimie.umontreal.ca\/wp-content\/uploads\/sites\/37\/2018\/07\/MohanM-253x450.jpg\" alt=\"\" class=\"alignnone wp-image-18016\" width=\"127\" height=\"226\" srcset=\"https:\/\/biochimie.umontreal.ca\/wp-content\/uploads\/sites\/37\/2018\/07\/MohanM-253x450.jpg 253w, https:\/\/biochimie.umontreal.ca\/wp-content\/uploads\/sites\/37\/2018\/07\/MohanM-768x1365.jpg 768w, https:\/\/biochimie.umontreal.ca\/wp-content\/uploads\/sites\/37\/2018\/07\/MohanM-576x1024.jpg 576w, https:\/\/biochimie.umontreal.ca\/wp-content\/uploads\/sites\/37\/2018\/07\/MohanM-610x1084.jpg 610w\" sizes=\"auto, (max-width: 127px) 100vw, 127px\" \/><\/td>\n<td>\n<h2>Contact Information<\/h2>\n<p>IRCM<br \/>\n110 ave des Pins ouest<br \/>\nMontr\u00e9al, QC<br \/>\nH2W1R7<\/td>\n<td>\n<h2><\/h2>\n<p><strong>P<\/strong> 514 987-5733<br \/>\n<a href=\"mailto:mk.malleshaiah@umontreal.ca\">mk.malleshaiah@umontreal.ca<\/a><br \/>\n<a href=\"https:\/\/ircm.qc.ca\/en\/research\/systems-biology-and-medicinal-chemistry\/stem-cells-and-cell-reprogramming\">Web<\/a><\/td>\n<\/tr>\n<\/tbody>\n<\/table>\n<table>\n<tbody>\n<tr>\n<td>\n<h3>Themes<\/h3>\n<p>Cell states and their transitions are fundamental to development, diseases such as cancer, and cell reprogramming. The critical regulatory networks, particularly involving proteins, which process the signal information and control the cell states and their transitions are least understood.<\/p>\n<p>Our research focus is to identify cell state specific regulators, elucidate their networks and characterize their dynamics. Stem cell and cancer cell based systems provide us suitable models to study the cell states at single-cell level. To understand the regulatory mechanisms of cell states we combine quantitative single-cell measurements (including proteomics and genomics) with computational analysis and modelling approaches. We further utilize the gained knowledge of regulatory mechanisms to predict and reverse-engineer cell states for useful purposes through cell reprogramming and molecular design strategies.<\/p>\n<p>Ultimately, we hope to gain holistic understanding of the mechanisms cells have evolved to achieve and maintain specific cell states. We also expect that the findings will transcend discipline boundaries and reveal general design principles evolved in mammalian cells for information processing.<\/td>\n<\/tr>\n<\/tbody>\n<\/table>\n<p>&nbsp;<\/p>\n","protected":false},"excerpt":{"rendered":"<p>Assistant Professor Contact Information IRCM 110 ave des Pins ouest Montr\u00e9al, QC H2W1R7 P 514 987-5733 mk.malleshaiah@umontreal.ca Web Themes Cell states and their transitions are fundamental to development, diseases such [&hellip;]<\/p>\n","protected":false},"author":92,"featured_media":0,"parent":11439,"menu_order":0,"comment_status":"closed","ping_status":"closed","template":"","meta":{"footnotes":""},"class_list":["post-18014","page","type-page","status-publish","hentry"],"yoast_head":"<!-- This site is optimized with the Yoast SEO plugin v25.0 - https:\/\/yoast.com\/wordpress\/plugins\/seo\/ -->\n<title>Mohan Malleshaiah - D\u00e9partement de biochimie et m\u00e9decine mol\u00e9culaire<\/title>\n<meta name=\"robots\" content=\"index, follow, max-snippet:-1, max-image-preview:large, max-video-preview:-1\" \/>\n<link rel=\"canonical\" href=\"https:\/\/biochimie.umontreal.ca\/en\/department\/mohan-malleshaiah\/\" \/>\n<meta property=\"og:locale\" content=\"en_US\" \/>\n<meta property=\"og:type\" content=\"article\" \/>\n<meta property=\"og:title\" content=\"Mohan Malleshaiah - D\u00e9partement de biochimie et m\u00e9decine mol\u00e9culaire\" \/>\n<meta property=\"og:description\" content=\"Assistant Professor Contact Information IRCM 110 ave des Pins ouest Montr\u00e9al, QC H2W1R7 P 514 987-5733 mk.malleshaiah@umontreal.ca Web Themes Cell states and their transitions are fundamental to development, diseases such [&hellip;]\" \/>\n<meta property=\"og:url\" content=\"https:\/\/biochimie.umontreal.ca\/en\/department\/mohan-malleshaiah\/\" \/>\n<meta property=\"og:site_name\" content=\"D\u00e9partement de biochimie et m\u00e9decine mol\u00e9culaire\" \/>\n<meta property=\"article:modified_time\" content=\"2018-07-24T17:32:35+00:00\" \/>\n<meta property=\"og:image\" content=\"https:\/\/biochimie.umontreal.ca\/wp-content\/uploads\/sites\/37\/2018\/07\/MohanM-253x450.jpg\" \/>\n<meta name=\"twitter:card\" content=\"summary_large_image\" \/>\n<meta name=\"twitter:label1\" content=\"Est. reading time\" \/>\n\t<meta name=\"twitter:data1\" content=\"1 minute\" \/>\n<script type=\"application\/ld+json\" class=\"yoast-schema-graph\">{\"@context\":\"https:\/\/schema.org\",\"@graph\":[{\"@type\":\"WebPage\",\"@id\":\"https:\/\/biochimie.umontreal.ca\/en\/department\/mohan-malleshaiah\/\",\"url\":\"https:\/\/biochimie.umontreal.ca\/en\/department\/mohan-malleshaiah\/\",\"name\":\"Mohan Malleshaiah - D\u00e9partement de biochimie et m\u00e9decine mol\u00e9culaire\",\"isPartOf\":{\"@id\":\"https:\/\/biochimie.umontreal.ca\/#website\"},\"primaryImageOfPage\":{\"@id\":\"https:\/\/biochimie.umontreal.ca\/en\/department\/mohan-malleshaiah\/#primaryimage\"},\"image\":{\"@id\":\"https:\/\/biochimie.umontreal.ca\/en\/department\/mohan-malleshaiah\/#primaryimage\"},\"thumbnailUrl\":\"https:\/\/biochimie.umontreal.ca\/wp-content\/uploads\/sites\/37\/2018\/07\/MohanM-253x450.jpg\",\"datePublished\":\"2018-07-24T17:30:52+00:00\",\"dateModified\":\"2018-07-24T17:32:35+00:00\",\"breadcrumb\":{\"@id\":\"https:\/\/biochimie.umontreal.ca\/en\/department\/mohan-malleshaiah\/#breadcrumb\"},\"inLanguage\":\"en-US\",\"potentialAction\":[{\"@type\":\"ReadAction\",\"target\":[\"https:\/\/biochimie.umontreal.ca\/en\/department\/mohan-malleshaiah\/\"]}]},{\"@type\":\"ImageObject\",\"inLanguage\":\"en-US\",\"@id\":\"https:\/\/biochimie.umontreal.ca\/en\/department\/mohan-malleshaiah\/#primaryimage\",\"url\":\"https:\/\/biochimie.umontreal.ca\/wp-content\/uploads\/sites\/37\/2018\/07\/MohanM-253x450.jpg\",\"contentUrl\":\"https:\/\/biochimie.umontreal.ca\/wp-content\/uploads\/sites\/37\/2018\/07\/MohanM-253x450.jpg\"},{\"@type\":\"BreadcrumbList\",\"@id\":\"https:\/\/biochimie.umontreal.ca\/en\/department\/mohan-malleshaiah\/#breadcrumb\",\"itemListElement\":[{\"@type\":\"ListItem\",\"position\":1,\"name\":\"Accueil\",\"item\":\"https:\/\/biochimie.umontreal.ca\/en\/\"},{\"@type\":\"ListItem\",\"position\":2,\"name\":\"Department\",\"item\":\"https:\/\/biochimie.umontreal.ca\/en\/department\/\"},{\"@type\":\"ListItem\",\"position\":3,\"name\":\"Mohan Malleshaiah\"}]},{\"@type\":\"WebSite\",\"@id\":\"https:\/\/biochimie.umontreal.ca\/#website\",\"url\":\"https:\/\/biochimie.umontreal.ca\/\",\"name\":\"D\u00e9partement de biochimie et m\u00e9decine mol\u00e9culaire\",\"description\":\"\",\"potentialAction\":[{\"@type\":\"SearchAction\",\"target\":{\"@type\":\"EntryPoint\",\"urlTemplate\":\"https:\/\/biochimie.umontreal.ca\/?s={search_term_string}\"},\"query-input\":{\"@type\":\"PropertyValueSpecification\",\"valueRequired\":true,\"valueName\":\"search_term_string\"}}],\"inLanguage\":\"en-US\"}]}<\/script>\n<!-- \/ Yoast SEO plugin. -->","yoast_head_json":{"title":"Mohan Malleshaiah - D\u00e9partement de biochimie et m\u00e9decine mol\u00e9culaire","robots":{"index":"index","follow":"follow","max-snippet":"max-snippet:-1","max-image-preview":"max-image-preview:large","max-video-preview":"max-video-preview:-1"},"canonical":"https:\/\/biochimie.umontreal.ca\/en\/department\/mohan-malleshaiah\/","og_locale":"en_US","og_type":"article","og_title":"Mohan Malleshaiah - D\u00e9partement de biochimie et m\u00e9decine mol\u00e9culaire","og_description":"Assistant Professor Contact Information IRCM 110 ave des Pins ouest Montr\u00e9al, QC H2W1R7 P 514 987-5733 mk.malleshaiah@umontreal.ca Web Themes Cell states and their transitions are fundamental to development, diseases such [&hellip;]","og_url":"https:\/\/biochimie.umontreal.ca\/en\/department\/mohan-malleshaiah\/","og_site_name":"D\u00e9partement de biochimie et m\u00e9decine mol\u00e9culaire","article_modified_time":"2018-07-24T17:32:35+00:00","og_image":[{"url":"https:\/\/biochimie.umontreal.ca\/wp-content\/uploads\/sites\/37\/2018\/07\/MohanM-253x450.jpg","type":"","width":"","height":""}],"twitter_card":"summary_large_image","twitter_misc":{"Est. reading time":"1 minute"},"schema":{"@context":"https:\/\/schema.org","@graph":[{"@type":"WebPage","@id":"https:\/\/biochimie.umontreal.ca\/en\/department\/mohan-malleshaiah\/","url":"https:\/\/biochimie.umontreal.ca\/en\/department\/mohan-malleshaiah\/","name":"Mohan Malleshaiah - D\u00e9partement de biochimie et m\u00e9decine mol\u00e9culaire","isPartOf":{"@id":"https:\/\/biochimie.umontreal.ca\/#website"},"primaryImageOfPage":{"@id":"https:\/\/biochimie.umontreal.ca\/en\/department\/mohan-malleshaiah\/#primaryimage"},"image":{"@id":"https:\/\/biochimie.umontreal.ca\/en\/department\/mohan-malleshaiah\/#primaryimage"},"thumbnailUrl":"https:\/\/biochimie.umontreal.ca\/wp-content\/uploads\/sites\/37\/2018\/07\/MohanM-253x450.jpg","datePublished":"2018-07-24T17:30:52+00:00","dateModified":"2018-07-24T17:32:35+00:00","breadcrumb":{"@id":"https:\/\/biochimie.umontreal.ca\/en\/department\/mohan-malleshaiah\/#breadcrumb"},"inLanguage":"en-US","potentialAction":[{"@type":"ReadAction","target":["https:\/\/biochimie.umontreal.ca\/en\/department\/mohan-malleshaiah\/"]}]},{"@type":"ImageObject","inLanguage":"en-US","@id":"https:\/\/biochimie.umontreal.ca\/en\/department\/mohan-malleshaiah\/#primaryimage","url":"https:\/\/biochimie.umontreal.ca\/wp-content\/uploads\/sites\/37\/2018\/07\/MohanM-253x450.jpg","contentUrl":"https:\/\/biochimie.umontreal.ca\/wp-content\/uploads\/sites\/37\/2018\/07\/MohanM-253x450.jpg"},{"@type":"BreadcrumbList","@id":"https:\/\/biochimie.umontreal.ca\/en\/department\/mohan-malleshaiah\/#breadcrumb","itemListElement":[{"@type":"ListItem","position":1,"name":"Accueil","item":"https:\/\/biochimie.umontreal.ca\/en\/"},{"@type":"ListItem","position":2,"name":"Department","item":"https:\/\/biochimie.umontreal.ca\/en\/department\/"},{"@type":"ListItem","position":3,"name":"Mohan Malleshaiah"}]},{"@type":"WebSite","@id":"https:\/\/biochimie.umontreal.ca\/#website","url":"https:\/\/biochimie.umontreal.ca\/","name":"D\u00e9partement de biochimie et m\u00e9decine mol\u00e9culaire","description":"","potentialAction":[{"@type":"SearchAction","target":{"@type":"EntryPoint","urlTemplate":"https:\/\/biochimie.umontreal.ca\/?s={search_term_string}"},"query-input":{"@type":"PropertyValueSpecification","valueRequired":true,"valueName":"search_term_string"}}],"inLanguage":"en-US"}]}},"_links":{"self":[{"href":"https:\/\/biochimie.umontreal.ca\/en\/wp-json\/wp\/v2\/pages\/18014","targetHints":{"allow":["GET"]}}],"collection":[{"href":"https:\/\/biochimie.umontreal.ca\/en\/wp-json\/wp\/v2\/pages"}],"about":[{"href":"https:\/\/biochimie.umontreal.ca\/en\/wp-json\/wp\/v2\/types\/page"}],"author":[{"embeddable":true,"href":"https:\/\/biochimie.umontreal.ca\/en\/wp-json\/wp\/v2\/users\/92"}],"replies":[{"embeddable":true,"href":"https:\/\/biochimie.umontreal.ca\/en\/wp-json\/wp\/v2\/comments?post=18014"}],"version-history":[{"count":4,"href":"https:\/\/biochimie.umontreal.ca\/en\/wp-json\/wp\/v2\/pages\/18014\/revisions"}],"predecessor-version":[{"id":18019,"href":"https:\/\/biochimie.umontreal.ca\/en\/wp-json\/wp\/v2\/pages\/18014\/revisions\/18019"}],"up":[{"embeddable":true,"href":"https:\/\/biochimie.umontreal.ca\/en\/wp-json\/wp\/v2\/pages\/11439"}],"wp:attachment":[{"href":"https:\/\/biochimie.umontreal.ca\/en\/wp-json\/wp\/v2\/media?parent=18014"}],"curies":[{"name":"wp","href":"https:\/\/api.w.org\/{rel}","templated":true}]}}