{"id":1723,"date":"2012-07-19T10:40:33","date_gmt":"2012-07-19T09:40:33","guid":{"rendered":"http:\/\/biochimie.umontreal.ca\/?page_id=1723"},"modified":"2016-10-12T15:45:16","modified_gmt":"2016-10-12T19:45:16","slug":"martine-raymond","status":"publish","type":"page","link":"https:\/\/biochimie.umontreal.ca\/en\/department\/martine-raymond\/","title":{"rendered":"Martine Raymond"},"content":{"rendered":"<h2>Professor<\/h2>\n<table>\n<tbody>\n<tr>\n<td style=\"vertical-align: middle\"><img loading=\"lazy\" decoding=\"async\" class=\"alignnone size-full wp-image-1724\" title=\"martine_raymond\" src=\"https:\/\/biochimie.umontreal.ca\/wp-content\/uploads\/sites\/37\/2012\/07\/martine_raymond.jpg\" alt=\"\" height=\"119\" width=\"120\" \/><\/td>\n<td style=\"vertical-align: top\">\n<h2>Contact Information<\/h2>\n<p>Institut de Recherche en Immunologie et Canc\u00e9rologie<br \/>\nUniversit\u00e9 de Montr\u00e9al<br \/>\nPavillon Marcelle-Coutu, bureau 3306-17<br \/>\nC.P. 6128, Succ. Centre-ville<br \/>\nMontr\u00e9al (Qu\u00e9bec)<br \/>\nH3C 3J7<\/td>\n<td style=\"vertical-align: top\">\n<h2><span style=\"color: #ffffff\">.<\/span><\/h2>\n<p><strong>P<\/strong> 514 343-6746<br \/>\n<strong>F<\/strong> 514 343-6843<br \/>\n<a href=\"mailto:martine.raymond@umontreal.ca\">martine.raymond@umontreal.ca<\/a><\/td>\n<\/tr>\n<\/tbody>\n<\/table>\n<table>\n<tbody>\n<tr>\n<td>\n<h3>Themes<\/h3>\n<ul>\n<li>Yeast Molecular Biology<\/li>\n<li>Genetics and Functional Genomics<\/li>\n<li>Multidrug Resistance<\/li>\n<li>Cellular Target and Antifungal Drug Discovery<\/li>\n<\/ul>\n<p>Our research focuses on the molecular biology of Candida albicans, an opportunistic yeast that causes systemic or mucosal infections in immunocompromised individuals (such as HIV patients, patients undergoing chemotherapy or organ transplant).\u00a0 Our laboratory uses genetic, genomic and molecular biology approaches to understand the mechanisms responsible for C. albicans multidrug resistance and virulence.\u00a0 In particular, we are interested in understanding the function of multidrug transporters of the ATP-binding cassette family which export antifungal drugs out of the cells.\u00a0 Using functional genomics (DNA microarrays), we work at identifying the transcriptional networks controlling multidrug resistance and virulence in C. albicans.\u00a0 Finally, our laboratory is part of a CIHR multidisciplinary team on fungal pathogenesis grouping several Montreal-based researchers whose objective is to discover new C. albicans target proteins or small non-coding RNAs for antifungal drug development.<\/td>\n<\/tr>\n<\/tbody>\n<\/table>\n<h3>Publications<\/h3>\n<ul>\n<li>Znaidi, S., Weber, S. Zin Al-Abdin, O., Bomme, P., Saidane, S., Drouin, S., Lemieux, S., De Deken, X., Robert, F. and Raymond, M.\u00a0 2008.\u00a0 Genome-wide location analysis of Candida albicans Upc2p, a regulator of sterol metabolism and azole drug resistance.\u00a0 Eukaryotic Cell. 7:836-847.<\/li>\n<li>Liu, T.T., Znaidi, S., Barker, K.S., Xu, L., Homayouni, R., Saidane, S., Morschh\u00e4user, J., Nantel, A., Raymond, M., and Rogers, P.D.\u00a0 2007.\u00a0 Genome-wide expression and location analyses of the Candida albicans Tac1p regulon.\u00a0 Eukaryotic Cell. 6:2122-2138.<\/li>\n<li>Znaidi, S., De Deken, X., Weber, S., Rigby, T., Nantel, A. and Raymond, M.\u00a0 2007.\u00a0 The zinc finger transcription factor Tac1p regulates PDR16 expression in Candida albicans.\u00a0 Mol. Microbiol. 66:440-452.<\/li>\n<li>Saidane, S., Weber, S., De Deken, X., St-Germain, G., and Raymond, M.\u00a0 2006.\u00a0 PDR16-mediated clinical azole resistance in Candida albicans.Mol. Microbiol. 60:1546-1562.<\/li>\n<li>Gauthier, C., Weber, S., Alarco, A.-M., Alqawi, O., Daoud, R., Georges, E. and Raymond, M. 2003. Functional similarities and differences between the Candida albicans Cdr1p and Cdr2p transporters.\u00a0 Antimicrob. Agents Chemother. 47:1543-1554.<\/li>\n<\/ul>\n","protected":false},"excerpt":{"rendered":"<p>Professor Contact Information Institut de Recherche en Immunologie et Canc\u00e9rologie Universit\u00e9 de Montr\u00e9al Pavillon Marcelle-Coutu, bureau 3306-17 C.P. 6128, Succ. Centre-ville Montr\u00e9al (Qu\u00e9bec) H3C 3J7 . P 514 343-6746 F [&hellip;]<\/p>\n","protected":false},"author":25,"featured_media":0,"parent":11439,"menu_order":0,"comment_status":"closed","ping_status":"closed","template":"","meta":{"footnotes":""},"class_list":["post-1723","page","type-page","status-publish","hentry"],"yoast_head":"<!-- This site is optimized with the Yoast SEO plugin v25.0 - https:\/\/yoast.com\/wordpress\/plugins\/seo\/ -->\n<title>Martine Raymond - D\u00e9partement de biochimie et m\u00e9decine mol\u00e9culaire<\/title>\n<meta name=\"robots\" content=\"index, follow, max-snippet:-1, max-image-preview:large, max-video-preview:-1\" \/>\n<link rel=\"canonical\" href=\"https:\/\/biochimie.umontreal.ca\/en\/department\/martine-raymond\/\" \/>\n<meta property=\"og:locale\" content=\"en_US\" \/>\n<meta property=\"og:type\" content=\"article\" \/>\n<meta property=\"og:title\" content=\"Martine Raymond - D\u00e9partement de biochimie et m\u00e9decine mol\u00e9culaire\" \/>\n<meta property=\"og:description\" content=\"Professor Contact Information Institut de Recherche en Immunologie et Canc\u00e9rologie Universit\u00e9 de Montr\u00e9al Pavillon Marcelle-Coutu, bureau 3306-17 C.P. 6128, Succ. Centre-ville Montr\u00e9al (Qu\u00e9bec) H3C 3J7 . P 514 343-6746 F [&hellip;]\" \/>\n<meta property=\"og:url\" content=\"https:\/\/biochimie.umontreal.ca\/en\/department\/martine-raymond\/\" \/>\n<meta property=\"og:site_name\" content=\"D\u00e9partement de biochimie et m\u00e9decine mol\u00e9culaire\" \/>\n<meta property=\"article:modified_time\" content=\"2016-10-12T19:45:16+00:00\" \/>\n<meta property=\"og:image\" content=\"https:\/\/biochimie.umontreal.ca\/wp-content\/uploads\/sites\/37\/2012\/07\/martine_raymond.jpg\" \/>\n<meta name=\"twitter:card\" content=\"summary_large_image\" \/>\n<meta name=\"twitter:label1\" content=\"Est. reading time\" \/>\n\t<meta name=\"twitter:data1\" content=\"2 minutes\" \/>\n<script type=\"application\/ld+json\" class=\"yoast-schema-graph\">{\"@context\":\"https:\/\/schema.org\",\"@graph\":[{\"@type\":\"WebPage\",\"@id\":\"https:\/\/biochimie.umontreal.ca\/en\/department\/martine-raymond\/\",\"url\":\"https:\/\/biochimie.umontreal.ca\/en\/department\/martine-raymond\/\",\"name\":\"Martine Raymond - D\u00e9partement de biochimie et m\u00e9decine mol\u00e9culaire\",\"isPartOf\":{\"@id\":\"https:\/\/biochimie.umontreal.ca\/#website\"},\"primaryImageOfPage\":{\"@id\":\"https:\/\/biochimie.umontreal.ca\/en\/department\/martine-raymond\/#primaryimage\"},\"image\":{\"@id\":\"https:\/\/biochimie.umontreal.ca\/en\/department\/martine-raymond\/#primaryimage\"},\"thumbnailUrl\":\"https:\/\/biochimie.umontreal.ca\/wp-content\/uploads\/sites\/37\/2012\/07\/martine_raymond.jpg\",\"datePublished\":\"2012-07-19T09:40:33+00:00\",\"dateModified\":\"2016-10-12T19:45:16+00:00\",\"breadcrumb\":{\"@id\":\"https:\/\/biochimie.umontreal.ca\/en\/department\/martine-raymond\/#breadcrumb\"},\"inLanguage\":\"en-US\",\"potentialAction\":[{\"@type\":\"ReadAction\",\"target\":[\"https:\/\/biochimie.umontreal.ca\/en\/department\/martine-raymond\/\"]}]},{\"@type\":\"ImageObject\",\"inLanguage\":\"en-US\",\"@id\":\"https:\/\/biochimie.umontreal.ca\/en\/department\/martine-raymond\/#primaryimage\",\"url\":\"https:\/\/biochimie.umontreal.ca\/wp-content\/uploads\/sites\/37\/2012\/07\/martine_raymond.jpg\",\"contentUrl\":\"https:\/\/biochimie.umontreal.ca\/wp-content\/uploads\/sites\/37\/2012\/07\/martine_raymond.jpg\"},{\"@type\":\"BreadcrumbList\",\"@id\":\"https:\/\/biochimie.umontreal.ca\/en\/department\/martine-raymond\/#breadcrumb\",\"itemListElement\":[{\"@type\":\"ListItem\",\"position\":1,\"name\":\"Accueil\",\"item\":\"https:\/\/biochimie.umontreal.ca\/en\/\"},{\"@type\":\"ListItem\",\"position\":2,\"name\":\"Department\",\"item\":\"https:\/\/biochimie.umontreal.ca\/en\/department\/\"},{\"@type\":\"ListItem\",\"position\":3,\"name\":\"Martine Raymond\"}]},{\"@type\":\"WebSite\",\"@id\":\"https:\/\/biochimie.umontreal.ca\/#website\",\"url\":\"https:\/\/biochimie.umontreal.ca\/\",\"name\":\"D\u00e9partement de biochimie et m\u00e9decine mol\u00e9culaire\",\"description\":\"\",\"potentialAction\":[{\"@type\":\"SearchAction\",\"target\":{\"@type\":\"EntryPoint\",\"urlTemplate\":\"https:\/\/biochimie.umontreal.ca\/?s={search_term_string}\"},\"query-input\":{\"@type\":\"PropertyValueSpecification\",\"valueRequired\":true,\"valueName\":\"search_term_string\"}}],\"inLanguage\":\"en-US\"}]}<\/script>\n<!-- \/ Yoast SEO plugin. -->","yoast_head_json":{"title":"Martine Raymond - D\u00e9partement de biochimie et m\u00e9decine mol\u00e9culaire","robots":{"index":"index","follow":"follow","max-snippet":"max-snippet:-1","max-image-preview":"max-image-preview:large","max-video-preview":"max-video-preview:-1"},"canonical":"https:\/\/biochimie.umontreal.ca\/en\/department\/martine-raymond\/","og_locale":"en_US","og_type":"article","og_title":"Martine Raymond - D\u00e9partement de biochimie et m\u00e9decine mol\u00e9culaire","og_description":"Professor Contact Information Institut de Recherche en Immunologie et Canc\u00e9rologie Universit\u00e9 de Montr\u00e9al Pavillon Marcelle-Coutu, bureau 3306-17 C.P. 6128, Succ. Centre-ville Montr\u00e9al (Qu\u00e9bec) H3C 3J7 . P 514 343-6746 F [&hellip;]","og_url":"https:\/\/biochimie.umontreal.ca\/en\/department\/martine-raymond\/","og_site_name":"D\u00e9partement de biochimie et m\u00e9decine mol\u00e9culaire","article_modified_time":"2016-10-12T19:45:16+00:00","og_image":[{"url":"https:\/\/biochimie.umontreal.ca\/wp-content\/uploads\/sites\/37\/2012\/07\/martine_raymond.jpg","type":"","width":"","height":""}],"twitter_card":"summary_large_image","twitter_misc":{"Est. reading time":"2 minutes"},"schema":{"@context":"https:\/\/schema.org","@graph":[{"@type":"WebPage","@id":"https:\/\/biochimie.umontreal.ca\/en\/department\/martine-raymond\/","url":"https:\/\/biochimie.umontreal.ca\/en\/department\/martine-raymond\/","name":"Martine Raymond - D\u00e9partement de biochimie et m\u00e9decine mol\u00e9culaire","isPartOf":{"@id":"https:\/\/biochimie.umontreal.ca\/#website"},"primaryImageOfPage":{"@id":"https:\/\/biochimie.umontreal.ca\/en\/department\/martine-raymond\/#primaryimage"},"image":{"@id":"https:\/\/biochimie.umontreal.ca\/en\/department\/martine-raymond\/#primaryimage"},"thumbnailUrl":"https:\/\/biochimie.umontreal.ca\/wp-content\/uploads\/sites\/37\/2012\/07\/martine_raymond.jpg","datePublished":"2012-07-19T09:40:33+00:00","dateModified":"2016-10-12T19:45:16+00:00","breadcrumb":{"@id":"https:\/\/biochimie.umontreal.ca\/en\/department\/martine-raymond\/#breadcrumb"},"inLanguage":"en-US","potentialAction":[{"@type":"ReadAction","target":["https:\/\/biochimie.umontreal.ca\/en\/department\/martine-raymond\/"]}]},{"@type":"ImageObject","inLanguage":"en-US","@id":"https:\/\/biochimie.umontreal.ca\/en\/department\/martine-raymond\/#primaryimage","url":"https:\/\/biochimie.umontreal.ca\/wp-content\/uploads\/sites\/37\/2012\/07\/martine_raymond.jpg","contentUrl":"https:\/\/biochimie.umontreal.ca\/wp-content\/uploads\/sites\/37\/2012\/07\/martine_raymond.jpg"},{"@type":"BreadcrumbList","@id":"https:\/\/biochimie.umontreal.ca\/en\/department\/martine-raymond\/#breadcrumb","itemListElement":[{"@type":"ListItem","position":1,"name":"Accueil","item":"https:\/\/biochimie.umontreal.ca\/en\/"},{"@type":"ListItem","position":2,"name":"Department","item":"https:\/\/biochimie.umontreal.ca\/en\/department\/"},{"@type":"ListItem","position":3,"name":"Martine Raymond"}]},{"@type":"WebSite","@id":"https:\/\/biochimie.umontreal.ca\/#website","url":"https:\/\/biochimie.umontreal.ca\/","name":"D\u00e9partement de biochimie et m\u00e9decine mol\u00e9culaire","description":"","potentialAction":[{"@type":"SearchAction","target":{"@type":"EntryPoint","urlTemplate":"https:\/\/biochimie.umontreal.ca\/?s={search_term_string}"},"query-input":{"@type":"PropertyValueSpecification","valueRequired":true,"valueName":"search_term_string"}}],"inLanguage":"en-US"}]}},"_links":{"self":[{"href":"https:\/\/biochimie.umontreal.ca\/en\/wp-json\/wp\/v2\/pages\/1723","targetHints":{"allow":["GET"]}}],"collection":[{"href":"https:\/\/biochimie.umontreal.ca\/en\/wp-json\/wp\/v2\/pages"}],"about":[{"href":"https:\/\/biochimie.umontreal.ca\/en\/wp-json\/wp\/v2\/types\/page"}],"author":[{"embeddable":true,"href":"https:\/\/biochimie.umontreal.ca\/en\/wp-json\/wp\/v2\/users\/25"}],"replies":[{"embeddable":true,"href":"https:\/\/biochimie.umontreal.ca\/en\/wp-json\/wp\/v2\/comments?post=1723"}],"version-history":[{"count":5,"href":"https:\/\/biochimie.umontreal.ca\/en\/wp-json\/wp\/v2\/pages\/1723\/revisions"}],"predecessor-version":[{"id":13580,"href":"https:\/\/biochimie.umontreal.ca\/en\/wp-json\/wp\/v2\/pages\/1723\/revisions\/13580"}],"up":[{"embeddable":true,"href":"https:\/\/biochimie.umontreal.ca\/en\/wp-json\/wp\/v2\/pages\/11439"}],"wp:attachment":[{"href":"https:\/\/biochimie.umontreal.ca\/en\/wp-json\/wp\/v2\/media?parent=1723"}],"curies":[{"name":"wp","href":"https:\/\/api.w.org\/{rel}","templated":true}]}}