{"id":1688,"date":"2012-07-18T15:19:49","date_gmt":"2012-07-18T14:19:49","guid":{"rendered":"http:\/\/biochimie.umontreal.ca\/?page_id=1688"},"modified":"2018-08-21T15:13:30","modified_gmt":"2018-08-21T19:13:30","slug":"marlene-oeffinger","status":"publish","type":"page","link":"https:\/\/biochimie.umontreal.ca\/en\/department\/marlene-oeffinger\/","title":{"rendered":"Marlene Oeffinger"},"content":{"rendered":"<h2>Associated Professor<\/h2>\n<table>\n<tbody>\n<tr>\n<td style=\"vertical-align: middle;\"><img loading=\"lazy\" decoding=\"async\" class=\"alignnone size-full wp-image-1689\" title=\"Oeffinger_M_Nov09\" src=\"https:\/\/biochimie.umontreal.ca\/wp-content\/uploads\/sites\/37\/2012\/07\/Oeffinger_M_Nov09.jpg\" alt=\"\" width=\"120\" height=\"120\" \/><\/td>\n<td style=\"vertical-align: top;\">\n<h2>Contact Information<\/h2>\n<p>Institut de recherches cliniques de Montr\u00e9al<br \/>\n110, avenue des Pins ouest<br \/>\nMontr\u00e9al (Qu\u00e9bec)<br \/>\nH2W 1R7<\/td>\n<td style=\"vertical-align: top;\">\n<h2><span style=\"color: #ffffff;\">.<\/span><\/h2>\n<p><strong>P<\/strong> 514 987-5668<br \/>\n<a href=\"mailto:Marlene.Oeffinger@ircm.qc.ca\">Marlene.Oeffinger@ircm.qc.ca<\/a><\/p>\n<p><a href=\"http:\/\/www.oeffingerlab.org\">WWW<\/a><\/td>\n<\/tr>\n<\/tbody>\n<\/table>\n<table>\n<tbody>\n<tr>\n<td>\n<h3>Themes<\/h3>\n<p>We study the regulation and dynamics of RNA maturation pathways. Our main focus is to determine the temporal and spatial assembly and coordination of RNA maturation factors, as well as to identify the underlying control mechanisms that drive the processing, modification and assembly of different RNAs in the budding yeast S.cerevisiae and humans. We combine proteomic, biochemical and computational approaches to build a dynamic picture of RNA maturation pathways in different cellular contexts and organisms to yield important information on how RNA maturation is linked to other cellular processes including DNA damage and repair pathways, development as well as onset of various diseases such as Alzheimer\u2019s Disease and ALS.<\/td>\n<\/tr>\n<\/tbody>\n<\/table>\n<p>&nbsp;<\/p>\n","protected":false},"excerpt":{"rendered":"<p>Associated Professor Contact Information Institut de recherches cliniques de Montr\u00e9al 110, avenue des Pins ouest Montr\u00e9al (Qu\u00e9bec) H2W 1R7 . P 514 987-5668 Marlene.Oeffinger@ircm.qc.ca WWW Themes We study the regulation [&hellip;]<\/p>\n","protected":false},"author":25,"featured_media":0,"parent":11439,"menu_order":0,"comment_status":"closed","ping_status":"closed","template":"","meta":{"footnotes":""},"class_list":["post-1688","page","type-page","status-publish","hentry"],"yoast_head":"<!-- This site is optimized with the Yoast SEO plugin v25.0 - https:\/\/yoast.com\/wordpress\/plugins\/seo\/ -->\n<title>Marlene Oeffinger - D\u00e9partement de biochimie et m\u00e9decine mol\u00e9culaire<\/title>\n<meta name=\"robots\" content=\"index, follow, max-snippet:-1, max-image-preview:large, max-video-preview:-1\" \/>\n<link rel=\"canonical\" href=\"https:\/\/biochimie.umontreal.ca\/en\/department\/marlene-oeffinger\/\" \/>\n<meta property=\"og:locale\" content=\"en_US\" \/>\n<meta property=\"og:type\" content=\"article\" \/>\n<meta property=\"og:title\" content=\"Marlene Oeffinger - D\u00e9partement de biochimie et m\u00e9decine mol\u00e9culaire\" \/>\n<meta property=\"og:description\" content=\"Associated Professor Contact Information Institut de recherches cliniques de Montr\u00e9al 110, avenue des Pins ouest Montr\u00e9al (Qu\u00e9bec) H2W 1R7 . P 514 987-5668 Marlene.Oeffinger@ircm.qc.ca WWW Themes We study the regulation [&hellip;]\" \/>\n<meta property=\"og:url\" content=\"https:\/\/biochimie.umontreal.ca\/en\/department\/marlene-oeffinger\/\" \/>\n<meta property=\"og:site_name\" content=\"D\u00e9partement de biochimie et m\u00e9decine mol\u00e9culaire\" \/>\n<meta property=\"article:modified_time\" content=\"2018-08-21T19:13:30+00:00\" \/>\n<meta property=\"og:image\" content=\"https:\/\/biochimie.umontreal.ca\/wp-content\/uploads\/sites\/37\/2012\/07\/Oeffinger_M_Nov09.jpg\" \/>\n<meta name=\"twitter:card\" content=\"summary_large_image\" \/>\n<meta name=\"twitter:label1\" content=\"Est. reading time\" \/>\n\t<meta name=\"twitter:data1\" content=\"1 minute\" \/>\n<script type=\"application\/ld+json\" class=\"yoast-schema-graph\">{\"@context\":\"https:\/\/schema.org\",\"@graph\":[{\"@type\":\"WebPage\",\"@id\":\"https:\/\/biochimie.umontreal.ca\/en\/department\/marlene-oeffinger\/\",\"url\":\"https:\/\/biochimie.umontreal.ca\/en\/department\/marlene-oeffinger\/\",\"name\":\"Marlene Oeffinger - D\u00e9partement de biochimie et m\u00e9decine mol\u00e9culaire\",\"isPartOf\":{\"@id\":\"https:\/\/biochimie.umontreal.ca\/#website\"},\"primaryImageOfPage\":{\"@id\":\"https:\/\/biochimie.umontreal.ca\/en\/department\/marlene-oeffinger\/#primaryimage\"},\"image\":{\"@id\":\"https:\/\/biochimie.umontreal.ca\/en\/department\/marlene-oeffinger\/#primaryimage\"},\"thumbnailUrl\":\"https:\/\/biochimie.umontreal.ca\/wp-content\/uploads\/sites\/37\/2012\/07\/Oeffinger_M_Nov09.jpg\",\"datePublished\":\"2012-07-18T14:19:49+00:00\",\"dateModified\":\"2018-08-21T19:13:30+00:00\",\"breadcrumb\":{\"@id\":\"https:\/\/biochimie.umontreal.ca\/en\/department\/marlene-oeffinger\/#breadcrumb\"},\"inLanguage\":\"en-US\",\"potentialAction\":[{\"@type\":\"ReadAction\",\"target\":[\"https:\/\/biochimie.umontreal.ca\/en\/department\/marlene-oeffinger\/\"]}]},{\"@type\":\"ImageObject\",\"inLanguage\":\"en-US\",\"@id\":\"https:\/\/biochimie.umontreal.ca\/en\/department\/marlene-oeffinger\/#primaryimage\",\"url\":\"https:\/\/biochimie.umontreal.ca\/wp-content\/uploads\/sites\/37\/2012\/07\/Oeffinger_M_Nov09.jpg\",\"contentUrl\":\"https:\/\/biochimie.umontreal.ca\/wp-content\/uploads\/sites\/37\/2012\/07\/Oeffinger_M_Nov09.jpg\"},{\"@type\":\"BreadcrumbList\",\"@id\":\"https:\/\/biochimie.umontreal.ca\/en\/department\/marlene-oeffinger\/#breadcrumb\",\"itemListElement\":[{\"@type\":\"ListItem\",\"position\":1,\"name\":\"Accueil\",\"item\":\"https:\/\/biochimie.umontreal.ca\/en\/\"},{\"@type\":\"ListItem\",\"position\":2,\"name\":\"Department\",\"item\":\"https:\/\/biochimie.umontreal.ca\/en\/department\/\"},{\"@type\":\"ListItem\",\"position\":3,\"name\":\"Marlene Oeffinger\"}]},{\"@type\":\"WebSite\",\"@id\":\"https:\/\/biochimie.umontreal.ca\/#website\",\"url\":\"https:\/\/biochimie.umontreal.ca\/\",\"name\":\"D\u00e9partement de biochimie et m\u00e9decine mol\u00e9culaire\",\"description\":\"\",\"potentialAction\":[{\"@type\":\"SearchAction\",\"target\":{\"@type\":\"EntryPoint\",\"urlTemplate\":\"https:\/\/biochimie.umontreal.ca\/?s={search_term_string}\"},\"query-input\":{\"@type\":\"PropertyValueSpecification\",\"valueRequired\":true,\"valueName\":\"search_term_string\"}}],\"inLanguage\":\"en-US\"}]}<\/script>\n<!-- \/ Yoast SEO plugin. -->","yoast_head_json":{"title":"Marlene Oeffinger - D\u00e9partement de biochimie et m\u00e9decine mol\u00e9culaire","robots":{"index":"index","follow":"follow","max-snippet":"max-snippet:-1","max-image-preview":"max-image-preview:large","max-video-preview":"max-video-preview:-1"},"canonical":"https:\/\/biochimie.umontreal.ca\/en\/department\/marlene-oeffinger\/","og_locale":"en_US","og_type":"article","og_title":"Marlene Oeffinger - D\u00e9partement de biochimie et m\u00e9decine mol\u00e9culaire","og_description":"Associated Professor Contact Information Institut de recherches cliniques de Montr\u00e9al 110, avenue des Pins ouest Montr\u00e9al (Qu\u00e9bec) H2W 1R7 . P 514 987-5668 Marlene.Oeffinger@ircm.qc.ca WWW Themes We study the regulation [&hellip;]","og_url":"https:\/\/biochimie.umontreal.ca\/en\/department\/marlene-oeffinger\/","og_site_name":"D\u00e9partement de biochimie et m\u00e9decine mol\u00e9culaire","article_modified_time":"2018-08-21T19:13:30+00:00","og_image":[{"url":"https:\/\/biochimie.umontreal.ca\/wp-content\/uploads\/sites\/37\/2012\/07\/Oeffinger_M_Nov09.jpg","type":"","width":"","height":""}],"twitter_card":"summary_large_image","twitter_misc":{"Est. reading time":"1 minute"},"schema":{"@context":"https:\/\/schema.org","@graph":[{"@type":"WebPage","@id":"https:\/\/biochimie.umontreal.ca\/en\/department\/marlene-oeffinger\/","url":"https:\/\/biochimie.umontreal.ca\/en\/department\/marlene-oeffinger\/","name":"Marlene Oeffinger - D\u00e9partement de biochimie et m\u00e9decine mol\u00e9culaire","isPartOf":{"@id":"https:\/\/biochimie.umontreal.ca\/#website"},"primaryImageOfPage":{"@id":"https:\/\/biochimie.umontreal.ca\/en\/department\/marlene-oeffinger\/#primaryimage"},"image":{"@id":"https:\/\/biochimie.umontreal.ca\/en\/department\/marlene-oeffinger\/#primaryimage"},"thumbnailUrl":"https:\/\/biochimie.umontreal.ca\/wp-content\/uploads\/sites\/37\/2012\/07\/Oeffinger_M_Nov09.jpg","datePublished":"2012-07-18T14:19:49+00:00","dateModified":"2018-08-21T19:13:30+00:00","breadcrumb":{"@id":"https:\/\/biochimie.umontreal.ca\/en\/department\/marlene-oeffinger\/#breadcrumb"},"inLanguage":"en-US","potentialAction":[{"@type":"ReadAction","target":["https:\/\/biochimie.umontreal.ca\/en\/department\/marlene-oeffinger\/"]}]},{"@type":"ImageObject","inLanguage":"en-US","@id":"https:\/\/biochimie.umontreal.ca\/en\/department\/marlene-oeffinger\/#primaryimage","url":"https:\/\/biochimie.umontreal.ca\/wp-content\/uploads\/sites\/37\/2012\/07\/Oeffinger_M_Nov09.jpg","contentUrl":"https:\/\/biochimie.umontreal.ca\/wp-content\/uploads\/sites\/37\/2012\/07\/Oeffinger_M_Nov09.jpg"},{"@type":"BreadcrumbList","@id":"https:\/\/biochimie.umontreal.ca\/en\/department\/marlene-oeffinger\/#breadcrumb","itemListElement":[{"@type":"ListItem","position":1,"name":"Accueil","item":"https:\/\/biochimie.umontreal.ca\/en\/"},{"@type":"ListItem","position":2,"name":"Department","item":"https:\/\/biochimie.umontreal.ca\/en\/department\/"},{"@type":"ListItem","position":3,"name":"Marlene Oeffinger"}]},{"@type":"WebSite","@id":"https:\/\/biochimie.umontreal.ca\/#website","url":"https:\/\/biochimie.umontreal.ca\/","name":"D\u00e9partement de biochimie et m\u00e9decine mol\u00e9culaire","description":"","potentialAction":[{"@type":"SearchAction","target":{"@type":"EntryPoint","urlTemplate":"https:\/\/biochimie.umontreal.ca\/?s={search_term_string}"},"query-input":{"@type":"PropertyValueSpecification","valueRequired":true,"valueName":"search_term_string"}}],"inLanguage":"en-US"}]}},"_links":{"self":[{"href":"https:\/\/biochimie.umontreal.ca\/en\/wp-json\/wp\/v2\/pages\/1688","targetHints":{"allow":["GET"]}}],"collection":[{"href":"https:\/\/biochimie.umontreal.ca\/en\/wp-json\/wp\/v2\/pages"}],"about":[{"href":"https:\/\/biochimie.umontreal.ca\/en\/wp-json\/wp\/v2\/types\/page"}],"author":[{"embeddable":true,"href":"https:\/\/biochimie.umontreal.ca\/en\/wp-json\/wp\/v2\/users\/25"}],"replies":[{"embeddable":true,"href":"https:\/\/biochimie.umontreal.ca\/en\/wp-json\/wp\/v2\/comments?post=1688"}],"version-history":[{"count":8,"href":"https:\/\/biochimie.umontreal.ca\/en\/wp-json\/wp\/v2\/pages\/1688\/revisions"}],"predecessor-version":[{"id":18115,"href":"https:\/\/biochimie.umontreal.ca\/en\/wp-json\/wp\/v2\/pages\/1688\/revisions\/18115"}],"up":[{"embeddable":true,"href":"https:\/\/biochimie.umontreal.ca\/en\/wp-json\/wp\/v2\/pages\/11439"}],"wp:attachment":[{"href":"https:\/\/biochimie.umontreal.ca\/en\/wp-json\/wp\/v2\/media?parent=1688"}],"curies":[{"name":"wp","href":"https:\/\/api.w.org\/{rel}","templated":true}]}}