{"id":1666,"date":"2012-07-18T14:30:34","date_gmt":"2012-07-18T13:30:34","guid":{"rendered":"http:\/\/biochimie.umontreal.ca\/?page_id=1666"},"modified":"2016-10-12T15:45:17","modified_gmt":"2016-10-12T19:45:17","slug":"stephen-michnick","status":"publish","type":"page","link":"https:\/\/biochimie.umontreal.ca\/en\/department\/stephen-michnick\/","title":{"rendered":"Stephen Michnick"},"content":{"rendered":"<h2>Professor<\/h2>\n<table>\n<tbody>\n<tr>\n<td style=\"vertical-align: middle\"><img loading=\"lazy\" decoding=\"async\" class=\"alignnone size-full wp-image-1668\" title=\"stephen_michnick\" src=\"https:\/\/biochimie.umontreal.ca\/wp-content\/uploads\/sites\/37\/2012\/07\/stephen_michnick.jpg\" alt=\"\" height=\"120\" width=\"120\" \/><\/td>\n<td style=\"vertical-align: top\">\n<h2>Contact Information<\/h2>\n<p>D\u00e9partement de biochimie<br \/>\nFacult\u00e9 de M\u00e9decine<br \/>\nUniversit\u00e9 de Montr\u00e9al<br \/>\nPavillon Roger-Gaudry, room E-523<br \/>\nC.P. 6128, Succ. Centre-ville<br \/>\nMontr\u00e9al (Qu\u00e9bec)<br \/>\nH3C 3J7<\/td>\n<td style=\"vertical-align: top\">\n<h2><span style=\"color: #ffffff\">.<\/span><\/h2>\n<p><strong>P<\/strong> 514 343-5849<br \/>\n<strong><\/strong><strong>F<\/strong> 514 343-2210<br \/>\n<a href=\"mailto:stephen.michnick@umontreal.ca\">stephen.michnick@umontreal.ca<\/a><\/td>\n<\/tr>\n<\/tbody>\n<\/table>\n<table>\n<tbody>\n<tr>\n<td>\n<h3>Themes<\/h3>\n<ul>\n<li>Genomics and Proteomics<\/li>\n<li>Bioinformatics<\/li>\n<li>Cellular dynamics of macromolecules<\/li>\n<li>Structural analysis of macromolecules<\/li>\n<li>Cell signaling<\/li>\n<\/ul>\n<p>How do cells work? We can pose this question in two ways first, we could ask: what is the function of a gene and second, how do genes function as ensembles. In my lab, we want to be able to test hypotheses both about how genes function and how to study their interactions at a genome-wide scale. The sequencing of some 28,000 human genes has occupied a number of labs around the world and has motivated feverish activity among biomedical researchers to understand functions of genes. However, in the absence of simple methods to establish function, these activities have not advanced significantly. We have a situation analogous to having a complete list of telephone numbers for a city, but few easy ways of linking those numbers to their owners, let alone the relationships among them. On way to define the function of a newly identified gene is to study the interactions of its product (a proteins) with proteins for which we already know their function. \u00a0We have developed experimental and theoretical methods that allow us to study how proteins form complexes with each other. Our methods allow us to determine how, when and where in the cell novel proteins interact with known proteins and what are resulting phenotypes specifically associated with a new gene. We also study how groups of proteins work as ensembles to regulate decision making by the cell. \u00a0We have posed the hypothesis that cells use a limited number of molecular strategies to respond to environmental signals to make decisions to divide, to differentiate into new forms or to die. \u00a0We are searching for these common mechanisms, which we call \u00ab logic motifs \u00bb at a genome-wide level. \u00a0We have already discovered several logic motifs that are necessary to cell survival and for which their interruptions are implicated in several diseases including cancers and diseases of development and aging.<\/td>\n<\/tr>\n<\/tbody>\n<\/table>\n<h3>Publications<\/h3>\n<ul>\n<li>Tarassov, K. Messier, V., Landry, C.R., Radinovic, S., Serna Molina, M. M., Shames, I., Malitskaya, Y., Vogel, J., Bussey, H. and S. W. Michnick (2008) An in vivo Map of the Yeast Protein Interactome Science Epub May 8.<\/li>\n<li>Stefan, E., Aquin, S., Berger, N., Landry, C., Bouvier, M., Michnick, S. W., (2007) Quantification of dynamic protein complexes using Renilla luciferase-fragment complementation applied to PKA activities in vivo. Proc Natl Acad Sci U S A, 104, 16,916-16,921.<\/li>\n<li>Michnick, S. W., Ear, P. H., Manderson, E. N., Remy, I., Stefan, E.,\u00a0 (2007)\u00a0 Universal strategies in research and drug discovery based on protein-fragment complementation assays. Nature Rev Drug Discov \u00a06, 569-582.<\/li>\n<li>MacDonald, M. L., Lamerdin, J., Owens, S., Keon, B. H., Bilter, G. K., Shang, Z., Huang, Z., Yu, H., Dias, J., Minami, T., Michnick, S. W.*, Westwick, J. K.,\u00a0 (2006)\u00a0 Identifying off-target effects and hidden phenotypes of drugs in human cells. Nature Chem Biol \u00a02, 329-337.<\/li>\n<li>Remy, I., Montmarquette, A., Michnick, S. W.,\u00a0 (2004)\u00a0 PKB\/Akt modulates TGF-beta signalling through a direct interaction with Smad3. Nature Cell Biol \u00a06, 358-65.<\/li>\n<\/ul>\n","protected":false},"excerpt":{"rendered":"<p>Professor Contact Information D\u00e9partement de biochimie Facult\u00e9 de M\u00e9decine Universit\u00e9 de Montr\u00e9al Pavillon Roger-Gaudry, room E-523 C.P. 6128, Succ. Centre-ville Montr\u00e9al (Qu\u00e9bec) H3C 3J7 . P 514 343-5849 F 514 [&hellip;]<\/p>\n","protected":false},"author":25,"featured_media":0,"parent":11439,"menu_order":0,"comment_status":"closed","ping_status":"closed","template":"","meta":{"footnotes":""},"class_list":["post-1666","page","type-page","status-publish","hentry"],"yoast_head":"<!-- This site is optimized with the Yoast SEO plugin v25.0 - https:\/\/yoast.com\/wordpress\/plugins\/seo\/ -->\n<title>Stephen Michnick - D\u00e9partement de biochimie et m\u00e9decine mol\u00e9culaire<\/title>\n<meta name=\"robots\" content=\"index, follow, max-snippet:-1, max-image-preview:large, max-video-preview:-1\" \/>\n<link rel=\"canonical\" href=\"https:\/\/biochimie.umontreal.ca\/en\/department\/stephen-michnick\/\" \/>\n<meta property=\"og:locale\" content=\"en_US\" \/>\n<meta property=\"og:type\" content=\"article\" \/>\n<meta property=\"og:title\" content=\"Stephen Michnick - D\u00e9partement de biochimie et m\u00e9decine mol\u00e9culaire\" \/>\n<meta property=\"og:description\" content=\"Professor Contact Information D\u00e9partement de biochimie Facult\u00e9 de M\u00e9decine Universit\u00e9 de Montr\u00e9al Pavillon Roger-Gaudry, room E-523 C.P. 6128, Succ. Centre-ville Montr\u00e9al (Qu\u00e9bec) H3C 3J7 . P 514 343-5849 F 514 [&hellip;]\" \/>\n<meta property=\"og:url\" content=\"https:\/\/biochimie.umontreal.ca\/en\/department\/stephen-michnick\/\" \/>\n<meta property=\"og:site_name\" content=\"D\u00e9partement de biochimie et m\u00e9decine mol\u00e9culaire\" \/>\n<meta property=\"article:modified_time\" content=\"2016-10-12T19:45:17+00:00\" \/>\n<meta property=\"og:image\" content=\"https:\/\/biochimie.umontreal.ca\/wp-content\/uploads\/sites\/37\/2012\/07\/stephen_michnick.jpg\" \/>\n<meta name=\"twitter:card\" content=\"summary_large_image\" \/>\n<meta name=\"twitter:label1\" content=\"Est. reading time\" \/>\n\t<meta name=\"twitter:data1\" content=\"3 minutes\" \/>\n<script type=\"application\/ld+json\" class=\"yoast-schema-graph\">{\"@context\":\"https:\/\/schema.org\",\"@graph\":[{\"@type\":\"WebPage\",\"@id\":\"https:\/\/biochimie.umontreal.ca\/en\/department\/stephen-michnick\/\",\"url\":\"https:\/\/biochimie.umontreal.ca\/en\/department\/stephen-michnick\/\",\"name\":\"Stephen Michnick - D\u00e9partement de biochimie et m\u00e9decine mol\u00e9culaire\",\"isPartOf\":{\"@id\":\"https:\/\/biochimie.umontreal.ca\/#website\"},\"primaryImageOfPage\":{\"@id\":\"https:\/\/biochimie.umontreal.ca\/en\/department\/stephen-michnick\/#primaryimage\"},\"image\":{\"@id\":\"https:\/\/biochimie.umontreal.ca\/en\/department\/stephen-michnick\/#primaryimage\"},\"thumbnailUrl\":\"https:\/\/biochimie.umontreal.ca\/wp-content\/uploads\/sites\/37\/2012\/07\/stephen_michnick.jpg\",\"datePublished\":\"2012-07-18T13:30:34+00:00\",\"dateModified\":\"2016-10-12T19:45:17+00:00\",\"breadcrumb\":{\"@id\":\"https:\/\/biochimie.umontreal.ca\/en\/department\/stephen-michnick\/#breadcrumb\"},\"inLanguage\":\"en-US\",\"potentialAction\":[{\"@type\":\"ReadAction\",\"target\":[\"https:\/\/biochimie.umontreal.ca\/en\/department\/stephen-michnick\/\"]}]},{\"@type\":\"ImageObject\",\"inLanguage\":\"en-US\",\"@id\":\"https:\/\/biochimie.umontreal.ca\/en\/department\/stephen-michnick\/#primaryimage\",\"url\":\"https:\/\/biochimie.umontreal.ca\/wp-content\/uploads\/sites\/37\/2012\/07\/stephen_michnick.jpg\",\"contentUrl\":\"https:\/\/biochimie.umontreal.ca\/wp-content\/uploads\/sites\/37\/2012\/07\/stephen_michnick.jpg\"},{\"@type\":\"BreadcrumbList\",\"@id\":\"https:\/\/biochimie.umontreal.ca\/en\/department\/stephen-michnick\/#breadcrumb\",\"itemListElement\":[{\"@type\":\"ListItem\",\"position\":1,\"name\":\"Accueil\",\"item\":\"https:\/\/biochimie.umontreal.ca\/en\/\"},{\"@type\":\"ListItem\",\"position\":2,\"name\":\"Department\",\"item\":\"https:\/\/biochimie.umontreal.ca\/en\/department\/\"},{\"@type\":\"ListItem\",\"position\":3,\"name\":\"Stephen Michnick\"}]},{\"@type\":\"WebSite\",\"@id\":\"https:\/\/biochimie.umontreal.ca\/#website\",\"url\":\"https:\/\/biochimie.umontreal.ca\/\",\"name\":\"D\u00e9partement de biochimie et m\u00e9decine mol\u00e9culaire\",\"description\":\"\",\"potentialAction\":[{\"@type\":\"SearchAction\",\"target\":{\"@type\":\"EntryPoint\",\"urlTemplate\":\"https:\/\/biochimie.umontreal.ca\/?s={search_term_string}\"},\"query-input\":{\"@type\":\"PropertyValueSpecification\",\"valueRequired\":true,\"valueName\":\"search_term_string\"}}],\"inLanguage\":\"en-US\"}]}<\/script>\n<!-- \/ Yoast SEO plugin. -->","yoast_head_json":{"title":"Stephen Michnick - D\u00e9partement de biochimie et m\u00e9decine mol\u00e9culaire","robots":{"index":"index","follow":"follow","max-snippet":"max-snippet:-1","max-image-preview":"max-image-preview:large","max-video-preview":"max-video-preview:-1"},"canonical":"https:\/\/biochimie.umontreal.ca\/en\/department\/stephen-michnick\/","og_locale":"en_US","og_type":"article","og_title":"Stephen Michnick - D\u00e9partement de biochimie et m\u00e9decine mol\u00e9culaire","og_description":"Professor Contact Information D\u00e9partement de biochimie Facult\u00e9 de M\u00e9decine Universit\u00e9 de Montr\u00e9al Pavillon Roger-Gaudry, room E-523 C.P. 6128, Succ. Centre-ville Montr\u00e9al (Qu\u00e9bec) H3C 3J7 . P 514 343-5849 F 514 [&hellip;]","og_url":"https:\/\/biochimie.umontreal.ca\/en\/department\/stephen-michnick\/","og_site_name":"D\u00e9partement de biochimie et m\u00e9decine mol\u00e9culaire","article_modified_time":"2016-10-12T19:45:17+00:00","og_image":[{"url":"https:\/\/biochimie.umontreal.ca\/wp-content\/uploads\/sites\/37\/2012\/07\/stephen_michnick.jpg","type":"","width":"","height":""}],"twitter_card":"summary_large_image","twitter_misc":{"Est. reading time":"3 minutes"},"schema":{"@context":"https:\/\/schema.org","@graph":[{"@type":"WebPage","@id":"https:\/\/biochimie.umontreal.ca\/en\/department\/stephen-michnick\/","url":"https:\/\/biochimie.umontreal.ca\/en\/department\/stephen-michnick\/","name":"Stephen Michnick - D\u00e9partement de biochimie et m\u00e9decine mol\u00e9culaire","isPartOf":{"@id":"https:\/\/biochimie.umontreal.ca\/#website"},"primaryImageOfPage":{"@id":"https:\/\/biochimie.umontreal.ca\/en\/department\/stephen-michnick\/#primaryimage"},"image":{"@id":"https:\/\/biochimie.umontreal.ca\/en\/department\/stephen-michnick\/#primaryimage"},"thumbnailUrl":"https:\/\/biochimie.umontreal.ca\/wp-content\/uploads\/sites\/37\/2012\/07\/stephen_michnick.jpg","datePublished":"2012-07-18T13:30:34+00:00","dateModified":"2016-10-12T19:45:17+00:00","breadcrumb":{"@id":"https:\/\/biochimie.umontreal.ca\/en\/department\/stephen-michnick\/#breadcrumb"},"inLanguage":"en-US","potentialAction":[{"@type":"ReadAction","target":["https:\/\/biochimie.umontreal.ca\/en\/department\/stephen-michnick\/"]}]},{"@type":"ImageObject","inLanguage":"en-US","@id":"https:\/\/biochimie.umontreal.ca\/en\/department\/stephen-michnick\/#primaryimage","url":"https:\/\/biochimie.umontreal.ca\/wp-content\/uploads\/sites\/37\/2012\/07\/stephen_michnick.jpg","contentUrl":"https:\/\/biochimie.umontreal.ca\/wp-content\/uploads\/sites\/37\/2012\/07\/stephen_michnick.jpg"},{"@type":"BreadcrumbList","@id":"https:\/\/biochimie.umontreal.ca\/en\/department\/stephen-michnick\/#breadcrumb","itemListElement":[{"@type":"ListItem","position":1,"name":"Accueil","item":"https:\/\/biochimie.umontreal.ca\/en\/"},{"@type":"ListItem","position":2,"name":"Department","item":"https:\/\/biochimie.umontreal.ca\/en\/department\/"},{"@type":"ListItem","position":3,"name":"Stephen Michnick"}]},{"@type":"WebSite","@id":"https:\/\/biochimie.umontreal.ca\/#website","url":"https:\/\/biochimie.umontreal.ca\/","name":"D\u00e9partement de biochimie et m\u00e9decine mol\u00e9culaire","description":"","potentialAction":[{"@type":"SearchAction","target":{"@type":"EntryPoint","urlTemplate":"https:\/\/biochimie.umontreal.ca\/?s={search_term_string}"},"query-input":{"@type":"PropertyValueSpecification","valueRequired":true,"valueName":"search_term_string"}}],"inLanguage":"en-US"}]}},"_links":{"self":[{"href":"https:\/\/biochimie.umontreal.ca\/en\/wp-json\/wp\/v2\/pages\/1666","targetHints":{"allow":["GET"]}}],"collection":[{"href":"https:\/\/biochimie.umontreal.ca\/en\/wp-json\/wp\/v2\/pages"}],"about":[{"href":"https:\/\/biochimie.umontreal.ca\/en\/wp-json\/wp\/v2\/types\/page"}],"author":[{"embeddable":true,"href":"https:\/\/biochimie.umontreal.ca\/en\/wp-json\/wp\/v2\/users\/25"}],"replies":[{"embeddable":true,"href":"https:\/\/biochimie.umontreal.ca\/en\/wp-json\/wp\/v2\/comments?post=1666"}],"version-history":[{"count":4,"href":"https:\/\/biochimie.umontreal.ca\/en\/wp-json\/wp\/v2\/pages\/1666\/revisions"}],"predecessor-version":[{"id":13573,"href":"https:\/\/biochimie.umontreal.ca\/en\/wp-json\/wp\/v2\/pages\/1666\/revisions\/13573"}],"up":[{"embeddable":true,"href":"https:\/\/biochimie.umontreal.ca\/en\/wp-json\/wp\/v2\/pages\/11439"}],"wp:attachment":[{"href":"https:\/\/biochimie.umontreal.ca\/en\/wp-json\/wp\/v2\/media?parent=1666"}],"curies":[{"name":"wp","href":"https:\/\/api.w.org\/{rel}","templated":true}]}}