{"id":1661,"date":"2012-07-18T13:42:28","date_gmt":"2012-07-18T12:42:28","guid":{"rendered":"http:\/\/biochimie.umontreal.ca\/?page_id=1661"},"modified":"2019-10-07T11:49:28","modified_gmt":"2019-10-07T15:49:28","slug":"jacques-michaud","status":"publish","type":"page","link":"https:\/\/biochimie.umontreal.ca\/en\/department\/directories\/accredited-professors\/jacques-michaud\/","title":{"rendered":"Jacques Michaud"},"content":{"rendered":"<h2>Accredited Professor<\/h2>\n<table>\n<tbody>\n<tr>\n<td style=\"vertical-align: middle\"><a href=\"https:\/\/biochimie.umontreal.ca\/wp-content\/uploads\/sites\/37\/2019\/02\/Photo_DrMichaud_2019.jpg\"><img loading=\"lazy\" decoding=\"async\" src=\"https:\/\/biochimie.umontreal.ca\/wp-content\/uploads\/sites\/37\/2019\/02\/Photo_DrMichaud_2019-300x450.jpg\" alt=\"\" class=\"alignnone size-medium wp-image-19236\" width=\"300\" height=\"450\" srcset=\"https:\/\/biochimie.umontreal.ca\/wp-content\/uploads\/sites\/37\/2019\/02\/Photo_DrMichaud_2019-300x450.jpg 300w, https:\/\/biochimie.umontreal.ca\/wp-content\/uploads\/sites\/37\/2019\/02\/Photo_DrMichaud_2019-768x1152.jpg 768w, https:\/\/biochimie.umontreal.ca\/wp-content\/uploads\/sites\/37\/2019\/02\/Photo_DrMichaud_2019-683x1024.jpg 683w, https:\/\/biochimie.umontreal.ca\/wp-content\/uploads\/sites\/37\/2019\/02\/Photo_DrMichaud_2019-610x915.jpg 610w, https:\/\/biochimie.umontreal.ca\/wp-content\/uploads\/sites\/37\/2019\/02\/Photo_DrMichaud_2019.jpg 1200w\" sizes=\"auto, (max-width: 300px) 100vw, 300px\" \/><\/a><\/td>\n<td style=\"vertical-align: top\">\n<h2>Contact Information<\/h2>\n<p>D\u00e9partment de g\u00e9n\u00e9tique m\u00e9dicale<br \/>\nCHU-Sainte-Justine<br \/>\n3175, chemin C\u00f4te Ste-Catherine, 6e \u00e9tage, Bloc 7<br \/>\nMontr\u00e9al (Qu\u00e9bec)<br \/>\nH3T 1C5<\/td>\n<td style=\"vertical-align: top\">\n<h2><span style=\"color: #ffffff\">.<\/span><\/h2>\n<p><strong>T<\/strong> 514 345-4931, poste 6900<br \/>\n<strong>F<\/strong> 514 345-4801<br \/>\n<a href=\"mailto:jacques.michaud@recherche-ste-justine.qc.ca\">jacques.michaud@recherche-ste-justine.qc.ca<\/a><\/td>\n<\/tr>\n<\/tbody>\n<\/table>\n<table>\n<tbody>\n<tr>\n<td>\n<h2>Themes<\/h2>\n<p>The group\u2019s research focuses on the biochemical and cell-based characterization of medically relevant enzymes to uncover the molecular basis of their mechanisms of action, specificities and regulation. We also aim to identify compounds that modulate enzyme activities. This knowledge can provide insight into the precise physiological role of these enzymes, and contribute to the design of potential therapeutic agents.<\/p>\n<p>Application of enzyme kinetic techniques to study the molecular basis of the mechanism and specificity of enzymes; structure-function relationships; study of enzyme-inhibitor interactions with the aim of designing new or improved inhibitors of therapeutic importance; modification of enzymes to alter their structural and\/or functional properties (stability, specificity, catalytic mechanism); design of experimental protocols in enzyme kinetics; assay development for high-throughput-screening of compound libraries and for functional studies.<\/p>\n<p><strong>Deubiquitinating Enzymes<\/strong><\/p>\n<p>The modification of cellular proteins by ubiquitin and ubiquitin-like proteins is an essential regulatory mechanism in many biological processes. The isopeptide bond between ubiquitin and a protein, or between ubiquitin molecules in a polyubiquitin chain, can be cleaved by deubiquitinating enzymes. The human genome encodes approximately 95 deubiquitinating enzymes, mot of them being cysteine proteases, which are relatively poorly characterized. Our group uses detailed biochemical characterization and cell-based studies to provide insights into the molecular mechanisms and physiological roles of these enzymes, in order to elaborate novel molecular therapeutic strategies based on interference with deubiquitinating events.<\/p>\n<p><strong>Enzymes from Clostridium difficile<\/strong><\/p>\n<p>Studies are being carried out to characterize at the molecular level cysteine proteases from the bacteria Clostridium difficile, an important human pathogen. In the search for alternative antibiotics for treating bacterial infections, we are also evaluating how these enzymes influence the virulence of Clostridium difficile infections.<\/p>\n<p><strong>Other cysteine proteases<\/strong><\/p>\n<p>It was demonstrated that a viral papain-like cysteine protease (PLpro) from the Severe Acute Respiratory Syndrome (SARS) coronavirus, previously known to be involved in processing a viral polyprotein precursor and to contribute to the virus replicative cycle, also possesses deubiquitinating activity. This discovery raised provocative hypotheses regarding the ability of the SARS virus to evade cellular defense mechanisms.<\/p>\n<p>Our group has also made many important contributions to the study of cathepsin mechanisms, catalysis, specificity and regulation. In addition to general intracellular protein degradation and turnover within the endosomal\/lysosomal system, cathepsins (mammalian cysteine proteases) can fulfill specific functions and also play an important role in a variety of pathological processes such as degenerative diseases and malignant tumour development.<\/td>\n<\/tr>\n<\/tbody>\n<\/table>\n","protected":false},"excerpt":{"rendered":"<p>Accredited Professor Contact Information D\u00e9partment de g\u00e9n\u00e9tique m\u00e9dicale CHU-Sainte-Justine 3175, chemin C\u00f4te Ste-Catherine, 6e \u00e9tage, Bloc 7 Montr\u00e9al (Qu\u00e9bec) H3T 1C5 . T 514 345-4931, poste 6900 F 514 345-4801 [&hellip;]<\/p>\n","protected":false},"author":25,"featured_media":0,"parent":14887,"menu_order":0,"comment_status":"closed","ping_status":"closed","template":"","meta":{"footnotes":""},"class_list":["post-1661","page","type-page","status-publish","hentry"],"yoast_head":"<!-- This site is optimized with the Yoast SEO plugin v25.0 - https:\/\/yoast.com\/wordpress\/plugins\/seo\/ -->\n<title>Jacques Michaud - D\u00e9partement de biochimie et m\u00e9decine mol\u00e9culaire<\/title>\n<meta name=\"robots\" content=\"index, follow, max-snippet:-1, max-image-preview:large, max-video-preview:-1\" \/>\n<link rel=\"canonical\" href=\"https:\/\/biochimie.umontreal.ca\/en\/department\/directories\/accredited-professors\/jacques-michaud\/\" \/>\n<meta property=\"og:locale\" content=\"en_US\" \/>\n<meta property=\"og:type\" content=\"article\" \/>\n<meta property=\"og:title\" content=\"Jacques Michaud - D\u00e9partement de biochimie et m\u00e9decine mol\u00e9culaire\" \/>\n<meta property=\"og:description\" content=\"Accredited Professor Contact Information D\u00e9partment de g\u00e9n\u00e9tique m\u00e9dicale CHU-Sainte-Justine 3175, chemin C\u00f4te Ste-Catherine, 6e \u00e9tage, Bloc 7 Montr\u00e9al (Qu\u00e9bec) H3T 1C5 . T 514 345-4931, poste 6900 F 514 345-4801 [&hellip;]\" \/>\n<meta property=\"og:url\" content=\"https:\/\/biochimie.umontreal.ca\/en\/department\/directories\/accredited-professors\/jacques-michaud\/\" \/>\n<meta property=\"og:site_name\" content=\"D\u00e9partement de biochimie et m\u00e9decine mol\u00e9culaire\" \/>\n<meta property=\"article:modified_time\" content=\"2019-10-07T15:49:28+00:00\" \/>\n<meta property=\"og:image\" content=\"https:\/\/biochimie.umontreal.ca\/wp-content\/uploads\/sites\/37\/2019\/02\/Photo_DrMichaud_2019-300x450.jpg\" \/>\n<meta name=\"twitter:card\" content=\"summary_large_image\" \/>\n<meta name=\"twitter:label1\" content=\"Est. reading time\" \/>\n\t<meta name=\"twitter:data1\" content=\"2 minutes\" \/>\n<script type=\"application\/ld+json\" class=\"yoast-schema-graph\">{\"@context\":\"https:\/\/schema.org\",\"@graph\":[{\"@type\":\"WebPage\",\"@id\":\"https:\/\/biochimie.umontreal.ca\/en\/department\/directories\/accredited-professors\/jacques-michaud\/\",\"url\":\"https:\/\/biochimie.umontreal.ca\/en\/department\/directories\/accredited-professors\/jacques-michaud\/\",\"name\":\"Jacques Michaud - D\u00e9partement de biochimie et m\u00e9decine mol\u00e9culaire\",\"isPartOf\":{\"@id\":\"https:\/\/biochimie.umontreal.ca\/#website\"},\"primaryImageOfPage\":{\"@id\":\"https:\/\/biochimie.umontreal.ca\/en\/department\/directories\/accredited-professors\/jacques-michaud\/#primaryimage\"},\"image\":{\"@id\":\"https:\/\/biochimie.umontreal.ca\/en\/department\/directories\/accredited-professors\/jacques-michaud\/#primaryimage\"},\"thumbnailUrl\":\"https:\/\/biochimie.umontreal.ca\/wp-content\/uploads\/sites\/37\/2019\/02\/Photo_DrMichaud_2019-300x450.jpg\",\"datePublished\":\"2012-07-18T12:42:28+00:00\",\"dateModified\":\"2019-10-07T15:49:28+00:00\",\"breadcrumb\":{\"@id\":\"https:\/\/biochimie.umontreal.ca\/en\/department\/directories\/accredited-professors\/jacques-michaud\/#breadcrumb\"},\"inLanguage\":\"en-US\",\"potentialAction\":[{\"@type\":\"ReadAction\",\"target\":[\"https:\/\/biochimie.umontreal.ca\/en\/department\/directories\/accredited-professors\/jacques-michaud\/\"]}]},{\"@type\":\"ImageObject\",\"inLanguage\":\"en-US\",\"@id\":\"https:\/\/biochimie.umontreal.ca\/en\/department\/directories\/accredited-professors\/jacques-michaud\/#primaryimage\",\"url\":\"https:\/\/biochimie.umontreal.ca\/wp-content\/uploads\/sites\/37\/2019\/02\/Photo_DrMichaud_2019-300x450.jpg\",\"contentUrl\":\"https:\/\/biochimie.umontreal.ca\/wp-content\/uploads\/sites\/37\/2019\/02\/Photo_DrMichaud_2019-300x450.jpg\"},{\"@type\":\"BreadcrumbList\",\"@id\":\"https:\/\/biochimie.umontreal.ca\/en\/department\/directories\/accredited-professors\/jacques-michaud\/#breadcrumb\",\"itemListElement\":[{\"@type\":\"ListItem\",\"position\":1,\"name\":\"Accueil\",\"item\":\"https:\/\/biochimie.umontreal.ca\/en\/\"},{\"@type\":\"ListItem\",\"position\":2,\"name\":\"Department\",\"item\":\"https:\/\/biochimie.umontreal.ca\/en\/department\/\"},{\"@type\":\"ListItem\",\"position\":3,\"name\":\"Directories\",\"item\":\"https:\/\/biochimie.umontreal.ca\/en\/department\/directories\/\"},{\"@type\":\"ListItem\",\"position\":4,\"name\":\"Accredited professors\",\"item\":\"https:\/\/biochimie.umontreal.ca\/en\/department\/directories\/accredited-professors\/\"},{\"@type\":\"ListItem\",\"position\":5,\"name\":\"Jacques Michaud\"}]},{\"@type\":\"WebSite\",\"@id\":\"https:\/\/biochimie.umontreal.ca\/#website\",\"url\":\"https:\/\/biochimie.umontreal.ca\/\",\"name\":\"D\u00e9partement de biochimie et m\u00e9decine mol\u00e9culaire\",\"description\":\"\",\"potentialAction\":[{\"@type\":\"SearchAction\",\"target\":{\"@type\":\"EntryPoint\",\"urlTemplate\":\"https:\/\/biochimie.umontreal.ca\/?s={search_term_string}\"},\"query-input\":{\"@type\":\"PropertyValueSpecification\",\"valueRequired\":true,\"valueName\":\"search_term_string\"}}],\"inLanguage\":\"en-US\"}]}<\/script>\n<!-- \/ Yoast SEO plugin. -->","yoast_head_json":{"title":"Jacques Michaud - D\u00e9partement de biochimie et m\u00e9decine mol\u00e9culaire","robots":{"index":"index","follow":"follow","max-snippet":"max-snippet:-1","max-image-preview":"max-image-preview:large","max-video-preview":"max-video-preview:-1"},"canonical":"https:\/\/biochimie.umontreal.ca\/en\/department\/directories\/accredited-professors\/jacques-michaud\/","og_locale":"en_US","og_type":"article","og_title":"Jacques Michaud - D\u00e9partement de biochimie et m\u00e9decine mol\u00e9culaire","og_description":"Accredited Professor Contact Information D\u00e9partment de g\u00e9n\u00e9tique m\u00e9dicale CHU-Sainte-Justine 3175, chemin C\u00f4te Ste-Catherine, 6e \u00e9tage, Bloc 7 Montr\u00e9al (Qu\u00e9bec) H3T 1C5 . T 514 345-4931, poste 6900 F 514 345-4801 [&hellip;]","og_url":"https:\/\/biochimie.umontreal.ca\/en\/department\/directories\/accredited-professors\/jacques-michaud\/","og_site_name":"D\u00e9partement de biochimie et m\u00e9decine mol\u00e9culaire","article_modified_time":"2019-10-07T15:49:28+00:00","og_image":[{"url":"https:\/\/biochimie.umontreal.ca\/wp-content\/uploads\/sites\/37\/2019\/02\/Photo_DrMichaud_2019-300x450.jpg","type":"","width":"","height":""}],"twitter_card":"summary_large_image","twitter_misc":{"Est. reading time":"2 minutes"},"schema":{"@context":"https:\/\/schema.org","@graph":[{"@type":"WebPage","@id":"https:\/\/biochimie.umontreal.ca\/en\/department\/directories\/accredited-professors\/jacques-michaud\/","url":"https:\/\/biochimie.umontreal.ca\/en\/department\/directories\/accredited-professors\/jacques-michaud\/","name":"Jacques Michaud - D\u00e9partement de biochimie et m\u00e9decine mol\u00e9culaire","isPartOf":{"@id":"https:\/\/biochimie.umontreal.ca\/#website"},"primaryImageOfPage":{"@id":"https:\/\/biochimie.umontreal.ca\/en\/department\/directories\/accredited-professors\/jacques-michaud\/#primaryimage"},"image":{"@id":"https:\/\/biochimie.umontreal.ca\/en\/department\/directories\/accredited-professors\/jacques-michaud\/#primaryimage"},"thumbnailUrl":"https:\/\/biochimie.umontreal.ca\/wp-content\/uploads\/sites\/37\/2019\/02\/Photo_DrMichaud_2019-300x450.jpg","datePublished":"2012-07-18T12:42:28+00:00","dateModified":"2019-10-07T15:49:28+00:00","breadcrumb":{"@id":"https:\/\/biochimie.umontreal.ca\/en\/department\/directories\/accredited-professors\/jacques-michaud\/#breadcrumb"},"inLanguage":"en-US","potentialAction":[{"@type":"ReadAction","target":["https:\/\/biochimie.umontreal.ca\/en\/department\/directories\/accredited-professors\/jacques-michaud\/"]}]},{"@type":"ImageObject","inLanguage":"en-US","@id":"https:\/\/biochimie.umontreal.ca\/en\/department\/directories\/accredited-professors\/jacques-michaud\/#primaryimage","url":"https:\/\/biochimie.umontreal.ca\/wp-content\/uploads\/sites\/37\/2019\/02\/Photo_DrMichaud_2019-300x450.jpg","contentUrl":"https:\/\/biochimie.umontreal.ca\/wp-content\/uploads\/sites\/37\/2019\/02\/Photo_DrMichaud_2019-300x450.jpg"},{"@type":"BreadcrumbList","@id":"https:\/\/biochimie.umontreal.ca\/en\/department\/directories\/accredited-professors\/jacques-michaud\/#breadcrumb","itemListElement":[{"@type":"ListItem","position":1,"name":"Accueil","item":"https:\/\/biochimie.umontreal.ca\/en\/"},{"@type":"ListItem","position":2,"name":"Department","item":"https:\/\/biochimie.umontreal.ca\/en\/department\/"},{"@type":"ListItem","position":3,"name":"Directories","item":"https:\/\/biochimie.umontreal.ca\/en\/department\/directories\/"},{"@type":"ListItem","position":4,"name":"Accredited professors","item":"https:\/\/biochimie.umontreal.ca\/en\/department\/directories\/accredited-professors\/"},{"@type":"ListItem","position":5,"name":"Jacques Michaud"}]},{"@type":"WebSite","@id":"https:\/\/biochimie.umontreal.ca\/#website","url":"https:\/\/biochimie.umontreal.ca\/","name":"D\u00e9partement de biochimie et m\u00e9decine mol\u00e9culaire","description":"","potentialAction":[{"@type":"SearchAction","target":{"@type":"EntryPoint","urlTemplate":"https:\/\/biochimie.umontreal.ca\/?s={search_term_string}"},"query-input":{"@type":"PropertyValueSpecification","valueRequired":true,"valueName":"search_term_string"}}],"inLanguage":"en-US"}]}},"_links":{"self":[{"href":"https:\/\/biochimie.umontreal.ca\/en\/wp-json\/wp\/v2\/pages\/1661","targetHints":{"allow":["GET"]}}],"collection":[{"href":"https:\/\/biochimie.umontreal.ca\/en\/wp-json\/wp\/v2\/pages"}],"about":[{"href":"https:\/\/biochimie.umontreal.ca\/en\/wp-json\/wp\/v2\/types\/page"}],"author":[{"embeddable":true,"href":"https:\/\/biochimie.umontreal.ca\/en\/wp-json\/wp\/v2\/users\/25"}],"replies":[{"embeddable":true,"href":"https:\/\/biochimie.umontreal.ca\/en\/wp-json\/wp\/v2\/comments?post=1661"}],"version-history":[{"count":7,"href":"https:\/\/biochimie.umontreal.ca\/en\/wp-json\/wp\/v2\/pages\/1661\/revisions"}],"predecessor-version":[{"id":20070,"href":"https:\/\/biochimie.umontreal.ca\/en\/wp-json\/wp\/v2\/pages\/1661\/revisions\/20070"}],"up":[{"embeddable":true,"href":"https:\/\/biochimie.umontreal.ca\/en\/wp-json\/wp\/v2\/pages\/14887"}],"wp:attachment":[{"href":"https:\/\/biochimie.umontreal.ca\/en\/wp-json\/wp\/v2\/media?parent=1661"}],"curies":[{"name":"wp","href":"https:\/\/api.w.org\/{rel}","templated":true}]}}