{"id":1579,"date":"2012-07-17T14:03:58","date_gmt":"2012-07-17T13:03:58","guid":{"rendered":"http:\/\/biochimie.umontreal.ca\/?page_id=1579"},"modified":"2016-10-12T15:45:16","modified_gmt":"2016-10-12T19:45:16","slug":"nikolaus-heveker","status":"publish","type":"page","link":"https:\/\/biochimie.umontreal.ca\/en\/department\/nikolaus-heveker\/","title":{"rendered":"Nikolaus Heveker"},"content":{"rendered":"<h2>Professor<\/h2>\n<table>\n<tbody>\n<tr>\n<td><img loading=\"lazy\" decoding=\"async\" class=\"alignnone size-full wp-image-1580\" title=\"carre blanc 2\" src=\"https:\/\/biochimie.umontreal.ca\/wp-content\/uploads\/sites\/37\/2012\/07\/carre-blanc-218.jpg\" alt=\"\" height=\"120\" width=\"120\" \/><\/td>\n<td style=\"vertical-align: top\">\n<h2>Contact Information<\/h2>\n<p>Centre de Recherche<br \/>\nCHU Sainte-Justine<br \/>\n3175 chemin de la C\u00f4te Sainte-Catherine<br \/>\nMontr\u00e9al (Qu\u00e9bec)<br \/>\nH3T 1C5<\/td>\n<td style=\"vertical-align: top\">\n<h2><span style=\"color: #ffffff\">.<\/span><\/h2>\n<p><strong>P<\/strong> 514 345-4931, ext. 4190<br \/>\n<strong>F<\/strong> 514 345-4801<br \/>\n<a href=\"mailto:nikolaus.heveker@recherche-ste-justine.qc.ca\">nikolaus.heveker@recherche-ste-justine.qc.ca<\/a><\/td>\n<\/tr>\n<\/tbody>\n<\/table>\n<table>\n<tbody>\n<tr>\n<td>\n<h3>Themes<\/h3>\n<ul>\n<li>Cellular Dynamics of Macromolecules<\/li>\n<li>Cell Signalisation<\/li>\n<\/ul>\n<p>Chemotaxis is the process that permits directional migration of motile cells in the organism. It is of particular importance during inflammation and the immune response, but also during hematopoiesis. Leukocytes that express given sets of chemokine receptors migrate towards a gradient of corresponding chemokines. Such gradients are maintained, reshaped, and terminated by atypical chemokine scavenger receptors.In the immune system, chemokines are paramount for the homing of immature immune cells to specific niches, their trafficking to secondary lymph organs such as lymph nodes, and effector trafficking to inflamed sites. Therefore, chemokine receptors are potential prime drug targets for the treatment of inflammatory and autoimmune diseases. However, better understanding of the molecular processes underlying their activation seems warranted for the design of optimal therapeutic strategies.Our research deals with structure-function relationships in chemokine receptors, and particularly with conformational changes of the receptor linked to ligand binding. Along the same lines, we investigate synthetic small chemokine receptor ligands of potential therapeutic interest, following the concept of functional selectivity. Our model receptors, CCR2, CXCR4, and CXCR7, are of particular clinical interest due to their respective implication in atherosclerosis, cancer cell survival and metastasis, as well as stem cell homing to bone marrow niches. Moreover, CXCR4 permits the human immunodeficiency virus HIV access to target cells.For these investigations, our laboratory relies mainly on molecular biology techniques, molecular pharmacology, cell biology, and biophysical approaches such as Bioluminescence resonance Energy Transfer (BRET).<\/td>\n<\/tr>\n<\/tbody>\n<\/table>\n<h3>Publications<\/h3>\n<ul>\n<li>Bonneterre, J., Montpas, N., Boularan, C., Gales, C., and Heveker, N. (2016) Analysis of Arrestin Recrutiment to chemokine receptors by Bioluminscent resonance Enenrgy Transfer<em> Methods in Enzymol<\/em> <strong>570<\/strong>, 131-153<\/li>\n<li>Montpas, N., Cabana, J., St-Onge, G., Gravel, S., Morin, G., Kuroyanagi, T., Lavigne, P., Fujii, N., Oishi, S., and Heveker, N. (2015) Mode of binding of the cyclic agonist peptide TC14012 to CXCR7: identification of receptor and compound determinants. <em>Biochemistry<\/em> <strong>54<\/strong>, 1505-1515<\/li>\n<li>Berchiche, Y. A., Gravel, S., Pelletier, M. E., St-Onge, G., and Heveker, N. (2011) Different Effects of the Different Natural CC Chemokine Receptor 2b Ligands on beta-Arrestin Recruitment, Galphai Signaling, and Receptor Internalization. <em>Mol Pharmacol<\/em> <strong>79<\/strong>, 488-498<\/li>\n<\/ul>\n","protected":false},"excerpt":{"rendered":"<p>Professor Contact Information Centre de Recherche CHU Sainte-Justine 3175 chemin de la C\u00f4te Sainte-Catherine Montr\u00e9al (Qu\u00e9bec) H3T 1C5 . P 514 345-4931, ext. 4190 F 514 345-4801 nikolaus.heveker@recherche-ste-justine.qc.ca Themes Cellular [&hellip;]<\/p>\n","protected":false},"author":25,"featured_media":0,"parent":11439,"menu_order":0,"comment_status":"closed","ping_status":"closed","template":"","meta":{"footnotes":""},"class_list":["post-1579","page","type-page","status-publish","hentry"],"yoast_head":"<!-- This site is optimized with the Yoast SEO plugin v25.0 - https:\/\/yoast.com\/wordpress\/plugins\/seo\/ -->\n<title>Nikolaus Heveker - D\u00e9partement de biochimie et m\u00e9decine mol\u00e9culaire<\/title>\n<meta name=\"robots\" content=\"index, follow, max-snippet:-1, max-image-preview:large, max-video-preview:-1\" \/>\n<link rel=\"canonical\" href=\"https:\/\/biochimie.umontreal.ca\/en\/department\/nikolaus-heveker\/\" \/>\n<meta property=\"og:locale\" content=\"en_US\" \/>\n<meta property=\"og:type\" content=\"article\" \/>\n<meta property=\"og:title\" content=\"Nikolaus Heveker - D\u00e9partement de biochimie et m\u00e9decine mol\u00e9culaire\" \/>\n<meta property=\"og:description\" content=\"Professor Contact Information Centre de Recherche CHU Sainte-Justine 3175 chemin de la C\u00f4te Sainte-Catherine Montr\u00e9al (Qu\u00e9bec) H3T 1C5 . P 514 345-4931, ext. 4190 F 514 345-4801 nikolaus.heveker@recherche-ste-justine.qc.ca Themes Cellular [&hellip;]\" \/>\n<meta property=\"og:url\" content=\"https:\/\/biochimie.umontreal.ca\/en\/department\/nikolaus-heveker\/\" \/>\n<meta property=\"og:site_name\" content=\"D\u00e9partement de biochimie et m\u00e9decine mol\u00e9culaire\" \/>\n<meta property=\"article:modified_time\" content=\"2016-10-12T19:45:16+00:00\" \/>\n<meta property=\"og:image\" content=\"https:\/\/biochimie.umontreal.ca\/wp-content\/uploads\/sites\/37\/2012\/07\/carre-blanc-218.jpg\" \/>\n<meta name=\"twitter:card\" content=\"summary_large_image\" \/>\n<meta name=\"twitter:label1\" content=\"Est. reading time\" \/>\n\t<meta name=\"twitter:data1\" content=\"2 minutes\" \/>\n<script type=\"application\/ld+json\" class=\"yoast-schema-graph\">{\"@context\":\"https:\/\/schema.org\",\"@graph\":[{\"@type\":\"WebPage\",\"@id\":\"https:\/\/biochimie.umontreal.ca\/en\/department\/nikolaus-heveker\/\",\"url\":\"https:\/\/biochimie.umontreal.ca\/en\/department\/nikolaus-heveker\/\",\"name\":\"Nikolaus Heveker - D\u00e9partement de biochimie et m\u00e9decine mol\u00e9culaire\",\"isPartOf\":{\"@id\":\"https:\/\/biochimie.umontreal.ca\/#website\"},\"primaryImageOfPage\":{\"@id\":\"https:\/\/biochimie.umontreal.ca\/en\/department\/nikolaus-heveker\/#primaryimage\"},\"image\":{\"@id\":\"https:\/\/biochimie.umontreal.ca\/en\/department\/nikolaus-heveker\/#primaryimage\"},\"thumbnailUrl\":\"https:\/\/biochimie.umontreal.ca\/wp-content\/uploads\/sites\/37\/2012\/07\/carre-blanc-218.jpg\",\"datePublished\":\"2012-07-17T13:03:58+00:00\",\"dateModified\":\"2016-10-12T19:45:16+00:00\",\"breadcrumb\":{\"@id\":\"https:\/\/biochimie.umontreal.ca\/en\/department\/nikolaus-heveker\/#breadcrumb\"},\"inLanguage\":\"en-US\",\"potentialAction\":[{\"@type\":\"ReadAction\",\"target\":[\"https:\/\/biochimie.umontreal.ca\/en\/department\/nikolaus-heveker\/\"]}]},{\"@type\":\"ImageObject\",\"inLanguage\":\"en-US\",\"@id\":\"https:\/\/biochimie.umontreal.ca\/en\/department\/nikolaus-heveker\/#primaryimage\",\"url\":\"https:\/\/biochimie.umontreal.ca\/wp-content\/uploads\/sites\/37\/2012\/07\/carre-blanc-218.jpg\",\"contentUrl\":\"https:\/\/biochimie.umontreal.ca\/wp-content\/uploads\/sites\/37\/2012\/07\/carre-blanc-218.jpg\"},{\"@type\":\"BreadcrumbList\",\"@id\":\"https:\/\/biochimie.umontreal.ca\/en\/department\/nikolaus-heveker\/#breadcrumb\",\"itemListElement\":[{\"@type\":\"ListItem\",\"position\":1,\"name\":\"Accueil\",\"item\":\"https:\/\/biochimie.umontreal.ca\/en\/\"},{\"@type\":\"ListItem\",\"position\":2,\"name\":\"Department\",\"item\":\"https:\/\/biochimie.umontreal.ca\/en\/department\/\"},{\"@type\":\"ListItem\",\"position\":3,\"name\":\"Nikolaus Heveker\"}]},{\"@type\":\"WebSite\",\"@id\":\"https:\/\/biochimie.umontreal.ca\/#website\",\"url\":\"https:\/\/biochimie.umontreal.ca\/\",\"name\":\"D\u00e9partement de biochimie et m\u00e9decine mol\u00e9culaire\",\"description\":\"\",\"potentialAction\":[{\"@type\":\"SearchAction\",\"target\":{\"@type\":\"EntryPoint\",\"urlTemplate\":\"https:\/\/biochimie.umontreal.ca\/?s={search_term_string}\"},\"query-input\":{\"@type\":\"PropertyValueSpecification\",\"valueRequired\":true,\"valueName\":\"search_term_string\"}}],\"inLanguage\":\"en-US\"}]}<\/script>\n<!-- \/ Yoast SEO plugin. -->","yoast_head_json":{"title":"Nikolaus Heveker - D\u00e9partement de biochimie et m\u00e9decine mol\u00e9culaire","robots":{"index":"index","follow":"follow","max-snippet":"max-snippet:-1","max-image-preview":"max-image-preview:large","max-video-preview":"max-video-preview:-1"},"canonical":"https:\/\/biochimie.umontreal.ca\/en\/department\/nikolaus-heveker\/","og_locale":"en_US","og_type":"article","og_title":"Nikolaus Heveker - D\u00e9partement de biochimie et m\u00e9decine mol\u00e9culaire","og_description":"Professor Contact Information Centre de Recherche CHU Sainte-Justine 3175 chemin de la C\u00f4te Sainte-Catherine Montr\u00e9al (Qu\u00e9bec) H3T 1C5 . P 514 345-4931, ext. 4190 F 514 345-4801 nikolaus.heveker@recherche-ste-justine.qc.ca Themes Cellular [&hellip;]","og_url":"https:\/\/biochimie.umontreal.ca\/en\/department\/nikolaus-heveker\/","og_site_name":"D\u00e9partement de biochimie et m\u00e9decine mol\u00e9culaire","article_modified_time":"2016-10-12T19:45:16+00:00","og_image":[{"url":"https:\/\/biochimie.umontreal.ca\/wp-content\/uploads\/sites\/37\/2012\/07\/carre-blanc-218.jpg","type":"","width":"","height":""}],"twitter_card":"summary_large_image","twitter_misc":{"Est. reading time":"2 minutes"},"schema":{"@context":"https:\/\/schema.org","@graph":[{"@type":"WebPage","@id":"https:\/\/biochimie.umontreal.ca\/en\/department\/nikolaus-heveker\/","url":"https:\/\/biochimie.umontreal.ca\/en\/department\/nikolaus-heveker\/","name":"Nikolaus Heveker - D\u00e9partement de biochimie et m\u00e9decine mol\u00e9culaire","isPartOf":{"@id":"https:\/\/biochimie.umontreal.ca\/#website"},"primaryImageOfPage":{"@id":"https:\/\/biochimie.umontreal.ca\/en\/department\/nikolaus-heveker\/#primaryimage"},"image":{"@id":"https:\/\/biochimie.umontreal.ca\/en\/department\/nikolaus-heveker\/#primaryimage"},"thumbnailUrl":"https:\/\/biochimie.umontreal.ca\/wp-content\/uploads\/sites\/37\/2012\/07\/carre-blanc-218.jpg","datePublished":"2012-07-17T13:03:58+00:00","dateModified":"2016-10-12T19:45:16+00:00","breadcrumb":{"@id":"https:\/\/biochimie.umontreal.ca\/en\/department\/nikolaus-heveker\/#breadcrumb"},"inLanguage":"en-US","potentialAction":[{"@type":"ReadAction","target":["https:\/\/biochimie.umontreal.ca\/en\/department\/nikolaus-heveker\/"]}]},{"@type":"ImageObject","inLanguage":"en-US","@id":"https:\/\/biochimie.umontreal.ca\/en\/department\/nikolaus-heveker\/#primaryimage","url":"https:\/\/biochimie.umontreal.ca\/wp-content\/uploads\/sites\/37\/2012\/07\/carre-blanc-218.jpg","contentUrl":"https:\/\/biochimie.umontreal.ca\/wp-content\/uploads\/sites\/37\/2012\/07\/carre-blanc-218.jpg"},{"@type":"BreadcrumbList","@id":"https:\/\/biochimie.umontreal.ca\/en\/department\/nikolaus-heveker\/#breadcrumb","itemListElement":[{"@type":"ListItem","position":1,"name":"Accueil","item":"https:\/\/biochimie.umontreal.ca\/en\/"},{"@type":"ListItem","position":2,"name":"Department","item":"https:\/\/biochimie.umontreal.ca\/en\/department\/"},{"@type":"ListItem","position":3,"name":"Nikolaus Heveker"}]},{"@type":"WebSite","@id":"https:\/\/biochimie.umontreal.ca\/#website","url":"https:\/\/biochimie.umontreal.ca\/","name":"D\u00e9partement de biochimie et m\u00e9decine mol\u00e9culaire","description":"","potentialAction":[{"@type":"SearchAction","target":{"@type":"EntryPoint","urlTemplate":"https:\/\/biochimie.umontreal.ca\/?s={search_term_string}"},"query-input":{"@type":"PropertyValueSpecification","valueRequired":true,"valueName":"search_term_string"}}],"inLanguage":"en-US"}]}},"_links":{"self":[{"href":"https:\/\/biochimie.umontreal.ca\/en\/wp-json\/wp\/v2\/pages\/1579","targetHints":{"allow":["GET"]}}],"collection":[{"href":"https:\/\/biochimie.umontreal.ca\/en\/wp-json\/wp\/v2\/pages"}],"about":[{"href":"https:\/\/biochimie.umontreal.ca\/en\/wp-json\/wp\/v2\/types\/page"}],"author":[{"embeddable":true,"href":"https:\/\/biochimie.umontreal.ca\/en\/wp-json\/wp\/v2\/users\/25"}],"replies":[{"embeddable":true,"href":"https:\/\/biochimie.umontreal.ca\/en\/wp-json\/wp\/v2\/comments?post=1579"}],"version-history":[{"count":5,"href":"https:\/\/biochimie.umontreal.ca\/en\/wp-json\/wp\/v2\/pages\/1579\/revisions"}],"predecessor-version":[{"id":13567,"href":"https:\/\/biochimie.umontreal.ca\/en\/wp-json\/wp\/v2\/pages\/1579\/revisions\/13567"}],"up":[{"embeddable":true,"href":"https:\/\/biochimie.umontreal.ca\/en\/wp-json\/wp\/v2\/pages\/11439"}],"wp:attachment":[{"href":"https:\/\/biochimie.umontreal.ca\/en\/wp-json\/wp\/v2\/media?parent=1579"}],"curies":[{"name":"wp","href":"https:\/\/api.w.org\/{rel}","templated":true}]}}