{"id":1563,"date":"2012-07-16T15:52:59","date_gmt":"2012-07-16T14:52:59","guid":{"rendered":"http:\/\/biochimie.umontreal.ca\/?page_id=1563"},"modified":"2016-10-12T15:45:16","modified_gmt":"2016-10-12T19:45:16","slug":"nathalie-grandvaux","status":"publish","type":"page","link":"https:\/\/biochimie.umontreal.ca\/en\/department\/nathalie-grandvaux\/","title":{"rendered":"Nathalie Grandvaux"},"content":{"rendered":"<h2>Associated Professor<\/h2>\n<table>\n<tbody>\n<tr>\n<td style=\"vertical-align: middle\"><img loading=\"lazy\" decoding=\"async\" src=\"https:\/\/biochimie.umontreal.ca\/wp-content\/uploads\/sites\/37\/2012\/07\/NGrandvaux-142x150.jpg\" alt=\"NGrandvaux\" class=\"alignnone size-thumbnail wp-image-12343\" height=\"150\" width=\"142\" \/><\/td>\n<td style=\"vertical-align: top\">\n<h2>Contact Information<\/h2>\n<p>Centre de Recherche du CHUM (CRCHUM)<br \/>\n900, rue Saint-Denis<br \/>\nTour Viger, 10e \u00e9tage, room R10.470<br \/>\nMontr\u00e9al (Qu\u00e9bec)<br \/>\nH2X 0A9<\/td>\n<td style=\"vertical-align: top\">\n<h2><span style=\"color: #ffffff\">.<\/span><\/h2>\n<p><strong>P<\/strong> 514 890-8000, ext. 35292<br \/>\n<a href=\"mailto:nathalie.grandvaux@umontreal.ca\">nathalie.grandvaux@umontreal.ca <\/a><br \/>\n<a href=\"http:\/\/www.nathaliegrandvauxlab.com\">WWW<\/a><\/td>\n<\/tr>\n<\/tbody>\n<\/table>\n<table>\n<tbody>\n<tr>\n<td>\n<h2>Themes<\/h2>\n<ul>\n<li>Cell signaling<\/li>\n<li>Control of gene expression<\/li>\n<li>Cancer<\/li>\n<\/ul>\n<p><strong>Signaling pathways involved in the cell autonomous response to invading pathogens. <\/strong><\/p>\n<p>Host cells express multiple Pathogen Recognition Receptors that allow them to sense invading pathogens (virus, bacteria, parasites). These PRRs recognize Pathogen Associated Molecular Patterns (PAMPs) to trigger the expression of hundreds of genes encoding proteins with activities aimed at defending the infected cell and alert the immune system of the invasion. Following virus infection, the autonomous antiviral response relies on multiple signaling pathways (IRF, NF-kB, AP-1) that are regulated in a strictly coordinated fashion to ultimately trigger the expression of genes encoding antiviral and proinflammatory cytokines (type I and III Interferons, TNF, etc\u2026) and chemokines (CCL5, G-CSF etc\u2026). Cytokines act in an autocrine\/paracrine manner. Interferons establish a robust antiviral state through the activation of the JAK\/STAT signaling cascade to induce hundreds of interferon-stimulated genes (ISGs), which restrict virus replication and spreading. Most viruses have evolved mechanisms to counteract the antiviral response at multiple levels.<\/p>\n<p>To reach the ideal duration for efficient fighting of the infection without generation of side effects, the antiviral signaling pathways are subjected to stringent regulation by both positive and negative regulators. The inability of the host to sustain an antiviral response leads to failure in eradicating the infection. Conversely, uncontrolled duration (due to polymorphisms generating gain-of-function of signaling molecules; activation by endogenous ligands) of antiviral response is associated with the development of various autoimmune diseases (lupus, Aicardi-Gouti\u00e8re syndrome\u2026). Some of these pathways are also deregulated in a number of cancers, such as breast cancer.<\/p>\n<p>Our laboratory studies several aspects of the autonomous antiviral response in order to understand the molecular mechanisms that fine-tuned the intensity and duration of the response.<\/p>\n<ul>\n<li><strong>Redox regulation of the antiviral signaling pathways.<\/strong> We recently identified two reactive oxygen species producing enzymes, NOX2 and DUOX2, which control at different levels the expression of antiviral and proinflammatory cytokines and chemokines. Our current research is aimed at studying the redox post-translational modifications of the signaling proteins involved in this process.<\/li>\n<li><strong>Detection of RNA viruses by RIG-I and MDA5 PRRs. <\/strong>We are studying the respective role of RIG-I and MDA5 during infection by RNA viruses.<\/li>\n<li><strong>Viral evasion mechanisms. <\/strong>We study the mechanisms evolved by the Respiratory Syncytial Virus (RSV) to counteract the Interferon-mediated antiviral response.<\/li>\n<li><strong>Synergism between Interferon b and TNF.<\/strong> We recently identified a new signaling cascade that acts downstream of the costimulation with IFN<strong>b <\/strong>and TNF. We are characterizing this novel pathway and the induced antiviral and immunoregulatory transcriptional program.<\/li>\n<\/ul>\n<\/td>\n<\/tr>\n<\/tbody>\n<\/table>\n<h3>Publications<\/h3>\n<ul>\n<li>Mukawera, S. Chartier, V. Williams, P. Pagano, R. Lapointe and N. Grandvaux (2015).Redox-modulating agents target NOX2-dependent IKK oncogenic kinase expression and proliferation in human breast cancer cell lines. <em>Redox Biol. <\/em>6: 9-18<\/li>\n<li>Grandvaux, X. Guan, F. Yoboua, N. Zucchini, K. Fink, P. Doyon, L. Martin, M. Servant and S. Chartier (2014). Sustained activation of IRF-3 during infectino by paramyxoviruses requires MDA5. <em>J. Innate Immun.<\/em> 6:650-662.<\/li>\n<li>Fink, L. Martin, E. Mukawera, S. Chartier, X. De Deken, E. Brochiero, F. Miot and N. Grandvaux (2013). IFN\u03b2\/TNF\u03b1 synergism induces a non-canonical STAT2\/IRF9-dependent pathway triggering a novel DUOX2 NADPH Oxidase-mediated airway antiviral response. <em>Cell Res.<\/em> 23(5):673-690.<\/li>\n<li>Soucy-Faulkner, E. Mukawera, K. Fink, A. Martel, L. Jouan, Y. Nzengue, D. Lamarre, C. Vande Velde and N. Grandvaux (2010). Requirement of NOX2 and Reactive Oxygen Species for efficient RIG-I-mediated antiviral response through regulation of MAVS expression. <em>PloS Pathogens<\/em> 6(6):e1000930.<\/li>\n<\/ul>\n","protected":false},"excerpt":{"rendered":"<p>Associated Professor Contact Information Centre de Recherche du CHUM (CRCHUM) 900, rue Saint-Denis Tour Viger, 10e \u00e9tage, room R10.470 Montr\u00e9al (Qu\u00e9bec) H2X 0A9 . P 514 890-8000, ext. 35292 nathalie.grandvaux@umontreal.ca [&hellip;]<\/p>\n","protected":false},"author":25,"featured_media":0,"parent":11439,"menu_order":0,"comment_status":"closed","ping_status":"closed","template":"","meta":{"footnotes":""},"class_list":["post-1563","page","type-page","status-publish","hentry"],"yoast_head":"<!-- This site is optimized with the Yoast SEO plugin v25.0 - https:\/\/yoast.com\/wordpress\/plugins\/seo\/ -->\n<title>Nathalie Grandvaux - D\u00e9partement de biochimie et m\u00e9decine mol\u00e9culaire<\/title>\n<meta name=\"robots\" content=\"index, follow, max-snippet:-1, max-image-preview:large, max-video-preview:-1\" \/>\n<link rel=\"canonical\" href=\"https:\/\/biochimie.umontreal.ca\/en\/department\/nathalie-grandvaux\/\" \/>\n<meta property=\"og:locale\" content=\"en_US\" \/>\n<meta property=\"og:type\" content=\"article\" \/>\n<meta property=\"og:title\" content=\"Nathalie Grandvaux - D\u00e9partement de biochimie et m\u00e9decine mol\u00e9culaire\" \/>\n<meta property=\"og:description\" content=\"Associated Professor Contact Information Centre de Recherche du CHUM (CRCHUM) 900, rue Saint-Denis Tour Viger, 10e \u00e9tage, room R10.470 Montr\u00e9al (Qu\u00e9bec) H2X 0A9 . P 514 890-8000, ext. 35292 nathalie.grandvaux@umontreal.ca [&hellip;]\" \/>\n<meta property=\"og:url\" content=\"https:\/\/biochimie.umontreal.ca\/en\/department\/nathalie-grandvaux\/\" \/>\n<meta property=\"og:site_name\" content=\"D\u00e9partement de biochimie et m\u00e9decine mol\u00e9culaire\" \/>\n<meta property=\"article:modified_time\" content=\"2016-10-12T19:45:16+00:00\" \/>\n<meta property=\"og:image\" content=\"https:\/\/biochimie.umontreal.ca\/wp-content\/uploads\/sites\/37\/2012\/07\/NGrandvaux-142x150.jpg\" \/>\n<meta name=\"twitter:card\" content=\"summary_large_image\" \/>\n<meta name=\"twitter:label1\" content=\"Est. reading time\" \/>\n\t<meta name=\"twitter:data1\" content=\"3 minutes\" \/>\n<script type=\"application\/ld+json\" class=\"yoast-schema-graph\">{\"@context\":\"https:\/\/schema.org\",\"@graph\":[{\"@type\":\"WebPage\",\"@id\":\"https:\/\/biochimie.umontreal.ca\/en\/department\/nathalie-grandvaux\/\",\"url\":\"https:\/\/biochimie.umontreal.ca\/en\/department\/nathalie-grandvaux\/\",\"name\":\"Nathalie Grandvaux - D\u00e9partement de biochimie et m\u00e9decine mol\u00e9culaire\",\"isPartOf\":{\"@id\":\"https:\/\/biochimie.umontreal.ca\/#website\"},\"primaryImageOfPage\":{\"@id\":\"https:\/\/biochimie.umontreal.ca\/en\/department\/nathalie-grandvaux\/#primaryimage\"},\"image\":{\"@id\":\"https:\/\/biochimie.umontreal.ca\/en\/department\/nathalie-grandvaux\/#primaryimage\"},\"thumbnailUrl\":\"https:\/\/biochimie.umontreal.ca\/wp-content\/uploads\/sites\/37\/2012\/07\/NGrandvaux-142x150.jpg\",\"datePublished\":\"2012-07-16T14:52:59+00:00\",\"dateModified\":\"2016-10-12T19:45:16+00:00\",\"breadcrumb\":{\"@id\":\"https:\/\/biochimie.umontreal.ca\/en\/department\/nathalie-grandvaux\/#breadcrumb\"},\"inLanguage\":\"en-US\",\"potentialAction\":[{\"@type\":\"ReadAction\",\"target\":[\"https:\/\/biochimie.umontreal.ca\/en\/department\/nathalie-grandvaux\/\"]}]},{\"@type\":\"ImageObject\",\"inLanguage\":\"en-US\",\"@id\":\"https:\/\/biochimie.umontreal.ca\/en\/department\/nathalie-grandvaux\/#primaryimage\",\"url\":\"https:\/\/biochimie.umontreal.ca\/wp-content\/uploads\/sites\/37\/2012\/07\/NGrandvaux-142x150.jpg\",\"contentUrl\":\"https:\/\/biochimie.umontreal.ca\/wp-content\/uploads\/sites\/37\/2012\/07\/NGrandvaux-142x150.jpg\"},{\"@type\":\"BreadcrumbList\",\"@id\":\"https:\/\/biochimie.umontreal.ca\/en\/department\/nathalie-grandvaux\/#breadcrumb\",\"itemListElement\":[{\"@type\":\"ListItem\",\"position\":1,\"name\":\"Accueil\",\"item\":\"https:\/\/biochimie.umontreal.ca\/en\/\"},{\"@type\":\"ListItem\",\"position\":2,\"name\":\"Department\",\"item\":\"https:\/\/biochimie.umontreal.ca\/en\/department\/\"},{\"@type\":\"ListItem\",\"position\":3,\"name\":\"Nathalie Grandvaux\"}]},{\"@type\":\"WebSite\",\"@id\":\"https:\/\/biochimie.umontreal.ca\/#website\",\"url\":\"https:\/\/biochimie.umontreal.ca\/\",\"name\":\"D\u00e9partement de biochimie et m\u00e9decine mol\u00e9culaire\",\"description\":\"\",\"potentialAction\":[{\"@type\":\"SearchAction\",\"target\":{\"@type\":\"EntryPoint\",\"urlTemplate\":\"https:\/\/biochimie.umontreal.ca\/?s={search_term_string}\"},\"query-input\":{\"@type\":\"PropertyValueSpecification\",\"valueRequired\":true,\"valueName\":\"search_term_string\"}}],\"inLanguage\":\"en-US\"}]}<\/script>\n<!-- \/ Yoast SEO plugin. -->","yoast_head_json":{"title":"Nathalie Grandvaux - D\u00e9partement de biochimie et m\u00e9decine mol\u00e9culaire","robots":{"index":"index","follow":"follow","max-snippet":"max-snippet:-1","max-image-preview":"max-image-preview:large","max-video-preview":"max-video-preview:-1"},"canonical":"https:\/\/biochimie.umontreal.ca\/en\/department\/nathalie-grandvaux\/","og_locale":"en_US","og_type":"article","og_title":"Nathalie Grandvaux - D\u00e9partement de biochimie et m\u00e9decine mol\u00e9culaire","og_description":"Associated Professor Contact Information Centre de Recherche du CHUM (CRCHUM) 900, rue Saint-Denis Tour Viger, 10e \u00e9tage, room R10.470 Montr\u00e9al (Qu\u00e9bec) H2X 0A9 . P 514 890-8000, ext. 35292 nathalie.grandvaux@umontreal.ca [&hellip;]","og_url":"https:\/\/biochimie.umontreal.ca\/en\/department\/nathalie-grandvaux\/","og_site_name":"D\u00e9partement de biochimie et m\u00e9decine mol\u00e9culaire","article_modified_time":"2016-10-12T19:45:16+00:00","og_image":[{"url":"https:\/\/biochimie.umontreal.ca\/wp-content\/uploads\/sites\/37\/2012\/07\/NGrandvaux-142x150.jpg","type":"","width":"","height":""}],"twitter_card":"summary_large_image","twitter_misc":{"Est. reading time":"3 minutes"},"schema":{"@context":"https:\/\/schema.org","@graph":[{"@type":"WebPage","@id":"https:\/\/biochimie.umontreal.ca\/en\/department\/nathalie-grandvaux\/","url":"https:\/\/biochimie.umontreal.ca\/en\/department\/nathalie-grandvaux\/","name":"Nathalie Grandvaux - D\u00e9partement de biochimie et m\u00e9decine mol\u00e9culaire","isPartOf":{"@id":"https:\/\/biochimie.umontreal.ca\/#website"},"primaryImageOfPage":{"@id":"https:\/\/biochimie.umontreal.ca\/en\/department\/nathalie-grandvaux\/#primaryimage"},"image":{"@id":"https:\/\/biochimie.umontreal.ca\/en\/department\/nathalie-grandvaux\/#primaryimage"},"thumbnailUrl":"https:\/\/biochimie.umontreal.ca\/wp-content\/uploads\/sites\/37\/2012\/07\/NGrandvaux-142x150.jpg","datePublished":"2012-07-16T14:52:59+00:00","dateModified":"2016-10-12T19:45:16+00:00","breadcrumb":{"@id":"https:\/\/biochimie.umontreal.ca\/en\/department\/nathalie-grandvaux\/#breadcrumb"},"inLanguage":"en-US","potentialAction":[{"@type":"ReadAction","target":["https:\/\/biochimie.umontreal.ca\/en\/department\/nathalie-grandvaux\/"]}]},{"@type":"ImageObject","inLanguage":"en-US","@id":"https:\/\/biochimie.umontreal.ca\/en\/department\/nathalie-grandvaux\/#primaryimage","url":"https:\/\/biochimie.umontreal.ca\/wp-content\/uploads\/sites\/37\/2012\/07\/NGrandvaux-142x150.jpg","contentUrl":"https:\/\/biochimie.umontreal.ca\/wp-content\/uploads\/sites\/37\/2012\/07\/NGrandvaux-142x150.jpg"},{"@type":"BreadcrumbList","@id":"https:\/\/biochimie.umontreal.ca\/en\/department\/nathalie-grandvaux\/#breadcrumb","itemListElement":[{"@type":"ListItem","position":1,"name":"Accueil","item":"https:\/\/biochimie.umontreal.ca\/en\/"},{"@type":"ListItem","position":2,"name":"Department","item":"https:\/\/biochimie.umontreal.ca\/en\/department\/"},{"@type":"ListItem","position":3,"name":"Nathalie Grandvaux"}]},{"@type":"WebSite","@id":"https:\/\/biochimie.umontreal.ca\/#website","url":"https:\/\/biochimie.umontreal.ca\/","name":"D\u00e9partement de biochimie et m\u00e9decine mol\u00e9culaire","description":"","potentialAction":[{"@type":"SearchAction","target":{"@type":"EntryPoint","urlTemplate":"https:\/\/biochimie.umontreal.ca\/?s={search_term_string}"},"query-input":{"@type":"PropertyValueSpecification","valueRequired":true,"valueName":"search_term_string"}}],"inLanguage":"en-US"}]}},"_links":{"self":[{"href":"https:\/\/biochimie.umontreal.ca\/en\/wp-json\/wp\/v2\/pages\/1563","targetHints":{"allow":["GET"]}}],"collection":[{"href":"https:\/\/biochimie.umontreal.ca\/en\/wp-json\/wp\/v2\/pages"}],"about":[{"href":"https:\/\/biochimie.umontreal.ca\/en\/wp-json\/wp\/v2\/types\/page"}],"author":[{"embeddable":true,"href":"https:\/\/biochimie.umontreal.ca\/en\/wp-json\/wp\/v2\/users\/25"}],"replies":[{"embeddable":true,"href":"https:\/\/biochimie.umontreal.ca\/en\/wp-json\/wp\/v2\/comments?post=1563"}],"version-history":[{"count":9,"href":"https:\/\/biochimie.umontreal.ca\/en\/wp-json\/wp\/v2\/pages\/1563\/revisions"}],"predecessor-version":[{"id":13566,"href":"https:\/\/biochimie.umontreal.ca\/en\/wp-json\/wp\/v2\/pages\/1563\/revisions\/13566"}],"up":[{"embeddable":true,"href":"https:\/\/biochimie.umontreal.ca\/en\/wp-json\/wp\/v2\/pages\/11439"}],"wp:attachment":[{"href":"https:\/\/biochimie.umontreal.ca\/en\/wp-json\/wp\/v2\/media?parent=1563"}],"curies":[{"name":"wp","href":"https:\/\/api.w.org\/{rel}","templated":true}]}}