{"id":15000,"date":"2012-07-18T14:40:13","date_gmt":"2012-07-18T13:40:13","guid":{"rendered":"http:\/\/biochimie.umontreal.ca\/en\/department\/directories\/accredited-professors\/eric-milot\/"},"modified":"2016-11-11T16:20:21","modified_gmt":"2016-11-11T21:20:21","slug":"eric-milot","status":"publish","type":"page","link":"https:\/\/biochimie.umontreal.ca\/en\/department\/directories\/accredited-professors\/eric-milot\/","title":{"rendered":"Eric Milot"},"content":{"rendered":"<h2>Accredited Professor<\/h2>\n<table>\n<tbody>\n<tr>\n<td><img loading=\"lazy\" decoding=\"async\" class=\"alignnone size-full wp-image-1593\" title=\"carre blanc 2\" src=\"https:\/\/biochimie.umontreal.ca\/wp-content\/uploads\/sites\/37\/2012\/07\/carre-blanc-219.jpg\" alt=\"\" height=\"120\" width=\"120\" \/><\/td>\n<td style=\"vertical-align: top;\">\n<h2>Coordonn\u00e9es<\/h2>\n<p>H\u00f4pital Maisonneuve-Rosemont<br \/>\nD\u00e9partement de biochimie<br \/>\n5415, boul. l\u2019Assomption<br \/>\nMontr\u00e9al (Qu\u00e9bec)<br \/>\nH3T 2M5<\/td>\n<td style=\"vertical-align: top;\">\n<h2><span style=\"color: #ffffff;\">.<\/span><\/h2>\n<p><strong>T<\/strong> 514 252-3551 (bureau)<br \/>\n<strong>T<\/strong> 252-3400, poste 3348\/3330 (laboratoire)<br \/>\n<strong>F<\/strong> 514 <strong><\/strong>252-3430<br \/>\n<a href=\"mailto:e.milot.1@umontreal.ca\">e.milot.1@umontreal.ca<\/a><\/td>\n<\/tr>\n<\/tbody>\n<\/table>\n","protected":false},"excerpt":{"rendered":"<p>Accredited Professor Coordonn\u00e9es H\u00f4pital Maisonneuve-Rosemont D\u00e9partement de biochimie 5415, boul. l\u2019Assomption Montr\u00e9al (Qu\u00e9bec) H3T 2M5 . T 514 252-3551 (bureau) T 252-3400, poste 3348\/3330 (laboratoire) F 514 252-3430 e.milot.1@umontreal.ca<\/p>\n","protected":false},"author":25,"featured_media":0,"parent":14887,"menu_order":0,"comment_status":"closed","ping_status":"closed","template":"","meta":{"footnotes":""},"class_list":["post-15000","page","type-page","status-publish","hentry"],"yoast_head":"<!-- This site is optimized with the Yoast SEO plugin v25.0 - https:\/\/yoast.com\/wordpress\/plugins\/seo\/ -->\n<title>Eric Milot - D\u00e9partement de biochimie et m\u00e9decine mol\u00e9culaire<\/title>\n<meta name=\"robots\" content=\"index, follow, max-snippet:-1, max-image-preview:large, max-video-preview:-1\" \/>\n<link rel=\"canonical\" href=\"https:\/\/biochimie.umontreal.ca\/en\/department\/directories\/accredited-professors\/eric-milot\/\" \/>\n<meta property=\"og:locale\" content=\"en_US\" \/>\n<meta property=\"og:type\" content=\"article\" \/>\n<meta property=\"og:title\" content=\"Eric Milot - D\u00e9partement de biochimie et m\u00e9decine mol\u00e9culaire\" \/>\n<meta property=\"og:description\" content=\"Accredited Professor Coordonn\u00e9es H\u00f4pital Maisonneuve-Rosemont D\u00e9partement de biochimie 5415, boul. l\u2019Assomption Montr\u00e9al (Qu\u00e9bec) H3T 2M5 . T 514 252-3551 (bureau) T 252-3400, poste 3348\/3330 (laboratoire) F 514 252-3430 e.milot.1@umontreal.ca\" \/>\n<meta property=\"og:url\" content=\"https:\/\/biochimie.umontreal.ca\/en\/department\/directories\/accredited-professors\/eric-milot\/\" \/>\n<meta property=\"og:site_name\" content=\"D\u00e9partement de biochimie et m\u00e9decine mol\u00e9culaire\" \/>\n<meta property=\"article:modified_time\" content=\"2016-11-11T21:20:21+00:00\" \/>\n<meta property=\"og:image\" content=\"https:\/\/biochimie.umontreal.ca\/wp-content\/uploads\/sites\/37\/2012\/07\/carre-blanc-219.jpg\" \/>\n<meta name=\"twitter:card\" content=\"summary_large_image\" \/>\n<script type=\"application\/ld+json\" class=\"yoast-schema-graph\">{\"@context\":\"https:\/\/schema.org\",\"@graph\":[{\"@type\":\"WebPage\",\"@id\":\"https:\/\/biochimie.umontreal.ca\/en\/department\/directories\/accredited-professors\/eric-milot\/\",\"url\":\"https:\/\/biochimie.umontreal.ca\/en\/department\/directories\/accredited-professors\/eric-milot\/\",\"name\":\"Eric Milot - D\u00e9partement de biochimie et m\u00e9decine mol\u00e9culaire\",\"isPartOf\":{\"@id\":\"https:\/\/biochimie.umontreal.ca\/#website\"},\"primaryImageOfPage\":{\"@id\":\"https:\/\/biochimie.umontreal.ca\/en\/department\/directories\/accredited-professors\/eric-milot\/#primaryimage\"},\"image\":{\"@id\":\"https:\/\/biochimie.umontreal.ca\/en\/department\/directories\/accredited-professors\/eric-milot\/#primaryimage\"},\"thumbnailUrl\":\"https:\/\/biochimie.umontreal.ca\/wp-content\/uploads\/sites\/37\/2012\/07\/carre-blanc-219.jpg\",\"datePublished\":\"2012-07-18T13:40:13+00:00\",\"dateModified\":\"2016-11-11T21:20:21+00:00\",\"breadcrumb\":{\"@id\":\"https:\/\/biochimie.umontreal.ca\/en\/department\/directories\/accredited-professors\/eric-milot\/#breadcrumb\"},\"inLanguage\":\"en-US\",\"potentialAction\":[{\"@type\":\"ReadAction\",\"target\":[\"https:\/\/biochimie.umontreal.ca\/en\/department\/directories\/accredited-professors\/eric-milot\/\"]}]},{\"@type\":\"ImageObject\",\"inLanguage\":\"en-US\",\"@id\":\"https:\/\/biochimie.umontreal.ca\/en\/department\/directories\/accredited-professors\/eric-milot\/#primaryimage\",\"url\":\"https:\/\/biochimie.umontreal.ca\/wp-content\/uploads\/sites\/37\/2012\/07\/carre-blanc-219.jpg\",\"contentUrl\":\"https:\/\/biochimie.umontreal.ca\/wp-content\/uploads\/sites\/37\/2012\/07\/carre-blanc-219.jpg\"},{\"@type\":\"BreadcrumbList\",\"@id\":\"https:\/\/biochimie.umontreal.ca\/en\/department\/directories\/accredited-professors\/eric-milot\/#breadcrumb\",\"itemListElement\":[{\"@type\":\"ListItem\",\"position\":1,\"name\":\"Accueil\",\"item\":\"https:\/\/biochimie.umontreal.ca\/en\/\"},{\"@type\":\"ListItem\",\"position\":2,\"name\":\"Department\",\"item\":\"https:\/\/biochimie.umontreal.ca\/en\/department\/\"},{\"@type\":\"ListItem\",\"position\":3,\"name\":\"Directories\",\"item\":\"https:\/\/biochimie.umontreal.ca\/en\/department\/directories\/\"},{\"@type\":\"ListItem\",\"position\":4,\"name\":\"Accredited professors\",\"item\":\"https:\/\/biochimie.umontreal.ca\/en\/department\/directories\/accredited-professors\/\"},{\"@type\":\"ListItem\",\"position\":5,\"name\":\"Eric Milot\"}]},{\"@type\":\"WebSite\",\"@id\":\"https:\/\/biochimie.umontreal.ca\/#website\",\"url\":\"https:\/\/biochimie.umontreal.ca\/\",\"name\":\"D\u00e9partement de biochimie et m\u00e9decine mol\u00e9culaire\",\"description\":\"\",\"potentialAction\":[{\"@type\":\"SearchAction\",\"target\":{\"@type\":\"EntryPoint\",\"urlTemplate\":\"https:\/\/biochimie.umontreal.ca\/?s={search_term_string}\"},\"query-input\":{\"@type\":\"PropertyValueSpecification\",\"valueRequired\":true,\"valueName\":\"search_term_string\"}}],\"inLanguage\":\"en-US\"}]}<\/script>\n<!-- \/ Yoast SEO plugin. -->","yoast_head_json":{"title":"Eric Milot - D\u00e9partement de biochimie et m\u00e9decine mol\u00e9culaire","robots":{"index":"index","follow":"follow","max-snippet":"max-snippet:-1","max-image-preview":"max-image-preview:large","max-video-preview":"max-video-preview:-1"},"canonical":"https:\/\/biochimie.umontreal.ca\/en\/department\/directories\/accredited-professors\/eric-milot\/","og_locale":"en_US","og_type":"article","og_title":"Eric Milot - D\u00e9partement de biochimie et m\u00e9decine mol\u00e9culaire","og_description":"Accredited Professor Coordonn\u00e9es H\u00f4pital Maisonneuve-Rosemont D\u00e9partement de biochimie 5415, boul. l\u2019Assomption Montr\u00e9al (Qu\u00e9bec) H3T 2M5 . T 514 252-3551 (bureau) T 252-3400, poste 3348\/3330 (laboratoire) F 514 252-3430 e.milot.1@umontreal.ca","og_url":"https:\/\/biochimie.umontreal.ca\/en\/department\/directories\/accredited-professors\/eric-milot\/","og_site_name":"D\u00e9partement de biochimie et m\u00e9decine mol\u00e9culaire","article_modified_time":"2016-11-11T21:20:21+00:00","og_image":[{"url":"https:\/\/biochimie.umontreal.ca\/wp-content\/uploads\/sites\/37\/2012\/07\/carre-blanc-219.jpg","type":"","width":"","height":""}],"twitter_card":"summary_large_image","schema":{"@context":"https:\/\/schema.org","@graph":[{"@type":"WebPage","@id":"https:\/\/biochimie.umontreal.ca\/en\/department\/directories\/accredited-professors\/eric-milot\/","url":"https:\/\/biochimie.umontreal.ca\/en\/department\/directories\/accredited-professors\/eric-milot\/","name":"Eric Milot - D\u00e9partement de biochimie et m\u00e9decine mol\u00e9culaire","isPartOf":{"@id":"https:\/\/biochimie.umontreal.ca\/#website"},"primaryImageOfPage":{"@id":"https:\/\/biochimie.umontreal.ca\/en\/department\/directories\/accredited-professors\/eric-milot\/#primaryimage"},"image":{"@id":"https:\/\/biochimie.umontreal.ca\/en\/department\/directories\/accredited-professors\/eric-milot\/#primaryimage"},"thumbnailUrl":"https:\/\/biochimie.umontreal.ca\/wp-content\/uploads\/sites\/37\/2012\/07\/carre-blanc-219.jpg","datePublished":"2012-07-18T13:40:13+00:00","dateModified":"2016-11-11T21:20:21+00:00","breadcrumb":{"@id":"https:\/\/biochimie.umontreal.ca\/en\/department\/directories\/accredited-professors\/eric-milot\/#breadcrumb"},"inLanguage":"en-US","potentialAction":[{"@type":"ReadAction","target":["https:\/\/biochimie.umontreal.ca\/en\/department\/directories\/accredited-professors\/eric-milot\/"]}]},{"@type":"ImageObject","inLanguage":"en-US","@id":"https:\/\/biochimie.umontreal.ca\/en\/department\/directories\/accredited-professors\/eric-milot\/#primaryimage","url":"https:\/\/biochimie.umontreal.ca\/wp-content\/uploads\/sites\/37\/2012\/07\/carre-blanc-219.jpg","contentUrl":"https:\/\/biochimie.umontreal.ca\/wp-content\/uploads\/sites\/37\/2012\/07\/carre-blanc-219.jpg"},{"@type":"BreadcrumbList","@id":"https:\/\/biochimie.umontreal.ca\/en\/department\/directories\/accredited-professors\/eric-milot\/#breadcrumb","itemListElement":[{"@type":"ListItem","position":1,"name":"Accueil","item":"https:\/\/biochimie.umontreal.ca\/en\/"},{"@type":"ListItem","position":2,"name":"Department","item":"https:\/\/biochimie.umontreal.ca\/en\/department\/"},{"@type":"ListItem","position":3,"name":"Directories","item":"https:\/\/biochimie.umontreal.ca\/en\/department\/directories\/"},{"@type":"ListItem","position":4,"name":"Accredited professors","item":"https:\/\/biochimie.umontreal.ca\/en\/department\/directories\/accredited-professors\/"},{"@type":"ListItem","position":5,"name":"Eric Milot"}]},{"@type":"WebSite","@id":"https:\/\/biochimie.umontreal.ca\/#website","url":"https:\/\/biochimie.umontreal.ca\/","name":"D\u00e9partement de biochimie et m\u00e9decine mol\u00e9culaire","description":"","potentialAction":[{"@type":"SearchAction","target":{"@type":"EntryPoint","urlTemplate":"https:\/\/biochimie.umontreal.ca\/?s={search_term_string}"},"query-input":{"@type":"PropertyValueSpecification","valueRequired":true,"valueName":"search_term_string"}}],"inLanguage":"en-US"}]}},"_links":{"self":[{"href":"https:\/\/biochimie.umontreal.ca\/en\/wp-json\/wp\/v2\/pages\/15000","targetHints":{"allow":["GET"]}}],"collection":[{"href":"https:\/\/biochimie.umontreal.ca\/en\/wp-json\/wp\/v2\/pages"}],"about":[{"href":"https:\/\/biochimie.umontreal.ca\/en\/wp-json\/wp\/v2\/types\/page"}],"author":[{"embeddable":true,"href":"https:\/\/biochimie.umontreal.ca\/en\/wp-json\/wp\/v2\/users\/25"}],"replies":[{"embeddable":true,"href":"https:\/\/biochimie.umontreal.ca\/en\/wp-json\/wp\/v2\/comments?post=15000"}],"version-history":[{"count":2,"href":"https:\/\/biochimie.umontreal.ca\/en\/wp-json\/wp\/v2\/pages\/15000\/revisions"}],"predecessor-version":[{"id":15017,"href":"https:\/\/biochimie.umontreal.ca\/en\/wp-json\/wp\/v2\/pages\/15000\/revisions\/15017"}],"up":[{"embeddable":true,"href":"https:\/\/biochimie.umontreal.ca\/en\/wp-json\/wp\/v2\/pages\/14887"}],"wp:attachment":[{"href":"https:\/\/biochimie.umontreal.ca\/en\/wp-json\/wp\/v2\/media?parent=15000"}],"curies":[{"name":"wp","href":"https:\/\/api.w.org\/{rel}","templated":true}]}}