{"id":14985,"date":"2016-11-11T15:18:50","date_gmt":"2016-11-11T20:18:50","guid":{"rendered":"http:\/\/biochimie.umontreal.ca\/en\/?page_id=14985"},"modified":"2016-11-11T15:18:50","modified_gmt":"2016-11-11T20:18:50","slug":"daniel-lajeunesse","status":"publish","type":"page","link":"https:\/\/biochimie.umontreal.ca\/en\/department\/directories\/accredited-professors\/daniel-lajeunesse\/","title":{"rendered":"Daniel Lajeunesse"},"content":{"rendered":"<h2>Accredited Professor<\/h2>\n<table>\n<tbody>\n<tr>\n<td><img loading=\"lazy\" decoding=\"async\" class=\"alignnone size-full wp-image-1597\" title=\"carre blanc 2\" src=\"https:\/\/biochimie.umontreal.ca\/wp-content\/uploads\/sites\/37\/2012\/07\/carre-blanc-220.jpg\" alt=\"\" height=\"120\" width=\"120\" \/><\/td>\n<td style=\"vertical-align: top;\">\n<h2>Contact Information<\/h2>\n<p>Centre de Recherche du CHUM<br \/>\nH\u00f4pital Notre-Dame<br \/>\nPavillon JA DeS\u00e8ve, bureau Y-2603<br \/>\n1560, est rue Sherbrooke<br \/>\nMontr\u00e9al (Qu\u00e9bec)<br \/>\nH2L 4M1<\/td>\n<td style=\"vertical-align: top;\">\n<h2><span style=\"color: #ffffff;\">.<\/span><\/h2>\n<p><strong>T<\/strong> 514 890-8000, poste 28914 (bureau)<br \/>\n<strong>T<\/strong> 514 890-8000, poste 28907 (laboratoire)<br \/>\n<strong>F<\/strong> 514 412-7583<br \/>\n<a href=\"mailto:daniel.lajeunesse@umontreal.ca\">daniel.lajeunesse@umontreal.ca<\/a><\/td>\n<\/tr>\n<\/tbody>\n<\/table>\n<table>\n<tbody>\n<tr>\n<td>\n<h2>Themes<\/h2>\n<ul>\n<li>Osteoarthrose<\/li>\n<li>Osseous mineralization<\/li>\n<li>Wnt signalisation<\/li>\n<li>Growth factors<\/li>\n<li>Leptin<\/li>\n<\/ul>\n<ol>\n<li>Role of subchondral bone in the pathogenesis of osteoarthrosis (OA).\u00a0 Implication of IGF-1, HGF and TGF-beta 1 signaling pathways in OA osteoblasts.<\/li>\n<li>Role of the extracellular matrix (ECM) and in particular collagen type 1 in OA bone sclerosis and abnormal mineralization.\u00a0 Role of eicosanoids in OA bone sclerosis.<\/li>\n<li>Role of endogenous leptin production by OA osteoblasts in pathogenesis of OA and abnormal mineralisation.<\/li>\n<li>Implication of the Wnt signaling pathway in OA pathogenesis:\u00a0 role of Dicckpof (DKK) and sclerostin (SOST) in abnormal signalisation in OA osteoblasts.<\/li>\n<\/ol>\n<\/td>\n<\/tr>\n<\/tbody>\n<\/table>\n<h3>Publications<\/h3>\n<ul>\n<li>*Massicotte, F., Martel-Pelletier, J., Pelletier, J.-P., &amp; Lajeunesse, D. : Modulation of Insulin-like Growth Factor 1 levels in human osteoarthritic subchondral bone osteoblasts.\u00a0 Bone 38, 333-341, 2006.<\/li>\n<li>Martel-Pelletier, J., Lajeunesse, D., Fahmi, H., Tardif, G., Pelletier, J.-P. : New thoughts on the pathophysiology of osteoarthritis: one more step toward new therapeutic targets.\u00a0 Current Rheumatology Reports. 8(1):30-6, 2006 (selected by the editor for reproduction in Curr. Primary Care Rep. 2:3-9, 2007).<\/li>\n<li>*Massicotte, F., Aubry, I., Martel-Pelletier, J., Pelletier, J.-P. &amp; Lajeunesse, D.: Abnormal Insulin-like Growth Factor-1 intracellular signaling in human osteoarthritic osteoblasts. Arthritis Res Ther. 2006;8(6):R177.<\/li>\n<li>*Maxis, K., Delalandre, A., Sabouret, P. &amp; Lajeunesse, D.: Variable production of leukotriene B4 in human osteoarthritic subchondral osteoblasts is due to altered expression of 5-lipoxygenase activating protein. Arthritis Res Ther. 2006;8(6):R181.<\/li>\n<li>*Tat, S.K., Pelletier, J.-P., Verges, J., Lajeunesse, D., Montell, E., Fahmi, H., Lavigne, M. &amp; Martel-Pelletier, J. : Chondroitin and glucosamine sulfate in combination decrease the pro-resorptive properties of human osteoarthritis subchondral bone osteoblasts: A basic science study. Arthritis Res Ther. 2007;9:R117.<\/li>\n<li>*Tat, S.K., Pelletier, J.-P., Lajeunesse, D., Fahmi, H., Lavigne, M., &amp; Martel-Pelletier, J. : The Differential Expression of osteoprotegerin (OPG) and receptor activator of nuclear factor kB ligand (RANKL) in Human Osteoarthritic Subchondral Bone Osteoblasts is an Indicator of the Metabolic State of These Diseased Cells. Clin. Expr. Rheum. 2008;26(2):295-304.<\/li>\n<li>*Tat, S.K., Pelletier, J.-P., Lajeunesse, D., Fahmi, H., Duval, N. &amp; Martel-Pelletier, J. Differential modulation of RANKL isoforms by human osteoarthritic subchondral bone osteoblasts:\u00a0 Influence of osteotropic factors.\u00a0 Bone 2008 (in press)<\/li>\n<li>Fernandes, J.C., SHI, Q., Benderdour, M., Lajeunesse, D. &amp; *Lavigne, P.:\u00a0 An active role for soluble and membrane intercellular adhesion molecule-1 on osteoclast activity in vitro.\u00a0 Journal Bone Mineral Metabolism (In press) 2008<\/li>\n<li>Kwan Tat S., Pelletier J-P., Lajeunesse D., Duval N. et Martel-Pelletier J.: Activation of EphB4 receptor by its ligand EphB2 in human osteoarthritic subchondral bone osteoblasts\u00a0 ost\u00e9oblastes.\u00a0 Arthritis &amp; Rheum. 2008 (in press)<\/li>\n<\/ul>\n","protected":false},"excerpt":{"rendered":"<p>Accredited Professor Contact Information Centre de Recherche du CHUM H\u00f4pital Notre-Dame Pavillon JA DeS\u00e8ve, bureau Y-2603 1560, est rue Sherbrooke Montr\u00e9al (Qu\u00e9bec) H2L 4M1 . T 514 890-8000, poste 28914 [&hellip;]<\/p>\n","protected":false},"author":25,"featured_media":0,"parent":14887,"menu_order":0,"comment_status":"closed","ping_status":"closed","template":"","meta":{"footnotes":""},"class_list":["post-14985","page","type-page","status-publish","hentry"],"yoast_head":"<!-- This site is optimized with the Yoast SEO plugin v25.0 - https:\/\/yoast.com\/wordpress\/plugins\/seo\/ -->\n<title>Daniel Lajeunesse - D\u00e9partement de biochimie et m\u00e9decine mol\u00e9culaire<\/title>\n<meta name=\"robots\" content=\"index, follow, max-snippet:-1, max-image-preview:large, max-video-preview:-1\" \/>\n<link rel=\"canonical\" href=\"https:\/\/biochimie.umontreal.ca\/en\/department\/directories\/accredited-professors\/daniel-lajeunesse\/\" \/>\n<meta property=\"og:locale\" content=\"en_US\" \/>\n<meta property=\"og:type\" content=\"article\" \/>\n<meta property=\"og:title\" content=\"Daniel Lajeunesse - D\u00e9partement de biochimie et m\u00e9decine mol\u00e9culaire\" \/>\n<meta property=\"og:description\" content=\"Accredited Professor Contact Information Centre de Recherche du CHUM H\u00f4pital Notre-Dame Pavillon JA DeS\u00e8ve, bureau Y-2603 1560, est rue Sherbrooke Montr\u00e9al (Qu\u00e9bec) H2L 4M1 . T 514 890-8000, poste 28914 [&hellip;]\" \/>\n<meta property=\"og:url\" content=\"https:\/\/biochimie.umontreal.ca\/en\/department\/directories\/accredited-professors\/daniel-lajeunesse\/\" \/>\n<meta property=\"og:site_name\" content=\"D\u00e9partement de biochimie et m\u00e9decine mol\u00e9culaire\" \/>\n<meta property=\"og:image\" content=\"https:\/\/biochimie.umontreal.ca\/wp-content\/uploads\/sites\/37\/2012\/07\/carre-blanc-220.jpg\" \/>\n<meta name=\"twitter:card\" content=\"summary_large_image\" \/>\n<meta name=\"twitter:label1\" content=\"Est. reading time\" \/>\n\t<meta name=\"twitter:data1\" content=\"2 minutes\" \/>\n<script type=\"application\/ld+json\" class=\"yoast-schema-graph\">{\"@context\":\"https:\/\/schema.org\",\"@graph\":[{\"@type\":\"WebPage\",\"@id\":\"https:\/\/biochimie.umontreal.ca\/en\/department\/directories\/accredited-professors\/daniel-lajeunesse\/\",\"url\":\"https:\/\/biochimie.umontreal.ca\/en\/department\/directories\/accredited-professors\/daniel-lajeunesse\/\",\"name\":\"Daniel Lajeunesse - D\u00e9partement de biochimie et m\u00e9decine mol\u00e9culaire\",\"isPartOf\":{\"@id\":\"https:\/\/biochimie.umontreal.ca\/#website\"},\"primaryImageOfPage\":{\"@id\":\"https:\/\/biochimie.umontreal.ca\/en\/department\/directories\/accredited-professors\/daniel-lajeunesse\/#primaryimage\"},\"image\":{\"@id\":\"https:\/\/biochimie.umontreal.ca\/en\/department\/directories\/accredited-professors\/daniel-lajeunesse\/#primaryimage\"},\"thumbnailUrl\":\"https:\/\/biochimie.umontreal.ca\/wp-content\/uploads\/sites\/37\/2012\/07\/carre-blanc-220.jpg\",\"datePublished\":\"2016-11-11T20:18:50+00:00\",\"breadcrumb\":{\"@id\":\"https:\/\/biochimie.umontreal.ca\/en\/department\/directories\/accredited-professors\/daniel-lajeunesse\/#breadcrumb\"},\"inLanguage\":\"en-US\",\"potentialAction\":[{\"@type\":\"ReadAction\",\"target\":[\"https:\/\/biochimie.umontreal.ca\/en\/department\/directories\/accredited-professors\/daniel-lajeunesse\/\"]}]},{\"@type\":\"ImageObject\",\"inLanguage\":\"en-US\",\"@id\":\"https:\/\/biochimie.umontreal.ca\/en\/department\/directories\/accredited-professors\/daniel-lajeunesse\/#primaryimage\",\"url\":\"https:\/\/biochimie.umontreal.ca\/wp-content\/uploads\/sites\/37\/2012\/07\/carre-blanc-220.jpg\",\"contentUrl\":\"https:\/\/biochimie.umontreal.ca\/wp-content\/uploads\/sites\/37\/2012\/07\/carre-blanc-220.jpg\"},{\"@type\":\"BreadcrumbList\",\"@id\":\"https:\/\/biochimie.umontreal.ca\/en\/department\/directories\/accredited-professors\/daniel-lajeunesse\/#breadcrumb\",\"itemListElement\":[{\"@type\":\"ListItem\",\"position\":1,\"name\":\"Accueil\",\"item\":\"https:\/\/biochimie.umontreal.ca\/en\/\"},{\"@type\":\"ListItem\",\"position\":2,\"name\":\"Department\",\"item\":\"https:\/\/biochimie.umontreal.ca\/en\/department\/\"},{\"@type\":\"ListItem\",\"position\":3,\"name\":\"Directories\",\"item\":\"https:\/\/biochimie.umontreal.ca\/en\/department\/directories\/\"},{\"@type\":\"ListItem\",\"position\":4,\"name\":\"Accredited professors\",\"item\":\"https:\/\/biochimie.umontreal.ca\/en\/department\/directories\/accredited-professors\/\"},{\"@type\":\"ListItem\",\"position\":5,\"name\":\"Daniel Lajeunesse\"}]},{\"@type\":\"WebSite\",\"@id\":\"https:\/\/biochimie.umontreal.ca\/#website\",\"url\":\"https:\/\/biochimie.umontreal.ca\/\",\"name\":\"D\u00e9partement de biochimie et m\u00e9decine mol\u00e9culaire\",\"description\":\"\",\"potentialAction\":[{\"@type\":\"SearchAction\",\"target\":{\"@type\":\"EntryPoint\",\"urlTemplate\":\"https:\/\/biochimie.umontreal.ca\/?s={search_term_string}\"},\"query-input\":{\"@type\":\"PropertyValueSpecification\",\"valueRequired\":true,\"valueName\":\"search_term_string\"}}],\"inLanguage\":\"en-US\"}]}<\/script>\n<!-- \/ Yoast SEO plugin. -->","yoast_head_json":{"title":"Daniel Lajeunesse - D\u00e9partement de biochimie et m\u00e9decine mol\u00e9culaire","robots":{"index":"index","follow":"follow","max-snippet":"max-snippet:-1","max-image-preview":"max-image-preview:large","max-video-preview":"max-video-preview:-1"},"canonical":"https:\/\/biochimie.umontreal.ca\/en\/department\/directories\/accredited-professors\/daniel-lajeunesse\/","og_locale":"en_US","og_type":"article","og_title":"Daniel Lajeunesse - D\u00e9partement de biochimie et m\u00e9decine mol\u00e9culaire","og_description":"Accredited Professor Contact Information Centre de Recherche du CHUM H\u00f4pital Notre-Dame Pavillon JA DeS\u00e8ve, bureau Y-2603 1560, est rue Sherbrooke Montr\u00e9al (Qu\u00e9bec) H2L 4M1 . T 514 890-8000, poste 28914 [&hellip;]","og_url":"https:\/\/biochimie.umontreal.ca\/en\/department\/directories\/accredited-professors\/daniel-lajeunesse\/","og_site_name":"D\u00e9partement de biochimie et m\u00e9decine mol\u00e9culaire","og_image":[{"url":"https:\/\/biochimie.umontreal.ca\/wp-content\/uploads\/sites\/37\/2012\/07\/carre-blanc-220.jpg","type":"","width":"","height":""}],"twitter_card":"summary_large_image","twitter_misc":{"Est. reading time":"2 minutes"},"schema":{"@context":"https:\/\/schema.org","@graph":[{"@type":"WebPage","@id":"https:\/\/biochimie.umontreal.ca\/en\/department\/directories\/accredited-professors\/daniel-lajeunesse\/","url":"https:\/\/biochimie.umontreal.ca\/en\/department\/directories\/accredited-professors\/daniel-lajeunesse\/","name":"Daniel Lajeunesse - D\u00e9partement de biochimie et m\u00e9decine mol\u00e9culaire","isPartOf":{"@id":"https:\/\/biochimie.umontreal.ca\/#website"},"primaryImageOfPage":{"@id":"https:\/\/biochimie.umontreal.ca\/en\/department\/directories\/accredited-professors\/daniel-lajeunesse\/#primaryimage"},"image":{"@id":"https:\/\/biochimie.umontreal.ca\/en\/department\/directories\/accredited-professors\/daniel-lajeunesse\/#primaryimage"},"thumbnailUrl":"https:\/\/biochimie.umontreal.ca\/wp-content\/uploads\/sites\/37\/2012\/07\/carre-blanc-220.jpg","datePublished":"2016-11-11T20:18:50+00:00","breadcrumb":{"@id":"https:\/\/biochimie.umontreal.ca\/en\/department\/directories\/accredited-professors\/daniel-lajeunesse\/#breadcrumb"},"inLanguage":"en-US","potentialAction":[{"@type":"ReadAction","target":["https:\/\/biochimie.umontreal.ca\/en\/department\/directories\/accredited-professors\/daniel-lajeunesse\/"]}]},{"@type":"ImageObject","inLanguage":"en-US","@id":"https:\/\/biochimie.umontreal.ca\/en\/department\/directories\/accredited-professors\/daniel-lajeunesse\/#primaryimage","url":"https:\/\/biochimie.umontreal.ca\/wp-content\/uploads\/sites\/37\/2012\/07\/carre-blanc-220.jpg","contentUrl":"https:\/\/biochimie.umontreal.ca\/wp-content\/uploads\/sites\/37\/2012\/07\/carre-blanc-220.jpg"},{"@type":"BreadcrumbList","@id":"https:\/\/biochimie.umontreal.ca\/en\/department\/directories\/accredited-professors\/daniel-lajeunesse\/#breadcrumb","itemListElement":[{"@type":"ListItem","position":1,"name":"Accueil","item":"https:\/\/biochimie.umontreal.ca\/en\/"},{"@type":"ListItem","position":2,"name":"Department","item":"https:\/\/biochimie.umontreal.ca\/en\/department\/"},{"@type":"ListItem","position":3,"name":"Directories","item":"https:\/\/biochimie.umontreal.ca\/en\/department\/directories\/"},{"@type":"ListItem","position":4,"name":"Accredited professors","item":"https:\/\/biochimie.umontreal.ca\/en\/department\/directories\/accredited-professors\/"},{"@type":"ListItem","position":5,"name":"Daniel Lajeunesse"}]},{"@type":"WebSite","@id":"https:\/\/biochimie.umontreal.ca\/#website","url":"https:\/\/biochimie.umontreal.ca\/","name":"D\u00e9partement de biochimie et m\u00e9decine mol\u00e9culaire","description":"","potentialAction":[{"@type":"SearchAction","target":{"@type":"EntryPoint","urlTemplate":"https:\/\/biochimie.umontreal.ca\/?s={search_term_string}"},"query-input":{"@type":"PropertyValueSpecification","valueRequired":true,"valueName":"search_term_string"}}],"inLanguage":"en-US"}]}},"_links":{"self":[{"href":"https:\/\/biochimie.umontreal.ca\/en\/wp-json\/wp\/v2\/pages\/14985","targetHints":{"allow":["GET"]}}],"collection":[{"href":"https:\/\/biochimie.umontreal.ca\/en\/wp-json\/wp\/v2\/pages"}],"about":[{"href":"https:\/\/biochimie.umontreal.ca\/en\/wp-json\/wp\/v2\/types\/page"}],"author":[{"embeddable":true,"href":"https:\/\/biochimie.umontreal.ca\/en\/wp-json\/wp\/v2\/users\/25"}],"replies":[{"embeddable":true,"href":"https:\/\/biochimie.umontreal.ca\/en\/wp-json\/wp\/v2\/comments?post=14985"}],"version-history":[{"count":1,"href":"https:\/\/biochimie.umontreal.ca\/en\/wp-json\/wp\/v2\/pages\/14985\/revisions"}],"predecessor-version":[{"id":14986,"href":"https:\/\/biochimie.umontreal.ca\/en\/wp-json\/wp\/v2\/pages\/14985\/revisions\/14986"}],"up":[{"embeddable":true,"href":"https:\/\/biochimie.umontreal.ca\/en\/wp-json\/wp\/v2\/pages\/14887"}],"wp:attachment":[{"href":"https:\/\/biochimie.umontreal.ca\/en\/wp-json\/wp\/v2\/media?parent=14985"}],"curies":[{"name":"wp","href":"https:\/\/api.w.org\/{rel}","templated":true}]}}