{"id":14915,"date":"2016-11-11T14:39:45","date_gmt":"2016-11-11T19:39:45","guid":{"rendered":"http:\/\/biochimie.umontreal.ca\/en\/?page_id=14915"},"modified":"2016-11-11T14:39:45","modified_gmt":"2016-11-11T19:39:45","slug":"alexey-v-pshezhetsky","status":"publish","type":"page","link":"https:\/\/biochimie.umontreal.ca\/en\/department\/directories\/accredited-professors\/alexey-v-pshezhetsky\/","title":{"rendered":"Alexey V. Pshezhetsky"},"content":{"rendered":"<h2>Accredited Professor<\/h2>\n<table>\n<tbody>\n<tr>\n<td><img loading=\"lazy\" decoding=\"async\" class=\"size-full wp-image-1713 alignnone\" title=\"alexei_pshezhetsky2\" alt=\"\" src=\"https:\/\/biochimie.umontreal.ca\/wp-content\/uploads\/sites\/37\/2012\/07\/alexei_pshezhetsky2.jpg\" height=\"120\" width=\"120\" \/><\/td>\n<td style=\"vertical-align: top;\">\n<h2>Contact Information<\/h2>\n<p>CHU Sainte-Justine<br \/>\nD\u00e9partement de p\u00e9diatrie<br \/>\n3175, chemin C\u00f4te-Ste-Catherine<br \/>\nMontr\u00e9al (Qu\u00e9bec)<br \/>\nH3T 1C5<\/td>\n<td style=\"vertical-align: top;\">\n<h2><span style=\"color: #ffffff;\">.<\/span><\/h2>\n<p><strong>T<\/strong> 514 345-4931, poste 2736<br \/>\n<strong>F<\/strong> 514 345-4766<br \/>\n<a href=\"mailto:alexei.pchejetski@umontreal.ca\">alexei.pchejetski@umontreal.ca<\/a><\/td>\n<\/tr>\n<\/tbody>\n<\/table>\n<table>\n<tbody>\n<tr>\n<td>\n<h2>Themes<\/h2>\n<p><strong>Lysosomal biology and lysosomal storage diseases<\/strong><\/p>\n<p>Lysosomes are cytoplasmic organelles harbouring over 100 hydrolytic enzymes involved in the degradation of essentially all types of biological macromolecules.\u00a0 Any failure in the biogenesis, lysosomal targeting, supramolecular organization or function of one or more lysosomal enzymes can result in the progressive metabolic diseases called lysosomal storage diseases because of the massive accumulation of the undegraded substrates of the deficient enzymes in the lysosomes of the affected tissues.\u00a0 Our research aims at discovering the genes mutated in lysosomal diseases, identifying the molecular and biochemical defects in patients and developing therapies with a special emphasis on diseases caused by the deficiencies of lysosomal sialidases (sialidosis, galactosialidosis) and N-acetyltransferases (mucopolysaccharidosis IIIC).<\/p>\n<p><strong>Sialic acids and sialidases in cell signalling<\/strong><\/p>\n<p>Sialic acids are abundantly expressed on the cell surface and implicated in mediating recognition between the cells, between the cells and extracellular matrix as well as between the cells and a range of pathogenic viruses, bacteria and protozoa during the inflammatory and immune reactions.\u00a0 Much less is known about the role of sialidases (also called neuraminidases) and sialotransferases that can regulate cellular affinity by modifying the sialylation of cell surface molecules.\u00a0 Using the genetically targeted mouse models we study the role of neuraminidase 1 (Neu1) in signalling during the immune response, phagocytosis and glucose uptake, as well as the role of neuraminidase 4 (Neu4) in brain development.<\/p>\n<p><strong>Serine carboxypeptidases in regulation of vasoconstriction and elastogenesis<\/strong><\/p>\n<p>Short vasoactive peptides are recognized as potent regulators of blood circulation.\u00a0 Through their interaction with different cell surface receptors peptides can modulate blood pressure by such diverse mechanisms as contracting vascular smooth muscles, increasing or decreasing plasma volume, or by induction or suppression of vascular wall remodelling.\u00a0 Therefore proteases involved in the catabolic proteolysis of circulating vasoactive peptides, which regulates their functional longevity and availability play important role in regulation of vascular resistance.\u00a0 Using the knock-out mouse model we study the input of the major lysosomal serine carboxypeptidase A (cathepsin A) in post-translational processing of vasoactive peptides including angiotensin and endothelin.<\/p>\n<p><strong>Functional proteomics and phosphoproteomics<\/strong><\/p>\n<p>Phosphorylation is the most frequent and important post-translational modification of proteins.\u00a0 Despite intensive research dedicated to development of methods for the analysis of a phosphoproteome, identification of low-abundant cellular phosphoproteins still remains challenging, highlighting the need for novel techniques. Our team is involved in development of new technologies for the global analysis and quantitative analysis of a phosphoproteome based on affinity resins for isolation of phosphopeptides and phosphoproteins and isotopic peptide tags. This technology should allow comparison of phosphoproteomes tracing up- and down-regulation of the individual proteins in order to identify novel drug targets and pharmacologically relevant metabolic and signaling pathways.<\/td>\n<\/tr>\n<\/tbody>\n<\/table>\n<h3>Publications<\/h3>\n<ul>\n<li><strong>Pshezhetsky, A.V<\/strong>., Richard, C., Michaud, L., Igdoura, S., Wang, S., Elsliger, M.A., Qu, J., Leclerc, D., Gravel, R., Dallaire, L. and Potier, M. : Human lysosomal sialidase : cloning expression, chromosomal mapping and characterization of mutations in sialidosis patients. <span style=\"text-decoration: underline;\">Nature Genetics<\/span>, 1997<span style=\"text-decoration: underline;\">;<\/span> 15, 316-320.<\/li>\n<li>Taurin S,Seyrantepe V, Orlov SN, Trembley TL, Bennett MR, Hamet P, <strong>Pshezhetsky AV<\/strong>. Proteome analysis and functional expression identify mortalin as an antiapoptotic gene induced by elevation of [Na+]i\/[K+]i ratio in cultured vascular smooth muscle cells. <span style=\"text-decoration: underline;\">Circ Res<\/span>, 2002 Nov 15;91(10):915-22.<\/li>\n<li>Raymond M-A, D\u00e9sormeaux A, Laplante P, Vigneault N, Filep JG, Landry K, <strong>Pshezhetsky <\/strong><strong>AV<\/strong>, H\u00e9bert M-J.\u00a0 Apoptosis of endothelial cells triggers a caspase-dependent anti-apoptotic paracrine loop active on VSMC.\u00a0 <span style=\"text-decoration: underline;\">FASEB J,<\/span> 2004;18(6):705-707.<\/li>\n<li>H\u0159eb\u00ed\u010dek M, Mr\u00e1zov\u00e1 L, Seyrantepe V, Durand S, Roslin NM, Noskov\u00e1 L, Hartmannov\u00e1 H, Iv\u00e1nek R, \u010c\u00ed\u017ekov\u00e1 A, Poup\u011btov\u00e1 H, Sikora J, U\u0159inovsk\u00e1 J, Str\u00e1neck\u00fd V, Zeman J, Lepage P, Roquis D, Verner A, Ausseil J, Beesley CE, Maire I, Poorthuis BJ, van de Kamp J, van Diggelen OP, Wevers RA, Hudson TJ, Fujiwara TM, Majewski J, Morgan K, Kmoch S, <strong>Pshezhetsky AV<\/strong>.\u00a0 Mutations in TMEM76 cause mucopolysaccharidosis IIIC (Sanfilippo C syndrome).<span style=\"text-decoration: underline;\"> Am J Hum Genet,<\/span> 2006;79(5)\u00a0:807-819.<\/li>\n<li>Liang F, Seyrantepe V, Landry K, Ahmad R, Ahmad A, Stamatos NM, <strong>Pshezhetsky AV<\/strong>. Monocyte differentiation up-regulates the expression of the lysosomal sialidase, Neu1 and triggers its targeting to the plasma membrane via major histocompatibility complex class (MHC) class II-positive compartments.\u00a0 <span style=\"text-decoration: underline;\">J Biol Chem, <\/span>2006; 281(37):27526-27538.<\/li>\n<li><strong>Pshezhetsky AV<\/strong>, Fedjaev M, Ashmarina L, Mazur A, Budman L, Sinnett D, Labuda D, Beaulieu J-F, M\u00e9nard D, Nifant\u2019ev I, Levy \u00c9,.\u00a0 Subcellular proteomics of cell differentiation: quantitative analysis of the plasma membrane proteome of Caco-2 cells.\u00a0 <span style=\"text-decoration: underline;\">Proteomics<\/span>, 2007\u00a0; 7(13):2201-2215.<\/li>\n<li>Seyrantepe V, Canuel M, Zeng J, Landry K, Liang F, Durand S, Carpentier S, Gravel RA, Michaud J, Marchesini S, Zwingmann C, Morales CR, Levade T, <strong>Pshezhetsky AV. <\/strong>\u00a0Mice deficient in the Neu4 sialidase exhibit abnormal ganglioside catabolism and lysosomal storage. <span style=\"text-decoration: underline;\">Hum Mol Genet<\/span>, 2008, 17(11):1556-1568.<\/li>\n<li>Seyrantepe V, Peng J, Ernest S, Fedjaev M, Kadota Y, Canuel M, Zeng J, Morales CR, Itoh K, Hinek A, Tremblay J, <strong>Pshezhetsky AV<\/strong>.\u00a0 Enzymatic activity of lysosomal carboxypeptidase (cathepsin) A is required for proper elastic fiber formation and inactivation of endothelin-1. <span style=\"text-decoration: underline;\">Circulation<\/span>, 2008, 117(15):1973-81.<\/li>\n<\/ul>\n","protected":false},"excerpt":{"rendered":"<p>Accredited Professor Contact Information CHU Sainte-Justine D\u00e9partement de p\u00e9diatrie 3175, chemin C\u00f4te-Ste-Catherine Montr\u00e9al (Qu\u00e9bec) H3T 1C5 . T 514 345-4931, poste 2736 F 514 345-4766 alexei.pchejetski@umontreal.ca Themes Lysosomal biology and [&hellip;]<\/p>\n","protected":false},"author":25,"featured_media":0,"parent":14887,"menu_order":0,"comment_status":"closed","ping_status":"closed","template":"","meta":{"footnotes":""},"class_list":["post-14915","page","type-page","status-publish","hentry"],"yoast_head":"<!-- This site is optimized with the Yoast SEO plugin v25.0 - https:\/\/yoast.com\/wordpress\/plugins\/seo\/ -->\n<title>Alexey V. Pshezhetsky - D\u00e9partement de biochimie et m\u00e9decine mol\u00e9culaire<\/title>\n<meta name=\"robots\" content=\"index, follow, max-snippet:-1, max-image-preview:large, max-video-preview:-1\" \/>\n<link rel=\"canonical\" href=\"https:\/\/biochimie.umontreal.ca\/en\/department\/directories\/accredited-professors\/alexey-v-pshezhetsky\/\" \/>\n<meta property=\"og:locale\" content=\"en_US\" \/>\n<meta property=\"og:type\" content=\"article\" \/>\n<meta property=\"og:title\" content=\"Alexey V. Pshezhetsky - D\u00e9partement de biochimie et m\u00e9decine mol\u00e9culaire\" \/>\n<meta property=\"og:description\" content=\"Accredited Professor Contact Information CHU Sainte-Justine D\u00e9partement de p\u00e9diatrie 3175, chemin C\u00f4te-Ste-Catherine Montr\u00e9al (Qu\u00e9bec) H3T 1C5 . T 514 345-4931, poste 2736 F 514 345-4766 alexei.pchejetski@umontreal.ca Themes Lysosomal biology and [&hellip;]\" \/>\n<meta property=\"og:url\" content=\"https:\/\/biochimie.umontreal.ca\/en\/department\/directories\/accredited-professors\/alexey-v-pshezhetsky\/\" \/>\n<meta property=\"og:site_name\" content=\"D\u00e9partement de biochimie et m\u00e9decine mol\u00e9culaire\" \/>\n<meta property=\"og:image\" content=\"https:\/\/biochimie.umontreal.ca\/wp-content\/uploads\/sites\/37\/2012\/07\/alexei_pshezhetsky2.jpg\" \/>\n<meta name=\"twitter:card\" content=\"summary_large_image\" \/>\n<meta name=\"twitter:label1\" content=\"Est. reading time\" \/>\n\t<meta name=\"twitter:data1\" content=\"4 minutes\" \/>\n<script type=\"application\/ld+json\" class=\"yoast-schema-graph\">{\"@context\":\"https:\/\/schema.org\",\"@graph\":[{\"@type\":\"WebPage\",\"@id\":\"https:\/\/biochimie.umontreal.ca\/en\/department\/directories\/accredited-professors\/alexey-v-pshezhetsky\/\",\"url\":\"https:\/\/biochimie.umontreal.ca\/en\/department\/directories\/accredited-professors\/alexey-v-pshezhetsky\/\",\"name\":\"Alexey V. Pshezhetsky - D\u00e9partement de biochimie et m\u00e9decine mol\u00e9culaire\",\"isPartOf\":{\"@id\":\"https:\/\/biochimie.umontreal.ca\/#website\"},\"primaryImageOfPage\":{\"@id\":\"https:\/\/biochimie.umontreal.ca\/en\/department\/directories\/accredited-professors\/alexey-v-pshezhetsky\/#primaryimage\"},\"image\":{\"@id\":\"https:\/\/biochimie.umontreal.ca\/en\/department\/directories\/accredited-professors\/alexey-v-pshezhetsky\/#primaryimage\"},\"thumbnailUrl\":\"https:\/\/biochimie.umontreal.ca\/wp-content\/uploads\/sites\/37\/2012\/07\/alexei_pshezhetsky2.jpg\",\"datePublished\":\"2016-11-11T19:39:45+00:00\",\"breadcrumb\":{\"@id\":\"https:\/\/biochimie.umontreal.ca\/en\/department\/directories\/accredited-professors\/alexey-v-pshezhetsky\/#breadcrumb\"},\"inLanguage\":\"en-US\",\"potentialAction\":[{\"@type\":\"ReadAction\",\"target\":[\"https:\/\/biochimie.umontreal.ca\/en\/department\/directories\/accredited-professors\/alexey-v-pshezhetsky\/\"]}]},{\"@type\":\"ImageObject\",\"inLanguage\":\"en-US\",\"@id\":\"https:\/\/biochimie.umontreal.ca\/en\/department\/directories\/accredited-professors\/alexey-v-pshezhetsky\/#primaryimage\",\"url\":\"https:\/\/biochimie.umontreal.ca\/wp-content\/uploads\/sites\/37\/2012\/07\/alexei_pshezhetsky2.jpg\",\"contentUrl\":\"https:\/\/biochimie.umontreal.ca\/wp-content\/uploads\/sites\/37\/2012\/07\/alexei_pshezhetsky2.jpg\"},{\"@type\":\"BreadcrumbList\",\"@id\":\"https:\/\/biochimie.umontreal.ca\/en\/department\/directories\/accredited-professors\/alexey-v-pshezhetsky\/#breadcrumb\",\"itemListElement\":[{\"@type\":\"ListItem\",\"position\":1,\"name\":\"Accueil\",\"item\":\"https:\/\/biochimie.umontreal.ca\/en\/\"},{\"@type\":\"ListItem\",\"position\":2,\"name\":\"Department\",\"item\":\"https:\/\/biochimie.umontreal.ca\/en\/department\/\"},{\"@type\":\"ListItem\",\"position\":3,\"name\":\"Directories\",\"item\":\"https:\/\/biochimie.umontreal.ca\/en\/department\/directories\/\"},{\"@type\":\"ListItem\",\"position\":4,\"name\":\"Accredited professors\",\"item\":\"https:\/\/biochimie.umontreal.ca\/en\/department\/directories\/accredited-professors\/\"},{\"@type\":\"ListItem\",\"position\":5,\"name\":\"Alexey V. Pshezhetsky\"}]},{\"@type\":\"WebSite\",\"@id\":\"https:\/\/biochimie.umontreal.ca\/#website\",\"url\":\"https:\/\/biochimie.umontreal.ca\/\",\"name\":\"D\u00e9partement de biochimie et m\u00e9decine mol\u00e9culaire\",\"description\":\"\",\"potentialAction\":[{\"@type\":\"SearchAction\",\"target\":{\"@type\":\"EntryPoint\",\"urlTemplate\":\"https:\/\/biochimie.umontreal.ca\/?s={search_term_string}\"},\"query-input\":{\"@type\":\"PropertyValueSpecification\",\"valueRequired\":true,\"valueName\":\"search_term_string\"}}],\"inLanguage\":\"en-US\"}]}<\/script>\n<!-- \/ Yoast SEO plugin. -->","yoast_head_json":{"title":"Alexey V. Pshezhetsky - D\u00e9partement de biochimie et m\u00e9decine mol\u00e9culaire","robots":{"index":"index","follow":"follow","max-snippet":"max-snippet:-1","max-image-preview":"max-image-preview:large","max-video-preview":"max-video-preview:-1"},"canonical":"https:\/\/biochimie.umontreal.ca\/en\/department\/directories\/accredited-professors\/alexey-v-pshezhetsky\/","og_locale":"en_US","og_type":"article","og_title":"Alexey V. Pshezhetsky - D\u00e9partement de biochimie et m\u00e9decine mol\u00e9culaire","og_description":"Accredited Professor Contact Information CHU Sainte-Justine D\u00e9partement de p\u00e9diatrie 3175, chemin C\u00f4te-Ste-Catherine Montr\u00e9al (Qu\u00e9bec) H3T 1C5 . T 514 345-4931, poste 2736 F 514 345-4766 alexei.pchejetski@umontreal.ca Themes Lysosomal biology and [&hellip;]","og_url":"https:\/\/biochimie.umontreal.ca\/en\/department\/directories\/accredited-professors\/alexey-v-pshezhetsky\/","og_site_name":"D\u00e9partement de biochimie et m\u00e9decine mol\u00e9culaire","og_image":[{"url":"https:\/\/biochimie.umontreal.ca\/wp-content\/uploads\/sites\/37\/2012\/07\/alexei_pshezhetsky2.jpg","type":"","width":"","height":""}],"twitter_card":"summary_large_image","twitter_misc":{"Est. reading time":"4 minutes"},"schema":{"@context":"https:\/\/schema.org","@graph":[{"@type":"WebPage","@id":"https:\/\/biochimie.umontreal.ca\/en\/department\/directories\/accredited-professors\/alexey-v-pshezhetsky\/","url":"https:\/\/biochimie.umontreal.ca\/en\/department\/directories\/accredited-professors\/alexey-v-pshezhetsky\/","name":"Alexey V. Pshezhetsky - D\u00e9partement de biochimie et m\u00e9decine mol\u00e9culaire","isPartOf":{"@id":"https:\/\/biochimie.umontreal.ca\/#website"},"primaryImageOfPage":{"@id":"https:\/\/biochimie.umontreal.ca\/en\/department\/directories\/accredited-professors\/alexey-v-pshezhetsky\/#primaryimage"},"image":{"@id":"https:\/\/biochimie.umontreal.ca\/en\/department\/directories\/accredited-professors\/alexey-v-pshezhetsky\/#primaryimage"},"thumbnailUrl":"https:\/\/biochimie.umontreal.ca\/wp-content\/uploads\/sites\/37\/2012\/07\/alexei_pshezhetsky2.jpg","datePublished":"2016-11-11T19:39:45+00:00","breadcrumb":{"@id":"https:\/\/biochimie.umontreal.ca\/en\/department\/directories\/accredited-professors\/alexey-v-pshezhetsky\/#breadcrumb"},"inLanguage":"en-US","potentialAction":[{"@type":"ReadAction","target":["https:\/\/biochimie.umontreal.ca\/en\/department\/directories\/accredited-professors\/alexey-v-pshezhetsky\/"]}]},{"@type":"ImageObject","inLanguage":"en-US","@id":"https:\/\/biochimie.umontreal.ca\/en\/department\/directories\/accredited-professors\/alexey-v-pshezhetsky\/#primaryimage","url":"https:\/\/biochimie.umontreal.ca\/wp-content\/uploads\/sites\/37\/2012\/07\/alexei_pshezhetsky2.jpg","contentUrl":"https:\/\/biochimie.umontreal.ca\/wp-content\/uploads\/sites\/37\/2012\/07\/alexei_pshezhetsky2.jpg"},{"@type":"BreadcrumbList","@id":"https:\/\/biochimie.umontreal.ca\/en\/department\/directories\/accredited-professors\/alexey-v-pshezhetsky\/#breadcrumb","itemListElement":[{"@type":"ListItem","position":1,"name":"Accueil","item":"https:\/\/biochimie.umontreal.ca\/en\/"},{"@type":"ListItem","position":2,"name":"Department","item":"https:\/\/biochimie.umontreal.ca\/en\/department\/"},{"@type":"ListItem","position":3,"name":"Directories","item":"https:\/\/biochimie.umontreal.ca\/en\/department\/directories\/"},{"@type":"ListItem","position":4,"name":"Accredited professors","item":"https:\/\/biochimie.umontreal.ca\/en\/department\/directories\/accredited-professors\/"},{"@type":"ListItem","position":5,"name":"Alexey V. Pshezhetsky"}]},{"@type":"WebSite","@id":"https:\/\/biochimie.umontreal.ca\/#website","url":"https:\/\/biochimie.umontreal.ca\/","name":"D\u00e9partement de biochimie et m\u00e9decine mol\u00e9culaire","description":"","potentialAction":[{"@type":"SearchAction","target":{"@type":"EntryPoint","urlTemplate":"https:\/\/biochimie.umontreal.ca\/?s={search_term_string}"},"query-input":{"@type":"PropertyValueSpecification","valueRequired":true,"valueName":"search_term_string"}}],"inLanguage":"en-US"}]}},"_links":{"self":[{"href":"https:\/\/biochimie.umontreal.ca\/en\/wp-json\/wp\/v2\/pages\/14915","targetHints":{"allow":["GET"]}}],"collection":[{"href":"https:\/\/biochimie.umontreal.ca\/en\/wp-json\/wp\/v2\/pages"}],"about":[{"href":"https:\/\/biochimie.umontreal.ca\/en\/wp-json\/wp\/v2\/types\/page"}],"author":[{"embeddable":true,"href":"https:\/\/biochimie.umontreal.ca\/en\/wp-json\/wp\/v2\/users\/25"}],"replies":[{"embeddable":true,"href":"https:\/\/biochimie.umontreal.ca\/en\/wp-json\/wp\/v2\/comments?post=14915"}],"version-history":[{"count":1,"href":"https:\/\/biochimie.umontreal.ca\/en\/wp-json\/wp\/v2\/pages\/14915\/revisions"}],"predecessor-version":[{"id":14916,"href":"https:\/\/biochimie.umontreal.ca\/en\/wp-json\/wp\/v2\/pages\/14915\/revisions\/14916"}],"up":[{"embeddable":true,"href":"https:\/\/biochimie.umontreal.ca\/en\/wp-json\/wp\/v2\/pages\/14887"}],"wp:attachment":[{"href":"https:\/\/biochimie.umontreal.ca\/en\/wp-json\/wp\/v2\/media?parent=14915"}],"curies":[{"name":"wp","href":"https:\/\/api.w.org\/{rel}","templated":true}]}}