{"id":14901,"date":"2016-11-11T14:28:46","date_gmt":"2016-11-11T19:28:46","guid":{"rendered":"http:\/\/biochimie.umontreal.ca\/en\/?page_id=14901"},"modified":"2024-05-31T11:42:56","modified_gmt":"2024-05-31T15:42:56","slug":"mark-e-samuels","status":"publish","type":"page","link":"https:\/\/biochimie.umontreal.ca\/en\/department\/directories\/accredited-professors\/mark-e-samuels\/","title":{"rendered":"Mark E. Samuels"},"content":{"rendered":"<h2>Accredited Professor<\/h2>\n<table>\n<tbody>\n<tr>\n<td><img loading=\"lazy\" decoding=\"async\" class=\"alignnone size-full wp-image-1761\" title=\"carre blanc 2\" alt=\"\" src=\"https:\/\/biochimie.umontreal.ca\/wp-content\/uploads\/sites\/37\/2012\/07\/carre-blanc-228.jpg\" height=\"120\" width=\"120\" \/><\/td>\n<td style=\"vertical-align: top\">\n<h2>Contact Information<\/h2>\n<p>Centre de Recherche<br \/>\nCHU Sainte-Justine<br \/>\n3175, chemin de la C\u00f4te Sainte-Catherine, local A-733<br \/>\nMontr\u00e9al (Qu\u00e9bec)<br \/>\nH3T 1C5<\/td>\n<td style=\"vertical-align: top\">\n<h2><span style=\"color: #ffffff\">.<\/span><\/h2>\n<p><strong>T<\/strong> 514 345-4931 poste 4265<br \/>\n<strong>F<\/strong> 514 345-4801<br \/>\n<a href=\"mailto:mark.e.samuels@umontreal.ca%20\">mark.e.samuels@umontreal.ca<\/a><br \/>\n<a href=\"https:\/\/recherche.umontreal.ca\/en\/expert\/is\/in15881\/\">Site web<\/a><\/td>\n<\/tr>\n<\/tbody>\n<\/table>\n<table>\n<tbody>\n<tr>\n<td>\n<h2>Themes<\/h2>\n<p>Dr. Mark Samuels was a Presidential Scholar in the United States in 1975.\u00a0 He received his A.B. degree <em>summa cum laude<\/em> in Molecular Biology from Princeton University, and his Ph.D. in Biology from the Massachusetts Institute of Technology where he worked in the laboratory of Prof. Phillip Sharp.\u00a0 Dr. Samuels has studied the molecular mechanisms of cellular function and development for over 20 years, resulting in numerous scientific publications.\u00a0He has worked in the fields of basic gene expression, sex-determination in fruit flies, and most recently in the genetics of human disease.\u00a0 As a molecular geneticist he has participated in novel discoveries of twenty genes involved in eye development, neuronal function, growth, endocrinology and iron metabolism among others. Dr. Samuels is Associate Professor in Medicine at the Universit\u00e9 de Montr\u00e9al. His laboratory studies the functions of the genes identified in the course of human genomic analysis.<\/td>\n<\/tr>\n<\/tbody>\n<\/table>\n<h3>Publications<\/h3>\n<ul>\n<li>Samuels ME, Gallo-Payet N, Pinard S, Hasselmann C, Magne F, Patry L, Chouinard L, Schwartzentruber J, Ren\u00e9 P, Sawyer N, Bouvier M, Djemli A, Delvin E, Huot C, Eugene D, Deal CL, Van Vliet G, Majewski J, Deladoey J (2013) Bioinactive ACTH causing glucocorticoid deficiency. J Clin Endocrin Metab 98: 736-742.<\/li>\n<li>\u00a0Samuels ME, Majewski J, Alirezaie N, Fernandez I, Casals F, Patey N, Decaluwe H, Gosselin I, Haddad E, Hodgkinson A, Idaghdour Y, Marchand V, Michaud JL, Rodrigue MA, Desjardins S, Dubois S, Le Deist F, Awadalla P, Raymond V, Maranda B (2013) Exome sequencing identifies mutations in the gene TTC7A in French-Canadian cases with hereditary multiple intestinal atresia. J Med Genet 50: 324-329.<\/li>\n<li>Samuels ME, Gallo-Payet N, Pinard S, Hasselmann C, Magne F, Patry L, Chouinard L, Schwartzentruber J, Ren\u00e9 P, Sawyer N, Bouvier M, Djemli A, Delvin E, Huot C, Eugene D, Deal CL, Van Vliet G, Majewski J, Deladoey J (2013) Bioinactive ACTH causing glucocorticoid deficiency. J Clin Endocrin Metab 98: 736-742.<\/li>\n<li>\u00a0Majewski J, Schwartzentruber JA, Caqueret A, Patry L, Marcadier J, Fryns JP, Boycott KM, Ste-Marie LG, McKiernan FE, Marik I, Van Esch H, Michaud JL, Samuels ME. (2011) Mutations in NOTCH2 in families with Hajdu-Cheney Syndrome identified by whole exome resequencing. Human Mutation 32: 1114-1117.<\/li>\n<li>\u00a0Guernsey DL, Matsuoka M, Jiang J, Evans E, Macgillivray C, Nightingale M, Perry P, Ferguson M, LeBlanc M, Paquette J, Patry L, Rideout A, Thomas A, Orr A, McMaster CR, Michaud JL, Deal C, Langlois S, Superneau DW, Parkash S, Ludman M, Skidmore DL, Samuels ME. (2011) Mutations in origin recognition complex gene ORC4 cause Meier-Gorlin Syndrome. Nature Genetics 43: 360-4.<\/li>\n<li>\u00a0Orr A, Dub\u00e9 MP, Zenteno JC, Jiang H, Asselin G, Evans SC, Caqueret A, Lakosha H, Letourneau L, Marcadier J, Matsuoka M, Macgillivray C, Nightingale M, Papillon-Cavanagh S, Perry S, Provost S, Ludman ML, Guernsey DL, Samuels ME. (2011) Mutations in a novel serine protease PRSS56 in families with Nanophthalmos.<\/li>\n<li>\u00a0Guernsey DL, Jiang H, Campagna DR, Evans SC, Ferguson M, Kellogg MD, Lachance M, Matsuoka M, Nightingale M, Rideout A, Saint-Amant L, Schmidt PJ, Orr A, Bottomley SS, Fleming MD, Ludman M, Dyack S, Fernandez CV, Samuels, M.E. (2009) Mutations in mitochondrial carrier protein family member SLC25A38 cause congenital sideroblastic anemia. Nature Genetics 41, 651-653.<\/li>\n<li>Samuels ME, Orr, A., Guernsey, D.L., Dooley, K., Riddell, C., Hodgkinson, K., Ludman, M., Pullman, D.P. (2008). Is Gene Discovery Research or Diagnosis. Genetics in Medicine 10, 385-390.<\/li>\n<li>Orr A, Dub\u00e9 MP, Marcadier J, Jiang H, Federico A, George S, Seamone C, Andrews D, Dubord P, Holland S, Provost S, Mongrain V, Evans S, Higgins B, Bowman S, Guernsey D, Samuels, M.E. (2007). Mutations in the UBIAD1 gene, encoding a potential prenyltransferase, are causal for Schnyder crystalline corneal dystrophy. PLoS One 8, 1-10.<\/li>\n<li>Papanikolaou, G., Samuels, M.E., Ludwig, E.H., MacDonald, M.L., Franchini, P.L., Dub\u00e9, M.-P., Andres, L., MacFarlane, J., Sakellaropoulos, N., Politou, M., Nemeth, E., Thompson, J., Risler, J., Zaborowska, C., Babakaiff, R., Radomski, C., Christakis, J., Brissot, P., Lockitch, G., Ganz, T.,\u00a0 Hayden, M.R., Goldberg, Y.P. (2004) Mutations in a Novel Gene, HFE2, Cause Chromosome 1q-Linked Juvenile Hereditary Hemochromatosis. Nat Genet 36, 77-82.<\/li>\n<\/ul>\n","protected":false},"excerpt":{"rendered":"<p>Accredited Professor Contact Information Centre de Recherche CHU Sainte-Justine 3175, chemin de la C\u00f4te Sainte-Catherine, local A-733 Montr\u00e9al (Qu\u00e9bec) H3T 1C5 . T 514 345-4931 poste 4265 F 514 345-4801 [&hellip;]<\/p>\n","protected":false},"author":25,"featured_media":0,"parent":14887,"menu_order":0,"comment_status":"closed","ping_status":"closed","template":"","meta":{"footnotes":""},"class_list":["post-14901","page","type-page","status-publish","hentry"],"yoast_head":"<!-- This site is optimized with the Yoast SEO plugin v25.0 - https:\/\/yoast.com\/wordpress\/plugins\/seo\/ -->\n<title>Mark E. Samuels - D\u00e9partement de biochimie et m\u00e9decine mol\u00e9culaire<\/title>\n<meta name=\"robots\" content=\"index, follow, max-snippet:-1, max-image-preview:large, max-video-preview:-1\" \/>\n<link rel=\"canonical\" href=\"https:\/\/biochimie.umontreal.ca\/departement\/repertoires\/professeurs-accredites\/mark-e-samuels\/\" \/>\n<meta property=\"og:locale\" content=\"en_US\" \/>\n<meta property=\"og:type\" content=\"article\" \/>\n<meta property=\"og:title\" content=\"Mark E. Samuels - D\u00e9partement de biochimie et m\u00e9decine mol\u00e9culaire\" \/>\n<meta property=\"og:description\" content=\"Accredited Professor Contact Information Centre de Recherche CHU Sainte-Justine 3175, chemin de la C\u00f4te Sainte-Catherine, local A-733 Montr\u00e9al (Qu\u00e9bec) H3T 1C5 . T 514 345-4931 poste 4265 F 514 345-4801 [&hellip;]\" \/>\n<meta property=\"og:url\" content=\"https:\/\/biochimie.umontreal.ca\/departement\/repertoires\/professeurs-accredites\/mark-e-samuels\/\" \/>\n<meta property=\"og:site_name\" content=\"D\u00e9partement de biochimie et m\u00e9decine mol\u00e9culaire\" \/>\n<meta property=\"article:modified_time\" content=\"2024-05-31T15:42:56+00:00\" \/>\n<meta property=\"og:image\" content=\"https:\/\/biochimie.umontreal.ca\/wp-content\/uploads\/sites\/37\/2012\/07\/carre-blanc-228.jpg\" \/>\n<meta name=\"twitter:card\" content=\"summary_large_image\" \/>\n<meta name=\"twitter:label1\" content=\"Est. reading time\" \/>\n\t<meta name=\"twitter:data1\" content=\"3 minutes\" \/>\n<script type=\"application\/ld+json\" class=\"yoast-schema-graph\">{\"@context\":\"https:\/\/schema.org\",\"@graph\":[{\"@type\":\"WebPage\",\"@id\":\"https:\/\/biochimie.umontreal.ca\/departement\/repertoires\/professeurs-accredites\/mark-e-samuels\/\",\"url\":\"https:\/\/biochimie.umontreal.ca\/departement\/repertoires\/professeurs-accredites\/mark-e-samuels\/\",\"name\":\"Mark E. Samuels - D\u00e9partement de biochimie et m\u00e9decine mol\u00e9culaire\",\"isPartOf\":{\"@id\":\"https:\/\/biochimie.umontreal.ca\/#website\"},\"primaryImageOfPage\":{\"@id\":\"https:\/\/biochimie.umontreal.ca\/departement\/repertoires\/professeurs-accredites\/mark-e-samuels\/#primaryimage\"},\"image\":{\"@id\":\"https:\/\/biochimie.umontreal.ca\/departement\/repertoires\/professeurs-accredites\/mark-e-samuels\/#primaryimage\"},\"thumbnailUrl\":\"https:\/\/biochimie.umontreal.ca\/wp-content\/uploads\/sites\/37\/2012\/07\/carre-blanc-228.jpg\",\"datePublished\":\"2016-11-11T19:28:46+00:00\",\"dateModified\":\"2024-05-31T15:42:56+00:00\",\"breadcrumb\":{\"@id\":\"https:\/\/biochimie.umontreal.ca\/departement\/repertoires\/professeurs-accredites\/mark-e-samuels\/#breadcrumb\"},\"inLanguage\":\"en-US\",\"potentialAction\":[{\"@type\":\"ReadAction\",\"target\":[\"https:\/\/biochimie.umontreal.ca\/departement\/repertoires\/professeurs-accredites\/mark-e-samuels\/\"]}]},{\"@type\":\"ImageObject\",\"inLanguage\":\"en-US\",\"@id\":\"https:\/\/biochimie.umontreal.ca\/departement\/repertoires\/professeurs-accredites\/mark-e-samuels\/#primaryimage\",\"url\":\"https:\/\/biochimie.umontreal.ca\/wp-content\/uploads\/sites\/37\/2012\/07\/carre-blanc-228.jpg\",\"contentUrl\":\"https:\/\/biochimie.umontreal.ca\/wp-content\/uploads\/sites\/37\/2012\/07\/carre-blanc-228.jpg\"},{\"@type\":\"BreadcrumbList\",\"@id\":\"https:\/\/biochimie.umontreal.ca\/departement\/repertoires\/professeurs-accredites\/mark-e-samuels\/#breadcrumb\",\"itemListElement\":[{\"@type\":\"ListItem\",\"position\":1,\"name\":\"Accueil\",\"item\":\"https:\/\/biochimie.umontreal.ca\/en\/\"},{\"@type\":\"ListItem\",\"position\":2,\"name\":\"Department\",\"item\":\"https:\/\/biochimie.umontreal.ca\/en\/department\/\"},{\"@type\":\"ListItem\",\"position\":3,\"name\":\"Directories\",\"item\":\"https:\/\/biochimie.umontreal.ca\/en\/department\/directories\/\"},{\"@type\":\"ListItem\",\"position\":4,\"name\":\"Accredited professors\",\"item\":\"https:\/\/biochimie.umontreal.ca\/en\/department\/directories\/accredited-professors\/\"},{\"@type\":\"ListItem\",\"position\":5,\"name\":\"Mark E. Samuels\"}]},{\"@type\":\"WebSite\",\"@id\":\"https:\/\/biochimie.umontreal.ca\/#website\",\"url\":\"https:\/\/biochimie.umontreal.ca\/\",\"name\":\"D\u00e9partement de biochimie et m\u00e9decine mol\u00e9culaire\",\"description\":\"\",\"potentialAction\":[{\"@type\":\"SearchAction\",\"target\":{\"@type\":\"EntryPoint\",\"urlTemplate\":\"https:\/\/biochimie.umontreal.ca\/?s={search_term_string}\"},\"query-input\":{\"@type\":\"PropertyValueSpecification\",\"valueRequired\":true,\"valueName\":\"search_term_string\"}}],\"inLanguage\":\"en-US\"}]}<\/script>\n<!-- \/ Yoast SEO plugin. -->","yoast_head_json":{"title":"Mark E. Samuels - D\u00e9partement de biochimie et m\u00e9decine mol\u00e9culaire","robots":{"index":"index","follow":"follow","max-snippet":"max-snippet:-1","max-image-preview":"max-image-preview:large","max-video-preview":"max-video-preview:-1"},"canonical":"https:\/\/biochimie.umontreal.ca\/departement\/repertoires\/professeurs-accredites\/mark-e-samuels\/","og_locale":"en_US","og_type":"article","og_title":"Mark E. Samuels - D\u00e9partement de biochimie et m\u00e9decine mol\u00e9culaire","og_description":"Accredited Professor Contact Information Centre de Recherche CHU Sainte-Justine 3175, chemin de la C\u00f4te Sainte-Catherine, local A-733 Montr\u00e9al (Qu\u00e9bec) H3T 1C5 . T 514 345-4931 poste 4265 F 514 345-4801 [&hellip;]","og_url":"https:\/\/biochimie.umontreal.ca\/departement\/repertoires\/professeurs-accredites\/mark-e-samuels\/","og_site_name":"D\u00e9partement de biochimie et m\u00e9decine mol\u00e9culaire","article_modified_time":"2024-05-31T15:42:56+00:00","og_image":[{"url":"https:\/\/biochimie.umontreal.ca\/wp-content\/uploads\/sites\/37\/2012\/07\/carre-blanc-228.jpg","type":"","width":"","height":""}],"twitter_card":"summary_large_image","twitter_misc":{"Est. reading time":"3 minutes"},"schema":{"@context":"https:\/\/schema.org","@graph":[{"@type":"WebPage","@id":"https:\/\/biochimie.umontreal.ca\/departement\/repertoires\/professeurs-accredites\/mark-e-samuels\/","url":"https:\/\/biochimie.umontreal.ca\/departement\/repertoires\/professeurs-accredites\/mark-e-samuels\/","name":"Mark E. Samuels - D\u00e9partement de biochimie et m\u00e9decine mol\u00e9culaire","isPartOf":{"@id":"https:\/\/biochimie.umontreal.ca\/#website"},"primaryImageOfPage":{"@id":"https:\/\/biochimie.umontreal.ca\/departement\/repertoires\/professeurs-accredites\/mark-e-samuels\/#primaryimage"},"image":{"@id":"https:\/\/biochimie.umontreal.ca\/departement\/repertoires\/professeurs-accredites\/mark-e-samuels\/#primaryimage"},"thumbnailUrl":"https:\/\/biochimie.umontreal.ca\/wp-content\/uploads\/sites\/37\/2012\/07\/carre-blanc-228.jpg","datePublished":"2016-11-11T19:28:46+00:00","dateModified":"2024-05-31T15:42:56+00:00","breadcrumb":{"@id":"https:\/\/biochimie.umontreal.ca\/departement\/repertoires\/professeurs-accredites\/mark-e-samuels\/#breadcrumb"},"inLanguage":"en-US","potentialAction":[{"@type":"ReadAction","target":["https:\/\/biochimie.umontreal.ca\/departement\/repertoires\/professeurs-accredites\/mark-e-samuels\/"]}]},{"@type":"ImageObject","inLanguage":"en-US","@id":"https:\/\/biochimie.umontreal.ca\/departement\/repertoires\/professeurs-accredites\/mark-e-samuels\/#primaryimage","url":"https:\/\/biochimie.umontreal.ca\/wp-content\/uploads\/sites\/37\/2012\/07\/carre-blanc-228.jpg","contentUrl":"https:\/\/biochimie.umontreal.ca\/wp-content\/uploads\/sites\/37\/2012\/07\/carre-blanc-228.jpg"},{"@type":"BreadcrumbList","@id":"https:\/\/biochimie.umontreal.ca\/departement\/repertoires\/professeurs-accredites\/mark-e-samuels\/#breadcrumb","itemListElement":[{"@type":"ListItem","position":1,"name":"Accueil","item":"https:\/\/biochimie.umontreal.ca\/en\/"},{"@type":"ListItem","position":2,"name":"Department","item":"https:\/\/biochimie.umontreal.ca\/en\/department\/"},{"@type":"ListItem","position":3,"name":"Directories","item":"https:\/\/biochimie.umontreal.ca\/en\/department\/directories\/"},{"@type":"ListItem","position":4,"name":"Accredited professors","item":"https:\/\/biochimie.umontreal.ca\/en\/department\/directories\/accredited-professors\/"},{"@type":"ListItem","position":5,"name":"Mark E. Samuels"}]},{"@type":"WebSite","@id":"https:\/\/biochimie.umontreal.ca\/#website","url":"https:\/\/biochimie.umontreal.ca\/","name":"D\u00e9partement de biochimie et m\u00e9decine mol\u00e9culaire","description":"","potentialAction":[{"@type":"SearchAction","target":{"@type":"EntryPoint","urlTemplate":"https:\/\/biochimie.umontreal.ca\/?s={search_term_string}"},"query-input":{"@type":"PropertyValueSpecification","valueRequired":true,"valueName":"search_term_string"}}],"inLanguage":"en-US"}]}},"_links":{"self":[{"href":"https:\/\/biochimie.umontreal.ca\/en\/wp-json\/wp\/v2\/pages\/14901","targetHints":{"allow":["GET"]}}],"collection":[{"href":"https:\/\/biochimie.umontreal.ca\/en\/wp-json\/wp\/v2\/pages"}],"about":[{"href":"https:\/\/biochimie.umontreal.ca\/en\/wp-json\/wp\/v2\/types\/page"}],"author":[{"embeddable":true,"href":"https:\/\/biochimie.umontreal.ca\/en\/wp-json\/wp\/v2\/users\/25"}],"replies":[{"embeddable":true,"href":"https:\/\/biochimie.umontreal.ca\/en\/wp-json\/wp\/v2\/comments?post=14901"}],"version-history":[{"count":2,"href":"https:\/\/biochimie.umontreal.ca\/en\/wp-json\/wp\/v2\/pages\/14901\/revisions"}],"predecessor-version":[{"id":26618,"href":"https:\/\/biochimie.umontreal.ca\/en\/wp-json\/wp\/v2\/pages\/14901\/revisions\/26618"}],"up":[{"embeddable":true,"href":"https:\/\/biochimie.umontreal.ca\/en\/wp-json\/wp\/v2\/pages\/14887"}],"wp:attachment":[{"href":"https:\/\/biochimie.umontreal.ca\/en\/wp-json\/wp\/v2\/media?parent=14901"}],"curies":[{"name":"wp","href":"https:\/\/api.w.org\/{rel}","templated":true}]}}