{"id":14880,"date":"2016-11-11T14:11:04","date_gmt":"2016-11-11T19:11:04","guid":{"rendered":"http:\/\/biochimie.umontreal.ca\/en\/?page_id=14880"},"modified":"2016-11-11T16:21:26","modified_gmt":"2016-11-11T21:21:26","slug":"andre-tremblay","status":"publish","type":"page","link":"https:\/\/biochimie.umontreal.ca\/en\/department\/directories\/accredited-professors\/andre-tremblay\/","title":{"rendered":"Andr\u00e9 Tremblay"},"content":{"rendered":"<h2>Accredited Professor<\/h2>\n<table>\n<tbody>\n<tr>\n<td style=\"vertical-align: middle;\"><img loading=\"lazy\" decoding=\"async\" class=\"alignnone size-full wp-image-1791\" title=\"andre_tremblay\" src=\"https:\/\/biochimie.umontreal.ca\/wp-content\/uploads\/sites\/37\/2012\/07\/andre_tremblay.jpg\" alt=\"\" height=\"124\" width=\"120\" \/><\/td>\n<td style=\"vertical-align: top;\">\n<h2>Coordonn\u00e9es<\/h2>\n<p>Centre de Recherche<br \/>\nCHU Sainte-Justine<br \/>\n3175, chemin C\u00f4te-Ste-Catherine<br \/>\nMontr\u00e9al (Qu\u00e9bec)<br \/>\nH3T 1C5<\/td>\n<td style=\"vertical-align: top;\">\n<h2><span style=\"color: #ffffff;\">.<\/span><\/h2>\n<p><strong>T<\/strong> 514 345-4931, poste 2830<br \/>\n<strong>F<\/strong> 514 345-4988<br \/>\n<a href=\"mailto:andre.tremblay@recherche-ste-justine.qc.ca\">andre.tremblay@recherche-ste-justine.qc.ca<\/a><\/td>\n<\/tr>\n<\/tbody>\n<\/table>\n<table>\n<tbody>\n<tr>\n<td>\n<h2>Themes<\/h2>\n<p>Nuclear receptors are part of a multigenic family of hormone-activated transcription factors that regulate target gene expression. Of interest is also their inherent ability of undergoing post-translational modifications in response to cellular kinase pathways. Two classes of receptors are studied in the laboratory:<\/p>\n<p>The estrogen receptors ER\u03b1 and ER\u03b2 mediate hormone responsiveness of reproductive and peripheral tissues, and are involved in diverse aspects of human reproduction, embryonic development, and physiology. Our interest relates to the role of upstream cellular signals that regulate ER functions.<\/p>\n<p>The PPARs (\u03b1, \u03b2, and g) are nuclear receptors involved in lipid homeostasis and energy metabolism. The regulation of lipogenic\/thermogenic target gene expression, the role of other nuclear receptors, such as LXR and FXR, and the mitochondrial activity and biogenesis are among the various aspects studied in the lab.<\/td>\n<\/tr>\n<\/tbody>\n<\/table>\n<h3>Publications choisies<\/h3>\n<ul>\n<li>Sanchez, M., Sauv\u00e9, K., Picard, N., Tremblay, A. (2010) Challenging estrogen receptor b with phosphorylation. Trends Endo Met (in press)<\/li>\n<li>Demers, A., Caron, V., Rodrigue-Way, A., Wahli, W., Ong, H., Tremblay, A. (2009) A Concerted Kinase Interplay Identifies PPARg as a Molecular Target of Ghrelin Signaling in Macrophages. PLoS ONE 4(11): e7728.<\/li>\n<li>Sauv\u00e9, K., Lepage, J., Sanchez, M., Heveker, N., Tremblay, A. (2009) Positive feedback activation of estrogen receptors by the SDF1-CXCR4 pathway. Cancer Research 69: 5793-5800.<\/li>\n<li>Picard, N., Charbonneau, C., Sanchez, M., Licznar, A., Busson, M., Lazennec, G., Tremblay, A. (2008) Phosphorylation of AF-1 regulates proteasome-dependent nuclear mobility and E6-AP ubiquitin ligase recruitment to the estrogen receptor \u03b2. Molecular Endocrinology 22: 317-330.<\/li>\n<li>Demers, A., Rodrigue-Way, A., Tremblay, A. (2008). Hexarelin signaling to PPARgamma in metabolic disease. Special Issue on Cardiovascular Physiology and Disease. PPAR Research Jan. 2008:1-9.<\/li>\n<li>Rodrigue-Way, A., Demers, A., Ong, H., Tremblay, A. (2007) A Growth Hormone-Releasing Peptide Promotes Mitochondrial Biogenesis And A Fat Burning-like Phenotype Through Scavenger Receptor CD36 in White Adipocytes<em>. <\/em>\u00a0Endocrinology. 148:1009-1018.<\/li>\n<li>Sanchez, M., Sauv\u00e9, K., Picard, N., Tremblay, A. (2007) Transcriptional repression of the estrogen receptor \u03b2 by the PI3K\/Akt pathway involves a phosphorylation-dependent release of CBP. J. Biol. Chem. 282:4830-4840.<\/li>\n<li>Avallone, R., Demers, A., Rodrigue-Way, A., Anghel, S., Wahli, W., Marleau, S., Ong, H., Tremblay, A. (2006) A Growth Hormone-Releasing Peptide that Binds Scavenger Receptor CD36 and Ghrelin Receptor Upregulates ABC Sterol Transporters and Cholesterol Efflux in Macrophages Through a PPARg-dependent Pathway. Molecular Endocrinology, 20(12):3165-3178.<\/li>\n<\/ul>\n","protected":false},"excerpt":{"rendered":"<p>Accredited Professor Coordonn\u00e9es Centre de Recherche CHU Sainte-Justine 3175, chemin C\u00f4te-Ste-Catherine Montr\u00e9al (Qu\u00e9bec) H3T 1C5 . T 514 345-4931, poste 2830 F 514 345-4988 andre.tremblay@recherche-ste-justine.qc.ca Themes Nuclear receptors are part [&hellip;]<\/p>\n","protected":false},"author":25,"featured_media":0,"parent":14887,"menu_order":0,"comment_status":"closed","ping_status":"closed","template":"","meta":{"footnotes":""},"class_list":["post-14880","page","type-page","status-publish","hentry"],"yoast_head":"<!-- This site is optimized with the Yoast SEO plugin v25.0 - https:\/\/yoast.com\/wordpress\/plugins\/seo\/ -->\n<title>Andr\u00e9 Tremblay - D\u00e9partement de biochimie et m\u00e9decine mol\u00e9culaire<\/title>\n<meta name=\"robots\" content=\"index, follow, max-snippet:-1, max-image-preview:large, max-video-preview:-1\" \/>\n<link rel=\"canonical\" href=\"https:\/\/biochimie.umontreal.ca\/en\/department\/directories\/accredited-professors\/andre-tremblay\/\" \/>\n<meta property=\"og:locale\" content=\"en_US\" \/>\n<meta property=\"og:type\" content=\"article\" \/>\n<meta property=\"og:title\" content=\"Andr\u00e9 Tremblay - D\u00e9partement de biochimie et m\u00e9decine mol\u00e9culaire\" \/>\n<meta property=\"og:description\" content=\"Accredited Professor Coordonn\u00e9es Centre de Recherche CHU Sainte-Justine 3175, chemin C\u00f4te-Ste-Catherine Montr\u00e9al (Qu\u00e9bec) H3T 1C5 . T 514 345-4931, poste 2830 F 514 345-4988 andre.tremblay@recherche-ste-justine.qc.ca Themes Nuclear receptors are part [&hellip;]\" \/>\n<meta property=\"og:url\" content=\"https:\/\/biochimie.umontreal.ca\/en\/department\/directories\/accredited-professors\/andre-tremblay\/\" \/>\n<meta property=\"og:site_name\" content=\"D\u00e9partement de biochimie et m\u00e9decine mol\u00e9culaire\" \/>\n<meta property=\"article:modified_time\" content=\"2016-11-11T21:21:26+00:00\" \/>\n<meta property=\"og:image\" content=\"https:\/\/biochimie.umontreal.ca\/wp-content\/uploads\/sites\/37\/2012\/07\/andre_tremblay.jpg\" \/>\n<meta name=\"twitter:card\" content=\"summary_large_image\" \/>\n<meta name=\"twitter:label1\" content=\"Est. reading time\" \/>\n\t<meta name=\"twitter:data1\" content=\"2 minutes\" \/>\n<script type=\"application\/ld+json\" class=\"yoast-schema-graph\">{\"@context\":\"https:\/\/schema.org\",\"@graph\":[{\"@type\":\"WebPage\",\"@id\":\"https:\/\/biochimie.umontreal.ca\/en\/department\/directories\/accredited-professors\/andre-tremblay\/\",\"url\":\"https:\/\/biochimie.umontreal.ca\/en\/department\/directories\/accredited-professors\/andre-tremblay\/\",\"name\":\"Andr\u00e9 Tremblay - D\u00e9partement de biochimie et m\u00e9decine mol\u00e9culaire\",\"isPartOf\":{\"@id\":\"https:\/\/biochimie.umontreal.ca\/#website\"},\"primaryImageOfPage\":{\"@id\":\"https:\/\/biochimie.umontreal.ca\/en\/department\/directories\/accredited-professors\/andre-tremblay\/#primaryimage\"},\"image\":{\"@id\":\"https:\/\/biochimie.umontreal.ca\/en\/department\/directories\/accredited-professors\/andre-tremblay\/#primaryimage\"},\"thumbnailUrl\":\"https:\/\/biochimie.umontreal.ca\/wp-content\/uploads\/sites\/37\/2012\/07\/andre_tremblay.jpg\",\"datePublished\":\"2016-11-11T19:11:04+00:00\",\"dateModified\":\"2016-11-11T21:21:26+00:00\",\"breadcrumb\":{\"@id\":\"https:\/\/biochimie.umontreal.ca\/en\/department\/directories\/accredited-professors\/andre-tremblay\/#breadcrumb\"},\"inLanguage\":\"en-US\",\"potentialAction\":[{\"@type\":\"ReadAction\",\"target\":[\"https:\/\/biochimie.umontreal.ca\/en\/department\/directories\/accredited-professors\/andre-tremblay\/\"]}]},{\"@type\":\"ImageObject\",\"inLanguage\":\"en-US\",\"@id\":\"https:\/\/biochimie.umontreal.ca\/en\/department\/directories\/accredited-professors\/andre-tremblay\/#primaryimage\",\"url\":\"https:\/\/biochimie.umontreal.ca\/wp-content\/uploads\/sites\/37\/2012\/07\/andre_tremblay.jpg\",\"contentUrl\":\"https:\/\/biochimie.umontreal.ca\/wp-content\/uploads\/sites\/37\/2012\/07\/andre_tremblay.jpg\"},{\"@type\":\"BreadcrumbList\",\"@id\":\"https:\/\/biochimie.umontreal.ca\/en\/department\/directories\/accredited-professors\/andre-tremblay\/#breadcrumb\",\"itemListElement\":[{\"@type\":\"ListItem\",\"position\":1,\"name\":\"Accueil\",\"item\":\"https:\/\/biochimie.umontreal.ca\/en\/\"},{\"@type\":\"ListItem\",\"position\":2,\"name\":\"Department\",\"item\":\"https:\/\/biochimie.umontreal.ca\/en\/department\/\"},{\"@type\":\"ListItem\",\"position\":3,\"name\":\"Directories\",\"item\":\"https:\/\/biochimie.umontreal.ca\/en\/department\/directories\/\"},{\"@type\":\"ListItem\",\"position\":4,\"name\":\"Accredited professors\",\"item\":\"https:\/\/biochimie.umontreal.ca\/en\/department\/directories\/accredited-professors\/\"},{\"@type\":\"ListItem\",\"position\":5,\"name\":\"Andr\u00e9 Tremblay\"}]},{\"@type\":\"WebSite\",\"@id\":\"https:\/\/biochimie.umontreal.ca\/#website\",\"url\":\"https:\/\/biochimie.umontreal.ca\/\",\"name\":\"D\u00e9partement de biochimie et m\u00e9decine mol\u00e9culaire\",\"description\":\"\",\"potentialAction\":[{\"@type\":\"SearchAction\",\"target\":{\"@type\":\"EntryPoint\",\"urlTemplate\":\"https:\/\/biochimie.umontreal.ca\/?s={search_term_string}\"},\"query-input\":{\"@type\":\"PropertyValueSpecification\",\"valueRequired\":true,\"valueName\":\"search_term_string\"}}],\"inLanguage\":\"en-US\"}]}<\/script>\n<!-- \/ Yoast SEO plugin. -->","yoast_head_json":{"title":"Andr\u00e9 Tremblay - D\u00e9partement de biochimie et m\u00e9decine mol\u00e9culaire","robots":{"index":"index","follow":"follow","max-snippet":"max-snippet:-1","max-image-preview":"max-image-preview:large","max-video-preview":"max-video-preview:-1"},"canonical":"https:\/\/biochimie.umontreal.ca\/en\/department\/directories\/accredited-professors\/andre-tremblay\/","og_locale":"en_US","og_type":"article","og_title":"Andr\u00e9 Tremblay - D\u00e9partement de biochimie et m\u00e9decine mol\u00e9culaire","og_description":"Accredited Professor Coordonn\u00e9es Centre de Recherche CHU Sainte-Justine 3175, chemin C\u00f4te-Ste-Catherine Montr\u00e9al (Qu\u00e9bec) H3T 1C5 . T 514 345-4931, poste 2830 F 514 345-4988 andre.tremblay@recherche-ste-justine.qc.ca Themes Nuclear receptors are part [&hellip;]","og_url":"https:\/\/biochimie.umontreal.ca\/en\/department\/directories\/accredited-professors\/andre-tremblay\/","og_site_name":"D\u00e9partement de biochimie et m\u00e9decine mol\u00e9culaire","article_modified_time":"2016-11-11T21:21:26+00:00","og_image":[{"url":"https:\/\/biochimie.umontreal.ca\/wp-content\/uploads\/sites\/37\/2012\/07\/andre_tremblay.jpg","type":"","width":"","height":""}],"twitter_card":"summary_large_image","twitter_misc":{"Est. reading time":"2 minutes"},"schema":{"@context":"https:\/\/schema.org","@graph":[{"@type":"WebPage","@id":"https:\/\/biochimie.umontreal.ca\/en\/department\/directories\/accredited-professors\/andre-tremblay\/","url":"https:\/\/biochimie.umontreal.ca\/en\/department\/directories\/accredited-professors\/andre-tremblay\/","name":"Andr\u00e9 Tremblay - D\u00e9partement de biochimie et m\u00e9decine mol\u00e9culaire","isPartOf":{"@id":"https:\/\/biochimie.umontreal.ca\/#website"},"primaryImageOfPage":{"@id":"https:\/\/biochimie.umontreal.ca\/en\/department\/directories\/accredited-professors\/andre-tremblay\/#primaryimage"},"image":{"@id":"https:\/\/biochimie.umontreal.ca\/en\/department\/directories\/accredited-professors\/andre-tremblay\/#primaryimage"},"thumbnailUrl":"https:\/\/biochimie.umontreal.ca\/wp-content\/uploads\/sites\/37\/2012\/07\/andre_tremblay.jpg","datePublished":"2016-11-11T19:11:04+00:00","dateModified":"2016-11-11T21:21:26+00:00","breadcrumb":{"@id":"https:\/\/biochimie.umontreal.ca\/en\/department\/directories\/accredited-professors\/andre-tremblay\/#breadcrumb"},"inLanguage":"en-US","potentialAction":[{"@type":"ReadAction","target":["https:\/\/biochimie.umontreal.ca\/en\/department\/directories\/accredited-professors\/andre-tremblay\/"]}]},{"@type":"ImageObject","inLanguage":"en-US","@id":"https:\/\/biochimie.umontreal.ca\/en\/department\/directories\/accredited-professors\/andre-tremblay\/#primaryimage","url":"https:\/\/biochimie.umontreal.ca\/wp-content\/uploads\/sites\/37\/2012\/07\/andre_tremblay.jpg","contentUrl":"https:\/\/biochimie.umontreal.ca\/wp-content\/uploads\/sites\/37\/2012\/07\/andre_tremblay.jpg"},{"@type":"BreadcrumbList","@id":"https:\/\/biochimie.umontreal.ca\/en\/department\/directories\/accredited-professors\/andre-tremblay\/#breadcrumb","itemListElement":[{"@type":"ListItem","position":1,"name":"Accueil","item":"https:\/\/biochimie.umontreal.ca\/en\/"},{"@type":"ListItem","position":2,"name":"Department","item":"https:\/\/biochimie.umontreal.ca\/en\/department\/"},{"@type":"ListItem","position":3,"name":"Directories","item":"https:\/\/biochimie.umontreal.ca\/en\/department\/directories\/"},{"@type":"ListItem","position":4,"name":"Accredited professors","item":"https:\/\/biochimie.umontreal.ca\/en\/department\/directories\/accredited-professors\/"},{"@type":"ListItem","position":5,"name":"Andr\u00e9 Tremblay"}]},{"@type":"WebSite","@id":"https:\/\/biochimie.umontreal.ca\/#website","url":"https:\/\/biochimie.umontreal.ca\/","name":"D\u00e9partement de biochimie et m\u00e9decine mol\u00e9culaire","description":"","potentialAction":[{"@type":"SearchAction","target":{"@type":"EntryPoint","urlTemplate":"https:\/\/biochimie.umontreal.ca\/?s={search_term_string}"},"query-input":{"@type":"PropertyValueSpecification","valueRequired":true,"valueName":"search_term_string"}}],"inLanguage":"en-US"}]}},"_links":{"self":[{"href":"https:\/\/biochimie.umontreal.ca\/en\/wp-json\/wp\/v2\/pages\/14880","targetHints":{"allow":["GET"]}}],"collection":[{"href":"https:\/\/biochimie.umontreal.ca\/en\/wp-json\/wp\/v2\/pages"}],"about":[{"href":"https:\/\/biochimie.umontreal.ca\/en\/wp-json\/wp\/v2\/types\/page"}],"author":[{"embeddable":true,"href":"https:\/\/biochimie.umontreal.ca\/en\/wp-json\/wp\/v2\/users\/25"}],"replies":[{"embeddable":true,"href":"https:\/\/biochimie.umontreal.ca\/en\/wp-json\/wp\/v2\/comments?post=14880"}],"version-history":[{"count":2,"href":"https:\/\/biochimie.umontreal.ca\/en\/wp-json\/wp\/v2\/pages\/14880\/revisions"}],"predecessor-version":[{"id":15018,"href":"https:\/\/biochimie.umontreal.ca\/en\/wp-json\/wp\/v2\/pages\/14880\/revisions\/15018"}],"up":[{"embeddable":true,"href":"https:\/\/biochimie.umontreal.ca\/en\/wp-json\/wp\/v2\/pages\/14887"}],"wp:attachment":[{"href":"https:\/\/biochimie.umontreal.ca\/en\/wp-json\/wp\/v2\/media?parent=14880"}],"curies":[{"name":"wp","href":"https:\/\/api.w.org\/{rel}","templated":true}]}}