{"id":14874,"date":"2016-11-11T14:05:16","date_gmt":"2016-11-11T19:05:16","guid":{"rendered":"http:\/\/biochimie.umontreal.ca\/en\/?page_id=14874"},"modified":"2016-11-11T14:05:16","modified_gmt":"2016-11-11T19:05:16","slug":"alexis-vallee-belisle","status":"publish","type":"page","link":"https:\/\/biochimie.umontreal.ca\/en\/department\/directories\/accredited-professors\/alexis-vallee-belisle\/","title":{"rendered":"Alexis Vall\u00e9e-B\u00e9lisle"},"content":{"rendered":"<h2>Accredited Professor<\/h2>\n<table>\n<tbody>\n<tr>\n<td style=\"vertical-align: middle;\"><img loading=\"lazy\" decoding=\"async\" src=\"https:\/\/biochimie.umontreal.ca\/wp-content\/uploads\/sites\/37\/2014\/03\/vallee-belisle-300x187.jpg\" alt=\"vallee-belisle\" class=\"size-medium wp-image-11861 alignnone\" height=\"187\" width=\"300\" srcset=\"https:\/\/biochimie.umontreal.ca\/wp-content\/uploads\/sites\/37\/2014\/03\/vallee-belisle-300x188.jpg 300w, https:\/\/biochimie.umontreal.ca\/wp-content\/uploads\/sites\/37\/2014\/03\/vallee-belisle.jpg 301w\" sizes=\"auto, (max-width: 300px) 100vw, 300px\" \/><\/td>\n<td style=\"vertical-align: top;\">\n<h2>Contact Information<\/h2>\n<p>D\u00e9partement de chimie<br \/>\nUniversit\u00e9 de Montr\u00e9al<br \/>\nPavillon Roger-Gaudry, bureau F-507<br \/>\nC.P. 6128, Succ. Centre-ville<br \/>\nMontr\u00e9al (Qu\u00e9bec)<br \/>\nH3C 3J7<\/td>\n<td style=\"vertical-align: top;\">\n<h2><span style=\"color: #ffffff;\">.<\/span><\/h2>\n<p><strong>T<\/strong> 514 343-6219<br \/>\n<a href=\"mailto:a.vallee-belisle@umontreal.ca\">a.vallee-belisle@umontreal.ca<\/a><br \/>\n<a href=\"http:\/\/www.nanomachineslab.org\">Site web<\/a><\/td>\n<\/tr>\n<\/tbody>\n<\/table>\n<table>\n<tbody>\n<tr>\n<td>\n<h2>Themes<\/h2>\n<p>Canada Research Chair in Bioengineering and Bio-nanotechnology.\u00a0Biosensors and nanomachines are being created by employing biopolymer scaffolds for use in medicine (diagnostics, smart drug delivery), environmental science (detection and elimination of contaminants\/pathogens), and industrial synthesis (smart catalysts, green chemistry). Approaches for diagnosing\/treating diseases, and detecting\/eliminating pollutants are generally expensive, and require highly qualified personnel. Nature has found many solutions to these kinds of problems by evolving molecular machines that perform relevant tasks efficiently using minimal energy and generating environmentally benign waste products. Inspired by Nature, my laboratory is developing\u00a0similar artificial molecular machines for\u00a0inexpensive biotechnologies aimed at improving global health and environmental issues. \u00a0Combining classical tools in organic chemistry with modern techniques for biochemistry, molecular biology and electrochemistry, my laboratory seeks to prepare nanodevices with high sensitivity and tunable properties for diagnosing, catalyzing or performing other activities in various media.<\/td>\n<\/tr>\n<\/tbody>\n<\/table>\n","protected":false},"excerpt":{"rendered":"<p>Accredited Professor Contact Information D\u00e9partement de chimie Universit\u00e9 de Montr\u00e9al Pavillon Roger-Gaudry, bureau F-507 C.P. 6128, Succ. Centre-ville Montr\u00e9al (Qu\u00e9bec) H3C 3J7 . T 514 343-6219 a.vallee-belisle@umontreal.ca Site web Themes [&hellip;]<\/p>\n","protected":false},"author":25,"featured_media":0,"parent":14887,"menu_order":0,"comment_status":"closed","ping_status":"closed","template":"","meta":{"footnotes":""},"class_list":["post-14874","page","type-page","status-publish","hentry"],"yoast_head":"<!-- This site is optimized with the Yoast SEO plugin v25.0 - https:\/\/yoast.com\/wordpress\/plugins\/seo\/ -->\n<title>Alexis Vall\u00e9e-B\u00e9lisle - D\u00e9partement de biochimie et m\u00e9decine mol\u00e9culaire<\/title>\n<meta name=\"robots\" content=\"index, follow, max-snippet:-1, max-image-preview:large, max-video-preview:-1\" \/>\n<link rel=\"canonical\" href=\"https:\/\/biochimie.umontreal.ca\/en\/department\/directories\/accredited-professors\/alexis-vallee-belisle\/\" \/>\n<meta property=\"og:locale\" content=\"en_US\" \/>\n<meta property=\"og:type\" content=\"article\" \/>\n<meta property=\"og:title\" content=\"Alexis Vall\u00e9e-B\u00e9lisle - D\u00e9partement de biochimie et m\u00e9decine mol\u00e9culaire\" \/>\n<meta property=\"og:description\" content=\"Accredited Professor Contact Information D\u00e9partement de chimie Universit\u00e9 de Montr\u00e9al Pavillon Roger-Gaudry, bureau F-507 C.P. 6128, Succ. Centre-ville Montr\u00e9al (Qu\u00e9bec) H3C 3J7 . T 514 343-6219 a.vallee-belisle@umontreal.ca Site web Themes [&hellip;]\" \/>\n<meta property=\"og:url\" content=\"https:\/\/biochimie.umontreal.ca\/en\/department\/directories\/accredited-professors\/alexis-vallee-belisle\/\" \/>\n<meta property=\"og:site_name\" content=\"D\u00e9partement de biochimie et m\u00e9decine mol\u00e9culaire\" \/>\n<meta property=\"og:image\" content=\"https:\/\/biochimie.umontreal.ca\/wp-content\/uploads\/sites\/37\/2014\/03\/vallee-belisle-300x187.jpg\" \/>\n<meta name=\"twitter:card\" content=\"summary_large_image\" \/>\n<meta name=\"twitter:label1\" content=\"Est. reading time\" \/>\n\t<meta name=\"twitter:data1\" content=\"1 minute\" \/>\n<script type=\"application\/ld+json\" class=\"yoast-schema-graph\">{\"@context\":\"https:\/\/schema.org\",\"@graph\":[{\"@type\":\"WebPage\",\"@id\":\"https:\/\/biochimie.umontreal.ca\/en\/department\/directories\/accredited-professors\/alexis-vallee-belisle\/\",\"url\":\"https:\/\/biochimie.umontreal.ca\/en\/department\/directories\/accredited-professors\/alexis-vallee-belisle\/\",\"name\":\"Alexis Vall\u00e9e-B\u00e9lisle - D\u00e9partement de biochimie et m\u00e9decine mol\u00e9culaire\",\"isPartOf\":{\"@id\":\"https:\/\/biochimie.umontreal.ca\/#website\"},\"primaryImageOfPage\":{\"@id\":\"https:\/\/biochimie.umontreal.ca\/en\/department\/directories\/accredited-professors\/alexis-vallee-belisle\/#primaryimage\"},\"image\":{\"@id\":\"https:\/\/biochimie.umontreal.ca\/en\/department\/directories\/accredited-professors\/alexis-vallee-belisle\/#primaryimage\"},\"thumbnailUrl\":\"https:\/\/biochimie.umontreal.ca\/wp-content\/uploads\/sites\/37\/2014\/03\/vallee-belisle-300x187.jpg\",\"datePublished\":\"2016-11-11T19:05:16+00:00\",\"breadcrumb\":{\"@id\":\"https:\/\/biochimie.umontreal.ca\/en\/department\/directories\/accredited-professors\/alexis-vallee-belisle\/#breadcrumb\"},\"inLanguage\":\"en-US\",\"potentialAction\":[{\"@type\":\"ReadAction\",\"target\":[\"https:\/\/biochimie.umontreal.ca\/en\/department\/directories\/accredited-professors\/alexis-vallee-belisle\/\"]}]},{\"@type\":\"ImageObject\",\"inLanguage\":\"en-US\",\"@id\":\"https:\/\/biochimie.umontreal.ca\/en\/department\/directories\/accredited-professors\/alexis-vallee-belisle\/#primaryimage\",\"url\":\"https:\/\/biochimie.umontreal.ca\/wp-content\/uploads\/sites\/37\/2014\/03\/vallee-belisle-300x187.jpg\",\"contentUrl\":\"https:\/\/biochimie.umontreal.ca\/wp-content\/uploads\/sites\/37\/2014\/03\/vallee-belisle-300x187.jpg\"},{\"@type\":\"BreadcrumbList\",\"@id\":\"https:\/\/biochimie.umontreal.ca\/en\/department\/directories\/accredited-professors\/alexis-vallee-belisle\/#breadcrumb\",\"itemListElement\":[{\"@type\":\"ListItem\",\"position\":1,\"name\":\"Accueil\",\"item\":\"https:\/\/biochimie.umontreal.ca\/en\/\"},{\"@type\":\"ListItem\",\"position\":2,\"name\":\"Department\",\"item\":\"https:\/\/biochimie.umontreal.ca\/en\/department\/\"},{\"@type\":\"ListItem\",\"position\":3,\"name\":\"Directories\",\"item\":\"https:\/\/biochimie.umontreal.ca\/en\/department\/directories\/\"},{\"@type\":\"ListItem\",\"position\":4,\"name\":\"Accredited professors\",\"item\":\"https:\/\/biochimie.umontreal.ca\/en\/department\/directories\/accredited-professors\/\"},{\"@type\":\"ListItem\",\"position\":5,\"name\":\"Alexis Vall\u00e9e-B\u00e9lisle\"}]},{\"@type\":\"WebSite\",\"@id\":\"https:\/\/biochimie.umontreal.ca\/#website\",\"url\":\"https:\/\/biochimie.umontreal.ca\/\",\"name\":\"D\u00e9partement de biochimie et m\u00e9decine mol\u00e9culaire\",\"description\":\"\",\"potentialAction\":[{\"@type\":\"SearchAction\",\"target\":{\"@type\":\"EntryPoint\",\"urlTemplate\":\"https:\/\/biochimie.umontreal.ca\/?s={search_term_string}\"},\"query-input\":{\"@type\":\"PropertyValueSpecification\",\"valueRequired\":true,\"valueName\":\"search_term_string\"}}],\"inLanguage\":\"en-US\"}]}<\/script>\n<!-- \/ Yoast SEO plugin. -->","yoast_head_json":{"title":"Alexis Vall\u00e9e-B\u00e9lisle - D\u00e9partement de biochimie et m\u00e9decine mol\u00e9culaire","robots":{"index":"index","follow":"follow","max-snippet":"max-snippet:-1","max-image-preview":"max-image-preview:large","max-video-preview":"max-video-preview:-1"},"canonical":"https:\/\/biochimie.umontreal.ca\/en\/department\/directories\/accredited-professors\/alexis-vallee-belisle\/","og_locale":"en_US","og_type":"article","og_title":"Alexis Vall\u00e9e-B\u00e9lisle - D\u00e9partement de biochimie et m\u00e9decine mol\u00e9culaire","og_description":"Accredited Professor Contact Information D\u00e9partement de chimie Universit\u00e9 de Montr\u00e9al Pavillon Roger-Gaudry, bureau F-507 C.P. 6128, Succ. Centre-ville Montr\u00e9al (Qu\u00e9bec) H3C 3J7 . T 514 343-6219 a.vallee-belisle@umontreal.ca Site web Themes [&hellip;]","og_url":"https:\/\/biochimie.umontreal.ca\/en\/department\/directories\/accredited-professors\/alexis-vallee-belisle\/","og_site_name":"D\u00e9partement de biochimie et m\u00e9decine mol\u00e9culaire","og_image":[{"url":"https:\/\/biochimie.umontreal.ca\/wp-content\/uploads\/sites\/37\/2014\/03\/vallee-belisle-300x187.jpg","type":"","width":"","height":""}],"twitter_card":"summary_large_image","twitter_misc":{"Est. reading time":"1 minute"},"schema":{"@context":"https:\/\/schema.org","@graph":[{"@type":"WebPage","@id":"https:\/\/biochimie.umontreal.ca\/en\/department\/directories\/accredited-professors\/alexis-vallee-belisle\/","url":"https:\/\/biochimie.umontreal.ca\/en\/department\/directories\/accredited-professors\/alexis-vallee-belisle\/","name":"Alexis Vall\u00e9e-B\u00e9lisle - D\u00e9partement de biochimie et m\u00e9decine mol\u00e9culaire","isPartOf":{"@id":"https:\/\/biochimie.umontreal.ca\/#website"},"primaryImageOfPage":{"@id":"https:\/\/biochimie.umontreal.ca\/en\/department\/directories\/accredited-professors\/alexis-vallee-belisle\/#primaryimage"},"image":{"@id":"https:\/\/biochimie.umontreal.ca\/en\/department\/directories\/accredited-professors\/alexis-vallee-belisle\/#primaryimage"},"thumbnailUrl":"https:\/\/biochimie.umontreal.ca\/wp-content\/uploads\/sites\/37\/2014\/03\/vallee-belisle-300x187.jpg","datePublished":"2016-11-11T19:05:16+00:00","breadcrumb":{"@id":"https:\/\/biochimie.umontreal.ca\/en\/department\/directories\/accredited-professors\/alexis-vallee-belisle\/#breadcrumb"},"inLanguage":"en-US","potentialAction":[{"@type":"ReadAction","target":["https:\/\/biochimie.umontreal.ca\/en\/department\/directories\/accredited-professors\/alexis-vallee-belisle\/"]}]},{"@type":"ImageObject","inLanguage":"en-US","@id":"https:\/\/biochimie.umontreal.ca\/en\/department\/directories\/accredited-professors\/alexis-vallee-belisle\/#primaryimage","url":"https:\/\/biochimie.umontreal.ca\/wp-content\/uploads\/sites\/37\/2014\/03\/vallee-belisle-300x187.jpg","contentUrl":"https:\/\/biochimie.umontreal.ca\/wp-content\/uploads\/sites\/37\/2014\/03\/vallee-belisle-300x187.jpg"},{"@type":"BreadcrumbList","@id":"https:\/\/biochimie.umontreal.ca\/en\/department\/directories\/accredited-professors\/alexis-vallee-belisle\/#breadcrumb","itemListElement":[{"@type":"ListItem","position":1,"name":"Accueil","item":"https:\/\/biochimie.umontreal.ca\/en\/"},{"@type":"ListItem","position":2,"name":"Department","item":"https:\/\/biochimie.umontreal.ca\/en\/department\/"},{"@type":"ListItem","position":3,"name":"Directories","item":"https:\/\/biochimie.umontreal.ca\/en\/department\/directories\/"},{"@type":"ListItem","position":4,"name":"Accredited professors","item":"https:\/\/biochimie.umontreal.ca\/en\/department\/directories\/accredited-professors\/"},{"@type":"ListItem","position":5,"name":"Alexis Vall\u00e9e-B\u00e9lisle"}]},{"@type":"WebSite","@id":"https:\/\/biochimie.umontreal.ca\/#website","url":"https:\/\/biochimie.umontreal.ca\/","name":"D\u00e9partement de biochimie et m\u00e9decine mol\u00e9culaire","description":"","potentialAction":[{"@type":"SearchAction","target":{"@type":"EntryPoint","urlTemplate":"https:\/\/biochimie.umontreal.ca\/?s={search_term_string}"},"query-input":{"@type":"PropertyValueSpecification","valueRequired":true,"valueName":"search_term_string"}}],"inLanguage":"en-US"}]}},"_links":{"self":[{"href":"https:\/\/biochimie.umontreal.ca\/en\/wp-json\/wp\/v2\/pages\/14874","targetHints":{"allow":["GET"]}}],"collection":[{"href":"https:\/\/biochimie.umontreal.ca\/en\/wp-json\/wp\/v2\/pages"}],"about":[{"href":"https:\/\/biochimie.umontreal.ca\/en\/wp-json\/wp\/v2\/types\/page"}],"author":[{"embeddable":true,"href":"https:\/\/biochimie.umontreal.ca\/en\/wp-json\/wp\/v2\/users\/25"}],"replies":[{"embeddable":true,"href":"https:\/\/biochimie.umontreal.ca\/en\/wp-json\/wp\/v2\/comments?post=14874"}],"version-history":[{"count":1,"href":"https:\/\/biochimie.umontreal.ca\/en\/wp-json\/wp\/v2\/pages\/14874\/revisions"}],"predecessor-version":[{"id":14875,"href":"https:\/\/biochimie.umontreal.ca\/en\/wp-json\/wp\/v2\/pages\/14874\/revisions\/14875"}],"up":[{"embeddable":true,"href":"https:\/\/biochimie.umontreal.ca\/en\/wp-json\/wp\/v2\/pages\/14887"}],"wp:attachment":[{"href":"https:\/\/biochimie.umontreal.ca\/en\/wp-json\/wp\/v2\/media?parent=14874"}],"curies":[{"name":"wp","href":"https:\/\/api.w.org\/{rel}","templated":true}]}}