{"id":13526,"date":"2016-05-30T14:23:19","date_gmt":"2016-05-30T13:23:19","guid":{"rendered":"http:\/\/biochimie.umontreal.ca\/en\/?page_id=13526"},"modified":"2019-10-07T14:56:02","modified_gmt":"2019-10-07T18:56:02","slug":"christian-baron","status":"publish","type":"page","link":"https:\/\/biochimie.umontreal.ca\/en\/department\/christian-baron\/","title":{"rendered":"Christian Baron"},"content":{"rendered":"<h2>Professor<\/h2>\n<table>\n<tbody>\n<tr>\n<td><img loading=\"lazy\" decoding=\"async\" src=\"https:\/\/biochimie.umontreal.ca\/wp-content\/uploads\/sites\/37\/2014\/11\/Baron.jpg\" alt=\"Baron\" class=\"alignnone size-full wp-image-7885\" width=\"181\" height=\"181\" srcset=\"https:\/\/biochimie.umontreal.ca\/wp-content\/uploads\/sites\/37\/2014\/11\/Baron.jpg 181w, https:\/\/biochimie.umontreal.ca\/wp-content\/uploads\/sites\/37\/2014\/11\/Baron-150x150.jpg 150w\" sizes=\"auto, (max-width: 181px) 100vw, 181px\" \/><\/td>\n<td style=\"vertical-align: top\">\n<h2>Contact Information<\/h2>\n<p>D\u00e9partement de biochimie<br \/>\nFacult\u00e9 de m\u00e9decine<br \/>\nUniversit\u00e9 de Montr\u00e9al<br \/>\nPavillon Roger-Gaudry, room B-333<br \/>\nC.P. 6128, Succ. Centre-ville<br \/>\nMontr\u00e9al (Qu\u00e9bec)<br \/>\nH3C 3J7<\/td>\n<td style=\"vertical-align: top\">\n<h2><span style=\"color: #ffffff\">.<br \/>\n<\/span><\/h2>\n<p><strong>P<\/strong> 514 343-6111 ext. 3747<br \/>\n<strong>F<\/strong> 514 343-2210<br \/>\n<a href=\"mailto:christian.baron@umontreal.ca\">christian.baron@umontreal.ca<\/a><\/td>\n<\/tr>\n<\/tbody>\n<\/table>\n<table>\n<tbody>\n<tr>\n<td>\n<h3>Themes<\/h3>\n<ul>\n<li>Funtional proteomics<\/li>\n<li>Structural and chemical biology<\/li>\n<li>Drug design<\/li>\n<\/ul>\n<p><strong>Cellular dynamics of protein complexes<\/strong>The sequencing of genomes and following proteomics analyses have revolutionized our understanding of fundamental processes in living organisms. The next challenge of research will be to understand the dynamic interactions between cell components, for example between proteins and their complexes that determine cell structure and most cellular processes. Our laboratory conducts research on two different projects:<strong>1. Type IV secretion systems \u2013<\/strong> a group of 12 proteins in the bacterial cell envelope. They assemble into a complex that transfers macromolecules (DNA or proteins) into other bacteria or into eukaryotic cells. The translocation of proteins into eukaryotic cells facilitates bacterial survival and is important for many pathogens. In addition, type IV secretion systems transfer DNA molecules between bacteria and this contributes to the spread of antibiotic resistance genes. The goal of our research is to understand the assembly process and the mechanism of type IV secretion systems. Based on the results of our work, we will develop small molecule inhibitors for basic research on protein complexes as well as anti-virulence drugs that disarm bacterial pathogens and improve the treatment of infectious diseases.<strong>2. Biosynthesis and incorporation of selenocysteine into proteins<\/strong> \u2013 The 21st amino acid selenocysteine is present at the active site of many enzymes and it is essential for human life. Selenocysteine biosynthesis proceeds attached to a specific tRNA and necessitates several proteins as well as specialized translation factors that guide the incorporation at UGA codons of certain mRNAs. Goal of our research is to understand the molecular basis and the dynamics of protein and RNA interactions involved in selenocysteine metabolism. This work will contribute to the understanding of human diseases that are linked to the functioning of selenoproteins.In our laboratory we apply methods of molecular biology, protein biochemistry, structural and chemical biology and of high-thoughput screening, which provides the members of our group with broad experience. We are members of a trans-Canadian training program with shared research interests in the cellular dynamics of macromolecular complexes (CDMC) and we also pursue collaborations with members of the membrane protein research group (<a href=\"http:\/\/www.geprom.umontreal.ca\/en\/index.html\">G\u00c9PROM<\/a>) and of the medicament research group (<a href=\"https:\/\/pharm.umontreal.ca\/recherche\/chaires-centres-et-groupe-de-recherche\/unite\/ur\/ur13794\/sg\/Groupe%20de%20recherche%20universitaire%20sur%20le%20m%C3%A9dicament\/\">GRUM<\/a>).<\/td>\n<\/tr>\n<\/tbody>\n<\/table>\n<p>Facebook :\u00a0 <a href=\"https:\/\/www.facebook.com\/christian.baron.75\">Christian Baron<\/a>, <a href=\"https:\/\/www.facebook.com\/CSMB.SCBM?ref=hl\">Soci\u00e9t\u00e9 canadienne pour les biosciences mol\u00e9culaires<\/a><\/p>\n<h3>Publications<\/h3>\n<ul>\n<li>Baron, C. (2013) A novel strategy to target bacterial virulence. Future Microbiol. 8:1-3<\/li>\n<li>Smith, M.A., Coin\u00e7on, M., Paschos, A., Jolicoeur, B., Lavall\u00e9e, P., Sygusch, J. and Baron, C. (2012) Identification of the binding site of <i>Brucella <\/i>VirB8 interaction inhibitors. <i>Chemistry and Biology <\/i>19:1041-8<\/li>\n<li>Villamil-Giraldo, A.-M., Sivanesan, D., Carle, A., Paschos, A., Smith, M. A., Plesa, M., Coulton, J. and Baron, C. (2012) The type IV secretion system core component VirB8 from <i>Brucella <\/i>binds to the globular domain of VirB5 and to a periplasmic domain of VirB6. <i>Biochemistry <\/i>51: 3391-3390<\/li>\n<li>Sivanesan, D. and Baron, C. (2011) The dimer interface of <em>Agrobacterium tumefaciens <\/em>VirB8 is important for type IV secretion system function, stability, and association of VirB2 with the core complex. J. Bacteriol. 193:2097-106<\/li>\n<li>Paschos, A., den Hartigh, A., Smith, M.A., Atluri, V.L., Sivanesan, D., Tsolis, R.M. and Baron, C. (2011) An <em>in vivo<\/em> high-throughput screening approach targeting the type IV secretion system component VirB8 identified inhibitors of <em>Brucella abortus<\/em> 2308 proliferation. Infect .Immun. 79:1033-43<\/li>\n<li>Sivanesan, D., Hancock, M.A., Villamil Giraldo, A.M., Baron, C. (2010) Quantitative analysis of VirB8-VirB9-VirB10 interactions provides a dynamic model of type IV secretion system core complex assembly. Biochemistry 49:4483\u20134493<\/li>\n<li>Baron, C. (2010) Antivirulence drugs to target bacterial secretion systems. Curr. Opin. Microbiol. 13:100-1055.<\/li>\n<\/ul>\n","protected":false},"excerpt":{"rendered":"<p>Professor Contact Information D\u00e9partement de biochimie Facult\u00e9 de m\u00e9decine Universit\u00e9 de Montr\u00e9al Pavillon Roger-Gaudry, room B-333 C.P. 6128, Succ. Centre-ville Montr\u00e9al (Qu\u00e9bec) H3C 3J7 . P 514 343-6111 ext. 3747 [&hellip;]<\/p>\n","protected":false},"author":92,"featured_media":0,"parent":11439,"menu_order":0,"comment_status":"closed","ping_status":"closed","template":"","meta":{"footnotes":""},"class_list":["post-13526","page","type-page","status-publish","hentry"],"yoast_head":"<!-- This site is optimized with the Yoast SEO plugin v25.0 - https:\/\/yoast.com\/wordpress\/plugins\/seo\/ -->\n<title>Christian Baron - D\u00e9partement de biochimie et m\u00e9decine mol\u00e9culaire<\/title>\n<meta name=\"robots\" content=\"index, follow, max-snippet:-1, max-image-preview:large, max-video-preview:-1\" \/>\n<link rel=\"canonical\" href=\"https:\/\/biochimie.umontreal.ca\/en\/department\/christian-baron\/\" \/>\n<meta property=\"og:locale\" content=\"en_US\" \/>\n<meta property=\"og:type\" content=\"article\" \/>\n<meta property=\"og:title\" content=\"Christian Baron - D\u00e9partement de biochimie et m\u00e9decine mol\u00e9culaire\" \/>\n<meta property=\"og:description\" content=\"Professor Contact Information D\u00e9partement de biochimie Facult\u00e9 de m\u00e9decine Universit\u00e9 de Montr\u00e9al Pavillon Roger-Gaudry, room B-333 C.P. 6128, Succ. Centre-ville Montr\u00e9al (Qu\u00e9bec) H3C 3J7 . P 514 343-6111 ext. 3747 [&hellip;]\" \/>\n<meta property=\"og:url\" content=\"https:\/\/biochimie.umontreal.ca\/en\/department\/christian-baron\/\" \/>\n<meta property=\"og:site_name\" content=\"D\u00e9partement de biochimie et m\u00e9decine mol\u00e9culaire\" \/>\n<meta property=\"article:modified_time\" content=\"2019-10-07T18:56:02+00:00\" \/>\n<meta property=\"og:image\" content=\"https:\/\/biochimie.umontreal.ca\/wp-content\/uploads\/sites\/37\/2014\/11\/Baron.jpg\" \/>\n<meta name=\"twitter:card\" content=\"summary_large_image\" \/>\n<meta name=\"twitter:label1\" content=\"Est. reading time\" \/>\n\t<meta name=\"twitter:data1\" content=\"3 minutes\" \/>\n<script type=\"application\/ld+json\" class=\"yoast-schema-graph\">{\"@context\":\"https:\/\/schema.org\",\"@graph\":[{\"@type\":\"WebPage\",\"@id\":\"https:\/\/biochimie.umontreal.ca\/en\/department\/christian-baron\/\",\"url\":\"https:\/\/biochimie.umontreal.ca\/en\/department\/christian-baron\/\",\"name\":\"Christian Baron - D\u00e9partement de biochimie et m\u00e9decine mol\u00e9culaire\",\"isPartOf\":{\"@id\":\"https:\/\/biochimie.umontreal.ca\/#website\"},\"primaryImageOfPage\":{\"@id\":\"https:\/\/biochimie.umontreal.ca\/en\/department\/christian-baron\/#primaryimage\"},\"image\":{\"@id\":\"https:\/\/biochimie.umontreal.ca\/en\/department\/christian-baron\/#primaryimage\"},\"thumbnailUrl\":\"https:\/\/biochimie.umontreal.ca\/wp-content\/uploads\/sites\/37\/2014\/11\/Baron.jpg\",\"datePublished\":\"2016-05-30T13:23:19+00:00\",\"dateModified\":\"2019-10-07T18:56:02+00:00\",\"breadcrumb\":{\"@id\":\"https:\/\/biochimie.umontreal.ca\/en\/department\/christian-baron\/#breadcrumb\"},\"inLanguage\":\"en-US\",\"potentialAction\":[{\"@type\":\"ReadAction\",\"target\":[\"https:\/\/biochimie.umontreal.ca\/en\/department\/christian-baron\/\"]}]},{\"@type\":\"ImageObject\",\"inLanguage\":\"en-US\",\"@id\":\"https:\/\/biochimie.umontreal.ca\/en\/department\/christian-baron\/#primaryimage\",\"url\":\"https:\/\/biochimie.umontreal.ca\/wp-content\/uploads\/sites\/37\/2014\/11\/Baron.jpg\",\"contentUrl\":\"https:\/\/biochimie.umontreal.ca\/wp-content\/uploads\/sites\/37\/2014\/11\/Baron.jpg\"},{\"@type\":\"BreadcrumbList\",\"@id\":\"https:\/\/biochimie.umontreal.ca\/en\/department\/christian-baron\/#breadcrumb\",\"itemListElement\":[{\"@type\":\"ListItem\",\"position\":1,\"name\":\"Accueil\",\"item\":\"https:\/\/biochimie.umontreal.ca\/en\/\"},{\"@type\":\"ListItem\",\"position\":2,\"name\":\"Department\",\"item\":\"https:\/\/biochimie.umontreal.ca\/en\/department\/\"},{\"@type\":\"ListItem\",\"position\":3,\"name\":\"Christian Baron\"}]},{\"@type\":\"WebSite\",\"@id\":\"https:\/\/biochimie.umontreal.ca\/#website\",\"url\":\"https:\/\/biochimie.umontreal.ca\/\",\"name\":\"D\u00e9partement de biochimie et m\u00e9decine mol\u00e9culaire\",\"description\":\"\",\"potentialAction\":[{\"@type\":\"SearchAction\",\"target\":{\"@type\":\"EntryPoint\",\"urlTemplate\":\"https:\/\/biochimie.umontreal.ca\/?s={search_term_string}\"},\"query-input\":{\"@type\":\"PropertyValueSpecification\",\"valueRequired\":true,\"valueName\":\"search_term_string\"}}],\"inLanguage\":\"en-US\"}]}<\/script>\n<!-- \/ Yoast SEO plugin. -->","yoast_head_json":{"title":"Christian Baron - D\u00e9partement de biochimie et m\u00e9decine mol\u00e9culaire","robots":{"index":"index","follow":"follow","max-snippet":"max-snippet:-1","max-image-preview":"max-image-preview:large","max-video-preview":"max-video-preview:-1"},"canonical":"https:\/\/biochimie.umontreal.ca\/en\/department\/christian-baron\/","og_locale":"en_US","og_type":"article","og_title":"Christian Baron - D\u00e9partement de biochimie et m\u00e9decine mol\u00e9culaire","og_description":"Professor Contact Information D\u00e9partement de biochimie Facult\u00e9 de m\u00e9decine Universit\u00e9 de Montr\u00e9al Pavillon Roger-Gaudry, room B-333 C.P. 6128, Succ. Centre-ville Montr\u00e9al (Qu\u00e9bec) H3C 3J7 . P 514 343-6111 ext. 3747 [&hellip;]","og_url":"https:\/\/biochimie.umontreal.ca\/en\/department\/christian-baron\/","og_site_name":"D\u00e9partement de biochimie et m\u00e9decine mol\u00e9culaire","article_modified_time":"2019-10-07T18:56:02+00:00","og_image":[{"url":"https:\/\/biochimie.umontreal.ca\/wp-content\/uploads\/sites\/37\/2014\/11\/Baron.jpg","type":"","width":"","height":""}],"twitter_card":"summary_large_image","twitter_misc":{"Est. reading time":"3 minutes"},"schema":{"@context":"https:\/\/schema.org","@graph":[{"@type":"WebPage","@id":"https:\/\/biochimie.umontreal.ca\/en\/department\/christian-baron\/","url":"https:\/\/biochimie.umontreal.ca\/en\/department\/christian-baron\/","name":"Christian Baron - D\u00e9partement de biochimie et m\u00e9decine mol\u00e9culaire","isPartOf":{"@id":"https:\/\/biochimie.umontreal.ca\/#website"},"primaryImageOfPage":{"@id":"https:\/\/biochimie.umontreal.ca\/en\/department\/christian-baron\/#primaryimage"},"image":{"@id":"https:\/\/biochimie.umontreal.ca\/en\/department\/christian-baron\/#primaryimage"},"thumbnailUrl":"https:\/\/biochimie.umontreal.ca\/wp-content\/uploads\/sites\/37\/2014\/11\/Baron.jpg","datePublished":"2016-05-30T13:23:19+00:00","dateModified":"2019-10-07T18:56:02+00:00","breadcrumb":{"@id":"https:\/\/biochimie.umontreal.ca\/en\/department\/christian-baron\/#breadcrumb"},"inLanguage":"en-US","potentialAction":[{"@type":"ReadAction","target":["https:\/\/biochimie.umontreal.ca\/en\/department\/christian-baron\/"]}]},{"@type":"ImageObject","inLanguage":"en-US","@id":"https:\/\/biochimie.umontreal.ca\/en\/department\/christian-baron\/#primaryimage","url":"https:\/\/biochimie.umontreal.ca\/wp-content\/uploads\/sites\/37\/2014\/11\/Baron.jpg","contentUrl":"https:\/\/biochimie.umontreal.ca\/wp-content\/uploads\/sites\/37\/2014\/11\/Baron.jpg"},{"@type":"BreadcrumbList","@id":"https:\/\/biochimie.umontreal.ca\/en\/department\/christian-baron\/#breadcrumb","itemListElement":[{"@type":"ListItem","position":1,"name":"Accueil","item":"https:\/\/biochimie.umontreal.ca\/en\/"},{"@type":"ListItem","position":2,"name":"Department","item":"https:\/\/biochimie.umontreal.ca\/en\/department\/"},{"@type":"ListItem","position":3,"name":"Christian Baron"}]},{"@type":"WebSite","@id":"https:\/\/biochimie.umontreal.ca\/#website","url":"https:\/\/biochimie.umontreal.ca\/","name":"D\u00e9partement de biochimie et m\u00e9decine mol\u00e9culaire","description":"","potentialAction":[{"@type":"SearchAction","target":{"@type":"EntryPoint","urlTemplate":"https:\/\/biochimie.umontreal.ca\/?s={search_term_string}"},"query-input":{"@type":"PropertyValueSpecification","valueRequired":true,"valueName":"search_term_string"}}],"inLanguage":"en-US"}]}},"_links":{"self":[{"href":"https:\/\/biochimie.umontreal.ca\/en\/wp-json\/wp\/v2\/pages\/13526","targetHints":{"allow":["GET"]}}],"collection":[{"href":"https:\/\/biochimie.umontreal.ca\/en\/wp-json\/wp\/v2\/pages"}],"about":[{"href":"https:\/\/biochimie.umontreal.ca\/en\/wp-json\/wp\/v2\/types\/page"}],"author":[{"embeddable":true,"href":"https:\/\/biochimie.umontreal.ca\/en\/wp-json\/wp\/v2\/users\/92"}],"replies":[{"embeddable":true,"href":"https:\/\/biochimie.umontreal.ca\/en\/wp-json\/wp\/v2\/comments?post=13526"}],"version-history":[{"count":8,"href":"https:\/\/biochimie.umontreal.ca\/en\/wp-json\/wp\/v2\/pages\/13526\/revisions"}],"predecessor-version":[{"id":20088,"href":"https:\/\/biochimie.umontreal.ca\/en\/wp-json\/wp\/v2\/pages\/13526\/revisions\/20088"}],"up":[{"embeddable":true,"href":"https:\/\/biochimie.umontreal.ca\/en\/wp-json\/wp\/v2\/pages\/11439"}],"wp:attachment":[{"href":"https:\/\/biochimie.umontreal.ca\/en\/wp-json\/wp\/v2\/media?parent=13526"}],"curies":[{"name":"wp","href":"https:\/\/api.w.org\/{rel}","templated":true}]}}