{"id":1053,"date":"2012-06-26T14:49:02","date_gmt":"2012-06-26T13:49:02","guid":{"rendered":"http:\/\/biochimie.umontreal.ca\/?page_id=1053"},"modified":"2016-10-12T15:45:16","modified_gmt":"2016-10-12T19:45:16","slug":"luc-desgroseillers","status":"publish","type":"page","link":"https:\/\/biochimie.umontreal.ca\/en\/department\/luc-desgroseillers\/","title":{"rendered":"Luc DesGroseillers"},"content":{"rendered":"<h2>Professor and Director<\/h2>\n<table>\n<tbody>\n<tr>\n<td style=\"vertical-align: middle\"><img loading=\"lazy\" decoding=\"async\" class=\"alignnone size-full wp-image-1056\" title=\"luc_desgroseillers\" src=\"https:\/\/biochimie.umontreal.ca\/wp-content\/uploads\/sites\/37\/2012\/06\/luc_desgroseillers.jpg\" alt=\"\" height=\"120\" width=\"120\" \/><\/td>\n<td style=\"vertical-align: top\">\n<h2>Contact Information<\/h2>\n<p>D\u00e9partement de biochimie<br \/>\nFacult\u00e9 de M\u00e9decine<br \/>\nUniversit\u00e9 de Montr\u00e9al<br \/>\nPavillon Roger-Gaudry, room D-360-2<br \/>\nC.P. 6128, Succ. Centre-ville<br \/>\nMontr\u00e9al (Qu\u00e9bec)<br \/>\nH3C 3J7<\/td>\n<td style=\"vertical-align: top\">\n<h2><span style=\"color: #ffffff\">.<\/span><\/h2>\n<p><strong>P<\/strong> 514 343-6372<br \/>\n<strong>F<\/strong> 514 343-2210<br \/>\n<a href=\"mailto:luc.desgroseillers@umontreal.ca\">luc.desgroseillers@umontreal.ca<\/a><\/td>\n<\/tr>\n<\/tbody>\n<\/table>\n<table>\n<tbody>\n<tr>\n<td>\n<h3>Themes<\/h3>\n<ul>\n<li>Gene expression control<\/li>\n<li>Cellular dynamics of macromolecules<\/li>\n<li>Cell signaling<\/li>\n<\/ul>\n<p><strong>Staufen1: <\/strong>The goal of the research is to decipher the mechanisms by which post-transcriptional gene regulation influences cell proliferation and how its deregulation may lead to cancer. We focus on the roles of the RNA-binding protein Staufen1 in relation to its capacity to interact with cell cycle regulators and modulate cell proliferation in cancer cells. This research has the great potential to advance health-related knowledge through the discovery of novel pathways that control cell proliferation and the understanding of Stau1-cell cycle regulator interaction that may lead to the development of new drugs for cancer treatments.<\/p>\n<p>Cell division is a highly controlled process with several checkpoints that control exit\/entry into successive phases of the cell cycle. These processes require the differential expression of many critical cell-cycle effectors. Post-transcriptional regulation of mRNAs is a perfect mechanism to properly link protein synthesis to cell needs with high precision. In this context, we published ground-breaking results that established Stau1 as a major regulator of transport, decay, differential splicing and translation of many RNA transcripts. We further showed that many of them code for proteins involved in cell cycle regulation. The importance of Stau1 was confirmed by the fact that its expression decreases during mitosis due to its interaction with the cell cycle regulator E3 ubiquitin ligase APC\/C and that expression of Stau1<sup>55<\/sup>-FLAG<sub>3<\/sub> in transformed cells affects mitosis entry and impairs proliferation. Importantly, these phenotypes were not observed in non-transformed cells. In contrast, Stau1 down-regulation halts cell cycle progression of untransformed cells but not transformed cells. Our hypotheses are Stau1 controls the fate of bound-mRNAs involved in the regulation of cell proliferation and that its functions are modulated by interaction with cell cycle regulators. Remarkably, this mechanism is impaired in cancer cells, contributing to their deregulated cell division. Thus our study on Stau1 will allow us to tackle cancers from an innovative angle.<\/p>\n<p><strong>Staufen2:<\/strong> We also want to understand the importance of post-transcriptional regulation of gene expression in DNA damages and apoptosis. We recently made an important advance by showing that the endogenous expression of Staufen2 (Stau2) is down-regulated in response to DNA damaging agents. The human Stau2 is an RNA-binding protein and a major regulator of mRNA transport, decay and translation. We recently showed that Stau2 is an anti-apoptotic protein that could be involved in DNA replication and\/or maintenance of genome integrity and that its expression is regulated by E2F1 via the ATR signaling pathway. Strikingly, Stau2 down-regulation enhances levels of DNA damage and promotes apoptosis in CPT-treated cells. In this project, we want to identify the signalling pathway that links DNA damages to Stau2 down-regulation and find the role of Stau2 and Stau2-bound mRNAs in the DNA damage response.<\/p>\n<p><strong>Major ongoing projects :<\/strong><\/p>\n<ol>\n<li>Mechanisms of post-transcriptional regulation that control cell division<\/li>\n<li>Identification of cell signalization pathways that control mitosis<\/li>\n<li>Importance of mitotic spindle-associated mRNAs on mitosis progression<\/li>\n<li>Mechanisms that control DNA damages and apoptosis<\/li>\n<li>Characterization of ribonucleoproteic complexes that control cell division<\/li>\n<\/ol>\n<p><strong>Our ongoing projects aim to :<\/strong><\/p>\n<ol>\n<li>Understand the role of Staufen1 in the regulation of cell proliferation in normal and tumor cells<\/li>\n<li>Understand the role of Staufen2 in DNA damages and apoptosis<\/li>\n<\/ol>\n<\/td>\n<\/tr>\n<\/tbody>\n<\/table>\n<h3>Publications<\/h3>\n<ul>\n<li>Zhang, X., Trepanier, V., Beaujois, R., Viranaicken, W., Drobetsky, E., and <strong>DesGroseillers, L<\/strong>. (2016) Down-regulation of Staufen2 expression in response to DNA damages facilitates apoptosis. Nucl. Acid Res. <em>doi: 10.1093\/nar\/gkw057<\/em><\/li>\n<li>Boulay, K., Ghram, M., Viranaicken, W., Tr\u00e9panier, V., Mollet, S., Fr\u00e9china, C., and <strong>DesGroseillers, L.<\/strong> (2014) Cell cycle-dependent regulation of the RNA-binding protein Staufen1. Nucl. Acid Res 42, 7867-7883.<\/li>\n<li>Ravel-Chapuis, A., B\u00e9langer, B., Yadava, R.S., Mahadevan, M.S., <strong>DesGroseillers, L<\/strong>., C\u00f4t\u00e9, J., and Jasmin, B.J. (2012) The RNA-binding protein Staufen1 is increased in DM1 skeletal muscle and promotes alternative pre-mRNA splicing. J. Cell Biol. 196, 699-712<\/li>\n<li>Lebeau, G., Miller, L.C., Tartas, M., McAdam, R., Laplante, I., Badeaux, F., <strong>DesGroseillers, L.<\/strong>, Sossin, W.S., and Lacaille, J.-C. (2011) Staufen 2 regulates mGluR long-term depression and Map1b mRNA distribution in hippocampal pyramidal cells. Learning and Memory 18, 314-326.<\/li>\n<li>Bidinosti, M., Ran, I., Sanchez-Carbente, M.R., Martineau, Y., Gingras, A.-C., Gkogkas, C., Raught, B., Bramham, C., Sossin, W.A., Costa-Mattioli, M., <strong>DesGroseillers, L.<\/strong>, Lacaille, J.C., and Sonenberg, N. (2010) Postnatal deamidation of 4E-BP2 in brain enhances its association with Raptor and alters kinetics of excitatory synaptic transmission. Mol Cell. 37, 797-808.<\/li>\n<li>Lebeau, G., Maher-Laporte, M., Topolnik, L., Laurent, C.E., Sossin, W.S., <strong>DesGroseillers L., <\/strong>and Lacaille, J.-C. (2008). Staufen1 regulation of protein synthesis-dependent long-term potentiation and synaptic function in hippocampal pyramidal cells. Mol. Cell. Biol. 28, 2896-2907.<\/li>\n<li>Kim, Y.K., Furic, L., Parisien, M., Major, F., <strong>DesGroseillers, L.<\/strong>, and Maquat, L.E. (2007). Staufen1 Regulates Diverse Classes of Mammalian Transcripts. EMBO J 26, 2670-2681.<\/li>\n<li>Elvira, G., Wasiak, S., Blandford, V., Tong, X.K., Serrano, A., Fan, X., Sanchez-Carbente, M.R., Servant, F., Bell, A.W., Boismenu, D., Lacaille, J.-C., McPherson, P.S., DesGroseillers, L. and Sossin, W.S. (2006). Characterization of an RNA granule from developing brain. Mol. Cell. Proteomics 5, 635-651.<\/li>\n<li>Kim, Y.K., Furic, L., <strong>DesGroseillers, L.<\/strong>, and Maquat, L.E. (2005). Mammalian Staufen1 Recruits Upf1 to Specific mRNA 3\u2019UTRs so as to Elicit mRNA Decay. Cell 120, 195-208.<\/li>\n<\/ul>\n","protected":false},"excerpt":{"rendered":"<p>Professor and Director Contact Information D\u00e9partement de biochimie Facult\u00e9 de M\u00e9decine Universit\u00e9 de Montr\u00e9al Pavillon Roger-Gaudry, room D-360-2 C.P. 6128, Succ. Centre-ville Montr\u00e9al (Qu\u00e9bec) H3C 3J7 . P 514 343-6372 [&hellip;]<\/p>\n","protected":false},"author":25,"featured_media":0,"parent":11439,"menu_order":0,"comment_status":"closed","ping_status":"closed","template":"","meta":{"footnotes":""},"class_list":["post-1053","page","type-page","status-publish","hentry"],"yoast_head":"<!-- This site is optimized with the Yoast SEO plugin v25.0 - https:\/\/yoast.com\/wordpress\/plugins\/seo\/ -->\n<title>Luc DesGroseillers - D\u00e9partement de biochimie et m\u00e9decine mol\u00e9culaire<\/title>\n<meta name=\"robots\" content=\"index, follow, max-snippet:-1, max-image-preview:large, max-video-preview:-1\" \/>\n<link rel=\"canonical\" href=\"https:\/\/biochimie.umontreal.ca\/en\/department\/luc-desgroseillers\/\" \/>\n<meta property=\"og:locale\" content=\"en_US\" \/>\n<meta property=\"og:type\" content=\"article\" \/>\n<meta property=\"og:title\" content=\"Luc DesGroseillers - D\u00e9partement de biochimie et m\u00e9decine mol\u00e9culaire\" \/>\n<meta property=\"og:description\" content=\"Professor and Director Contact Information D\u00e9partement de biochimie Facult\u00e9 de M\u00e9decine Universit\u00e9 de Montr\u00e9al Pavillon Roger-Gaudry, room D-360-2 C.P. 6128, Succ. Centre-ville Montr\u00e9al (Qu\u00e9bec) H3C 3J7 . P 514 343-6372 [&hellip;]\" \/>\n<meta property=\"og:url\" content=\"https:\/\/biochimie.umontreal.ca\/en\/department\/luc-desgroseillers\/\" \/>\n<meta property=\"og:site_name\" content=\"D\u00e9partement de biochimie et m\u00e9decine mol\u00e9culaire\" \/>\n<meta property=\"article:modified_time\" content=\"2016-10-12T19:45:16+00:00\" \/>\n<meta property=\"og:image\" content=\"https:\/\/biochimie.umontreal.ca\/wp-content\/uploads\/sites\/37\/2012\/06\/luc_desgroseillers.jpg\" \/>\n<meta name=\"twitter:card\" content=\"summary_large_image\" \/>\n<meta name=\"twitter:label1\" content=\"Est. reading time\" \/>\n\t<meta name=\"twitter:data1\" content=\"5 minutes\" \/>\n<script type=\"application\/ld+json\" class=\"yoast-schema-graph\">{\"@context\":\"https:\/\/schema.org\",\"@graph\":[{\"@type\":\"WebPage\",\"@id\":\"https:\/\/biochimie.umontreal.ca\/en\/department\/luc-desgroseillers\/\",\"url\":\"https:\/\/biochimie.umontreal.ca\/en\/department\/luc-desgroseillers\/\",\"name\":\"Luc DesGroseillers - D\u00e9partement de biochimie et m\u00e9decine mol\u00e9culaire\",\"isPartOf\":{\"@id\":\"https:\/\/biochimie.umontreal.ca\/#website\"},\"primaryImageOfPage\":{\"@id\":\"https:\/\/biochimie.umontreal.ca\/en\/department\/luc-desgroseillers\/#primaryimage\"},\"image\":{\"@id\":\"https:\/\/biochimie.umontreal.ca\/en\/department\/luc-desgroseillers\/#primaryimage\"},\"thumbnailUrl\":\"https:\/\/biochimie.umontreal.ca\/wp-content\/uploads\/sites\/37\/2012\/06\/luc_desgroseillers.jpg\",\"datePublished\":\"2012-06-26T13:49:02+00:00\",\"dateModified\":\"2016-10-12T19:45:16+00:00\",\"breadcrumb\":{\"@id\":\"https:\/\/biochimie.umontreal.ca\/en\/department\/luc-desgroseillers\/#breadcrumb\"},\"inLanguage\":\"en-US\",\"potentialAction\":[{\"@type\":\"ReadAction\",\"target\":[\"https:\/\/biochimie.umontreal.ca\/en\/department\/luc-desgroseillers\/\"]}]},{\"@type\":\"ImageObject\",\"inLanguage\":\"en-US\",\"@id\":\"https:\/\/biochimie.umontreal.ca\/en\/department\/luc-desgroseillers\/#primaryimage\",\"url\":\"https:\/\/biochimie.umontreal.ca\/wp-content\/uploads\/sites\/37\/2012\/06\/luc_desgroseillers.jpg\",\"contentUrl\":\"https:\/\/biochimie.umontreal.ca\/wp-content\/uploads\/sites\/37\/2012\/06\/luc_desgroseillers.jpg\"},{\"@type\":\"BreadcrumbList\",\"@id\":\"https:\/\/biochimie.umontreal.ca\/en\/department\/luc-desgroseillers\/#breadcrumb\",\"itemListElement\":[{\"@type\":\"ListItem\",\"position\":1,\"name\":\"Accueil\",\"item\":\"https:\/\/biochimie.umontreal.ca\/en\/\"},{\"@type\":\"ListItem\",\"position\":2,\"name\":\"Department\",\"item\":\"https:\/\/biochimie.umontreal.ca\/en\/department\/\"},{\"@type\":\"ListItem\",\"position\":3,\"name\":\"Luc DesGroseillers\"}]},{\"@type\":\"WebSite\",\"@id\":\"https:\/\/biochimie.umontreal.ca\/#website\",\"url\":\"https:\/\/biochimie.umontreal.ca\/\",\"name\":\"D\u00e9partement de biochimie et m\u00e9decine mol\u00e9culaire\",\"description\":\"\",\"potentialAction\":[{\"@type\":\"SearchAction\",\"target\":{\"@type\":\"EntryPoint\",\"urlTemplate\":\"https:\/\/biochimie.umontreal.ca\/?s={search_term_string}\"},\"query-input\":{\"@type\":\"PropertyValueSpecification\",\"valueRequired\":true,\"valueName\":\"search_term_string\"}}],\"inLanguage\":\"en-US\"}]}<\/script>\n<!-- \/ Yoast SEO plugin. -->","yoast_head_json":{"title":"Luc DesGroseillers - D\u00e9partement de biochimie et m\u00e9decine mol\u00e9culaire","robots":{"index":"index","follow":"follow","max-snippet":"max-snippet:-1","max-image-preview":"max-image-preview:large","max-video-preview":"max-video-preview:-1"},"canonical":"https:\/\/biochimie.umontreal.ca\/en\/department\/luc-desgroseillers\/","og_locale":"en_US","og_type":"article","og_title":"Luc DesGroseillers - D\u00e9partement de biochimie et m\u00e9decine mol\u00e9culaire","og_description":"Professor and Director Contact Information D\u00e9partement de biochimie Facult\u00e9 de M\u00e9decine Universit\u00e9 de Montr\u00e9al Pavillon Roger-Gaudry, room D-360-2 C.P. 6128, Succ. Centre-ville Montr\u00e9al (Qu\u00e9bec) H3C 3J7 . P 514 343-6372 [&hellip;]","og_url":"https:\/\/biochimie.umontreal.ca\/en\/department\/luc-desgroseillers\/","og_site_name":"D\u00e9partement de biochimie et m\u00e9decine mol\u00e9culaire","article_modified_time":"2016-10-12T19:45:16+00:00","og_image":[{"url":"https:\/\/biochimie.umontreal.ca\/wp-content\/uploads\/sites\/37\/2012\/06\/luc_desgroseillers.jpg","type":"","width":"","height":""}],"twitter_card":"summary_large_image","twitter_misc":{"Est. reading time":"5 minutes"},"schema":{"@context":"https:\/\/schema.org","@graph":[{"@type":"WebPage","@id":"https:\/\/biochimie.umontreal.ca\/en\/department\/luc-desgroseillers\/","url":"https:\/\/biochimie.umontreal.ca\/en\/department\/luc-desgroseillers\/","name":"Luc DesGroseillers - D\u00e9partement de biochimie et m\u00e9decine mol\u00e9culaire","isPartOf":{"@id":"https:\/\/biochimie.umontreal.ca\/#website"},"primaryImageOfPage":{"@id":"https:\/\/biochimie.umontreal.ca\/en\/department\/luc-desgroseillers\/#primaryimage"},"image":{"@id":"https:\/\/biochimie.umontreal.ca\/en\/department\/luc-desgroseillers\/#primaryimage"},"thumbnailUrl":"https:\/\/biochimie.umontreal.ca\/wp-content\/uploads\/sites\/37\/2012\/06\/luc_desgroseillers.jpg","datePublished":"2012-06-26T13:49:02+00:00","dateModified":"2016-10-12T19:45:16+00:00","breadcrumb":{"@id":"https:\/\/biochimie.umontreal.ca\/en\/department\/luc-desgroseillers\/#breadcrumb"},"inLanguage":"en-US","potentialAction":[{"@type":"ReadAction","target":["https:\/\/biochimie.umontreal.ca\/en\/department\/luc-desgroseillers\/"]}]},{"@type":"ImageObject","inLanguage":"en-US","@id":"https:\/\/biochimie.umontreal.ca\/en\/department\/luc-desgroseillers\/#primaryimage","url":"https:\/\/biochimie.umontreal.ca\/wp-content\/uploads\/sites\/37\/2012\/06\/luc_desgroseillers.jpg","contentUrl":"https:\/\/biochimie.umontreal.ca\/wp-content\/uploads\/sites\/37\/2012\/06\/luc_desgroseillers.jpg"},{"@type":"BreadcrumbList","@id":"https:\/\/biochimie.umontreal.ca\/en\/department\/luc-desgroseillers\/#breadcrumb","itemListElement":[{"@type":"ListItem","position":1,"name":"Accueil","item":"https:\/\/biochimie.umontreal.ca\/en\/"},{"@type":"ListItem","position":2,"name":"Department","item":"https:\/\/biochimie.umontreal.ca\/en\/department\/"},{"@type":"ListItem","position":3,"name":"Luc DesGroseillers"}]},{"@type":"WebSite","@id":"https:\/\/biochimie.umontreal.ca\/#website","url":"https:\/\/biochimie.umontreal.ca\/","name":"D\u00e9partement de biochimie et m\u00e9decine mol\u00e9culaire","description":"","potentialAction":[{"@type":"SearchAction","target":{"@type":"EntryPoint","urlTemplate":"https:\/\/biochimie.umontreal.ca\/?s={search_term_string}"},"query-input":{"@type":"PropertyValueSpecification","valueRequired":true,"valueName":"search_term_string"}}],"inLanguage":"en-US"}]}},"_links":{"self":[{"href":"https:\/\/biochimie.umontreal.ca\/en\/wp-json\/wp\/v2\/pages\/1053","targetHints":{"allow":["GET"]}}],"collection":[{"href":"https:\/\/biochimie.umontreal.ca\/en\/wp-json\/wp\/v2\/pages"}],"about":[{"href":"https:\/\/biochimie.umontreal.ca\/en\/wp-json\/wp\/v2\/types\/page"}],"author":[{"embeddable":true,"href":"https:\/\/biochimie.umontreal.ca\/en\/wp-json\/wp\/v2\/users\/25"}],"replies":[{"embeddable":true,"href":"https:\/\/biochimie.umontreal.ca\/en\/wp-json\/wp\/v2\/comments?post=1053"}],"version-history":[{"count":7,"href":"https:\/\/biochimie.umontreal.ca\/en\/wp-json\/wp\/v2\/pages\/1053\/revisions"}],"predecessor-version":[{"id":13560,"href":"https:\/\/biochimie.umontreal.ca\/en\/wp-json\/wp\/v2\/pages\/1053\/revisions\/13560"}],"up":[{"embeddable":true,"href":"https:\/\/biochimie.umontreal.ca\/en\/wp-json\/wp\/v2\/pages\/11439"}],"wp:attachment":[{"href":"https:\/\/biochimie.umontreal.ca\/en\/wp-json\/wp\/v2\/media?parent=1053"}],"curies":[{"name":"wp","href":"https:\/\/api.w.org\/{rel}","templated":true}]}}