{"id":1034,"date":"2012-06-26T13:53:33","date_gmt":"2012-06-26T12:53:33","guid":{"rendered":"http:\/\/biochimie.umontreal.ca\/?page_id=1034"},"modified":"2016-10-12T15:45:15","modified_gmt":"2016-10-12T19:45:15","slug":"benoit-coulombe","status":"publish","type":"page","link":"https:\/\/biochimie.umontreal.ca\/en\/department\/benoit-coulombe\/","title":{"rendered":"Benoit Coulombe"},"content":{"rendered":"<h2>Professor<\/h2>\n<table>\n<tbody>\n<tr>\n<td style=\"vertical-align: middle\"><img loading=\"lazy\" decoding=\"async\" class=\"alignnone size-full wp-image-1036\" title=\"Coulombe_B\" src=\"https:\/\/biochimie.umontreal.ca\/wp-content\/uploads\/sites\/37\/2012\/06\/Coulombe_B.jpg\" alt=\"\" height=\"111\" width=\"120\" \/><\/td>\n<td style=\"vertical-align: top\">\n<h2>Contact Information<\/h2>\n<p>Institut de recherches cliniques de Montr\u00e9al<br \/>\n110, ave des Pins ouest<br \/>\nMontr\u00e9al (Qu\u00e9bec)<br \/>\nH2W 1R7<\/td>\n<td style=\"vertical-align: top\">\n<h2><span style=\"color: #ffffff\">.<\/span><\/h2>\n<p><strong>P<\/strong> 514 987-5662 (office)<br \/>\n<strong>P <\/strong>514\u00a0987-5699 (lab)<br \/>\n<strong>F<\/strong> 514 987-5663<br \/>\n<a href=\"mailto:benoit.coulombe@ircm.qc.ca\" target=\"_blank\">benoit.coulombe@ircm.qc.ca <\/a><br \/>\n<a href=\"http:\/\/www.benoitcoulombe.ca\">WWW<\/a><\/td>\n<\/tr>\n<\/tbody>\n<\/table>\n<p>&nbsp;<\/p>\n","protected":false},"excerpt":{"rendered":"<p>Professor Contact Information Institut de recherches cliniques de Montr\u00e9al 110, ave des Pins ouest Montr\u00e9al (Qu\u00e9bec) H2W 1R7 . P 514 987-5662 (office) P 514\u00a0987-5699 (lab) F 514 987-5663 benoit.coulombe@ircm.qc.ca [&hellip;]<\/p>\n","protected":false},"author":25,"featured_media":0,"parent":11439,"menu_order":0,"comment_status":"closed","ping_status":"closed","template":"","meta":{"footnotes":""},"class_list":["post-1034","page","type-page","status-publish","hentry"],"yoast_head":"<!-- This site is optimized with the Yoast SEO plugin v25.0 - https:\/\/yoast.com\/wordpress\/plugins\/seo\/ -->\n<title>Benoit Coulombe - D\u00e9partement de biochimie et m\u00e9decine mol\u00e9culaire<\/title>\n<meta name=\"robots\" content=\"index, follow, max-snippet:-1, max-image-preview:large, max-video-preview:-1\" \/>\n<link rel=\"canonical\" href=\"https:\/\/biochimie.umontreal.ca\/en\/department\/benoit-coulombe\/\" \/>\n<meta property=\"og:locale\" content=\"en_US\" \/>\n<meta property=\"og:type\" content=\"article\" \/>\n<meta property=\"og:title\" content=\"Benoit Coulombe - D\u00e9partement de biochimie et m\u00e9decine mol\u00e9culaire\" \/>\n<meta property=\"og:description\" content=\"Professor Contact Information Institut de recherches cliniques de Montr\u00e9al 110, ave des Pins ouest Montr\u00e9al (Qu\u00e9bec) H2W 1R7 . P 514 987-5662 (office) P 514\u00a0987-5699 (lab) F 514 987-5663 benoit.coulombe@ircm.qc.ca [&hellip;]\" \/>\n<meta property=\"og:url\" content=\"https:\/\/biochimie.umontreal.ca\/en\/department\/benoit-coulombe\/\" \/>\n<meta property=\"og:site_name\" content=\"D\u00e9partement de biochimie et m\u00e9decine mol\u00e9culaire\" \/>\n<meta property=\"article:modified_time\" content=\"2016-10-12T19:45:15+00:00\" \/>\n<meta property=\"og:image\" content=\"https:\/\/biochimie.umontreal.ca\/wp-content\/uploads\/sites\/37\/2012\/06\/Coulombe_B.jpg\" \/>\n<meta name=\"twitter:card\" content=\"summary_large_image\" \/>\n<script type=\"application\/ld+json\" class=\"yoast-schema-graph\">{\"@context\":\"https:\/\/schema.org\",\"@graph\":[{\"@type\":\"WebPage\",\"@id\":\"https:\/\/biochimie.umontreal.ca\/en\/department\/benoit-coulombe\/\",\"url\":\"https:\/\/biochimie.umontreal.ca\/en\/department\/benoit-coulombe\/\",\"name\":\"Benoit Coulombe - D\u00e9partement de biochimie et m\u00e9decine mol\u00e9culaire\",\"isPartOf\":{\"@id\":\"https:\/\/biochimie.umontreal.ca\/#website\"},\"primaryImageOfPage\":{\"@id\":\"https:\/\/biochimie.umontreal.ca\/en\/department\/benoit-coulombe\/#primaryimage\"},\"image\":{\"@id\":\"https:\/\/biochimie.umontreal.ca\/en\/department\/benoit-coulombe\/#primaryimage\"},\"thumbnailUrl\":\"https:\/\/biochimie.umontreal.ca\/wp-content\/uploads\/sites\/37\/2012\/06\/Coulombe_B.jpg\",\"datePublished\":\"2012-06-26T12:53:33+00:00\",\"dateModified\":\"2016-10-12T19:45:15+00:00\",\"breadcrumb\":{\"@id\":\"https:\/\/biochimie.umontreal.ca\/en\/department\/benoit-coulombe\/#breadcrumb\"},\"inLanguage\":\"en-US\",\"potentialAction\":[{\"@type\":\"ReadAction\",\"target\":[\"https:\/\/biochimie.umontreal.ca\/en\/department\/benoit-coulombe\/\"]}]},{\"@type\":\"ImageObject\",\"inLanguage\":\"en-US\",\"@id\":\"https:\/\/biochimie.umontreal.ca\/en\/department\/benoit-coulombe\/#primaryimage\",\"url\":\"https:\/\/biochimie.umontreal.ca\/wp-content\/uploads\/sites\/37\/2012\/06\/Coulombe_B.jpg\",\"contentUrl\":\"https:\/\/biochimie.umontreal.ca\/wp-content\/uploads\/sites\/37\/2012\/06\/Coulombe_B.jpg\"},{\"@type\":\"BreadcrumbList\",\"@id\":\"https:\/\/biochimie.umontreal.ca\/en\/department\/benoit-coulombe\/#breadcrumb\",\"itemListElement\":[{\"@type\":\"ListItem\",\"position\":1,\"name\":\"Accueil\",\"item\":\"https:\/\/biochimie.umontreal.ca\/en\/\"},{\"@type\":\"ListItem\",\"position\":2,\"name\":\"Department\",\"item\":\"https:\/\/biochimie.umontreal.ca\/en\/department\/\"},{\"@type\":\"ListItem\",\"position\":3,\"name\":\"Benoit Coulombe\"}]},{\"@type\":\"WebSite\",\"@id\":\"https:\/\/biochimie.umontreal.ca\/#website\",\"url\":\"https:\/\/biochimie.umontreal.ca\/\",\"name\":\"D\u00e9partement de biochimie et m\u00e9decine mol\u00e9culaire\",\"description\":\"\",\"potentialAction\":[{\"@type\":\"SearchAction\",\"target\":{\"@type\":\"EntryPoint\",\"urlTemplate\":\"https:\/\/biochimie.umontreal.ca\/?s={search_term_string}\"},\"query-input\":{\"@type\":\"PropertyValueSpecification\",\"valueRequired\":true,\"valueName\":\"search_term_string\"}}],\"inLanguage\":\"en-US\"}]}<\/script>\n<!-- \/ Yoast SEO plugin. -->","yoast_head_json":{"title":"Benoit Coulombe - D\u00e9partement de biochimie et m\u00e9decine mol\u00e9culaire","robots":{"index":"index","follow":"follow","max-snippet":"max-snippet:-1","max-image-preview":"max-image-preview:large","max-video-preview":"max-video-preview:-1"},"canonical":"https:\/\/biochimie.umontreal.ca\/en\/department\/benoit-coulombe\/","og_locale":"en_US","og_type":"article","og_title":"Benoit Coulombe - D\u00e9partement de biochimie et m\u00e9decine mol\u00e9culaire","og_description":"Professor Contact Information Institut de recherches cliniques de Montr\u00e9al 110, ave des Pins ouest Montr\u00e9al (Qu\u00e9bec) H2W 1R7 . P 514 987-5662 (office) P 514\u00a0987-5699 (lab) F 514 987-5663 benoit.coulombe@ircm.qc.ca [&hellip;]","og_url":"https:\/\/biochimie.umontreal.ca\/en\/department\/benoit-coulombe\/","og_site_name":"D\u00e9partement de biochimie et m\u00e9decine mol\u00e9culaire","article_modified_time":"2016-10-12T19:45:15+00:00","og_image":[{"url":"https:\/\/biochimie.umontreal.ca\/wp-content\/uploads\/sites\/37\/2012\/06\/Coulombe_B.jpg","type":"","width":"","height":""}],"twitter_card":"summary_large_image","schema":{"@context":"https:\/\/schema.org","@graph":[{"@type":"WebPage","@id":"https:\/\/biochimie.umontreal.ca\/en\/department\/benoit-coulombe\/","url":"https:\/\/biochimie.umontreal.ca\/en\/department\/benoit-coulombe\/","name":"Benoit Coulombe - D\u00e9partement de biochimie et m\u00e9decine mol\u00e9culaire","isPartOf":{"@id":"https:\/\/biochimie.umontreal.ca\/#website"},"primaryImageOfPage":{"@id":"https:\/\/biochimie.umontreal.ca\/en\/department\/benoit-coulombe\/#primaryimage"},"image":{"@id":"https:\/\/biochimie.umontreal.ca\/en\/department\/benoit-coulombe\/#primaryimage"},"thumbnailUrl":"https:\/\/biochimie.umontreal.ca\/wp-content\/uploads\/sites\/37\/2012\/06\/Coulombe_B.jpg","datePublished":"2012-06-26T12:53:33+00:00","dateModified":"2016-10-12T19:45:15+00:00","breadcrumb":{"@id":"https:\/\/biochimie.umontreal.ca\/en\/department\/benoit-coulombe\/#breadcrumb"},"inLanguage":"en-US","potentialAction":[{"@type":"ReadAction","target":["https:\/\/biochimie.umontreal.ca\/en\/department\/benoit-coulombe\/"]}]},{"@type":"ImageObject","inLanguage":"en-US","@id":"https:\/\/biochimie.umontreal.ca\/en\/department\/benoit-coulombe\/#primaryimage","url":"https:\/\/biochimie.umontreal.ca\/wp-content\/uploads\/sites\/37\/2012\/06\/Coulombe_B.jpg","contentUrl":"https:\/\/biochimie.umontreal.ca\/wp-content\/uploads\/sites\/37\/2012\/06\/Coulombe_B.jpg"},{"@type":"BreadcrumbList","@id":"https:\/\/biochimie.umontreal.ca\/en\/department\/benoit-coulombe\/#breadcrumb","itemListElement":[{"@type":"ListItem","position":1,"name":"Accueil","item":"https:\/\/biochimie.umontreal.ca\/en\/"},{"@type":"ListItem","position":2,"name":"Department","item":"https:\/\/biochimie.umontreal.ca\/en\/department\/"},{"@type":"ListItem","position":3,"name":"Benoit Coulombe"}]},{"@type":"WebSite","@id":"https:\/\/biochimie.umontreal.ca\/#website","url":"https:\/\/biochimie.umontreal.ca\/","name":"D\u00e9partement de biochimie et m\u00e9decine mol\u00e9culaire","description":"","potentialAction":[{"@type":"SearchAction","target":{"@type":"EntryPoint","urlTemplate":"https:\/\/biochimie.umontreal.ca\/?s={search_term_string}"},"query-input":{"@type":"PropertyValueSpecification","valueRequired":true,"valueName":"search_term_string"}}],"inLanguage":"en-US"}]}},"_links":{"self":[{"href":"https:\/\/biochimie.umontreal.ca\/en\/wp-json\/wp\/v2\/pages\/1034","targetHints":{"allow":["GET"]}}],"collection":[{"href":"https:\/\/biochimie.umontreal.ca\/en\/wp-json\/wp\/v2\/pages"}],"about":[{"href":"https:\/\/biochimie.umontreal.ca\/en\/wp-json\/wp\/v2\/types\/page"}],"author":[{"embeddable":true,"href":"https:\/\/biochimie.umontreal.ca\/en\/wp-json\/wp\/v2\/users\/25"}],"replies":[{"embeddable":true,"href":"https:\/\/biochimie.umontreal.ca\/en\/wp-json\/wp\/v2\/comments?post=1034"}],"version-history":[{"count":8,"href":"https:\/\/biochimie.umontreal.ca\/en\/wp-json\/wp\/v2\/pages\/1034\/revisions"}],"predecessor-version":[{"id":13554,"href":"https:\/\/biochimie.umontreal.ca\/en\/wp-json\/wp\/v2\/pages\/1034\/revisions\/13554"}],"up":[{"embeddable":true,"href":"https:\/\/biochimie.umontreal.ca\/en\/wp-json\/wp\/v2\/pages\/11439"}],"wp:attachment":[{"href":"https:\/\/biochimie.umontreal.ca\/en\/wp-json\/wp\/v2\/media?parent=1034"}],"curies":[{"name":"wp","href":"https:\/\/api.w.org\/{rel}","templated":true}]}}