{"id":1025,"date":"2012-06-26T13:41:45","date_gmt":"2012-06-26T12:41:45","guid":{"rendered":"http:\/\/biochimie.umontreal.ca\/?page_id=1025"},"modified":"2016-11-08T15:53:00","modified_gmt":"2016-11-08T20:53:00","slug":"audrey-claing","status":"publish","type":"page","link":"https:\/\/biochimie.umontreal.ca\/en\/department\/audrey-claing\/","title":{"rendered":"Audrey Claing"},"content":{"rendered":"<h2>Accredited Professor<\/h2>\n<table>\n<tbody>\n<tr>\n<td><img loading=\"lazy\" decoding=\"async\" title=\"carre blanc 2\" src=\"https:\/\/biochimie.umontreal.ca\/wp-content\/uploads\/sites\/37\/2012\/06\/carre-blanc-28.jpg\" alt=\"\" height=\"120\" width=\"120\" \/><\/td>\n<td style=\"vertical-align: top;\">\n<h2>Contact Information<\/h2>\n<p>D\u00e9partement de pharmacologie<br \/>\nFacult\u00e9 de M\u00e9decine<br \/>\nUniversit\u00e9 de Montr\u00e9al<br \/>\nPavillon Roger-Gaudry, bureau S-437<br \/>\nC.P. 6128, Succ. Centre-ville<br \/>\nMontr\u00e9al (Qu\u00e9bec)<br \/>\nH3C 3J7<\/td>\n<td style=\"vertical-align: top;\">\n<h2><span style=\"color: #ffffff;\">.<\/span><\/h2>\n<p><strong>T<\/strong> 514 343-6352<br \/>\n<strong>F<\/strong> 514 343-2291<br \/>\n<a href=\"mailto:audrey.claing@umontreal.ca\">audrey.claing@umontreal.ca<\/a><br \/>\n<a href=\"http:\/\/pharmacologie.umontreal.ca\/recherche\/chercheurs\/audrey-claing\/\">Site web<\/a><\/td>\n<\/tr>\n<\/tbody>\n<\/table>\n<table>\n<tbody>\n<tr>\n<td>\n<h2>Themes<\/h2>\n<ul>\n<li>Molecular Pharmacology<\/li>\n<li>Intracellular signalling<\/li>\n<\/ul>\n<p>The research program of Dr Claing aim at studying the molecular mechanisms regulating cellular responses following stimulation of the largest family of trans-membrane receptors, the G protein-coupled receptors. These proteins are the targets of more than 40% of the drugs sold today. The detailed study of the signaling pathways activated by receptors following their stimulation by a broad variety of stimuli ranging from the light to hormones have allowed Dr Claing\u2019s group to reveal the important role of a family of proteins named ADP-ribosylation factors (ARFs). These act like molecular switches to control remodeling of the actin cytoskeleton, transformation of plasma membrane lipids and the process of vesicle formation. Elucidation of the molecular events leading to the activation of ARF proteins as well as the signaling pathways regulated by the GTPases are the main focus of this laboratory. Cellular models used include breast cancer and endothelial cells. The demonstration that ARF proteins are key regulators of intracellular signals activated by membrane receptors will contribute to demonstrate that these proteins are potential new therapeutic targets.<\/td>\n<\/tr>\n<\/tbody>\n<\/table>\n<p>&nbsp;<\/p>\n<h3>Publications<\/h3>\n<ul>\n<li>Poupart ME, Fessart D, Cotton M, Laporte SA, Claing A. ARF6 regulates angiotensin II type receptor endocytosis by controlling the recruitment of AP-2 and clathrin. Cell Signal. 2007 Nov;19(11):2370-8. Epub 2007 Jul 31.<\/li>\n<li>Cotton M, Boulay PL, Houndolo T, Vitale N, Pitcher JA, Claing A. Endogenous ARF6 interacts with Rac1 upon angiotensin II stimulation to regulate membrane ruffling and cell migration. Mol Biol Cell. 2007 Feb;18(2):501-11. Epub 2006 Nov 22.<\/li>\n<li>Claing A.: Regulation of G protein-coupled receptor endocytosis by ARF6 GTP-binding proteins. Biochem Cell Biol. 2004 Dec;82(6):610-7. Review.<\/li>\n<li>Houndolo T, Boulay PL, Claing A.: G protein-coupled receptor endocytosis in ADP-ribosylation factor 6-depleted cells. J Biol Chem. 2005 Feb 18;280(7):5598-604.<\/li>\n<\/ul>\n","protected":false},"excerpt":{"rendered":"<p>Accredited Professor Contact Information D\u00e9partement de pharmacologie Facult\u00e9 de M\u00e9decine Universit\u00e9 de Montr\u00e9al Pavillon Roger-Gaudry, bureau S-437 C.P. 6128, Succ. Centre-ville Montr\u00e9al (Qu\u00e9bec) H3C 3J7 . T 514 343-6352 F [&hellip;]<\/p>\n","protected":false},"author":25,"featured_media":0,"parent":11439,"menu_order":0,"comment_status":"closed","ping_status":"closed","template":"","meta":{"footnotes":""},"class_list":["post-1025","page","type-page","status-publish","hentry"],"yoast_head":"<!-- This site is optimized with the Yoast SEO plugin v25.0 - https:\/\/yoast.com\/wordpress\/plugins\/seo\/ -->\n<title>Audrey Claing - D\u00e9partement de biochimie et m\u00e9decine mol\u00e9culaire<\/title>\n<meta name=\"robots\" content=\"index, follow, max-snippet:-1, max-image-preview:large, max-video-preview:-1\" \/>\n<link rel=\"canonical\" href=\"https:\/\/biochimie.umontreal.ca\/en\/department\/audrey-claing\/\" \/>\n<meta property=\"og:locale\" content=\"en_US\" \/>\n<meta property=\"og:type\" content=\"article\" \/>\n<meta property=\"og:title\" content=\"Audrey Claing - D\u00e9partement de biochimie et m\u00e9decine mol\u00e9culaire\" \/>\n<meta property=\"og:description\" content=\"Accredited Professor Contact Information D\u00e9partement de pharmacologie Facult\u00e9 de M\u00e9decine Universit\u00e9 de Montr\u00e9al Pavillon Roger-Gaudry, bureau S-437 C.P. 6128, Succ. Centre-ville Montr\u00e9al (Qu\u00e9bec) H3C 3J7 . T 514 343-6352 F [&hellip;]\" \/>\n<meta property=\"og:url\" content=\"https:\/\/biochimie.umontreal.ca\/en\/department\/audrey-claing\/\" \/>\n<meta property=\"og:site_name\" content=\"D\u00e9partement de biochimie et m\u00e9decine mol\u00e9culaire\" \/>\n<meta property=\"article:modified_time\" content=\"2016-11-08T20:53:00+00:00\" \/>\n<meta property=\"og:image\" content=\"https:\/\/biochimie.umontreal.ca\/wp-content\/uploads\/sites\/37\/2012\/06\/carre-blanc-28.jpg\" \/>\n<meta name=\"twitter:card\" content=\"summary_large_image\" \/>\n<meta name=\"twitter:label1\" content=\"Est. reading time\" \/>\n\t<meta name=\"twitter:data1\" content=\"2 minutes\" \/>\n<script type=\"application\/ld+json\" class=\"yoast-schema-graph\">{\"@context\":\"https:\/\/schema.org\",\"@graph\":[{\"@type\":\"WebPage\",\"@id\":\"https:\/\/biochimie.umontreal.ca\/en\/department\/audrey-claing\/\",\"url\":\"https:\/\/biochimie.umontreal.ca\/en\/department\/audrey-claing\/\",\"name\":\"Audrey Claing - D\u00e9partement de biochimie et m\u00e9decine mol\u00e9culaire\",\"isPartOf\":{\"@id\":\"https:\/\/biochimie.umontreal.ca\/#website\"},\"primaryImageOfPage\":{\"@id\":\"https:\/\/biochimie.umontreal.ca\/en\/department\/audrey-claing\/#primaryimage\"},\"image\":{\"@id\":\"https:\/\/biochimie.umontreal.ca\/en\/department\/audrey-claing\/#primaryimage\"},\"thumbnailUrl\":\"https:\/\/biochimie.umontreal.ca\/wp-content\/uploads\/sites\/37\/2012\/06\/carre-blanc-28.jpg\",\"datePublished\":\"2012-06-26T12:41:45+00:00\",\"dateModified\":\"2016-11-08T20:53:00+00:00\",\"breadcrumb\":{\"@id\":\"https:\/\/biochimie.umontreal.ca\/en\/department\/audrey-claing\/#breadcrumb\"},\"inLanguage\":\"en-US\",\"potentialAction\":[{\"@type\":\"ReadAction\",\"target\":[\"https:\/\/biochimie.umontreal.ca\/en\/department\/audrey-claing\/\"]}]},{\"@type\":\"ImageObject\",\"inLanguage\":\"en-US\",\"@id\":\"https:\/\/biochimie.umontreal.ca\/en\/department\/audrey-claing\/#primaryimage\",\"url\":\"https:\/\/biochimie.umontreal.ca\/wp-content\/uploads\/sites\/37\/2012\/06\/carre-blanc-28.jpg\",\"contentUrl\":\"https:\/\/biochimie.umontreal.ca\/wp-content\/uploads\/sites\/37\/2012\/06\/carre-blanc-28.jpg\"},{\"@type\":\"BreadcrumbList\",\"@id\":\"https:\/\/biochimie.umontreal.ca\/en\/department\/audrey-claing\/#breadcrumb\",\"itemListElement\":[{\"@type\":\"ListItem\",\"position\":1,\"name\":\"Accueil\",\"item\":\"https:\/\/biochimie.umontreal.ca\/en\/\"},{\"@type\":\"ListItem\",\"position\":2,\"name\":\"Department\",\"item\":\"https:\/\/biochimie.umontreal.ca\/en\/department\/\"},{\"@type\":\"ListItem\",\"position\":3,\"name\":\"Audrey Claing\"}]},{\"@type\":\"WebSite\",\"@id\":\"https:\/\/biochimie.umontreal.ca\/#website\",\"url\":\"https:\/\/biochimie.umontreal.ca\/\",\"name\":\"D\u00e9partement de biochimie et m\u00e9decine mol\u00e9culaire\",\"description\":\"\",\"potentialAction\":[{\"@type\":\"SearchAction\",\"target\":{\"@type\":\"EntryPoint\",\"urlTemplate\":\"https:\/\/biochimie.umontreal.ca\/?s={search_term_string}\"},\"query-input\":{\"@type\":\"PropertyValueSpecification\",\"valueRequired\":true,\"valueName\":\"search_term_string\"}}],\"inLanguage\":\"en-US\"}]}<\/script>\n<!-- \/ Yoast SEO plugin. -->","yoast_head_json":{"title":"Audrey Claing - D\u00e9partement de biochimie et m\u00e9decine mol\u00e9culaire","robots":{"index":"index","follow":"follow","max-snippet":"max-snippet:-1","max-image-preview":"max-image-preview:large","max-video-preview":"max-video-preview:-1"},"canonical":"https:\/\/biochimie.umontreal.ca\/en\/department\/audrey-claing\/","og_locale":"en_US","og_type":"article","og_title":"Audrey Claing - D\u00e9partement de biochimie et m\u00e9decine mol\u00e9culaire","og_description":"Accredited Professor Contact Information D\u00e9partement de pharmacologie Facult\u00e9 de M\u00e9decine Universit\u00e9 de Montr\u00e9al Pavillon Roger-Gaudry, bureau S-437 C.P. 6128, Succ. Centre-ville Montr\u00e9al (Qu\u00e9bec) H3C 3J7 . T 514 343-6352 F [&hellip;]","og_url":"https:\/\/biochimie.umontreal.ca\/en\/department\/audrey-claing\/","og_site_name":"D\u00e9partement de biochimie et m\u00e9decine mol\u00e9culaire","article_modified_time":"2016-11-08T20:53:00+00:00","og_image":[{"url":"https:\/\/biochimie.umontreal.ca\/wp-content\/uploads\/sites\/37\/2012\/06\/carre-blanc-28.jpg","type":"","width":"","height":""}],"twitter_card":"summary_large_image","twitter_misc":{"Est. reading time":"2 minutes"},"schema":{"@context":"https:\/\/schema.org","@graph":[{"@type":"WebPage","@id":"https:\/\/biochimie.umontreal.ca\/en\/department\/audrey-claing\/","url":"https:\/\/biochimie.umontreal.ca\/en\/department\/audrey-claing\/","name":"Audrey Claing - D\u00e9partement de biochimie et m\u00e9decine mol\u00e9culaire","isPartOf":{"@id":"https:\/\/biochimie.umontreal.ca\/#website"},"primaryImageOfPage":{"@id":"https:\/\/biochimie.umontreal.ca\/en\/department\/audrey-claing\/#primaryimage"},"image":{"@id":"https:\/\/biochimie.umontreal.ca\/en\/department\/audrey-claing\/#primaryimage"},"thumbnailUrl":"https:\/\/biochimie.umontreal.ca\/wp-content\/uploads\/sites\/37\/2012\/06\/carre-blanc-28.jpg","datePublished":"2012-06-26T12:41:45+00:00","dateModified":"2016-11-08T20:53:00+00:00","breadcrumb":{"@id":"https:\/\/biochimie.umontreal.ca\/en\/department\/audrey-claing\/#breadcrumb"},"inLanguage":"en-US","potentialAction":[{"@type":"ReadAction","target":["https:\/\/biochimie.umontreal.ca\/en\/department\/audrey-claing\/"]}]},{"@type":"ImageObject","inLanguage":"en-US","@id":"https:\/\/biochimie.umontreal.ca\/en\/department\/audrey-claing\/#primaryimage","url":"https:\/\/biochimie.umontreal.ca\/wp-content\/uploads\/sites\/37\/2012\/06\/carre-blanc-28.jpg","contentUrl":"https:\/\/biochimie.umontreal.ca\/wp-content\/uploads\/sites\/37\/2012\/06\/carre-blanc-28.jpg"},{"@type":"BreadcrumbList","@id":"https:\/\/biochimie.umontreal.ca\/en\/department\/audrey-claing\/#breadcrumb","itemListElement":[{"@type":"ListItem","position":1,"name":"Accueil","item":"https:\/\/biochimie.umontreal.ca\/en\/"},{"@type":"ListItem","position":2,"name":"Department","item":"https:\/\/biochimie.umontreal.ca\/en\/department\/"},{"@type":"ListItem","position":3,"name":"Audrey Claing"}]},{"@type":"WebSite","@id":"https:\/\/biochimie.umontreal.ca\/#website","url":"https:\/\/biochimie.umontreal.ca\/","name":"D\u00e9partement de biochimie et m\u00e9decine mol\u00e9culaire","description":"","potentialAction":[{"@type":"SearchAction","target":{"@type":"EntryPoint","urlTemplate":"https:\/\/biochimie.umontreal.ca\/?s={search_term_string}"},"query-input":{"@type":"PropertyValueSpecification","valueRequired":true,"valueName":"search_term_string"}}],"inLanguage":"en-US"}]}},"_links":{"self":[{"href":"https:\/\/biochimie.umontreal.ca\/en\/wp-json\/wp\/v2\/pages\/1025","targetHints":{"allow":["GET"]}}],"collection":[{"href":"https:\/\/biochimie.umontreal.ca\/en\/wp-json\/wp\/v2\/pages"}],"about":[{"href":"https:\/\/biochimie.umontreal.ca\/en\/wp-json\/wp\/v2\/types\/page"}],"author":[{"embeddable":true,"href":"https:\/\/biochimie.umontreal.ca\/en\/wp-json\/wp\/v2\/users\/25"}],"replies":[{"embeddable":true,"href":"https:\/\/biochimie.umontreal.ca\/en\/wp-json\/wp\/v2\/comments?post=1025"}],"version-history":[{"count":7,"href":"https:\/\/biochimie.umontreal.ca\/en\/wp-json\/wp\/v2\/pages\/1025\/revisions"}],"predecessor-version":[{"id":14797,"href":"https:\/\/biochimie.umontreal.ca\/en\/wp-json\/wp\/v2\/pages\/1025\/revisions\/14797"}],"up":[{"embeddable":true,"href":"https:\/\/biochimie.umontreal.ca\/en\/wp-json\/wp\/v2\/pages\/11439"}],"wp:attachment":[{"href":"https:\/\/biochimie.umontreal.ca\/en\/wp-json\/wp\/v2\/media?parent=1025"}],"curies":[{"name":"wp","href":"https:\/\/api.w.org\/{rel}","templated":true}]}}